{"id":117,"date":"2015-11-27T18:00:51","date_gmt":"2015-11-27T18:00:51","guid":{"rendered":"http:\/\/export-xml.qreativethemes.com\/physio\/?page_id=117"},"modified":"2022-06-13T16:15:10","modified_gmt":"2022-06-13T13:15:10","slug":"%d1%81%d0%b2%d1%8f%d0%b6%d0%b8%d1%82%d0%b5%d1%81%d1%8c-%d1%81-%d0%bd%d0%b0%d0%bc%d0%b8","status":"publish","type":"page","link":"https:\/\/azizgolddetector.com\/ru\/%d1%81%d0%b2%d1%8f%d0%b6%d0%b8%d1%82%d0%b5%d1%81%d1%8c-%d1%81-%d0%bd%d0%b0%d0%bc%d0%b8\/","title":{"rendered":"\u0421\u0432\u044f\u0436\u0438\u0442\u0435\u0441\u044c \u0441 \u043d\u0430\u043c\u0438"},"content":{"rendered":"<div id=\"pl-117\"  class=\"panel-layout\" ><div id=\"pg-117-0\"  class=\"panel-grid panel-no-style\" ><div id=\"pgc-117-0-0\"  class=\"panel-grid-cell\" ><div id=\"panel-117-0-0-0\" class=\"so-panel widget widget_sow-editor panel-first-child\" data-index=\"0\" ><div class=\"featured-box panel-widget-style panel-widget-style-for-117-0-0-0\" ><div\n\t\t\t\n\t\t\tclass=\"so-widget-sow-editor so-widget-sow-editor-base\"\n\t\t\t\n\t\t>\n<div class=\"siteorigin-widget-tinymce textwidget\">\n\t<p><span style=\"line-height: 1.5;\"><b>Aziz Gold Detector<br \/>\n<\/b><\/span><span style=\"line-height: 1.5;\"><em><strong>Aziz Dedekt\u00f6r<\/strong><\/em><br \/>\n<\/span>Valide-i Atik Mah. Nuh Kuyusu Cad. No 219<br \/>\nAltunizade-\u00dcsk\u00fcdar\/\u0130stanbul<span style=\"line-height: 1.5;\">\u00a0<\/span><\/p>\n<hr \/>\n<p><strong>\u041d\u043e\u043c\u0435\u0440 \u0442\u0435\u043b\u0435\u0444\u043e\u043d\u0430<br \/>\n<\/strong><a href=\"tel:02163425859\">0216 342 58 59<\/a><\/p>\n<hr \/>\n<p><strong>\u0410\u0434\u0440\u0435\u0441 \u044d\u043b\u0435\u043a\u0442\u0440\u043e\u043d\u043d\u043e\u0439 \u043f\u043e\u0447\u0442\u044b<br \/>\n<\/strong>info@azizgolddetector.com<\/p>\n<hr \/>\n<p><strong>\u0421\u043e\u0446\u0438\u0430\u043b\u044c\u043d\u044b\u0435 \u043c\u0435\u0434\u0438\u0430<\/strong><\/p>\n<p><a class=\"icon-wrap\" href=\"#\" target=\"_blank\"><i class=\"fa fab fa-facebook-f\"><\/i><\/a> \u00a0 <a class=\"icon-wrap\" href=\"#\" target=\"_blank\"><i class=\"fa fab fa-twitter\"><\/i><\/a> \u00a0 <a class=\"icon-wrap\" href=\"#\" target=\"_self\"><i class=\"fa fab fa-linkedin-in\"><\/i><\/a> \u00a0 <a class=\"icon-wrap\" href=\"#\" target=\"_self\"><i class=\"fa fab fa-youtube\"><\/i><\/a> \u00a0 <a class=\"icon-wrap\" href=\"#\" target=\"_self\"><i class=\"fa fab fa-instagram\"><\/i><\/a><\/p>\n<\/div>\n<\/div><\/div><\/div><div id=\"panel-117-0-0-1\" class=\"so-panel widget widget_sow-button panel-last-child\" data-index=\"1\" ><div\n\t\t\t\n\t\t\tclass=\"so-widget-sow-button so-widget-sow-button-atom-48beb218c338-117\"\n\t\t\t\n\t\t><div class=\"ow-button-base ow-button-align-center\">\n\t<a\n\thref=\"https:\/\/azizgolddetector.com\/ru\/\u043a\u0430\u043a-\u044f-\u043c\u043e\u0433\u0443-\u043a\u0443\u043f\u0438\u0442\u044c\/\"\n\t\tclass=\"ow-icon-placement-left ow-button-hover\" \t>\n\t\t<span>\n\t\t\t\n\t\t\t\u043a\u0430\u043a \u044f \u043c\u043e\u0433\u0443 \u043a\u0443\u043f\u0438\u0442\u044c\t\t<\/span>\n\t<\/a>\n<\/div>\n<\/div><\/div><\/div><div id=\"pgc-117-0-1\"  class=\"panel-grid-cell\" ><div id=\"panel-117-0-1-0\" class=\"so-panel widget widget_sow-editor panel-first-child\" data-index=\"2\" ><div class=\"smaller-widget-title panel-widget-style panel-widget-style-for-117-0-1-0\" ><div\n\t\t\t\n\t\t\tclass=\"so-widget-sow-editor so-widget-sow-editor-base\"\n\t\t\t\n\t\t><h3 class=\"widget-title\">\u0424\u043e\u0440\u043c\u0430 \u0437\u0430\u043a\u0430\u0437\u0430 \u0437\u043e\u043b\u043e\u0442\u043e\u0433\u043e \u043c\u0435\u0442\u0430\u043b\u043b\u043e\u0438\u0441\u043a\u0430\u0442\u0435\u043b\u044f<\/h3>\n<div class=\"siteorigin-widget-tinymce textwidget\">\n\t<p>\u0414\u043b\u044f \u0437\u0430\u043a\u0430\u0437\u0430 \u0432\u044b \u043c\u043e\u0436\u0435\u0442\u0435 \u043e\u0442\u043f\u0440\u0430\u0432\u0438\u0442\u044c \u0441\u043e\u043e\u0431\u0449\u0435\u043d\u0438\u0435 \u043d\u0430 \u043d\u0430\u0448 \u043d\u043e\u043c\u0435\u0440 <a href=\"https:\/\/api.whatsapp.com\/send?phone=905059938118\">WhatsApp<\/a> \u0438\u043b\u0438 \u0437\u0430\u043f\u043e\u043b\u043d\u0438\u0442\u044c \u0444\u043e\u0440\u043c\u0443, <a href=\"https:\/\/azizgolddetector.com\/ru\/%D0%BA%D0%B0%D0%BA-%D1%8F-%D0%BC%D0%BE%D0%B3%D1%83-%D0%BA%D1%83%D0%BF%D0%B8%D1%82%D1%8C\/\">\u043d\u0430\u0436\u0430\u0432 \u0437\u0434\u0435\u0441\u044c<\/a>.<\/p>\n<\/div>\n<\/div><\/div><\/div><div id=\"panel-117-0-1-1\" class=\"so-panel widget widget_sow-editor panel-last-child\" data-index=\"3\" ><div class=\"panel-widget-style panel-widget-style-for-117-0-1-1\" ><div\n\t\t\t\n\t\t\tclass=\"so-widget-sow-editor so-widget-sow-editor-base\"\n\t\t\t\n\t\t>\n<div class=\"siteorigin-widget-tinymce textwidget\">\n\t<p>[contact-form-7 id=\"7485\" title=\"Contact Page\"]<\/p>\n<\/div>\n<\/div><\/div><\/div><\/div><\/div><\/div>","protected":false},"excerpt":{"rendered":"<p>Aziz Gold Detector Aziz Dedekt\u00f6r Valide-i Atik Mah. Nuh Kuyusu Cad. No 219 Altunizade-\u00dcsk\u00fcdar\/\u0130stanbul\u00a0 \u041d\u043e\u043c\u0435\u0440 \u0442\u0435\u043b\u0435\u0444\u043e\u043d\u0430 0216 342 58 59 \u0410\u0434\u0440\u0435\u0441 \u044d\u043b\u0435\u043a\u0442\u0440\u043e\u043d\u043d\u043e\u0439 \u043f\u043e\u0447\u0442\u044b info@azizgolddetector.com \u0421\u043e\u0446\u0438\u0430\u043b\u044c\u043d\u044b\u0435 \u043c\u0435\u0434\u0438\u0430 \u00a0 \u00a0 \u00a0 \u00a0 \u0414\u043b\u044f \u0437\u0430\u043a\u0430\u0437\u0430 \u0432\u044b \u043c\u043e\u0436\u0435\u0442\u0435 \u043e\u0442\u043f\u0440\u0430\u0432\u0438\u0442\u044c \u0441\u043e\u043e\u0431\u0449\u0435\u043d\u0438\u0435 \u043d\u0430 \u043d\u0430\u0448 \u043d\u043e\u043c\u0435\u0440 WhatsApp \u0438\u043b\u0438 \u0437\u0430\u043f\u043e\u043b\u043d\u0438\u0442\u044c \u0444\u043e\u0440\u043c\u0443, \u043d\u0430\u0436\u0430\u0432 \u0437\u0434\u0435\u0441\u044c. [contact-form-7 id=&#8221;7485&#8243; title=&#8221;Contact Page&#8221;]<\/p>\n","protected":false},"author":1,"featured_media":0,"parent":0,"menu_order":0,"comment_status":"closed","ping_status":"closed","template":"","meta":{"footnotes":""},"class_list":["post-117","page","type-page","status-publish","hentry"],"_links":{"self":[{"href":"https:\/\/azizgolddetector.com\/ru\/wp-json\/wp\/v2\/pages\/117","targetHints":{"allow":["GET"]}}],"collection":[{"href":"https:\/\/azizgolddetector.com\/ru\/wp-json\/wp\/v2\/pages"}],"about":[{"href":"https:\/\/azizgolddetector.com\/ru\/wp-json\/wp\/v2\/types\/page"}],"author":[{"embeddable":true,"href":"https:\/\/azizgolddetector.com\/ru\/wp-json\/wp\/v2\/users\/1"}],"replies":[{"embeddable":true,"href":"https:\/\/azizgolddetector.com\/ru\/wp-json\/wp\/v2\/comments?post=117"}],"version-history":[{"count":0,"href":"https:\/\/azizgolddetector.com\/ru\/wp-json\/wp\/v2\/pages\/117\/revisions"}],"wp:attachment":[{"href":"https:\/\/azizgolddetector.com\/ru\/wp-json\/wp\/v2\/media?parent=117"}],"curies":[{"name":"wp","href":"https:\/\/api.w.org\/{rel}","templated":true}]}}