{"id":7875,"date":"2022-05-25T23:24:01","date_gmt":"2022-05-25T20:24:01","guid":{"rendered":"http:\/\/azizgolddetector.com\/fr\/?post_type=product&#038;p=7875"},"modified":"2025-08-05T13:47:20","modified_gmt":"2025-08-05T10:47:20","slug":"marduk-scanner-detecteur-de-dispositif-de-balayage-de-terrain","status":"publish","type":"product","link":"https:\/\/azizgolddetector.com\/fr\/product\/marduk-scanner-detecteur-de-dispositif-de-balayage-de-terrain\/","title":{"rendered":"Marduk Scanner D\u00e9tecteur de Dispositif de Balayage de Terrain"},"content":{"rendered":"<h2 style=\"text-align: center;\"><span style=\"color: #ff0000;\">Marduk Scanner D\u00e9tecteur de Dispositif de Balayage de Terrain<\/span><\/h2>\n<p><img loading=\"lazy\" decoding=\"async\" class=\"size-full wp-image-7895 aligncenter\" src=\"https:\/\/azizgolddetector.com\/fr\/wp-content\/uploads\/2022\/05\/detecteur-de-tresor-appareil-de-balayage-de-terrain-detecteur-de-tresor-detecteur-dor-scanner-scanner-mardouk.webp\" alt=\"\" width=\"618\" height=\"195\" srcset=\"https:\/\/azizgolddetector.com\/fr\/wp-content\/uploads\/2022\/05\/detecteur-de-tresor-appareil-de-balayage-de-terrain-detecteur-de-tresor-detecteur-dor-scanner-scanner-mardouk.webp 618w, https:\/\/azizgolddetector.com\/fr\/wp-content\/uploads\/2022\/05\/detecteur-de-tresor-appareil-de-balayage-de-terrain-detecteur-de-tresor-detecteur-dor-scanner-scanner-mardouk-600x189.webp 600w, https:\/\/azizgolddetector.com\/fr\/wp-content\/uploads\/2022\/05\/detecteur-de-tresor-appareil-de-balayage-de-terrain-detecteur-de-tresor-detecteur-dor-scanner-scanner-mardouk-300x95.webp 300w\" sizes=\"auto, (max-width: 618px) 100vw, 618px\" \/><\/p>\n<p>L\u2019appareil de balayage de champ \u00e0 \u00e9cran de scanner Marduk a 3 caract\u00e9ristiques et conceptions diff\u00e9rentes ensemble en raison de son utilisation pratique et de sa portabilit\u00e9, ayant 3 antennes, des poudres de m\u00e9lange suppl\u00e9mentaires \u00e0 l&#8217;int\u00e9rieur des antennes et dans la poign\u00e9e, et une chambre dans la poign\u00e9e. L\u2019appareil de balayage de zone d&#8217;\u00e9cran Marduk scannner a des modes de distinction d&#8217;or, d&#8217;argent et d&#8217;espace avec des modes automatiques sur l&#8217;\u00e9cran LCD de 3,5 pouces. Gr\u00e2ce \u00e0 la fonction AUTRE MODE sur l&#8217;\u00e9cran du scanner Marduk, il offre la possibilit\u00e9 d&#8217;ajuster la fr\u00e9quence souhait\u00e9e au rythme de 01-09.<\/p>\n<p><img loading=\"lazy\" decoding=\"async\" class=\"size-full wp-image-7894 aligncenter\" src=\"https:\/\/azizgolddetector.com\/fr\/wp-content\/uploads\/2022\/05\/or-du-navigateur-detecteur-de-tresor-appareil-de-balayage-de-terrain-detecteur-de-balayage-de-champ-de-chercheur-dor.webp\" alt=\"\" width=\"618\" height=\"195\" srcset=\"https:\/\/azizgolddetector.com\/fr\/wp-content\/uploads\/2022\/05\/or-du-navigateur-detecteur-de-tresor-appareil-de-balayage-de-terrain-detecteur-de-balayage-de-champ-de-chercheur-dor.webp 618w, https:\/\/azizgolddetector.com\/fr\/wp-content\/uploads\/2022\/05\/or-du-navigateur-detecteur-de-tresor-appareil-de-balayage-de-terrain-detecteur-de-balayage-de-champ-de-chercheur-dor-600x189.webp 600w, https:\/\/azizgolddetector.com\/fr\/wp-content\/uploads\/2022\/05\/or-du-navigateur-detecteur-de-tresor-appareil-de-balayage-de-terrain-detecteur-de-balayage-de-champ-de-chercheur-dor-300x95.webp 300w\" sizes=\"auto, (max-width: 618px) 100vw, 618px\" \/><\/p>\n<p>Gr\u00e2ce \u00e0 ces caract\u00e9ristiques, \u00e0 son utilisation pratique et \u00e0 sa conception, il a la particularit\u00e9 de trouver des champs magn\u00e9tiques autour de 100-200 m\u00e8tres plus facilement et 50% clairement.<\/p>\n<p><img loading=\"lazy\" decoding=\"async\" class=\"size-full wp-image-7893 aligncenter\" src=\"https:\/\/azizgolddetector.com\/fr\/wp-content\/uploads\/2022\/05\/or-du-navigateur-detecteur-de-tresor-detecteur-dor-scanner-detecteur-de-balayage-de-champ-de-chercheur-dor-detecteur-de-tresor.webp\" alt=\"\" width=\"618\" height=\"195\" srcset=\"https:\/\/azizgolddetector.com\/fr\/wp-content\/uploads\/2022\/05\/or-du-navigateur-detecteur-de-tresor-detecteur-dor-scanner-detecteur-de-balayage-de-champ-de-chercheur-dor-detecteur-de-tresor.webp 618w, https:\/\/azizgolddetector.com\/fr\/wp-content\/uploads\/2022\/05\/or-du-navigateur-detecteur-de-tresor-detecteur-dor-scanner-detecteur-de-balayage-de-champ-de-chercheur-dor-detecteur-de-tresor-600x189.webp 600w, https:\/\/azizgolddetector.com\/fr\/wp-content\/uploads\/2022\/05\/or-du-navigateur-detecteur-de-tresor-detecteur-dor-scanner-detecteur-de-balayage-de-champ-de-chercheur-dor-detecteur-de-tresor-300x95.webp 300w\" sizes=\"auto, (max-width: 618px) 100vw, 618px\" \/><\/p>\n<p>Lors de la recherche de tr\u00e9sors, d\u2019objet pr\u00e9cieux et de tombes \u00e0 chambre, l\u2019appareil de balayage de terrain Marduk Scanner doit \u00eatre comme sur la photo. En tenant le scanner Marduk au niveau de la poitrine de mani\u00e8re plate et sym\u00e9trique, la section MOD que nous allons rechercher est d\u00e9finie, et on attend 15 secondes pour revenir au champ magn\u00e9tique qu&#8217;il a capt\u00e9 sans aucun contact ni orientation.<\/p>\n<p><img loading=\"lazy\" decoding=\"async\" class=\"size-full wp-image-7892 aligncenter\" src=\"https:\/\/azizgolddetector.com\/fr\/wp-content\/uploads\/2022\/05\/or-du-navigateur-detecteur-de-tresor-detecteur-dor-scanner-detecteur-de-balayage-de-champ-de-chercheur-dor-scanner-mardouk.webp\" alt=\"\" width=\"618\" height=\"195\" srcset=\"https:\/\/azizgolddetector.com\/fr\/wp-content\/uploads\/2022\/05\/or-du-navigateur-detecteur-de-tresor-detecteur-dor-scanner-detecteur-de-balayage-de-champ-de-chercheur-dor-scanner-mardouk.webp 618w, https:\/\/azizgolddetector.com\/fr\/wp-content\/uploads\/2022\/05\/or-du-navigateur-detecteur-de-tresor-detecteur-dor-scanner-detecteur-de-balayage-de-champ-de-chercheur-dor-scanner-mardouk-600x189.webp 600w, https:\/\/azizgolddetector.com\/fr\/wp-content\/uploads\/2022\/05\/or-du-navigateur-detecteur-de-tresor-detecteur-dor-scanner-detecteur-de-balayage-de-champ-de-chercheur-dor-scanner-mardouk-300x95.webp 300w\" sizes=\"auto, (max-width: 618px) 100vw, 618px\" \/><\/p>\n<p>Avec le balayage de zone Marduk, vous aurez fait une d\u00e9termination correcte apr\u00e8s vous \u00eatre assur\u00e9 que notre balayage de zone emm\u00eale le premier endroit marqu\u00e9 sur les quatre c\u00f4t\u00e9s en tenant la cible \u00e0 5 m\u00e8tres des quatre c\u00f4t\u00e9s de la cible centr\u00e9e.<\/p>\n<p><img loading=\"lazy\" decoding=\"async\" class=\"size-full wp-image-7891 aligncenter\" src=\"https:\/\/azizgolddetector.com\/fr\/wp-content\/uploads\/2022\/05\/or-du-navigateur-scanner-mardouk-detecteur-de-tresor-detecteur-de-balayage-de-champ-de-chercheur-dor.webp\" alt=\"\" width=\"618\" height=\"195\" srcset=\"https:\/\/azizgolddetector.com\/fr\/wp-content\/uploads\/2022\/05\/or-du-navigateur-scanner-mardouk-detecteur-de-tresor-detecteur-de-balayage-de-champ-de-chercheur-dor.webp 618w, https:\/\/azizgolddetector.com\/fr\/wp-content\/uploads\/2022\/05\/or-du-navigateur-scanner-mardouk-detecteur-de-tresor-detecteur-de-balayage-de-champ-de-chercheur-dor-600x189.webp 600w, https:\/\/azizgolddetector.com\/fr\/wp-content\/uploads\/2022\/05\/or-du-navigateur-scanner-mardouk-detecteur-de-tresor-detecteur-de-balayage-de-champ-de-chercheur-dor-300x95.webp 300w\" sizes=\"auto, (max-width: 618px) 100vw, 618px\" \/><\/p>\n","protected":false},"excerpt":{"rendered":"<p><b>Options de Langue du D\u00e9tecteur<\/b><br \/>\n<img decoding=\"async\" src=\"http:\/\/azizgolddetector.com\/en\/wp-content\/uploads\/2022\/04\/Language-Options-TR-EN-AR.png\" \/><br \/>\nL\u2019appareil de balayage de champ \u00e0 \u00e9cran de scanner Marduk a 3 caract\u00e9ristiques et conceptions diff\u00e9rentes ensemble en raison de son utilisation pratique et de sa portabilit\u00e9, ayant 3 antennes, des poudres de m\u00e9lange suppl\u00e9mentaires \u00e0 l&#8217;int\u00e9rieur des antennes et dans la poign\u00e9e, et une chambre dans la poign\u00e9e.<br \/>\n<a href=\"https:\/\/api.whatsapp.com\/send?phone=905425331010\" target=\"_blank\" rel=\"noopener\"><img loading=\"lazy\" decoding=\"async\" class=\"size-full wp-image-7932 aligncenter\" src=\"https:\/\/azizgolddetector.com\/fr\/wp-content\/uploads\/2022\/06\/detecteur-de-metaux-or-contact-aziz-detecteur-de-metaux-or-whatsapp.png\" alt=\"\" width=\"334\" height=\"38\" srcset=\"https:\/\/azizgolddetector.com\/fr\/wp-content\/uploads\/2022\/06\/detecteur-de-metaux-or-contact-aziz-detecteur-de-metaux-or-whatsapp.png 334w, https:\/\/azizgolddetector.com\/fr\/wp-content\/uploads\/2022\/06\/detecteur-de-metaux-or-contact-aziz-detecteur-de-metaux-or-whatsapp-300x34.png 300w\" sizes=\"auto, (max-width: 334px) 100vw, 334px\" \/><\/a><br \/>\n<a href=\"https:\/\/form.jotform.com\/221593318570053\" target=\"_blank\" rel=\"noopener\"><img loading=\"lazy\" decoding=\"async\" class=\"size-full wp-image-7933 aligncenter\" src=\"https:\/\/azizgolddetector.com\/fr\/wp-content\/uploads\/2022\/06\/detecteur-de-metaux-or-contact-aziz-detecteur-de-metaux-or-whatsapp-form.png\" alt=\"\" width=\"287\" height=\"38\" \/><\/a><\/p>\n","protected":false},"featured_media":7897,"comment_status":"open","ping_status":"closed","template":"","meta":[],"product_cat":[15],"product_tag":[39],"class_list":["post-7875","product","type-product","status-publish","has-post-thumbnail","hentry","product_cat-detecteurs","product_tag-dispositif-de-detection-de-balayage"],"_links":{"self":[{"href":"https:\/\/azizgolddetector.com\/fr\/wp-json\/wp\/v2\/product\/7875","targetHints":{"allow":["GET"]}}],"collection":[{"href":"https:\/\/azizgolddetector.com\/fr\/wp-json\/wp\/v2\/product"}],"about":[{"href":"https:\/\/azizgolddetector.com\/fr\/wp-json\/wp\/v2\/types\/product"}],"replies":[{"embeddable":true,"href":"https:\/\/azizgolddetector.com\/fr\/wp-json\/wp\/v2\/comments?post=7875"}],"wp:featuredmedia":[{"embeddable":true,"href":"https:\/\/azizgolddetector.com\/fr\/wp-json\/wp\/v2\/media\/7897"}],"wp:attachment":[{"href":"https:\/\/azizgolddetector.com\/fr\/wp-json\/wp\/v2\/media?parent=7875"}],"wp:term":[{"taxonomy":"product_cat","embeddable":true,"href":"https:\/\/azizgolddetector.com\/fr\/wp-json\/wp\/v2\/product_cat?post=7875"},{"taxonomy":"product_tag","embeddable":true,"href":"https:\/\/azizgolddetector.com\/fr\/wp-json\/wp\/v2\/product_tag?post=7875"}],"curies":[{"name":"wp","href":"https:\/\/api.w.org\/{rel}","templated":true}]}}