{"id":7863,"date":"2022-05-25T23:00:25","date_gmt":"2022-05-25T20:00:25","guid":{"rendered":"http:\/\/azizgolddetector.com\/fr\/?post_type=product&#038;p=7863"},"modified":"2025-08-05T13:47:52","modified_gmt":"2025-08-05T10:47:52","slug":"jeofinder-a-z-plus-detecteur-de-metaux-en-or-profond","status":"publish","type":"product","link":"https:\/\/azizgolddetector.com\/fr\/product\/jeofinder-a-z-plus-detecteur-de-metaux-en-or-profond\/","title":{"rendered":"JeoFinder A-Z Plus D\u00e9tecteur de M\u00e9taux en or Profond"},"content":{"rendered":"<h2 style=\"text-align: center;\"><span style=\"color: #ff0000;\">JeoFinder A-Z Plus D\u00e9tecteur de M\u00e9taux en or Profond<\/span><\/h2>\n<p>Avec les appareils de recherche d\u2019or et de tr\u00e9sor Jeo Finder A-Z Plus 2 bobines sont fournies avec une bobine de recherche profonde pesant 1.850 grammes fabriqu\u00e9e en Turquie et dans le monde. Jeo finder AZ PLUS POUR LA PREMI\u00c8RE FOIS EN TURQUIE est un appareil de pointe avec 2 syst\u00e8mes ensemble, Jeo Finder AZ PLUS a une d\u00e9tection et une distinction graphiques r\u00e9elles en direct en 2D en m\u00eame temps.<\/p>\n<p><img loading=\"lazy\" decoding=\"async\" class=\"size-full wp-image-7864 aligncenter\" src=\"https:\/\/azizgolddetector.com\/fr\/wp-content\/uploads\/2022\/05\/geo-finder-plus-detecteur-detecteur-de-recherche-de-tresor-detecteur-geo-finder-profond-detecteur-de-tresor.webp\" alt=\"\" width=\"480\" height=\"270\" srcset=\"https:\/\/azizgolddetector.com\/fr\/wp-content\/uploads\/2022\/05\/geo-finder-plus-detecteur-detecteur-de-recherche-de-tresor-detecteur-geo-finder-profond-detecteur-de-tresor.webp 480w, https:\/\/azizgolddetector.com\/fr\/wp-content\/uploads\/2022\/05\/geo-finder-plus-detecteur-detecteur-de-recherche-de-tresor-detecteur-geo-finder-profond-detecteur-de-tresor-300x169.webp 300w\" sizes=\"auto, (max-width: 480px) 100vw, 480px\" \/><\/p>\n<p>Gr\u00e2ce \u00e0 cette fonction, qui est la premi\u00e8re en Turquie, il vous permet de trouver la largeur et la longueur exactes des lieux d\u2019entr\u00e9 et de fin des pi\u00e8ces, caves, puits, tunnels, or, argent, bronze et m\u00e9taux sous le sol en 2D. Jeo finder Az plus fonctionne sans \u00eatre affect\u00e9 par les sols min\u00e9raux et les m\u00e9taux.<\/p>\n<p><img loading=\"lazy\" decoding=\"async\" class=\"size-full wp-image-7865 aligncenter\" src=\"https:\/\/azizgolddetector.com\/fr\/wp-content\/uploads\/2022\/05\/detecteur-de-chercheur-dor-detecteur-de-recherche-de-tresor-detecteur-geo-finder-profond-detecteur-dor-et-de-metaux.webp\" alt=\"\" width=\"553\" height=\"195\" srcset=\"https:\/\/azizgolddetector.com\/fr\/wp-content\/uploads\/2022\/05\/detecteur-de-chercheur-dor-detecteur-de-recherche-de-tresor-detecteur-geo-finder-profond-detecteur-dor-et-de-metaux.webp 553w, https:\/\/azizgolddetector.com\/fr\/wp-content\/uploads\/2022\/05\/detecteur-de-chercheur-dor-detecteur-de-recherche-de-tresor-detecteur-geo-finder-profond-detecteur-dor-et-de-metaux-300x106.webp 300w\" sizes=\"auto, (max-width: 553px) 100vw, 553px\" \/><\/p>\n<p>Gr\u00e2ce \u00e0 sa fonction de recherche de valeur IP num\u00e9rique Jeo finder AZ PLUS a la particularit\u00e9 d&#8217;\u00eatre le premier en Turquie. Dans ce syst\u00e8me, l&#8217;appareil peut distinguer et analyser tous les types de m\u00e9taux \u00e0 un taux tr\u00e8s \u00e9lev\u00e9 en valeur num\u00e9rique. Le nom et la marque de la technologie de d\u00e9tection avanc\u00e9e Jeo finder Az Plus ont \u00e9t\u00e9 enregistr\u00e9s au nom de notre soci\u00e9t\u00e9 par l&#8217;Institut turc des brevets. Jeo Finder Az Plus a la particularit\u00e9 d&#8217;\u00eatre le premier \u00e0 avoir un \u00e9cran couleur TFT 3,5, une facilit\u00e9 de recherche, une fonction de calcul de profondeur et de nombreuses autres fonctionnalit\u00e9s.<\/p>\n<p><img loading=\"lazy\" decoding=\"async\" class=\"size-full wp-image-7866 aligncenter\" src=\"https:\/\/azizgolddetector.com\/fr\/wp-content\/uploads\/2022\/05\/detecteur-de-chercheur-dor-detecteur-de-recherche-de-tresor-detecteur-dor-et-de-metaux-detecteur-de-tresor.webp\" alt=\"\" width=\"566\" height=\"233\" srcset=\"https:\/\/azizgolddetector.com\/fr\/wp-content\/uploads\/2022\/05\/detecteur-de-chercheur-dor-detecteur-de-recherche-de-tresor-detecteur-dor-et-de-metaux-detecteur-de-tresor.webp 566w, https:\/\/azizgolddetector.com\/fr\/wp-content\/uploads\/2022\/05\/detecteur-de-chercheur-dor-detecteur-de-recherche-de-tresor-detecteur-dor-et-de-metaux-detecteur-de-tresor-300x123.webp 300w\" sizes=\"auto, (max-width: 566px) 100vw, 566px\" \/><\/p>\n<p>Gr\u00e2ce \u00e0 la fonction JEO FINDER AZ PLUS IP, il a la capacit\u00e9 de d\u00e9tecter et de distinguer automatiquement les types de tous les m\u00e9taux en valeur num\u00e9rique sur simple pression d&#8217;un bouton. Jeo Finder Az Plus, offre la possibilit\u00e9 de l&#8217;utiliser pour rechercher de l&#8217;or, de l&#8217;argent et du bronze en couvrant des m\u00e9taux sans valeur.<\/p>\n<p><img loading=\"lazy\" decoding=\"async\" class=\"size-full wp-image-7867 aligncenter\" src=\"https:\/\/azizgolddetector.com\/fr\/wp-content\/uploads\/2022\/05\/detecteur-de-chercheur-dor-detecteur-de-recherche-de-tresor-detecteur-de-tresor-geo-finder-plus-detecteur.webp\" alt=\"\" width=\"553\" height=\"195\" srcset=\"https:\/\/azizgolddetector.com\/fr\/wp-content\/uploads\/2022\/05\/detecteur-de-chercheur-dor-detecteur-de-recherche-de-tresor-detecteur-de-tresor-geo-finder-plus-detecteur.webp 553w, https:\/\/azizgolddetector.com\/fr\/wp-content\/uploads\/2022\/05\/detecteur-de-chercheur-dor-detecteur-de-recherche-de-tresor-detecteur-de-tresor-geo-finder-plus-detecteur-300x106.webp 300w\" sizes=\"auto, (max-width: 553px) 100vw, 553px\" \/><\/p>\n<p>Contenu de l\u2019emballage ;<br \/>\nBobine de recherche profonde 40\u00d740<br \/>\n26 \u00d7 32 pi\u00e8ce unique et bobine de recherche dans une zone rocheuse et buissonnante<br \/>\nSac portable avec bo\u00eetier sp\u00e9cial<br \/>\n\u00c9couteur<br \/>\nChargeur Lithium<\/p>\n<p><img loading=\"lazy\" decoding=\"async\" class=\"size-full wp-image-7868 aligncenter\" src=\"https:\/\/azizgolddetector.com\/fr\/wp-content\/uploads\/2022\/05\/detecteur-de-chercheur-dor-detecteur-de-recherche-de-tresor-detecteur-de-tresor-detecteur-dor-et-de-metaux.webp\" alt=\"\" width=\"650\" height=\"520\" srcset=\"https:\/\/azizgolddetector.com\/fr\/wp-content\/uploads\/2022\/05\/detecteur-de-chercheur-dor-detecteur-de-recherche-de-tresor-detecteur-de-tresor-detecteur-dor-et-de-metaux.webp 650w, https:\/\/azizgolddetector.com\/fr\/wp-content\/uploads\/2022\/05\/detecteur-de-chercheur-dor-detecteur-de-recherche-de-tresor-detecteur-de-tresor-detecteur-dor-et-de-metaux-600x480.webp 600w, https:\/\/azizgolddetector.com\/fr\/wp-content\/uploads\/2022\/05\/detecteur-de-chercheur-dor-detecteur-de-recherche-de-tresor-detecteur-de-tresor-detecteur-dor-et-de-metaux-300x240.webp 300w\" sizes=\"auto, (max-width: 650px) 100vw, 650px\" \/><\/p>\n<h2><span style=\"color: #ff0000;\">Syst\u00e8me de fonctionnement<\/span><\/h2>\n<ul>\n<li>Fr\u00e9quence 12.8KHZ<\/li>\n<li>7,4 volts 3400 MA<\/li>\n<li>Puissance maximum consomm\u00e9e 370 MA<\/li>\n<li>Temps de charge du chargeur maximum 4 heures<\/li>\n<li>Rouge lors de la charge, vert lorsqu&#8217;il est plein<\/li>\n<li>Charge \u00e0 220 \u2013 240 volts 50-60 Hz<\/li>\n<li>Temps d&#8217;utilisation complet 8 heures<\/li>\n<li>Temps d&#8217;attente 20 heures<\/li>\n<li>Vitesse de recherche Slow (lente)<\/li>\n<li>Parall\u00e8le au sol recherche de 5 \u00e0 15 cm au-dessus du sol (terrain)<\/li>\n<\/ul>\n<p><img loading=\"lazy\" decoding=\"async\" class=\"size-full wp-image-7869 aligncenter\" src=\"https:\/\/azizgolddetector.com\/fr\/wp-content\/uploads\/2022\/05\/detecteur-de-chercheur-dor-detecteur-de-recherche-de-tresor-detecteur-de-tresor-detecteur-geo-finder-or.webp\" alt=\"\" width=\"553\" height=\"195\" srcset=\"https:\/\/azizgolddetector.com\/fr\/wp-content\/uploads\/2022\/05\/detecteur-de-chercheur-dor-detecteur-de-recherche-de-tresor-detecteur-de-tresor-detecteur-geo-finder-or.webp 553w, https:\/\/azizgolddetector.com\/fr\/wp-content\/uploads\/2022\/05\/detecteur-de-chercheur-dor-detecteur-de-recherche-de-tresor-detecteur-de-tresor-detecteur-geo-finder-or-300x106.webp 300w\" sizes=\"auto, (max-width: 553px) 100vw, 553px\" \/><\/p>\n<h2><span style=\"color: #ff0000;\">UNE PREMI\u00c8RE EN TURQUIE<\/span><\/h2>\n<ul>\n<li>TECHNOLOGIES DE D\u00c9TECTEUR DE 2023<\/li>\n<li>Jeo Finder A-Z Plus<\/li>\n<li>Technologie de d\u00e9tection avanc\u00e9e<\/li>\n<li>Graphiques 2D r\u00e9els en direct<\/li>\n<li>2 syst\u00e8mes dans un seul appareil<\/li>\n<li>Syst\u00e8me de distinction et de travail dans le syst\u00e8me IP num\u00e9rique<\/li>\n<li><strong>Technologie<\/strong> de d\u00e9tection avanc\u00e9e 2023<\/li>\n<li>Images de d\u00e9tection d&#8217;\u00e9cran en direct 2D<\/li>\n<li><strong>Images<\/strong> de d\u00e9tection d&#8217;\u00e9cran IP num\u00e9rique<\/li>\n<li>Une premi\u00e8re en Turquie<\/li>\n<li>2023 Technologie de d\u00e9tection avanc\u00e9e<\/li>\n<li>Jeo Finder A-Z Plus<\/li>\n<li>2 technologies diff\u00e9rentes dans un seul appareil<\/li>\n<li>Affichage graphique 2D en direct<\/li>\n<li>Syst\u00e8me de travail IP num\u00e9rique<\/li>\n<li>2 ans de garantie<\/li>\n<\/ul>\n<p>&nbsp;<\/p>\n","protected":false},"excerpt":{"rendered":"<p><b>Options de Langue du D\u00e9tecteur<\/b><br \/>\n<img decoding=\"async\" src=\"http:\/\/azizgolddetector.com\/en\/wp-content\/uploads\/2022\/04\/Language-Options-TR-EN.png\" \/><br \/>\nGr\u00e2ce \u00e0 cette fonction, qui est la premi\u00e8re en Turquie, il vous permet de trouver la largeur et la longueur exactes des lieux d\u2019entr\u00e9 et de fin des pi\u00e8ces, caves, puits, tunnels, or, argent, bronze et m\u00e9taux sous le sol en 2D. Jeo finder Az plus fonctionne sans \u00eatre affect\u00e9 par les sols min\u00e9raux et les m\u00e9taux.<br \/>\n<a href=\"https:\/\/api.whatsapp.com\/send?phone=905425331010\" target=\"_blank\" rel=\"noopener\"><img loading=\"lazy\" decoding=\"async\" class=\"size-full wp-image-7932 aligncenter\" src=\"https:\/\/azizgolddetector.com\/fr\/wp-content\/uploads\/2022\/06\/detecteur-de-metaux-or-contact-aziz-detecteur-de-metaux-or-whatsapp.png\" alt=\"\" width=\"334\" height=\"38\" srcset=\"https:\/\/azizgolddetector.com\/fr\/wp-content\/uploads\/2022\/06\/detecteur-de-metaux-or-contact-aziz-detecteur-de-metaux-or-whatsapp.png 334w, https:\/\/azizgolddetector.com\/fr\/wp-content\/uploads\/2022\/06\/detecteur-de-metaux-or-contact-aziz-detecteur-de-metaux-or-whatsapp-300x34.png 300w\" sizes=\"auto, (max-width: 334px) 100vw, 334px\" \/><\/a><br \/>\n<a href=\"https:\/\/form.jotform.com\/221593318570053\" target=\"_blank\" rel=\"noopener\"><img loading=\"lazy\" decoding=\"async\" class=\"size-full wp-image-7933 aligncenter\" src=\"https:\/\/azizgolddetector.com\/fr\/wp-content\/uploads\/2022\/06\/detecteur-de-metaux-or-contact-aziz-detecteur-de-metaux-or-whatsapp-form.png\" alt=\"\" width=\"287\" height=\"38\" \/><\/a><\/p>\n","protected":false},"featured_media":7898,"comment_status":"open","ping_status":"closed","template":"","meta":[],"product_cat":[15],"product_tag":[40],"class_list":["post-7863","product","type-product","status-publish","has-post-thumbnail","hentry","product_cat-detecteurs","product_tag-detecteur-de-metaux-dor"],"_links":{"self":[{"href":"https:\/\/azizgolddetector.com\/fr\/wp-json\/wp\/v2\/product\/7863","targetHints":{"allow":["GET"]}}],"collection":[{"href":"https:\/\/azizgolddetector.com\/fr\/wp-json\/wp\/v2\/product"}],"about":[{"href":"https:\/\/azizgolddetector.com\/fr\/wp-json\/wp\/v2\/types\/product"}],"replies":[{"embeddable":true,"href":"https:\/\/azizgolddetector.com\/fr\/wp-json\/wp\/v2\/comments?post=7863"}],"wp:featuredmedia":[{"embeddable":true,"href":"https:\/\/azizgolddetector.com\/fr\/wp-json\/wp\/v2\/media\/7898"}],"wp:attachment":[{"href":"https:\/\/azizgolddetector.com\/fr\/wp-json\/wp\/v2\/media?parent=7863"}],"wp:term":[{"taxonomy":"product_cat","embeddable":true,"href":"https:\/\/azizgolddetector.com\/fr\/wp-json\/wp\/v2\/product_cat?post=7863"},{"taxonomy":"product_tag","embeddable":true,"href":"https:\/\/azizgolddetector.com\/fr\/wp-json\/wp\/v2\/product_tag?post=7863"}],"curies":[{"name":"wp","href":"https:\/\/api.w.org\/{rel}","templated":true}]}}