{"id":7831,"date":"2022-05-25T22:47:19","date_gmt":"2022-05-25T19:47:19","guid":{"rendered":"http:\/\/azizgolddetector.com\/fr\/?post_type=product&#038;p=7831"},"modified":"2025-08-05T13:49:07","modified_gmt":"2025-08-05T10:49:07","slug":"bionic-a-t-7-pro-dispositif-de-detection-a-balayage-de-champ","status":"publish","type":"product","link":"https:\/\/azizgolddetector.com\/fr\/product\/bionic-a-t-7-pro-dispositif-de-detection-a-balayage-de-champ\/","title":{"rendered":"Bionic A-T-7 Pro Dispositif de D\u00e9tection \u00e0 Balayage de Champ"},"content":{"rendered":"<h2 style=\"text-align: center;\"><span style=\"color: #ff0000;\">Bionic A-T-7 Pro Field Scanning Detector Device<\/span><\/h2>\n<p>Bionic AT 7 l\u2019appareil de balayage de terrain a un syst\u00e8me d&#8217;exploitation tr\u00e8s diff\u00e9rent des appareils de balayage de terrain que vous avez connus jusqu&#8217;\u00e0 pr\u00e9sent. Le dispositif de balayage de champ bionique a le mode de distinction OR, ARGENT, ESPACE ET TOUS M\u00c9TAUX. Le dispositif de balayage Bionic \u00e0 7 champs a la particularit\u00e9 de balayer une distance de 100 \u00e0 500 m\u00e8tres et ses environs.<\/p>\n<p><img loading=\"lazy\" decoding=\"async\" class=\"size-full wp-image-7832 aligncenter\" src=\"https:\/\/azizgolddetector.com\/fr\/wp-content\/uploads\/2022\/05\/appareil-de-balayage-de-terrain-balayage-de-zone-dragage-souterrain-detecteur-a-balayage-de-champ-bionic-a-t-7.webp\" alt=\"\" width=\"638\" height=\"225\" srcset=\"https:\/\/azizgolddetector.com\/fr\/wp-content\/uploads\/2022\/05\/appareil-de-balayage-de-terrain-balayage-de-zone-dragage-souterrain-detecteur-a-balayage-de-champ-bionic-a-t-7.webp 638w, https:\/\/azizgolddetector.com\/fr\/wp-content\/uploads\/2022\/05\/appareil-de-balayage-de-terrain-balayage-de-zone-dragage-souterrain-detecteur-a-balayage-de-champ-bionic-a-t-7-600x212.webp 600w, https:\/\/azizgolddetector.com\/fr\/wp-content\/uploads\/2022\/05\/appareil-de-balayage-de-terrain-balayage-de-zone-dragage-souterrain-detecteur-a-balayage-de-champ-bionic-a-t-7-300x106.webp 300w\" sizes=\"auto, (max-width: 638px) 100vw, 638px\" \/><\/p>\n<p>Gr\u00e2ce aux formules de m\u00e9lange sp\u00e9ciales dans l&#8217;appareil de maintien sp\u00e9cialement con\u00e7u du dispositif de balayage de champ Bionic, il peut d\u00e9tecter de grands tr\u00e9sors souterrains, tombeaux royaux, caves, entr\u00e9es de tunnel avec tr\u00e8s peu d&#8217;erreurs. Gr\u00e2ce au bo\u00eetier de mise \u00e0 la terre \u00e0 affichage num\u00e9rique, il capte sa cible sans \u00eatre affect\u00e9 par la majorit\u00e9 des sols min\u00e9raux.<\/p>\n<p>Le dispositif de balayage Bionic \u00e0 7 champs a la particularit\u00e9 de balayer une distance de 100 \u00e0 500 m\u00e8tres et ses environs. Gr\u00e2ce aux formules de m\u00e9lange sp\u00e9ciales \u00e0 l&#8217;int\u00e9rieur de l\u2019\u00e9quipement de maintien sp\u00e9cialement con\u00e7u de l\u2019appareil de balayage de champ Bionic, il peut d\u00e9tecter de grands tr\u00e9sors souterrains, tombeaux royaux, caves, entr\u00e9es de tunnel avec tr\u00e8s peu d&#8217;erreurs. Gr\u00e2ce au bo\u00eetier de mise \u00e0 la terre \u00e0 affichage num\u00e9rique, il capte sa cible sans \u00eatre affect\u00e9 par la majorit\u00e9 des sols min\u00e9raux.<\/p>\n<p><img loading=\"lazy\" decoding=\"async\" class=\"size-full wp-image-7833 aligncenter\" src=\"https:\/\/azizgolddetector.com\/fr\/wp-content\/uploads\/2022\/05\/appareil-de-balayage-de-terrain-balayage-de-zone-scanner-de-terrain-detecteur-a-balayage-de-champ.webp\" alt=\"\" width=\"750\" height=\"423\" srcset=\"https:\/\/azizgolddetector.com\/fr\/wp-content\/uploads\/2022\/05\/appareil-de-balayage-de-terrain-balayage-de-zone-scanner-de-terrain-detecteur-a-balayage-de-champ.webp 750w, https:\/\/azizgolddetector.com\/fr\/wp-content\/uploads\/2022\/05\/appareil-de-balayage-de-terrain-balayage-de-zone-scanner-de-terrain-detecteur-a-balayage-de-champ-600x338.webp 600w, https:\/\/azizgolddetector.com\/fr\/wp-content\/uploads\/2022\/05\/appareil-de-balayage-de-terrain-balayage-de-zone-scanner-de-terrain-detecteur-a-balayage-de-champ-300x169.webp 300w\" sizes=\"auto, (max-width: 750px) 100vw, 750px\" \/><\/p>\n<p>L&#8217;une des plus grandes caract\u00e9ristiques de L\u2019APPAREIL DE BALAYAGE DE TERRAIN BIONIC AT 7 est que gr\u00e2ce aux ondes de fr\u00e9quence qu&#8217;il \u00e9met dans la bo\u00eete de fr\u00e9quence avec un affichage num\u00e9rique, vous pouvez \u00e9galement l&#8217;ajuster en fonction des modes de fr\u00e9quence que vous souhaitez de 01 \u00e0 9.9, gr\u00e2ce \u00e0 le r\u00e9glage de fr\u00e9quence sp\u00e9cial, qui ne balaye aucune zone dans le monde, \u00e0 l&#8217;exception des modes de recherche automatique. Bionic at 7 peut \u00eatre utilis\u00e9 dans toutes les conditions m\u00e9t\u00e9orologiques et sera plus efficace pour capter sa cible.<\/p>\n<p>Lorsque vous fixez les quatre antennes, c&#8217;est un syst\u00e8me qu&#8217;il faut absolument choisir pour l&#8217;exploration pr\u00e9liminaire m\u00eame dans les conditions m\u00e9t\u00e9orologiques les plus difficiles. M\u00eame ceux qui utilisent des scanners pour la premi\u00e8re fois pourront l&#8217;utiliser tr\u00e8s facilement. En le dirigeant Bionic A7 \u00e0 double usage vers la cible, il vous permettra de trouver l&#8217;or facilement.<\/p>\n<p>LES PI\u00c8CES QUI COMPOSENT L\u2019APPAREIL B\u0130ON\u0130C AT 7Il est utilis\u00e9 en le tenant en forme de L et en utilisant deux personnes mutuellement. L\u2019appareil de balayage de terrain BIONIC AT 7 se compose de 2 fr\u00e9quences et d&#8217;un total de 22 pi\u00e8ces.<\/p>\n<p><img loading=\"lazy\" decoding=\"async\" class=\"size-full wp-image-7834 aligncenter\" src=\"https:\/\/azizgolddetector.com\/fr\/wp-content\/uploads\/2022\/05\/appareil-de-balayage-de-terrain-balayage-de-zone-scanner-de-terrain-dragage-souterrain.webp\" alt=\"\" width=\"750\" height=\"379\" srcset=\"https:\/\/azizgolddetector.com\/fr\/wp-content\/uploads\/2022\/05\/appareil-de-balayage-de-terrain-balayage-de-zone-scanner-de-terrain-dragage-souterrain.webp 750w, https:\/\/azizgolddetector.com\/fr\/wp-content\/uploads\/2022\/05\/appareil-de-balayage-de-terrain-balayage-de-zone-scanner-de-terrain-dragage-souterrain-600x303.webp 600w, https:\/\/azizgolddetector.com\/fr\/wp-content\/uploads\/2022\/05\/appareil-de-balayage-de-terrain-balayage-de-zone-scanner-de-terrain-dragage-souterrain-300x152.webp 300w\" sizes=\"auto, (max-width: 750px) 100vw, 750px\" \/><\/p>\n<h2><span style=\"color: #ff0000;\">BIONIC A-T-7 PRO<\/span><\/h2>\n<p>Affichage num\u00e9rique longue port\u00e9e de 500 Mt jusqu&#8217;\u00e0 4 \u00e0 10 Mt<br \/>\nCalcule la profondeur et \u00e9limine les min\u00e9raux<br \/>\nAppareil de balayage de terrain \u00e0 ensemble chercheur d\u2019or et d\u2019espace.<\/p>\n<p>Double Usage<br \/>\nUsage unique<\/p>\n<p>6-1 : Chambre d\u2019Or, Tunnel, fonction de recherche d&#8217;espace,<\/p>\n<p>Fonction de calcul de profondeur de 4 \u00e0 10 Mt<br \/>\nFonction de capture de distance de 100 \u00e0 500 Mt,<\/p>\n<p>Scanner de terrain longue port\u00e9e<\/p>\n<p>500 Mt de longue port\u00e9e<\/p>\n<p>Avec affichage num\u00e9rique<\/p>\n<p>De 4 \u00e0 10 Mt.<\/p>\n<p>Calculateur de profondeur.<\/p>\n<p>Et \u00e9limination des min\u00e9raux<\/p>\n<p>Chercheur d\u2019or et d\u2019espace<\/p>\n<p>Ensemble complet.<\/p>\n<p>Appareil de balayage de terrain<\/p>\n","protected":false},"excerpt":{"rendered":"<p><b>Options de Langue du D\u00e9tecteur<\/b><br \/>\n<img decoding=\"async\" src=\"http:\/\/azizgolddetector.com\/en\/wp-content\/uploads\/2022\/04\/Language-Options-TR-EN-AR.png\" \/><br \/>\nBionic AT 7 l\u2019appareil de balayage de terrain a un syst\u00e8me d&#8217;exploitation tr\u00e8s diff\u00e9rent des appareils de balayage de terrain que vous avez connus jusqu&#8217;\u00e0 pr\u00e9sent. Le dispositif de balayage de champ bionique a le mode de distinction OR, ARGENT, ESPACE ET TOUS M\u00c9TAUX. Le dispositif de balayage Bionic \u00e0 7 champs a la particularit\u00e9 de balayer une distance de 100 \u00e0 500 m\u00e8tres et ses environs.<br \/>\n<a href=\"https:\/\/api.whatsapp.com\/send?phone=905425331010\" target=\"_blank\" rel=\"noopener\"><img loading=\"lazy\" decoding=\"async\" class=\"size-full wp-image-7932 aligncenter\" src=\"https:\/\/azizgolddetector.com\/fr\/wp-content\/uploads\/2022\/06\/detecteur-de-metaux-or-contact-aziz-detecteur-de-metaux-or-whatsapp.png\" alt=\"\" width=\"334\" height=\"38\" srcset=\"https:\/\/azizgolddetector.com\/fr\/wp-content\/uploads\/2022\/06\/detecteur-de-metaux-or-contact-aziz-detecteur-de-metaux-or-whatsapp.png 334w, https:\/\/azizgolddetector.com\/fr\/wp-content\/uploads\/2022\/06\/detecteur-de-metaux-or-contact-aziz-detecteur-de-metaux-or-whatsapp-300x34.png 300w\" sizes=\"auto, (max-width: 334px) 100vw, 334px\" \/><\/a><br \/>\n<a href=\"https:\/\/form.jotform.com\/221593318570053\" target=\"_blank\" rel=\"noopener\"><img loading=\"lazy\" decoding=\"async\" class=\"size-full wp-image-7933 aligncenter\" src=\"https:\/\/azizgolddetector.com\/fr\/wp-content\/uploads\/2022\/06\/detecteur-de-metaux-or-contact-aziz-detecteur-de-metaux-or-whatsapp-form.png\" alt=\"\" width=\"287\" height=\"38\" \/><\/a><\/p>\n","protected":false},"featured_media":7900,"comment_status":"open","ping_status":"closed","template":"","meta":[],"product_cat":[15],"product_tag":[39],"class_list":["post-7831","product","type-product","status-publish","has-post-thumbnail","hentry","product_cat-detecteurs","product_tag-dispositif-de-detection-de-balayage"],"_links":{"self":[{"href":"https:\/\/azizgolddetector.com\/fr\/wp-json\/wp\/v2\/product\/7831","targetHints":{"allow":["GET"]}}],"collection":[{"href":"https:\/\/azizgolddetector.com\/fr\/wp-json\/wp\/v2\/product"}],"about":[{"href":"https:\/\/azizgolddetector.com\/fr\/wp-json\/wp\/v2\/types\/product"}],"replies":[{"embeddable":true,"href":"https:\/\/azizgolddetector.com\/fr\/wp-json\/wp\/v2\/comments?post=7831"}],"wp:featuredmedia":[{"embeddable":true,"href":"https:\/\/azizgolddetector.com\/fr\/wp-json\/wp\/v2\/media\/7900"}],"wp:attachment":[{"href":"https:\/\/azizgolddetector.com\/fr\/wp-json\/wp\/v2\/media?parent=7831"}],"wp:term":[{"taxonomy":"product_cat","embeddable":true,"href":"https:\/\/azizgolddetector.com\/fr\/wp-json\/wp\/v2\/product_cat?post=7831"},{"taxonomy":"product_tag","embeddable":true,"href":"https:\/\/azizgolddetector.com\/fr\/wp-json\/wp\/v2\/product_tag?post=7831"}],"curies":[{"name":"wp","href":"https:\/\/api.w.org\/{rel}","templated":true}]}}