{"id":7802,"date":"2022-05-25T22:33:12","date_gmt":"2022-05-25T19:33:12","guid":{"rendered":"http:\/\/azizgolddetector.com\/fr\/?post_type=product&#038;p=7802"},"modified":"2025-08-05T13:44:27","modified_gmt":"2025-08-05T10:44:27","slug":"marduk-a-z-7000-radar-a-balayage-souterrain","status":"publish","type":"product","link":"https:\/\/azizgolddetector.com\/fr\/product\/marduk-a-z-7000-radar-a-balayage-souterrain\/","title":{"rendered":"Marduk A-Z 7000 Radar \u00e0 Balayage Souterrain"},"content":{"rendered":"<h2 style=\"text-align: center;\"><span style=\"color: #ff0000;\">Marduk A-Z 7000 Radar \u00e0 Balayage Souterrain<\/span><\/h2>\n<p>Le syst\u00e8me MARDUK AZ 7000 VLF -EM est un appareil id\u00e9al pour les mesures magn\u00e9tiques et\/ou radiom\u00e9triques dans l&#8217;air. Il s&#8217;agit d&#8217;un appareil con\u00e7u pour la d\u00e9tection de m\u00e9taux pr\u00e9cieux et non pr\u00e9cieux dans la recherche de tunnels, de caves, de tombes et de b\u00e2timents.<\/p>\n<p><img loading=\"lazy\" decoding=\"async\" class=\"size-full wp-image-7803 aligncenter\" src=\"https:\/\/azizgolddetector.com\/fr\/wp-content\/uploads\/2022\/05\/radar-souterrain-profond-radar-de-visee-souterrain-radar-mardouk-marduk-less-7000-radar-a-balayage-souterrain.webp\" alt=\"\" width=\"638\" height=\"338\" srcset=\"https:\/\/azizgolddetector.com\/fr\/wp-content\/uploads\/2022\/05\/radar-souterrain-profond-radar-de-visee-souterrain-radar-mardouk-marduk-less-7000-radar-a-balayage-souterrain.webp 638w, https:\/\/azizgolddetector.com\/fr\/wp-content\/uploads\/2022\/05\/radar-souterrain-profond-radar-de-visee-souterrain-radar-mardouk-marduk-less-7000-radar-a-balayage-souterrain-600x318.webp 600w, https:\/\/azizgolddetector.com\/fr\/wp-content\/uploads\/2022\/05\/radar-souterrain-profond-radar-de-visee-souterrain-radar-mardouk-marduk-less-7000-radar-a-balayage-souterrain-300x159.webp 300w\" sizes=\"auto, (max-width: 638px) 100vw, 638px\" \/><\/p>\n<p>MARDUK AZ 7000 est utilis\u00e9 dans les recherches arch\u00e9ologiques aux entr\u00e9es de tunnels souterrains, aux conduites de gaz naturel, aux syst\u00e8mes de c\u00e2bles \u00e9lectriques, aux syst\u00e8mes de c\u00e2bles t\u00e9l\u00e9phoniques, aux couvercles de bouche d\u2019\u00e9gout municipaux.<\/p>\n<p><img loading=\"lazy\" decoding=\"async\" class=\"size-full wp-image-7804 aligncenter\" src=\"https:\/\/azizgolddetector.com\/fr\/wp-content\/uploads\/2022\/05\/radar-souterrain-profond-radar-mardouk-radar-de-visee-souterrain-marduk-less-7000-radar-a-balayage-souterrain.webp\" alt=\"\" width=\"713\" height=\"263\" srcset=\"https:\/\/azizgolddetector.com\/fr\/wp-content\/uploads\/2022\/05\/radar-souterrain-profond-radar-mardouk-radar-de-visee-souterrain-marduk-less-7000-radar-a-balayage-souterrain.webp 713w, https:\/\/azizgolddetector.com\/fr\/wp-content\/uploads\/2022\/05\/radar-souterrain-profond-radar-mardouk-radar-de-visee-souterrain-marduk-less-7000-radar-a-balayage-souterrain-600x221.webp 600w, https:\/\/azizgolddetector.com\/fr\/wp-content\/uploads\/2022\/05\/radar-souterrain-profond-radar-mardouk-radar-de-visee-souterrain-marduk-less-7000-radar-a-balayage-souterrain-300x111.webp 300w\" sizes=\"auto, (max-width: 713px) 100vw, 713px\" \/><\/p>\n<p>De plus, il permet de recevoir rapidement des donn\u00e9es en recherche arch\u00e9ologique et offre la possibilit\u00e9 de travailler en sol humide et sec. MARDUK AZ 7000 dispose d&#8217;un syst\u00e8me de fonctionnement automatique et manuel. Avec l&#8217;appareil d&#8217;imagerie souterraine MARDUK, vous pouvez voir les structures souterraines en 3D en prenant des images instantan\u00e9es en direct en m\u00eame temps.<\/p>\n<p><img loading=\"lazy\" decoding=\"async\" class=\"size-full wp-image-7805 aligncenter\" src=\"https:\/\/azizgolddetector.com\/fr\/wp-content\/uploads\/2022\/05\/radar-souterrain-profond-radar-mardouk-marduk-less-7000-radar-a-balayage-souterrain-radar-dimagerie-souterrain.webp\" alt=\"\" width=\"750\" height=\"423\" srcset=\"https:\/\/azizgolddetector.com\/fr\/wp-content\/uploads\/2022\/05\/radar-souterrain-profond-radar-mardouk-marduk-less-7000-radar-a-balayage-souterrain-radar-dimagerie-souterrain.webp 750w, https:\/\/azizgolddetector.com\/fr\/wp-content\/uploads\/2022\/05\/radar-souterrain-profond-radar-mardouk-marduk-less-7000-radar-a-balayage-souterrain-radar-dimagerie-souterrain-600x338.webp 600w, https:\/\/azizgolddetector.com\/fr\/wp-content\/uploads\/2022\/05\/radar-souterrain-profond-radar-mardouk-marduk-less-7000-radar-a-balayage-souterrain-radar-dimagerie-souterrain-300x169.webp 300w\" sizes=\"auto, (max-width: 750px) 100vw, 750px\" \/><\/p>\n<p>Gr\u00e2ce \u00e0 ses 7 fonctions de m\u00e9moire, MARDUK peut d\u00e9tecter les distorsions anomies, les largeurs et les longueurs des structures souterraines sur 7 fr\u00e9quences diff\u00e9rentes. Avec MARDUK AZ 7000, les structures contenant du m\u00e9tal que vous avez d\u00e9tect\u00e9es sous terre peuvent \u00eatre enregistr\u00e9es dans 7 m\u00e9moires diff\u00e9rentes. Le MARDUK AZ 7000 est rechargeable. VLF-EM a un syst\u00e8me \u00e0 tr\u00e8s basse fr\u00e9quence.<\/p>\n<p><img loading=\"lazy\" decoding=\"async\" class=\"size-full wp-image-7806 aligncenter\" src=\"https:\/\/azizgolddetector.com\/fr\/wp-content\/uploads\/2022\/05\/radar-souterrain-profond-radar-de-visee-souterrain-marduk-less-7000-radar-a-balayage-souterrain-dragage-souterrain.webp\" alt=\"\" width=\"713\" height=\"263\" srcset=\"https:\/\/azizgolddetector.com\/fr\/wp-content\/uploads\/2022\/05\/radar-souterrain-profond-radar-de-visee-souterrain-marduk-less-7000-radar-a-balayage-souterrain-dragage-souterrain.webp 713w, https:\/\/azizgolddetector.com\/fr\/wp-content\/uploads\/2022\/05\/radar-souterrain-profond-radar-de-visee-souterrain-marduk-less-7000-radar-a-balayage-souterrain-dragage-souterrain-600x221.webp 600w, https:\/\/azizgolddetector.com\/fr\/wp-content\/uploads\/2022\/05\/radar-souterrain-profond-radar-de-visee-souterrain-marduk-less-7000-radar-a-balayage-souterrain-dragage-souterrain-300x111.webp 300w\" sizes=\"auto, (max-width: 713px) 100vw, 713px\" \/><\/p>\n<h2><span style=\"color: #ff0000;\">CARACT\u00c9RISTIQUES TECHNIQUES ET PI\u00c8CES<\/span><\/h2>\n<p>Ordinateur ex\u00e9cutant le logiciel<\/p>\n<p>Antenne syst\u00e8me VLF-EM<\/p>\n<p>Chargeur 12 Volts<\/p>\n<p>Batterie aux ions lithium<\/p>\n<p>\u00c9clairage dans un environnement sombre<\/p>\n<p>Syst\u00e8me de d\u00e9calage automatique<\/p>\n<p>Option de filtre r\u00e9glable manuellement<\/p>\n<p>Ordinateur et mallette de transport<\/p>\n<p>Logiciel 3D<\/p>\n<p>Mode d&#8217;emploi<\/p>\n<p>CD utilisateur<\/p>\n<p>Formation gratuite et illimit\u00e9e.<\/p>\n<p><img loading=\"lazy\" decoding=\"async\" class=\"size-full wp-image-7807 aligncenter\" src=\"https:\/\/azizgolddetector.com\/fr\/wp-content\/uploads\/2022\/05\/radar-souterrain-profond-radar-de-visee-souterrain-dragage-souterrain-marduk-less-7000-radar-a-balayage-souterrain.webp\" alt=\"\" width=\"638\" height=\"338\" srcset=\"https:\/\/azizgolddetector.com\/fr\/wp-content\/uploads\/2022\/05\/radar-souterrain-profond-radar-de-visee-souterrain-dragage-souterrain-marduk-less-7000-radar-a-balayage-souterrain.webp 638w, https:\/\/azizgolddetector.com\/fr\/wp-content\/uploads\/2022\/05\/radar-souterrain-profond-radar-de-visee-souterrain-dragage-souterrain-marduk-less-7000-radar-a-balayage-souterrain-600x318.webp 600w, https:\/\/azizgolddetector.com\/fr\/wp-content\/uploads\/2022\/05\/radar-souterrain-profond-radar-de-visee-souterrain-dragage-souterrain-marduk-less-7000-radar-a-balayage-souterrain-300x159.webp 300w\" sizes=\"auto, (max-width: 638px) 100vw, 638px\" \/><\/p>\n<h2><span style=\"color: #ff0000;\">Marduk appareil d&#8217;imagerie souterraine<\/span><\/h2>\n<p>R\u00a0: Gr\u00e2ce \u00e0 la technologie du syst\u00e8me VLF-EM very low frequency, il peut d\u00e9tecter les entr\u00e9es de pi\u00e8ces et de tunnels dans le sol rocheux \u00e0 une profondeur nette de 8\u00a0Mt et 12\u00a0Mt.<\/p>\n<p>\u00c9ducation<\/p>\n<p><img loading=\"lazy\" decoding=\"async\" class=\"size-full wp-image-7808 aligncenter\" src=\"https:\/\/azizgolddetector.com\/fr\/wp-content\/uploads\/2022\/05\/radar-souterrain-profond-radar-de-visee-souterrain-marduk-less-7000-radar-a-balayage-souterrain-radar-a-balayage-souterra.webp\" alt=\"\" width=\"713\" height=\"263\" srcset=\"https:\/\/azizgolddetector.com\/fr\/wp-content\/uploads\/2022\/05\/radar-souterrain-profond-radar-de-visee-souterrain-marduk-less-7000-radar-a-balayage-souterrain-radar-a-balayage-souterra.webp 713w, https:\/\/azizgolddetector.com\/fr\/wp-content\/uploads\/2022\/05\/radar-souterrain-profond-radar-de-visee-souterrain-marduk-less-7000-radar-a-balayage-souterrain-radar-a-balayage-souterra-600x221.webp 600w, https:\/\/azizgolddetector.com\/fr\/wp-content\/uploads\/2022\/05\/radar-souterrain-profond-radar-de-visee-souterrain-marduk-less-7000-radar-a-balayage-souterrain-radar-a-balayage-souterra-300x111.webp 300w\" sizes=\"auto, (max-width: 713px) 100vw, 713px\" \/><\/p>\n<h2><span style=\"color: #ff0000;\">Le syst\u00e8me VLF-EM very low frequency<\/span><\/h2>\n<p>8 m\u00e8tres net 12 m\u00e8tres de profondeur<\/p>\n<p>Des projets g\u00e9ants dans les appareils d&#8217;imagerie souterrains<\/p>\n<p>Une r\u00e9forme dans les appareils d&#8217;imagerie souterraine<br \/>\nChez Aziz D\u00e9tecteur Technologie Informatique.<\/p>\n<p><img loading=\"lazy\" decoding=\"async\" class=\"size-full wp-image-7809 aligncenter\" src=\"https:\/\/azizgolddetector.com\/fr\/wp-content\/uploads\/2022\/05\/radar-souterrain-profond-radar-mardouk-marduk-less-7000-radar-a-balayage-souterrain-radar-a-balayage-souterrain.webp\" alt=\"\" width=\"750\" height=\"423\" srcset=\"https:\/\/azizgolddetector.com\/fr\/wp-content\/uploads\/2022\/05\/radar-souterrain-profond-radar-mardouk-marduk-less-7000-radar-a-balayage-souterrain-radar-a-balayage-souterrain.webp 750w, https:\/\/azizgolddetector.com\/fr\/wp-content\/uploads\/2022\/05\/radar-souterrain-profond-radar-mardouk-marduk-less-7000-radar-a-balayage-souterrain-radar-a-balayage-souterrain-600x338.webp 600w, https:\/\/azizgolddetector.com\/fr\/wp-content\/uploads\/2022\/05\/radar-souterrain-profond-radar-mardouk-marduk-less-7000-radar-a-balayage-souterrain-radar-a-balayage-souterrain-300x169.webp 300w\" sizes=\"auto, (max-width: 750px) 100vw, 750px\" \/><\/p>\n","protected":false},"excerpt":{"rendered":"<p><b>Options de Langue du D\u00e9tecteur<\/b><br \/>\n<img decoding=\"async\" src=\"http:\/\/azizgolddetector.com\/en\/wp-content\/uploads\/2022\/04\/Language-Options-ENG.png\" \/><br \/>\nLe syst\u00e8me MARDUK AZ 7000 VLF -EM est un appareil id\u00e9al pour les mesures magn\u00e9tiques et\/ou radiom\u00e9triques dans l&#8217;air. Il s&#8217;agit d&#8217;un appareil con\u00e7u pour la d\u00e9tection de m\u00e9taux pr\u00e9cieux et non pr\u00e9cieux dans la recherche de tunnels, de caves, de tombes et de b\u00e2timents.<br \/>\n<a href=\"https:\/\/api.whatsapp.com\/send?phone=905425331010\" target=\"_blank\" rel=\"noopener\"><img loading=\"lazy\" decoding=\"async\" class=\"size-full wp-image-7932 aligncenter\" src=\"https:\/\/azizgolddetector.com\/fr\/wp-content\/uploads\/2022\/06\/detecteur-de-metaux-or-contact-aziz-detecteur-de-metaux-or-whatsapp.png\" alt=\"\" width=\"334\" height=\"38\" srcset=\"https:\/\/azizgolddetector.com\/fr\/wp-content\/uploads\/2022\/06\/detecteur-de-metaux-or-contact-aziz-detecteur-de-metaux-or-whatsapp.png 334w, https:\/\/azizgolddetector.com\/fr\/wp-content\/uploads\/2022\/06\/detecteur-de-metaux-or-contact-aziz-detecteur-de-metaux-or-whatsapp-300x34.png 300w\" sizes=\"auto, (max-width: 334px) 100vw, 334px\" \/><\/a><br \/>\n<a href=\"https:\/\/form.jotform.com\/221593318570053\" target=\"_blank\" rel=\"noopener\"><img loading=\"lazy\" decoding=\"async\" class=\"size-full wp-image-7933 aligncenter\" src=\"https:\/\/azizgolddetector.com\/fr\/wp-content\/uploads\/2022\/06\/detecteur-de-metaux-or-contact-aziz-detecteur-de-metaux-or-whatsapp-form.png\" alt=\"\" width=\"287\" height=\"38\" \/><\/a><\/p>\n<p>&nbsp;<\/p>\n","protected":false},"featured_media":7902,"comment_status":"open","ping_status":"closed","template":"","meta":[],"product_cat":[15],"product_tag":[41],"class_list":["post-7802","product","type-product","status-publish","has-post-thumbnail","hentry","product_cat-detecteurs","product_tag-radar-a-balayage-souterrain"],"_links":{"self":[{"href":"https:\/\/azizgolddetector.com\/fr\/wp-json\/wp\/v2\/product\/7802","targetHints":{"allow":["GET"]}}],"collection":[{"href":"https:\/\/azizgolddetector.com\/fr\/wp-json\/wp\/v2\/product"}],"about":[{"href":"https:\/\/azizgolddetector.com\/fr\/wp-json\/wp\/v2\/types\/product"}],"replies":[{"embeddable":true,"href":"https:\/\/azizgolddetector.com\/fr\/wp-json\/wp\/v2\/comments?post=7802"}],"wp:featuredmedia":[{"embeddable":true,"href":"https:\/\/azizgolddetector.com\/fr\/wp-json\/wp\/v2\/media\/7902"}],"wp:attachment":[{"href":"https:\/\/azizgolddetector.com\/fr\/wp-json\/wp\/v2\/media?parent=7802"}],"wp:term":[{"taxonomy":"product_cat","embeddable":true,"href":"https:\/\/azizgolddetector.com\/fr\/wp-json\/wp\/v2\/product_cat?post=7802"},{"taxonomy":"product_tag","embeddable":true,"href":"https:\/\/azizgolddetector.com\/fr\/wp-json\/wp\/v2\/product_tag?post=7802"}],"curies":[{"name":"wp","href":"https:\/\/api.w.org\/{rel}","templated":true}]}}