{"id":7782,"date":"2022-05-25T22:26:53","date_gmt":"2022-05-25T19:26:53","guid":{"rendered":"http:\/\/azizgolddetector.com\/fr\/?post_type=product&#038;p=7782"},"modified":"2025-08-05T13:45:09","modified_gmt":"2025-08-05T10:45:09","slug":"via-gold-detecteur-de-metaux-deep-treasure-gold","status":"publish","type":"product","link":"https:\/\/azizgolddetector.com\/fr\/product\/via-gold-detecteur-de-metaux-deep-treasure-gold\/","title":{"rendered":"Via Gold D\u00e9tecteur de m\u00e9taux Deep Treasure Gold"},"content":{"rendered":"<h2 style=\"text-align: center;\"><span style=\"color: #ff0000;\">Via Gold D\u00e9tecteur de m\u00e9taux Deep Treasure Gold<\/span><\/h2>\n<p>Gr\u00e2ce au prix et aux fonctionnalit\u00e9s du d\u00e9tecteur d&#8217;or Via Gold, il permet de trouver le tr\u00e9sor le plus profond et les tr\u00e9sors enfouis, l&#8217;or, l&#8217;argent, le bronze, les m\u00e9taux de type bronze, les statues, les lingots, les pi\u00e8ces uniques, les tr\u00e9sors enfouis profond\u00e9ment et les tombes \u00e0 chambre souterraine, les tunnels de 30 cm et 2,5 m\u00e8tres sans perte de profondeur dans la roche et les terrains.<\/p>\n<p><img loading=\"lazy\" decoding=\"async\" class=\"size-full wp-image-7783 aligncenter\" src=\"https:\/\/azizgolddetector.com\/fr\/wp-content\/uploads\/2022\/05\/detecteur-de-prospection-dor-detecteur-de-saint-Detecteur-de-metaux-detecteur-de-tresor.webp\" alt=\"\" width=\"713\" height=\"263\" srcset=\"https:\/\/azizgolddetector.com\/fr\/wp-content\/uploads\/2022\/05\/detecteur-de-prospection-dor-detecteur-de-saint-Detecteur-de-metaux-detecteur-de-tresor.webp 713w, https:\/\/azizgolddetector.com\/fr\/wp-content\/uploads\/2022\/05\/detecteur-de-prospection-dor-detecteur-de-saint-Detecteur-de-metaux-detecteur-de-tresor-600x221.webp 600w, https:\/\/azizgolddetector.com\/fr\/wp-content\/uploads\/2022\/05\/detecteur-de-prospection-dor-detecteur-de-saint-Detecteur-de-metaux-detecteur-de-tresor-300x111.webp 300w\" sizes=\"auto, (max-width: 713px) 100vw, 713px\" \/><\/p>\n<p>Le d\u00e9tecteur Via Gold peut distinguer les objets en or et les tr\u00e9sors avec une clart\u00e9 garantie \u00e0 70%, gr\u00e2ce \u00e0 sa fonction graphique 2D en direct et \u00e0 un logiciel et une conception sp\u00e9ciale sur l&#8217;\u00e9cran de valeur num\u00e9rique. Le d\u00e9tecteur Via Gold peut distinguer les m\u00e9taux sans valeur comme 70 % sans valeur.<\/p>\n<p><img loading=\"lazy\" decoding=\"async\" class=\"size-full wp-image-7784 aligncenter\" src=\"https:\/\/azizgolddetector.com\/fr\/wp-content\/uploads\/2022\/05\/detecteur-de-prospection-dor-detecteur-de-saint-Detecteur-de-metaux-detecteur-decran.webp\" alt=\"\" width=\"713\" height=\"263\" srcset=\"https:\/\/azizgolddetector.com\/fr\/wp-content\/uploads\/2022\/05\/detecteur-de-prospection-dor-detecteur-de-saint-Detecteur-de-metaux-detecteur-decran.webp 713w, https:\/\/azizgolddetector.com\/fr\/wp-content\/uploads\/2022\/05\/detecteur-de-prospection-dor-detecteur-de-saint-Detecteur-de-metaux-detecteur-decran-600x221.webp 600w, https:\/\/azizgolddetector.com\/fr\/wp-content\/uploads\/2022\/05\/detecteur-de-prospection-dor-detecteur-de-saint-Detecteur-de-metaux-detecteur-decran-300x111.webp 300w\" sizes=\"auto, (max-width: 713px) 100vw, 713px\" \/><\/p>\n<p>Le d\u00e9tecteur d&#8217;or Via Gold super prix, con\u00e7u comme 2 technologies diff\u00e9rentes, vous offre la possibilit\u00e9 de l&#8217;utiliser dans 2 syst\u00e8mes diff\u00e9rents. Outre le prix du d\u00e9tecteur d&#8217;or Via Gold, il offre des options de travail pour toutes sortes de sols min\u00e9raux avec un syst\u00e8me automatique. Le d\u00e9tecteur de tr\u00e9sors Via Gold peut trouver des tr\u00e9sors enfouis et des tr\u00e9sors dans la roche en mode de recherche graphique en direct 2D, qui est un mode de recherche lent, et distingue l&#8217;or, l&#8217;argent, le cuivre, le bronze et les m\u00e9taux sans valeur de 70%. Via Gold les images de l\u2019\u00e9cran.<\/p>\n<p><img loading=\"lazy\" decoding=\"async\" class=\"size-full wp-image-7785 aligncenter\" src=\"https:\/\/azizgolddetector.com\/fr\/wp-content\/uploads\/2022\/05\/detecteur-de-prospection-dor-detecteur-de-saint-Detecteur-de-metaux-detecteur-dor-et-de-metaux.webp\" alt=\"\" width=\"713\" height=\"263\" srcset=\"https:\/\/azizgolddetector.com\/fr\/wp-content\/uploads\/2022\/05\/detecteur-de-prospection-dor-detecteur-de-saint-Detecteur-de-metaux-detecteur-dor-et-de-metaux.webp 713w, https:\/\/azizgolddetector.com\/fr\/wp-content\/uploads\/2022\/05\/detecteur-de-prospection-dor-detecteur-de-saint-Detecteur-de-metaux-detecteur-dor-et-de-metaux-600x221.webp 600w, https:\/\/azizgolddetector.com\/fr\/wp-content\/uploads\/2022\/05\/detecteur-de-prospection-dor-detecteur-de-saint-Detecteur-de-metaux-detecteur-dor-et-de-metaux-300x111.webp 300w\" sizes=\"auto, (max-width: 713px) 100vw, 713px\" \/><\/p>\n<p>Le d\u00e9tecteur Via Gold offre la possibilit\u00e9 de travailler avec des performances \u00e9lev\u00e9es, en particulier dans les recherches de pi\u00e8ces uniques, en mode de recherche rapide et il est \u00e9galement possible de rechercher dans la fonction de recherche approfondie. Outre son prix et sa facilit\u00e9 d&#8217;utilisation, l&#8217;appareil de recherche d&#8217;or Via Gold peut se concentrer de mani\u00e8re centralis\u00e9e gr\u00e2ce \u00e0 sa fonction POINT en recherche rapide. L\u2019appareil de recherche de tr\u00e9sors Via Gold offre la possibilit\u00e9 de rechercher uniquement des objets pr\u00e9cieux et en or \u00e0 60% en d\u00e9sactivant les m\u00e9taux sans valeur de l&#8217;option ZB FILTRE tout en recherchant en valeur num\u00e9rique en mode de recherche rapide.<\/p>\n<p><img loading=\"lazy\" decoding=\"async\" class=\"size-full wp-image-7786 aligncenter\" src=\"https:\/\/azizgolddetector.com\/fr\/wp-content\/uploads\/2022\/05\/detecteur-de-prospection-dor-detecteur-de-saint-Detecteur-de-metaux-detecteur-dor.webp\" alt=\"\" width=\"713\" height=\"263\" srcset=\"https:\/\/azizgolddetector.com\/fr\/wp-content\/uploads\/2022\/05\/detecteur-de-prospection-dor-detecteur-de-saint-Detecteur-de-metaux-detecteur-dor.webp 713w, https:\/\/azizgolddetector.com\/fr\/wp-content\/uploads\/2022\/05\/detecteur-de-prospection-dor-detecteur-de-saint-Detecteur-de-metaux-detecteur-dor-600x221.webp 600w, https:\/\/azizgolddetector.com\/fr\/wp-content\/uploads\/2022\/05\/detecteur-de-prospection-dor-detecteur-de-saint-Detecteur-de-metaux-detecteur-dor-300x111.webp 300w\" sizes=\"auto, (max-width: 713px) 100vw, 713px\" \/><\/p>\n<p>Le d\u00e9tecteur de metal Via Gold en mode de num\u00e9rotation abr\u00e9g\u00e9e num\u00e9rique, en augmentant les valeurs num\u00e9riques de l&#8217;option HOTROCK, il offre la possibilit\u00e9 de rechercher dans des lieux historiques o\u00f9 sont concentr\u00e9s les morceaux de tuiles cuites, sans \u00eatre affect\u00e9 par les tuiles et les r\u00e9sidus m\u00e9talliques. Le d\u00e9tecteur Via Gold en plus d&#8217;\u00eatre le meilleur appareil de recherche de tr\u00e9sor avec son prix gr\u00e2ce \u00e0 l\u2019option TURBO il offre la possibilit\u00e9 d&#8217;augmenter la profondeur jusqu&#8217;\u00e0 30% pour trouver des tr\u00e9sors plus profonds. Le d\u00e9tecteur de recherche d&#8217;or Via Gold introduit les m\u00e9taux ferreux de l&#8217;option ENREGISTREMENT DU FER en mode de recherche rapide et offre la possibilit\u00e9 de rechercher uniquement des m\u00e9taux pr\u00e9cieux \u00e0 60% sans voir les m\u00e9taux sans valeur.<\/p>\n<p><img loading=\"lazy\" decoding=\"async\" class=\"size-full wp-image-7787 aligncenter\" src=\"https:\/\/azizgolddetector.com\/fr\/wp-content\/uploads\/2022\/05\/detecteur-de-prospection-dor-detecteur-de-saint-Detecteur-de-metaux-via-un-detecteur-dor.webp\" alt=\"\" width=\"713\" height=\"263\" srcset=\"https:\/\/azizgolddetector.com\/fr\/wp-content\/uploads\/2022\/05\/detecteur-de-prospection-dor-detecteur-de-saint-Detecteur-de-metaux-via-un-detecteur-dor.webp 713w, https:\/\/azizgolddetector.com\/fr\/wp-content\/uploads\/2022\/05\/detecteur-de-prospection-dor-detecteur-de-saint-Detecteur-de-metaux-via-un-detecteur-dor-600x221.webp 600w, https:\/\/azizgolddetector.com\/fr\/wp-content\/uploads\/2022\/05\/detecteur-de-prospection-dor-detecteur-de-saint-Detecteur-de-metaux-via-un-detecteur-dor-300x111.webp 300w\" sizes=\"auto, (max-width: 713px) 100vw, 713px\" \/><\/p>\n<p>Afin de trouver des objets et des sculptures historiques en or dans les sites arch\u00e9ologiques en profondeur Via Gold offre la possibilit\u00e9 d&#8217;augmenter la profondeur \u00e0 partir du niveau SENSIBILIT\u00c9. Lors de la recherche de tr\u00e9sors profonds avec le d\u00e9tecteur Via Gold, si vous le souhaitez en mode de recherche rapide il offre la possibilit\u00e9 d&#8217;ajuster le son SEUIL. Le d\u00e9tecteur de m\u00e9taux Via Gold en plus de son design ergonomique, batterie longue dur\u00e9e rechargeable offre la possibilit\u00e9 de r\u00e9gler les param\u00e8tres SON, LUMI\u00c8RE en fonction des conditions du terrain comme vous le souhaitez sur son \u00e9cran couleur.<\/p>\n<p><img loading=\"lazy\" decoding=\"async\" class=\"size-full wp-image-7788 aligncenter\" src=\"https:\/\/azizgolddetector.com\/fr\/wp-content\/uploads\/2022\/05\/detecteur-de-prospection-dor-detecteur-de-saint-detecteur-de-tresor-Detecteur-de-metaux.webp\" alt=\"\" width=\"713\" height=\"263\" srcset=\"https:\/\/azizgolddetector.com\/fr\/wp-content\/uploads\/2022\/05\/detecteur-de-prospection-dor-detecteur-de-saint-detecteur-de-tresor-Detecteur-de-metaux.webp 713w, https:\/\/azizgolddetector.com\/fr\/wp-content\/uploads\/2022\/05\/detecteur-de-prospection-dor-detecteur-de-saint-detecteur-de-tresor-Detecteur-de-metaux-600x221.webp 600w, https:\/\/azizgolddetector.com\/fr\/wp-content\/uploads\/2022\/05\/detecteur-de-prospection-dor-detecteur-de-saint-detecteur-de-tresor-Detecteur-de-metaux-300x111.webp 300w\" sizes=\"auto, (max-width: 713px) 100vw, 713px\" \/><\/p>\n<p>Via Gold avec 1.850 gr, poign\u00e9e et structure du corps d\u00e9montables ergonomiques en 3 parties, Avec une bobine de sortie d&#8217;usine de 14 kHz d&#8217;un diam\u00e8tre de 26&#215;32 et une bobine de recherche profonde de 7 kHz d&#8217;un diam\u00e8tre de 36&#215;41, \u00e9couteurs, chargeur, \u00e9tui double compartiment avec housse sp\u00e9ciale, 8 ans de garantie en total avec 2 ans de garantie gratuit de pi\u00e8ces et avec facture enregistr\u00e9e \u00e0 votre nom,<\/p>\n<p><img loading=\"lazy\" decoding=\"async\" class=\"size-full wp-image-7790 aligncenter\" src=\"https:\/\/azizgolddetector.com\/fr\/wp-content\/uploads\/2022\/05\/detecteur-de-prospection-dor-detecteur-de-saint-detecteur-de-tresor-via-un-detecteur-dor.webp\" alt=\"\" width=\"713\" height=\"263\" srcset=\"https:\/\/azizgolddetector.com\/fr\/wp-content\/uploads\/2022\/05\/detecteur-de-prospection-dor-detecteur-de-saint-detecteur-de-tresor-via-un-detecteur-dor.webp 713w, https:\/\/azizgolddetector.com\/fr\/wp-content\/uploads\/2022\/05\/detecteur-de-prospection-dor-detecteur-de-saint-detecteur-de-tresor-via-un-detecteur-dor-600x221.webp 600w, https:\/\/azizgolddetector.com\/fr\/wp-content\/uploads\/2022\/05\/detecteur-de-prospection-dor-detecteur-de-saint-detecteur-de-tresor-via-un-detecteur-dor-300x111.webp 300w\" sizes=\"auto, (max-width: 713px) 100vw, 713px\" \/><\/p>\n<p>Il est vendu dans tous les pays du monde en 7 langues \u00e9trang\u00e8res, \u00e0 l&#8217;exception des langues turques, sous forme d&#8217;ensemble complet. De plus, vous pouvez acheter en OPTION une bobine 60&#215;60 DUPLE 7 kHz con\u00e7ue pour les appareils Via Gold et A6 plus pour trouver des tr\u00e9sors \u00e0 3 m\u00e8tres de profondeur, et une bobine de recherche de 26&#215;32 de diam\u00e8tre 20 kHz pour trouver des pi\u00e8ces uniques et des petites pi\u00e8ces.<\/p>\n<p><img loading=\"lazy\" decoding=\"async\" class=\"size-full wp-image-7789 aligncenter\" src=\"https:\/\/azizgolddetector.com\/fr\/wp-content\/uploads\/2022\/05\/detecteur-de-prospection-dor-detecteur-de-saint-detecteur-decran-detecteur-dor-et-de-metaux.webp\" alt=\"\" width=\"713\" height=\"263\" srcset=\"https:\/\/azizgolddetector.com\/fr\/wp-content\/uploads\/2022\/05\/detecteur-de-prospection-dor-detecteur-de-saint-detecteur-decran-detecteur-dor-et-de-metaux.webp 713w, https:\/\/azizgolddetector.com\/fr\/wp-content\/uploads\/2022\/05\/detecteur-de-prospection-dor-detecteur-de-saint-detecteur-decran-detecteur-dor-et-de-metaux-600x221.webp 600w, https:\/\/azizgolddetector.com\/fr\/wp-content\/uploads\/2022\/05\/detecteur-de-prospection-dor-detecteur-de-saint-detecteur-decran-detecteur-dor-et-de-metaux-300x111.webp 300w\" sizes=\"auto, (max-width: 713px) 100vw, 713px\" \/><\/p>\n","protected":false},"excerpt":{"rendered":"<p><b>Options de Langue du D\u00e9tecteur<\/b><br \/>\n<img decoding=\"async\" src=\"http:\/\/azizgolddetector.com\/en\/wp-content\/uploads\/2022\/04\/Language-Options-All.png\" \/><\/p>\n<p>Gr\u00e2ce au prix et aux fonctionnalit\u00e9s du d\u00e9tecteur d&#8217;or Via Gold, il permet de trouver le tr\u00e9sor le plus profond et les tr\u00e9sors enfouis, l&#8217;or, l&#8217;argent, le bronze, les m\u00e9taux de type bronze, les statues, les lingots, les pi\u00e8ces uniques, les tr\u00e9sors enfouis profond\u00e9ment et les tombes \u00e0 chambre souterraine, les tunnels de 30 cm et 2,5 m\u00e8tres sans perte de profondeur dans la roche et les terrains.<br \/>\n<a href=\"https:\/\/api.whatsapp.com\/send?phone=905425331010\" target=\"_blank\" rel=\"noopener\"><img loading=\"lazy\" decoding=\"async\" class=\"size-full wp-image-7932 aligncenter\" src=\"https:\/\/azizgolddetector.com\/fr\/wp-content\/uploads\/2022\/06\/detecteur-de-metaux-or-contact-aziz-detecteur-de-metaux-or-whatsapp.png\" alt=\"\" width=\"334\" height=\"38\" srcset=\"https:\/\/azizgolddetector.com\/fr\/wp-content\/uploads\/2022\/06\/detecteur-de-metaux-or-contact-aziz-detecteur-de-metaux-or-whatsapp.png 334w, https:\/\/azizgolddetector.com\/fr\/wp-content\/uploads\/2022\/06\/detecteur-de-metaux-or-contact-aziz-detecteur-de-metaux-or-whatsapp-300x34.png 300w\" sizes=\"auto, (max-width: 334px) 100vw, 334px\" \/><\/a><br \/>\n<a href=\"https:\/\/form.jotform.com\/221593318570053\" target=\"_blank\" rel=\"noopener\"><img loading=\"lazy\" decoding=\"async\" class=\"size-full wp-image-7933 aligncenter\" src=\"https:\/\/azizgolddetector.com\/fr\/wp-content\/uploads\/2022\/06\/detecteur-de-metaux-or-contact-aziz-detecteur-de-metaux-or-whatsapp-form.png\" alt=\"\" width=\"287\" height=\"38\" \/><\/a><\/p>\n","protected":false},"featured_media":7903,"comment_status":"open","ping_status":"closed","template":"","meta":[],"product_cat":[15],"product_tag":[40],"class_list":["post-7782","product","type-product","status-publish","has-post-thumbnail","hentry","product_cat-detecteurs","product_tag-detecteur-de-metaux-dor"],"_links":{"self":[{"href":"https:\/\/azizgolddetector.com\/fr\/wp-json\/wp\/v2\/product\/7782","targetHints":{"allow":["GET"]}}],"collection":[{"href":"https:\/\/azizgolddetector.com\/fr\/wp-json\/wp\/v2\/product"}],"about":[{"href":"https:\/\/azizgolddetector.com\/fr\/wp-json\/wp\/v2\/types\/product"}],"replies":[{"embeddable":true,"href":"https:\/\/azizgolddetector.com\/fr\/wp-json\/wp\/v2\/comments?post=7782"}],"wp:featuredmedia":[{"embeddable":true,"href":"https:\/\/azizgolddetector.com\/fr\/wp-json\/wp\/v2\/media\/7903"}],"wp:attachment":[{"href":"https:\/\/azizgolddetector.com\/fr\/wp-json\/wp\/v2\/media?parent=7782"}],"wp:term":[{"taxonomy":"product_cat","embeddable":true,"href":"https:\/\/azizgolddetector.com\/fr\/wp-json\/wp\/v2\/product_cat?post=7782"},{"taxonomy":"product_tag","embeddable":true,"href":"https:\/\/azizgolddetector.com\/fr\/wp-json\/wp\/v2\/product_tag?post=7782"}],"curies":[{"name":"wp","href":"https:\/\/api.w.org\/{rel}","templated":true}]}}