{"id":7755,"date":"2022-05-25T22:21:28","date_gmt":"2022-05-25T19:21:28","guid":{"rendered":"http:\/\/azizgolddetector.com\/fr\/?post_type=product&#038;p=7755"},"modified":"2026-05-03T11:23:15","modified_gmt":"2026-05-03T08:23:15","slug":"via-gold-a9-or-detecteur-de-metaux","status":"publish","type":"product","link":"https:\/\/azizgolddetector.com\/fr\/product\/via-gold-a9-or-detecteur-de-metaux\/","title":{"rendered":"Via Gold A9 Or D\u00e9tecteur de M\u00e9taux"},"content":{"rendered":"<h2 style=\"text-align: center;\"><span style=\"color: #ff0000;\">Via Gold A9 Or D\u00e9tecteur de M\u00e9taux<\/span><\/h2>\n<p>Le d\u00e9tecteur d&#8217;or via gold a9, d\u00e9tecteur de tr\u00e9sors avec fonction de balayage de zone et le d\u00e9tecteur de distinction d\u2019or via gold a9 sont capable de rechercher en profondeur des tr\u00e9sors en 2D en direct, la fonction de balayage de zone qui scanne une centaine de m\u00e8tres autour, la recherche num\u00e9rique IP et la mise au point du pointeur et son prix avantageux.<\/p>\n<p><img loading=\"lazy\" decoding=\"async\" class=\" wp-image-7771 aligncenter\" src=\"https:\/\/azizgolddetector.com\/fr\/wp-content\/uploads\/2022\/05\/detecteur-de-prospection-dor-Detecteur-de-metaux-detecteur-dor-detecteur-de-tresor.webp\" alt=\"\" width=\"499\" height=\"274\" srcset=\"https:\/\/azizgolddetector.com\/fr\/wp-content\/uploads\/2022\/05\/detecteur-de-prospection-dor-Detecteur-de-metaux-detecteur-dor-detecteur-de-tresor.webp 675w, https:\/\/azizgolddetector.com\/fr\/wp-content\/uploads\/2022\/05\/detecteur-de-prospection-dor-Detecteur-de-metaux-detecteur-dor-detecteur-de-tresor-600x330.webp 600w, https:\/\/azizgolddetector.com\/fr\/wp-content\/uploads\/2022\/05\/detecteur-de-prospection-dor-Detecteur-de-metaux-detecteur-dor-detecteur-de-tresor-300x165.webp 300w\" sizes=\"auto, (max-width: 499px) 100vw, 499px\" \/><\/p>\n<p>Gr\u00e2ce \u00e0 la recherche d&#8217;or Via gold A9, les petites pi\u00e8ces d&#8217;or, d&#8217;argent, de bronze, de pi\u00e8ces uniques et de pi\u00e8ces de monnaie peuvent \u00eatre trouv\u00e9es avec un point central garanti. Le syst\u00e8me Via gold a9 VLF propose 3 technologies diff\u00e9rentes et 3 options diff\u00e9rentes pour trouver les tr\u00e9sors les plus profonds \u00e0 moins de 3 m\u00e8tres gr\u00e2ce aux bobines de recherche de tr\u00e9sors.<\/p>\n<p><img loading=\"lazy\" decoding=\"async\" class=\"size-full wp-image-7772 aligncenter\" src=\"https:\/\/azizgolddetector.com\/fr\/wp-content\/uploads\/2022\/05\/detecteur-de-prospection-dor-Detecteur-de-metaux-detecteur-dor-detecteur-decran.webp\" alt=\"\" width=\"675\" height=\"371\" srcset=\"https:\/\/azizgolddetector.com\/fr\/wp-content\/uploads\/2022\/05\/detecteur-de-prospection-dor-Detecteur-de-metaux-detecteur-dor-detecteur-decran.webp 675w, https:\/\/azizgolddetector.com\/fr\/wp-content\/uploads\/2022\/05\/detecteur-de-prospection-dor-Detecteur-de-metaux-detecteur-dor-detecteur-decran-600x330.webp 600w, https:\/\/azizgolddetector.com\/fr\/wp-content\/uploads\/2022\/05\/detecteur-de-prospection-dor-Detecteur-de-metaux-detecteur-dor-detecteur-decran-300x165.webp 300w\" sizes=\"auto, (max-width: 675px) 100vw, 675px\" \/><\/p>\n<p>Via gold a9 60&#215;60 7 kHz avec sa bobine de recherche il peut trouver des tombes \u00e0 chambres souterraines, des entr\u00e9es de tunnel, de grands lingots d&#8217;or et des tr\u00e9sors dans la roche, des tr\u00e9sors arm\u00e9niens, grecs et des tr\u00e9sors avec des marques de tr\u00e9sor, des objets et statues en m\u00e9tal romain, byzantin, grec, en argent, en bronze, en bronze de 20 cm \u00e0 3 m\u00e8tres de profondeur.<\/p>\n<p><img loading=\"lazy\" decoding=\"async\" class=\"size-full wp-image-7774 aligncenter\" src=\"https:\/\/azizgolddetector.com\/fr\/wp-content\/uploads\/2022\/05\/detecteur-de-prospection-dor-Detecteur-de-metaux-detecteur-dor-detecteur-dor-et-de-metaux.webp\" alt=\"\" width=\"675\" height=\"371\" srcset=\"https:\/\/azizgolddetector.com\/fr\/wp-content\/uploads\/2022\/05\/detecteur-de-prospection-dor-Detecteur-de-metaux-detecteur-dor-detecteur-dor-et-de-metaux.webp 675w, https:\/\/azizgolddetector.com\/fr\/wp-content\/uploads\/2022\/05\/detecteur-de-prospection-dor-Detecteur-de-metaux-detecteur-dor-detecteur-dor-et-de-metaux-600x330.webp 600w, https:\/\/azizgolddetector.com\/fr\/wp-content\/uploads\/2022\/05\/detecteur-de-prospection-dor-Detecteur-de-metaux-detecteur-dor-detecteur-dor-et-de-metaux-300x165.webp 300w\" sizes=\"auto, (max-width: 675px) 100vw, 675px\" \/><\/p>\n<p>Le d\u00e9tecteur Via gold a9\u00a0 gr\u00e2ce \u00e0 son logiciel sp\u00e9cial et \u00e0 sa conception sur le balayage graphique 2D en direct et l&#8217;affichage de la valeur num\u00e9rique, il peut garantir et distinguer clairement entre 60 et 70 % d&#8217;objets et de tr\u00e9sors en or. En cherchant de l&#8217;or, des tr\u00e9sors et des objets pr\u00e9cieux, avec le syst\u00e8me Via gold a9 2D, qui a la particularit\u00e9 de balayer une zone de 100 m\u00e8tres, il offre la possibilit\u00e9 de rechercher des m\u00e9taux et des espaces, \u00e0 un super prix par rapport \u00e0 ses concurrents, et la possibilit\u00e9 de scanner le terrain avec 3 technologies diff\u00e9rentes<\/p>\n<p><img loading=\"lazy\" decoding=\"async\" class=\"size-full wp-image-7775 aligncenter\" src=\"https:\/\/azizgolddetector.com\/fr\/wp-content\/uploads\/2022\/05\/detecteur-de-prospection-dor-Detecteur-de-metaux-detecteur-dor-detecteur-dor-par-a9.webp\" alt=\"\" width=\"675\" height=\"371\" srcset=\"https:\/\/azizgolddetector.com\/fr\/wp-content\/uploads\/2022\/05\/detecteur-de-prospection-dor-Detecteur-de-metaux-detecteur-dor-detecteur-dor-par-a9.webp 675w, https:\/\/azizgolddetector.com\/fr\/wp-content\/uploads\/2022\/05\/detecteur-de-prospection-dor-Detecteur-de-metaux-detecteur-dor-detecteur-dor-par-a9-600x330.webp 600w, https:\/\/azizgolddetector.com\/fr\/wp-content\/uploads\/2022\/05\/detecteur-de-prospection-dor-Detecteur-de-metaux-detecteur-dor-detecteur-dor-par-a9-300x165.webp 300w\" sizes=\"auto, (max-width: 675px) 100vw, 675px\" \/><\/p>\n<p>Via Gold A9 gr\u00e2ce \u00e0 son syst\u00e8me de recherche automatique et balance de sol automatique, \u00e0 la recherche de tr\u00e9sors, lingots d&#8217;or, statues, bracelets, pi\u00e8ce unique dans des chaudrons et des jarres autour des ruines historiques et des signes au tr\u00e9sor vous fournira 95% d&#8217;options de travail dans toutes sortes de terrain min\u00e9raux et de roches.<\/p>\n<p><img loading=\"lazy\" decoding=\"async\" class=\"size-full wp-image-7776 aligncenter\" src=\"https:\/\/azizgolddetector.com\/fr\/wp-content\/uploads\/2022\/05\/detecteur-de-prospection-dor-Detecteur-de-metaux-detecteur-dor-par-a9-detecteur-de-tresor.webp\" alt=\"\" width=\"734\" height=\"403\" srcset=\"https:\/\/azizgolddetector.com\/fr\/wp-content\/uploads\/2022\/05\/detecteur-de-prospection-dor-Detecteur-de-metaux-detecteur-dor-par-a9-detecteur-de-tresor.webp 734w, https:\/\/azizgolddetector.com\/fr\/wp-content\/uploads\/2022\/05\/detecteur-de-prospection-dor-Detecteur-de-metaux-detecteur-dor-par-a9-detecteur-de-tresor-600x329.webp 600w, https:\/\/azizgolddetector.com\/fr\/wp-content\/uploads\/2022\/05\/detecteur-de-prospection-dor-Detecteur-de-metaux-detecteur-dor-par-a9-detecteur-de-tresor-300x165.webp 300w\" sizes=\"auto, (max-width: 734px) 100vw, 734px\" \/><\/p>\n<ul>\n<li><strong>TROIS SYST\u00c8MES TECHNOLOGIQUES ET 7 CARACT\u00c9RISTIQUES DIFF\u00c9RENTES DANS LE MOD\u00c8LE VIA GOLD A9<\/strong><\/li>\n<li><strong>SYST\u00c8ME DE RECHERCHE 2D LENT<\/strong><\/li>\n<\/ul>\n<p>Le d\u00e9tecteur Via gold A9 dans le mode de recherche graphique en direct 2D, qui est un mode de recherche lent, il peut trouver des tr\u00e9sors enfouis et des tr\u00e9sors dans la roche, des tombes souterraines, des puits et des tunnels ferm\u00e9s, et distingue l&#8217;or, l&#8217;argent, le cuivre, le bronze et les m\u00e9taux sans valeur par 60-70 %.<\/p>\n<p><img loading=\"lazy\" decoding=\"async\" class=\"size-full wp-image-7777 aligncenter\" src=\"https:\/\/azizgolddetector.com\/fr\/wp-content\/uploads\/2022\/05\/detecteur-de-prospection-dor-Detecteur-de-metaux-detecteur-dor-par-a9-detecteur-decran.webp\" alt=\"\" width=\"734\" height=\"403\" srcset=\"https:\/\/azizgolddetector.com\/fr\/wp-content\/uploads\/2022\/05\/detecteur-de-prospection-dor-Detecteur-de-metaux-detecteur-dor-par-a9-detecteur-decran.webp 734w, https:\/\/azizgolddetector.com\/fr\/wp-content\/uploads\/2022\/05\/detecteur-de-prospection-dor-Detecteur-de-metaux-detecteur-dor-par-a9-detecteur-decran-600x329.webp 600w, https:\/\/azizgolddetector.com\/fr\/wp-content\/uploads\/2022\/05\/detecteur-de-prospection-dor-Detecteur-de-metaux-detecteur-dor-par-a9-detecteur-decran-300x165.webp 300w\" sizes=\"auto, (max-width: 734px) 100vw, 734px\" \/><\/p>\n<ul>\n<li><strong><em>Fonction de distinction d\u2019or<\/em><\/strong><\/li>\n<li><strong><em>Distinction des m\u00e9taux pr\u00e9cieux<\/em><\/strong><\/li>\n<li><strong><em>Distinction des m\u00e9taux non pr\u00e9cieux<\/em><\/strong><\/li>\n<li><strong><em>Fonction \u00e0 trouver les espaces<\/em><\/strong><\/li>\n<li><strong><em>S\u00e9paration min\u00e9rale et m\u00e9tal<\/em><\/strong><\/li>\n<\/ul>\n<p><img loading=\"lazy\" decoding=\"async\" class=\"size-full wp-image-7778 aligncenter\" src=\"https:\/\/azizgolddetector.com\/fr\/wp-content\/uploads\/2022\/05\/detecteur-de-prospection-dor-Detecteur-de-metaux-detecteur-dor-par-a9-detecteur-dor-et-de-metaux.webp\" alt=\"\" width=\"734\" height=\"403\" srcset=\"https:\/\/azizgolddetector.com\/fr\/wp-content\/uploads\/2022\/05\/detecteur-de-prospection-dor-Detecteur-de-metaux-detecteur-dor-par-a9-detecteur-dor-et-de-metaux.webp 734w, https:\/\/azizgolddetector.com\/fr\/wp-content\/uploads\/2022\/05\/detecteur-de-prospection-dor-Detecteur-de-metaux-detecteur-dor-par-a9-detecteur-dor-et-de-metaux-600x329.webp 600w, https:\/\/azizgolddetector.com\/fr\/wp-content\/uploads\/2022\/05\/detecteur-de-prospection-dor-Detecteur-de-metaux-detecteur-dor-par-a9-detecteur-dor-et-de-metaux-300x165.webp 300w\" sizes=\"auto, (max-width: 734px) 100vw, 734px\" \/><\/p>\n<h2><span style=\"color: #ff0000;\"><strong>SYST\u00c8ME DE RECHERCHE RAPIDE<\/strong><\/span><\/h2>\n<p>Le d\u00e9tecteur Via gold A9, dans le syst\u00e8me de recherche rapide, offre la possibilit\u00e9 de travailler avec des performances \u00e9lev\u00e9es dans la recherche d&#8217;or, d&#8217;argent, de bronze, de pi\u00e8ces d&#8217;or et de statues. Lors de la recherche de l&#8217;or avec Via GOLD A9, gr\u00e2ce \u00e0 la fonction POINT il peut focaliser les pi\u00e8ces m\u00e9talliques trouv\u00e9es au centre. L\u2019appareil de recherche de tr\u00e9sors Via gold A9 offre la possibilit\u00e9 de rechercher 50% de pi\u00e8ces et d&#8217;objets en m\u00e9tal pr\u00e9cieux en d\u00e9sactivant les pi\u00e8ces en m\u00e9tal sans valeur de l&#8217;option ZB FILTRE lors de la recherche en valeur num\u00e9rique. Le d\u00e9tecteur de m\u00e9taux Via gold A9 augmente les valeurs num\u00e9riques de l&#8217;option HOTROCK et offre la possibilit\u00e9 de rechercher dans des lieux historiques o\u00f9 les morceaux de carreaux cuits sont denses sans \u00eatre affect\u00e9s par les carreaux et les r\u00e9sidus m\u00e9talliques.<\/p>\n<p>Le prix du d\u00e9tecteur Via gold A9, en plus d&#8217;\u00eatre le meilleur dispositif de tr\u00e9sors, offre la possibilit\u00e9 d&#8217;augmenter la profondeur des tr\u00e9sors jusqu&#8217;\u00e0 30% gr\u00e2ce \u00e0 la profondeur TURBO. Le d\u00e9tecteur de recherche d&#8217;or Via gold A9 introduit les m\u00e9taux ferreux de l&#8217;option ENREGISTREMENT DU FER en mode de recherche rapide et sans voir les m\u00e9taux sans valeur offre la possibilit\u00e9 de rechercher uniquement les m\u00e9taux pr\u00e9cieux \u00e0 60%. Via Gold A9 les enseignes de tr\u00e9sors offres la possibilit\u00e9 de retrouver plus en profondeur les objets et statues en or autour et grace au niveau de SENSIBILIT\u00c9 il a la possibilit\u00e9 d&#8217;augmenter la profondeur. Avec le d\u00e9tecteur Via Gold A9 il offre la possibilit\u00e9 d&#8217;ajuster le son de SEUIL en le modifiant.<\/p>\n<p><img loading=\"lazy\" decoding=\"async\" class=\"size-full wp-image-7779 aligncenter\" src=\"https:\/\/azizgolddetector.com\/fr\/wp-content\/uploads\/2022\/05\/detecteur-de-prospection-dor-Detecteur-de-metaux-detecteur-dor-par-a9-detecteur-dor.webp\" alt=\"\" width=\"734\" height=\"403\" srcset=\"https:\/\/azizgolddetector.com\/fr\/wp-content\/uploads\/2022\/05\/detecteur-de-prospection-dor-Detecteur-de-metaux-detecteur-dor-par-a9-detecteur-dor.webp 734w, https:\/\/azizgolddetector.com\/fr\/wp-content\/uploads\/2022\/05\/detecteur-de-prospection-dor-Detecteur-de-metaux-detecteur-dor-par-a9-detecteur-dor-600x329.webp 600w, https:\/\/azizgolddetector.com\/fr\/wp-content\/uploads\/2022\/05\/detecteur-de-prospection-dor-Detecteur-de-metaux-detecteur-dor-par-a9-detecteur-dor-300x165.webp 300w\" sizes=\"auto, (max-width: 734px) 100vw, 734px\" \/><\/p>\n<h2><span style=\"color: #ff0000;\"><strong>SYST\u00c8ME DE BALAYAGE DE TERRAIN<\/strong><\/span><\/h2>\n<p>Via Gold A9 A-T avec option de fonction de dispositif de balayage de terrain, passe automatiquement du mode cl\u00e9 au syst\u00e8me de balayage sur le terrain. \u00a0En s\u00e9lectionnant le mode de fr\u00e9quence souhait\u00e9 \u00e0 partir de l&#8217;\u00e9cran de balayage de terrain, il offre la possibilit\u00e9 de rechercher de l&#8217;or, de rechercher de l&#8217;espace (puits, tombe, tunnel, recherche de cave) et de rechercher l&#8217;un des modes de recherche d&#8217;argent. Via gold A9 Gr\u00e2ce \u00e0 sa fonction de dispositif de balayage de zone, il vous permet d&#8217;effectuer une d\u00e9tection et une exploration pr\u00e9liminaires en balayant des distances de 20 m\u00e8tres \u00e0 100 m\u00e8tres.<\/p>\n<p><img loading=\"lazy\" decoding=\"async\" class=\"size-full wp-image-7780 aligncenter\" src=\"https:\/\/azizgolddetector.com\/fr\/wp-content\/uploads\/2022\/05\/detecteur-de-prospection-dor-Detecteur-de-metaux-detecteur-dor-par-a9.webp\" alt=\"\" width=\"734\" height=\"403\" srcset=\"https:\/\/azizgolddetector.com\/fr\/wp-content\/uploads\/2022\/05\/detecteur-de-prospection-dor-Detecteur-de-metaux-detecteur-dor-par-a9.webp 734w, https:\/\/azizgolddetector.com\/fr\/wp-content\/uploads\/2022\/05\/detecteur-de-prospection-dor-Detecteur-de-metaux-detecteur-dor-par-a9-600x329.webp 600w, https:\/\/azizgolddetector.com\/fr\/wp-content\/uploads\/2022\/05\/detecteur-de-prospection-dor-Detecteur-de-metaux-detecteur-dor-par-a9-300x165.webp 300w\" sizes=\"auto, (max-width: 734px) 100vw, 734px\" \/><\/p>\n<p>De plus, avec l&#8217;autre option de mode de recherche, il offre la possibilit\u00e9 de rechercher dans le mode de fr\u00e9quence que vous souhaitez entre 0,1 et 09. Avec Via gold A9 en effectuant des d\u00e9terminations garanties \u00e0 50 % gr\u00e2ce \u00e0 la fonction de balayage de zone, ce qui facilite les recherches de tr\u00e9sors et d\u2019objet pr\u00e9cieux, vous pouvez trouver 3 technologies diff\u00e9rentes et 7 fonctionnalit\u00e9s diff\u00e9rentes dans le mod\u00e8le Via Gold A9 en Turquie. En plus de son design ergonomique et de sa longue autonomie de batterie rechargeable, le d\u00e9tecteur de recherche de m\u00e9taux Via gold A9 offre la possibilit\u00e9 de r\u00e9gler les param\u00e8tres SON et LUMI\u00c8RE comme vous le souhaitez sur son \u00e9cran couleur.<\/p>\n<p><img loading=\"lazy\" decoding=\"async\" class=\"size-full wp-image-7781 aligncenter\" src=\"https:\/\/azizgolddetector.com\/fr\/wp-content\/uploads\/2022\/05\/detecteur-de-prospection-dor-Detecteur-de-metaux-detecteur-dor.webp\" alt=\"\" width=\"734\" height=\"403\" srcset=\"https:\/\/azizgolddetector.com\/fr\/wp-content\/uploads\/2022\/05\/detecteur-de-prospection-dor-Detecteur-de-metaux-detecteur-dor.webp 734w, https:\/\/azizgolddetector.com\/fr\/wp-content\/uploads\/2022\/05\/detecteur-de-prospection-dor-Detecteur-de-metaux-detecteur-dor-600x329.webp 600w, https:\/\/azizgolddetector.com\/fr\/wp-content\/uploads\/2022\/05\/detecteur-de-prospection-dor-Detecteur-de-metaux-detecteur-dor-300x165.webp 300w\" sizes=\"auto, (max-width: 734px) 100vw, 734px\" \/><\/p>\n<p>Via gold A9 comprend toutes ses fonctionnalit\u00e9s et il peut \u00eatre suspendu au cou, il offre une utilisation pratique gr\u00e2ce \u00e0 son \u00e9cran TEF 4,3 couleurs \u00e0 l&#8217;int\u00e9rieur de l&#8217;unit\u00e9 principale. Il a une conception ergonomique, structure de poign\u00e9e en 3 pi\u00e8ces, t\u00eate d&#8217;usine de diam\u00e8tre 26&#215;32 de 20 kHz. Bobine de recherche profonde 7 kHz d&#8217;un diam\u00e8tre de 36&#215;41, bobine DUBLE de 60&#215;60 Diam\u00e8tre et 7 kHz de 3 m\u00e8tres. Il est vendu comme un ensemble complet, avec l&#8217;appareil et les \u00e9quipements de syst\u00e8me de balayage qui scannent 100 m\u00e8tres du terrain, un casque, un chargeur, un sac \u00e0 double poches avec une housse sp\u00e9ciale, avec 2 ans de garantie gratuite et 8 ans de garantie sur les pi\u00e8ces, et une facture enregistr\u00e9e \u00e0 votre nom.<\/p>\n","protected":false},"excerpt":{"rendered":"<p><b>Options de Langue du D\u00e9tecteur<\/b><br \/>\n<img decoding=\"async\" src=\"http:\/\/azizgolddetector.com\/en\/wp-content\/uploads\/2022\/04\/Language-Options-All.png\" \/><br \/>\nLe d\u00e9tecteur d&#8217;or via gold a9, d\u00e9tecteur de tr\u00e9sors avec fonction de balayage de zone et le d\u00e9tecteur de distinction d\u2019or via gold a9 sont capable de rechercher en profondeur des tr\u00e9sors en 2D en direct, la fonction de balayage de zone qui scanne une centaine de m\u00e8tres autour, la recherche num\u00e9rique IP et la mise au point du pointeur et son prix avantageux.<\/p>\n<p><a href=\"https:\/\/api.whatsapp.com\/send?phone=905425331010\" target=\"_blank\" rel=\"noopener\"><img loading=\"lazy\" decoding=\"async\" class=\"size-full wp-image-7932 aligncenter\" src=\"https:\/\/azizgolddetector.com\/fr\/wp-content\/uploads\/2022\/06\/detecteur-de-metaux-or-contact-aziz-detecteur-de-metaux-or-whatsapp.png\" alt=\"\" width=\"334\" height=\"38\" srcset=\"https:\/\/azizgolddetector.com\/fr\/wp-content\/uploads\/2022\/06\/detecteur-de-metaux-or-contact-aziz-detecteur-de-metaux-or-whatsapp.png 334w, https:\/\/azizgolddetector.com\/fr\/wp-content\/uploads\/2022\/06\/detecteur-de-metaux-or-contact-aziz-detecteur-de-metaux-or-whatsapp-300x34.png 300w\" sizes=\"auto, (max-width: 334px) 100vw, 334px\" \/><\/a><br \/>\n<a href=\"https:\/\/form.jotform.com\/221593318570053\" target=\"_blank\" rel=\"noopener\"><img loading=\"lazy\" decoding=\"async\" class=\"size-full wp-image-7933 aligncenter\" src=\"https:\/\/azizgolddetector.com\/fr\/wp-content\/uploads\/2022\/06\/detecteur-de-metaux-or-contact-aziz-detecteur-de-metaux-or-whatsapp-form.png\" alt=\"\" width=\"287\" height=\"38\" \/><\/a><\/p>\n","protected":false},"featured_media":7905,"comment_status":"open","ping_status":"closed","template":"","meta":[],"product_cat":[15],"product_tag":[40],"class_list":["post-7755","product","type-product","status-publish","has-post-thumbnail","hentry","product_cat-detecteurs","product_tag-detecteur-de-metaux-dor"],"_links":{"self":[{"href":"https:\/\/azizgolddetector.com\/fr\/wp-json\/wp\/v2\/product\/7755","targetHints":{"allow":["GET"]}}],"collection":[{"href":"https:\/\/azizgolddetector.com\/fr\/wp-json\/wp\/v2\/product"}],"about":[{"href":"https:\/\/azizgolddetector.com\/fr\/wp-json\/wp\/v2\/types\/product"}],"replies":[{"embeddable":true,"href":"https:\/\/azizgolddetector.com\/fr\/wp-json\/wp\/v2\/comments?post=7755"}],"wp:featuredmedia":[{"embeddable":true,"href":"https:\/\/azizgolddetector.com\/fr\/wp-json\/wp\/v2\/media\/7905"}],"wp:attachment":[{"href":"https:\/\/azizgolddetector.com\/fr\/wp-json\/wp\/v2\/media?parent=7755"}],"wp:term":[{"taxonomy":"product_cat","embeddable":true,"href":"https:\/\/azizgolddetector.com\/fr\/wp-json\/wp\/v2\/product_cat?post=7755"},{"taxonomy":"product_tag","embeddable":true,"href":"https:\/\/azizgolddetector.com\/fr\/wp-json\/wp\/v2\/product_tag?post=7755"}],"curies":[{"name":"wp","href":"https:\/\/api.w.org\/{rel}","templated":true}]}}