{"id":7948,"date":"2022-06-16T13:25:52","date_gmt":"2022-06-16T10:25:52","guid":{"rendered":"https:\/\/azizgolddetector.com\/fr\/?page_id=7948"},"modified":"2025-08-05T18:52:45","modified_gmt":"2025-08-05T15:52:45","slug":"comment-puis-je-acheter","status":"publish","type":"page","link":"https:\/\/azizgolddetector.com\/fr\/comment-puis-je-acheter\/","title":{"rendered":"Comment Puis-je Acheter"},"content":{"rendered":"<div id=\"pl-7948\"  class=\"panel-layout\" ><div id=\"pg-7948-0\"  class=\"panel-grid panel-no-style\" ><div id=\"pgc-7948-0-0\"  class=\"panel-grid-cell\" ><div id=\"panel-7948-0-0-0\" class=\"so-panel widget widget_sow-editor panel-first-child\" data-index=\"0\" ><div\n\t\t\t\n\t\t\tclass=\"so-widget-sow-editor so-widget-sow-editor-base\"\n\t\t\t\n\t\t><h3 class=\"widget-title\">Vous pouvez acheter des d\u00e9tecteurs o\u00f9 que vous soyez dans le monde.<\/h3>\n<div class=\"siteorigin-widget-tinymce textwidget\">\n\t<p style=\"text-align: center;\"><span style=\"color: #ff0000;\"><strong><span style=\"font-size: 21px;\">Comment pouvons-nous contacter?<\/span><\/strong><\/span><\/p>\n<p style=\"text-align: center;\"><strong>Vous pouvez utiliser notre ligne WhatsApp pour entrer en contact.<\/strong><br \/>\n<a href=\"https:\/\/api.whatsapp.com\/send?phone=905425331010\" target=\"_blank\" rel=\"noopener\"><img loading=\"lazy\" decoding=\"async\" class=\"alignnone wp-image-7932 size-full\" src=\"https:\/\/azizgolddetector.com\/fr\/wp-content\/uploads\/2022\/06\/detecteur-de-metaux-or-contact-aziz-detecteur-de-metaux-or-whatsapp.png\" alt=\"\" width=\"334\" height=\"38\" srcset=\"https:\/\/azizgolddetector.com\/fr\/wp-content\/uploads\/2022\/06\/detecteur-de-metaux-or-contact-aziz-detecteur-de-metaux-or-whatsapp.png 334w, https:\/\/azizgolddetector.com\/fr\/wp-content\/uploads\/2022\/06\/detecteur-de-metaux-or-contact-aziz-detecteur-de-metaux-or-whatsapp-300x34.png 300w\" sizes=\"auto, (max-width: 334px) 100vw, 334px\" \/><\/a><br \/>\n<strong>Vous pouvez remplir le formulaire de commande pour entrer en contact..<\/strong><br \/>\n<a href=\"https:\/\/form.jotform.com\/221593318570053\" target=\"_blank\" rel=\"noopener\"><img loading=\"lazy\" decoding=\"async\" class=\"alignnone size-full wp-image-7933\" src=\"http:\/\/azizgolddetector.com\/fr\/wp-content\/uploads\/2022\/06\/detecteur-de-metaux-or-contact-aziz-detecteur-de-metaux-or-whatsapp-form.png\" alt=\"\" width=\"287\" height=\"38\" \/><\/a><br \/>\n<strong>Vous pouvez utiliser notre num\u00e9ro de t\u00e9l\u00e9phone pour la communication.<\/strong><br \/>\n<a href=\"tel:+905425331010\"><img loading=\"lazy\" decoding=\"async\" class=\"alignnone wp-image-7935 size-full\" src=\"https:\/\/azizgolddetector.com\/fr\/wp-content\/uploads\/2022\/06\/detecteur-de-metaux-or-contact-aziz-detecteur-de-metaux-or-whatsapp-phone.png\" alt=\"\" width=\"249\" height=\"38\" \/><\/a><br \/>\n<strong>Vous pouvez utiliser notre adresse e-mail t\u00e9l\u00e9phonique pour la communication.<\/strong><br \/>\n<a href=\"mailto:info@azizgolddetector.com\"><img loading=\"lazy\" decoding=\"async\" class=\"alignnone size-full wp-image-7934\" src=\"http:\/\/azizgolddetector.com\/fr\/wp-content\/uploads\/2022\/06\/detecteur-de-metaux-or-contact-aziz-detecteur-de-metaux-or-whatsapp-mail.png\" alt=\"\" width=\"222\" height=\"38\" \/><\/a><br \/>\n<a href=\"mailto:info@azizgolddetector.com\">info@azizgolddetector.com<\/a><\/p>\n<p style=\"text-align: center;\"><strong><span style=\"font-size: 28px; color: #ff0000;\">Processus d'achat<\/span><\/strong><\/p>\n<p style=\"text-align: center;\">Lorsque vous nous contactez en utilisant l'une des options de contact, nous parlerons de toutes les options de paiement et d'exp\u00e9dition qui vous conviennent. Nous avons des ventes partout dans le monde.<\/p>\n<\/div>\n<\/div><\/div><div id=\"panel-7948-0-0-1\" class=\"so-panel widget widget_woocommerce_top_rated_products woocommerce widget_top_rated_products panel-last-child\" data-index=\"1\" ><h3 class=\"widget-title\">D\u00e9tecteurs Les Meux Not\u00e9s<\/h3><ul class=\"product_list_widget\"><li>\n\t\n\t<a href=\"https:\/\/azizgolddetector.com\/fr\/product\/via-gold-a9-or-detecteur-de-metaux\/\">\n\t\t<img loading=\"lazy\" decoding=\"async\" width=\"300\" height=\"300\" src=\"https:\/\/azizgolddetector.com\/fr\/wp-content\/uploads\/2022\/05\/detecteur-de-prospection-dor-detecteur-dor-Detecteur-de-metaux-detecteur-dor-et-de-metaux-gold-detextor-300x300.jpg\" class=\"attachment-woocommerce_thumbnail size-woocommerce_thumbnail\" alt=\"\" srcset=\"https:\/\/azizgolddetector.com\/fr\/wp-content\/uploads\/2022\/05\/detecteur-de-prospection-dor-detecteur-dor-Detecteur-de-metaux-detecteur-dor-et-de-metaux-gold-detextor-300x300.jpg 300w, https:\/\/azizgolddetector.com\/fr\/wp-content\/uploads\/2022\/05\/detecteur-de-prospection-dor-detecteur-dor-Detecteur-de-metaux-detecteur-dor-et-de-metaux-gold-detextor-100x100.jpg 100w, https:\/\/azizgolddetector.com\/fr\/wp-content\/uploads\/2022\/05\/detecteur-de-prospection-dor-detecteur-dor-Detecteur-de-metaux-detecteur-dor-et-de-metaux-gold-detextor-150x150.jpg 150w, https:\/\/azizgolddetector.com\/fr\/wp-content\/uploads\/2022\/05\/detecteur-de-prospection-dor-detecteur-dor-Detecteur-de-metaux-detecteur-dor-et-de-metaux-gold-detextor.jpg 600w\" sizes=\"auto, (max-width: 300px) 100vw, 300px\" \/>\t\t<span class=\"product-title\">Via Gold A9 Or D\u00e9tecteur de M\u00e9taux<\/span>\n\t<\/a>\n\n\t\t\t\t\n\t<span class=\"woocommerce-Price-amount amount\"><bdi><span class=\"woocommerce-Price-currencySymbol\">&#36;<\/span>2,600.00<\/bdi><\/span>\n\t<\/li>\n<li>\n\t\n\t<a href=\"https:\/\/azizgolddetector.com\/fr\/product\/via-gold-detecteur-de-metaux-deep-treasure-gold\/\">\n\t\t<img loading=\"lazy\" decoding=\"async\" width=\"300\" height=\"300\" src=\"https:\/\/azizgolddetector.com\/fr\/wp-content\/uploads\/2022\/05\/detecteur-de-prospection-dor-detecteur-de-saint-via-un-detecteur-dor-detecteur-dor-gold-detector-300x300.jpg\" class=\"attachment-woocommerce_thumbnail size-woocommerce_thumbnail\" alt=\"\" srcset=\"https:\/\/azizgolddetector.com\/fr\/wp-content\/uploads\/2022\/05\/detecteur-de-prospection-dor-detecteur-de-saint-via-un-detecteur-dor-detecteur-dor-gold-detector-300x300.jpg 300w, https:\/\/azizgolddetector.com\/fr\/wp-content\/uploads\/2022\/05\/detecteur-de-prospection-dor-detecteur-de-saint-via-un-detecteur-dor-detecteur-dor-gold-detector-100x100.jpg 100w, https:\/\/azizgolddetector.com\/fr\/wp-content\/uploads\/2022\/05\/detecteur-de-prospection-dor-detecteur-de-saint-via-un-detecteur-dor-detecteur-dor-gold-detector-150x150.jpg 150w, https:\/\/azizgolddetector.com\/fr\/wp-content\/uploads\/2022\/05\/detecteur-de-prospection-dor-detecteur-de-saint-via-un-detecteur-dor-detecteur-dor-gold-detector.jpg 600w\" sizes=\"auto, (max-width: 300px) 100vw, 300px\" \/>\t\t<span class=\"product-title\">Via Gold D\u00e9tecteur de m\u00e9taux Deep Treasure Gold<\/span>\n\t<\/a>\n\n\t\t\t\t\n\t<span class=\"woocommerce-Price-amount amount\"><bdi><span class=\"woocommerce-Price-currencySymbol\">&#36;<\/span>2,300.00<\/bdi><\/span>\n\t<\/li>\n<li>\n\t\n\t<a href=\"https:\/\/azizgolddetector.com\/fr\/product\/marduk-a-z-7000-radar-a-balayage-souterrain\/\">\n\t\t<img loading=\"lazy\" decoding=\"async\" width=\"300\" height=\"300\" src=\"https:\/\/azizgolddetector.com\/fr\/wp-content\/uploads\/2022\/05\/radar-souterrain-profond-radar-mardouk-radar-a-balayage-souterrain-marduk-less-7000-radar-a-balayage-souterrain-gold-detecotr-300x300.jpg\" class=\"attachment-woocommerce_thumbnail size-woocommerce_thumbnail\" alt=\"\" srcset=\"https:\/\/azizgolddetector.com\/fr\/wp-content\/uploads\/2022\/05\/radar-souterrain-profond-radar-mardouk-radar-a-balayage-souterrain-marduk-less-7000-radar-a-balayage-souterrain-gold-detecotr-300x300.jpg 300w, https:\/\/azizgolddetector.com\/fr\/wp-content\/uploads\/2022\/05\/radar-souterrain-profond-radar-mardouk-radar-a-balayage-souterrain-marduk-less-7000-radar-a-balayage-souterrain-gold-detecotr-100x100.jpg 100w, https:\/\/azizgolddetector.com\/fr\/wp-content\/uploads\/2022\/05\/radar-souterrain-profond-radar-mardouk-radar-a-balayage-souterrain-marduk-less-7000-radar-a-balayage-souterrain-gold-detecotr-150x150.jpg 150w, https:\/\/azizgolddetector.com\/fr\/wp-content\/uploads\/2022\/05\/radar-souterrain-profond-radar-mardouk-radar-a-balayage-souterrain-marduk-less-7000-radar-a-balayage-souterrain-gold-detecotr.jpg 600w\" sizes=\"auto, (max-width: 300px) 100vw, 300px\" \/>\t\t<span class=\"product-title\">Marduk A-Z 7000 Radar \u00e0 Balayage Souterrain<\/span>\n\t<\/a>\n\n\t\t\t\t\n\t<span class=\"woocommerce-Price-amount amount\"><bdi><span class=\"woocommerce-Price-currencySymbol\">&#36;<\/span>8,500.00<\/bdi><\/span>\n\t<\/li>\n<li>\n\t\n\t<a href=\"https:\/\/azizgolddetector.com\/fr\/product\/a6-plus-detecteur-dor-et-de-tresors\/\">\n\t\t<img loading=\"lazy\" decoding=\"async\" width=\"300\" height=\"300\" src=\"https:\/\/azizgolddetector.com\/fr\/wp-content\/uploads\/2022\/05\/detecteur-dor-a6-plus-detecteur-de-prospection-dor-Detecteur-de-metaux-detecteur-de-tresor-a6-plus-detecteur-de-saint-gold-metal-dedector-300x300.jpg\" class=\"attachment-woocommerce_thumbnail size-woocommerce_thumbnail\" alt=\"\" srcset=\"https:\/\/azizgolddetector.com\/fr\/wp-content\/uploads\/2022\/05\/detecteur-dor-a6-plus-detecteur-de-prospection-dor-Detecteur-de-metaux-detecteur-de-tresor-a6-plus-detecteur-de-saint-gold-metal-dedector-300x300.jpg 300w, https:\/\/azizgolddetector.com\/fr\/wp-content\/uploads\/2022\/05\/detecteur-dor-a6-plus-detecteur-de-prospection-dor-Detecteur-de-metaux-detecteur-de-tresor-a6-plus-detecteur-de-saint-gold-metal-dedector-100x100.jpg 100w, https:\/\/azizgolddetector.com\/fr\/wp-content\/uploads\/2022\/05\/detecteur-dor-a6-plus-detecteur-de-prospection-dor-Detecteur-de-metaux-detecteur-de-tresor-a6-plus-detecteur-de-saint-gold-metal-dedector-150x150.jpg 150w, https:\/\/azizgolddetector.com\/fr\/wp-content\/uploads\/2022\/05\/detecteur-dor-a6-plus-detecteur-de-prospection-dor-Detecteur-de-metaux-detecteur-de-tresor-a6-plus-detecteur-de-saint-gold-metal-dedector.jpg 600w\" sizes=\"auto, (max-width: 300px) 100vw, 300px\" \/>\t\t<span class=\"product-title\">A6 PLUS D\u00e9tecteur d'or et de tr\u00e9sors<\/span>\n\t<\/a>\n\n\t\t\t\t\n\t<span class=\"woocommerce-Price-amount amount\"><bdi><span class=\"woocommerce-Price-currencySymbol\">&#36;<\/span>2,300.00<\/bdi><\/span>\n\t<\/li>\n<li>\n\t\n\t<a href=\"https:\/\/azizgolddetector.com\/fr\/product\/bionic-a-t-7-pro-dispositif-de-detection-a-balayage-de-champ\/\">\n\t\t<img loading=\"lazy\" decoding=\"async\" width=\"300\" height=\"300\" src=\"https:\/\/azizgolddetector.com\/fr\/wp-content\/uploads\/2022\/05\/appareil-de-balayage-de-terrain-balayage-de-zone-scanner-de-terrain-detecteur-a-balayage-de-champ-bionic-a-t-7-gold-detector-300x300.jpg\" class=\"attachment-woocommerce_thumbnail size-woocommerce_thumbnail\" alt=\"\" srcset=\"https:\/\/azizgolddetector.com\/fr\/wp-content\/uploads\/2022\/05\/appareil-de-balayage-de-terrain-balayage-de-zone-scanner-de-terrain-detecteur-a-balayage-de-champ-bionic-a-t-7-gold-detector-300x300.jpg 300w, https:\/\/azizgolddetector.com\/fr\/wp-content\/uploads\/2022\/05\/appareil-de-balayage-de-terrain-balayage-de-zone-scanner-de-terrain-detecteur-a-balayage-de-champ-bionic-a-t-7-gold-detector-100x100.jpg 100w, https:\/\/azizgolddetector.com\/fr\/wp-content\/uploads\/2022\/05\/appareil-de-balayage-de-terrain-balayage-de-zone-scanner-de-terrain-detecteur-a-balayage-de-champ-bionic-a-t-7-gold-detector-150x150.jpg 150w, https:\/\/azizgolddetector.com\/fr\/wp-content\/uploads\/2022\/05\/appareil-de-balayage-de-terrain-balayage-de-zone-scanner-de-terrain-detecteur-a-balayage-de-champ-bionic-a-t-7-gold-detector.jpg 600w\" sizes=\"auto, (max-width: 300px) 100vw, 300px\" \/>\t\t<span class=\"product-title\">Bionic A-T-7 Pro Dispositif de D\u00e9tection \u00e0 Balayage de Champ<\/span>\n\t<\/a>\n\n\t\t\t\t\n\t<span class=\"woocommerce-Price-amount amount\"><bdi><span class=\"woocommerce-Price-currencySymbol\">&#36;<\/span>950.00<\/bdi><\/span>\n\t<\/li>\n<li>\n\t\n\t<a href=\"https:\/\/azizgolddetector.com\/fr\/product\/via-gold-lrl-dispositif-de-balayage-de-champ-du-scanner\/\">\n\t\t<img loading=\"lazy\" decoding=\"async\" width=\"300\" height=\"300\" src=\"https:\/\/azizgolddetector.com\/fr\/wp-content\/uploads\/2022\/05\/appareil-de-balayage-de-terrain-detecteur-a-balayage-de-champ-via-un-detecteur-de-balayage-de-champ-or-lrl-detecteur-d-gold-detector-300x300.jpg\" class=\"attachment-woocommerce_thumbnail size-woocommerce_thumbnail\" alt=\"\" srcset=\"https:\/\/azizgolddetector.com\/fr\/wp-content\/uploads\/2022\/05\/appareil-de-balayage-de-terrain-detecteur-a-balayage-de-champ-via-un-detecteur-de-balayage-de-champ-or-lrl-detecteur-d-gold-detector-300x300.jpg 300w, https:\/\/azizgolddetector.com\/fr\/wp-content\/uploads\/2022\/05\/appareil-de-balayage-de-terrain-detecteur-a-balayage-de-champ-via-un-detecteur-de-balayage-de-champ-or-lrl-detecteur-d-gold-detector-100x100.jpg 100w, https:\/\/azizgolddetector.com\/fr\/wp-content\/uploads\/2022\/05\/appareil-de-balayage-de-terrain-detecteur-a-balayage-de-champ-via-un-detecteur-de-balayage-de-champ-or-lrl-detecteur-d-gold-detector-150x150.jpg 150w, https:\/\/azizgolddetector.com\/fr\/wp-content\/uploads\/2022\/05\/appareil-de-balayage-de-terrain-detecteur-a-balayage-de-champ-via-un-detecteur-de-balayage-de-champ-or-lrl-detecteur-d-gold-detector.jpg 600w\" sizes=\"auto, (max-width: 300px) 100vw, 300px\" \/>\t\t<span class=\"product-title\">Via Gold LRL Dispositif de Balayage de Champ du Scanner<\/span>\n\t<\/a>\n\n\t\t\t\t\n\t<span class=\"woocommerce-Price-amount amount\"><bdi><span class=\"woocommerce-Price-currencySymbol\">&#36;<\/span>800.00<\/bdi><\/span>\n\t<\/li>\n<li>\n\t\n\t<a href=\"https:\/\/azizgolddetector.com\/fr\/product\/jeofinder-a-z-plus-detecteur-de-metaux-en-or-profond\/\">\n\t\t<img loading=\"lazy\" decoding=\"async\" width=\"300\" height=\"300\" src=\"https:\/\/azizgolddetector.com\/fr\/wp-content\/uploads\/2022\/05\/detecteur-de-chercheur-dor-detecteur-de-recherche-de-tresor-detecteur-dor-et-de-metaux-geo-finder-plus-detecteur-gold-detector-300x300.jpg\" class=\"attachment-woocommerce_thumbnail size-woocommerce_thumbnail\" alt=\"\" srcset=\"https:\/\/azizgolddetector.com\/fr\/wp-content\/uploads\/2022\/05\/detecteur-de-chercheur-dor-detecteur-de-recherche-de-tresor-detecteur-dor-et-de-metaux-geo-finder-plus-detecteur-gold-detector-300x300.jpg 300w, https:\/\/azizgolddetector.com\/fr\/wp-content\/uploads\/2022\/05\/detecteur-de-chercheur-dor-detecteur-de-recherche-de-tresor-detecteur-dor-et-de-metaux-geo-finder-plus-detecteur-gold-detector-100x100.jpg 100w, https:\/\/azizgolddetector.com\/fr\/wp-content\/uploads\/2022\/05\/detecteur-de-chercheur-dor-detecteur-de-recherche-de-tresor-detecteur-dor-et-de-metaux-geo-finder-plus-detecteur-gold-detector-150x150.jpg 150w, https:\/\/azizgolddetector.com\/fr\/wp-content\/uploads\/2022\/05\/detecteur-de-chercheur-dor-detecteur-de-recherche-de-tresor-detecteur-dor-et-de-metaux-geo-finder-plus-detecteur-gold-detector.jpg 600w\" sizes=\"auto, (max-width: 300px) 100vw, 300px\" \/>\t\t<span class=\"product-title\">JeoFinder A-Z Plus D\u00e9tecteur de M\u00e9taux en or Profond<\/span>\n\t<\/a>\n\n\t\t\t\t\n\t<span class=\"woocommerce-Price-amount amount\"><bdi><span class=\"woocommerce-Price-currencySymbol\">&#36;<\/span>1,590.00<\/bdi><\/span>\n\t<\/li>\n<li>\n\t\n\t<a href=\"https:\/\/azizgolddetector.com\/fr\/product\/marduk-scanner-detecteur-de-dispositif-de-balayage-de-terrain\/\">\n\t\t<img loading=\"lazy\" decoding=\"async\" width=\"300\" height=\"300\" src=\"https:\/\/azizgolddetector.com\/fr\/wp-content\/uploads\/2022\/05\/detecteur-de-tresor-appareil-de-balayage-de-terrain-detecteur-de-tresor-detecteur-dor-scanner-scanner-mardouk-gold-300x300.jpg\" class=\"attachment-woocommerce_thumbnail size-woocommerce_thumbnail\" alt=\"\" srcset=\"https:\/\/azizgolddetector.com\/fr\/wp-content\/uploads\/2022\/05\/detecteur-de-tresor-appareil-de-balayage-de-terrain-detecteur-de-tresor-detecteur-dor-scanner-scanner-mardouk-gold-300x300.jpg 300w, https:\/\/azizgolddetector.com\/fr\/wp-content\/uploads\/2022\/05\/detecteur-de-tresor-appareil-de-balayage-de-terrain-detecteur-de-tresor-detecteur-dor-scanner-scanner-mardouk-gold-100x100.jpg 100w, https:\/\/azizgolddetector.com\/fr\/wp-content\/uploads\/2022\/05\/detecteur-de-tresor-appareil-de-balayage-de-terrain-detecteur-de-tresor-detecteur-dor-scanner-scanner-mardouk-gold-150x150.jpg 150w, https:\/\/azizgolddetector.com\/fr\/wp-content\/uploads\/2022\/05\/detecteur-de-tresor-appareil-de-balayage-de-terrain-detecteur-de-tresor-detecteur-dor-scanner-scanner-mardouk-gold.jpg 600w\" sizes=\"auto, (max-width: 300px) 100vw, 300px\" \/>\t\t<span class=\"product-title\">Marduk Scanner D\u00e9tecteur de Dispositif de Balayage de Terrain<\/span>\n\t<\/a>\n\n\t\t\t\t\n\t<span class=\"woocommerce-Price-amount amount\"><bdi><span class=\"woocommerce-Price-currencySymbol\">&#36;<\/span>490.00<\/bdi><\/span>\n\t<\/li>\n<\/ul><\/div><\/div><\/div><\/div>","protected":false},"excerpt":{"rendered":"<p>Vous pouvez acheter des d\u00e9tecteurs o\u00f9 que vous soyez dans le monde. Comment pouvons-nous contacter? Vous pouvez utiliser notre ligne WhatsApp pour entrer en contact. Vous pouvez remplir le formulaire de commande pour entrer en contact.. Vous pouvez utiliser notre num\u00e9ro de t\u00e9l\u00e9phone pour la communication. Vous pouvez utiliser notre adresse e-mail t\u00e9l\u00e9phonique pour la [&hellip;]<\/p>\n","protected":false},"author":1,"featured_media":0,"parent":0,"menu_order":0,"comment_status":"closed","ping_status":"closed","template":"","meta":{"footnotes":""},"class_list":["post-7948","page","type-page","status-publish","hentry"],"_links":{"self":[{"href":"https:\/\/azizgolddetector.com\/fr\/wp-json\/wp\/v2\/pages\/7948","targetHints":{"allow":["GET"]}}],"collection":[{"href":"https:\/\/azizgolddetector.com\/fr\/wp-json\/wp\/v2\/pages"}],"about":[{"href":"https:\/\/azizgolddetector.com\/fr\/wp-json\/wp\/v2\/types\/page"}],"author":[{"embeddable":true,"href":"https:\/\/azizgolddetector.com\/fr\/wp-json\/wp\/v2\/users\/1"}],"replies":[{"embeddable":true,"href":"https:\/\/azizgolddetector.com\/fr\/wp-json\/wp\/v2\/comments?post=7948"}],"version-history":[{"count":2,"href":"https:\/\/azizgolddetector.com\/fr\/wp-json\/wp\/v2\/pages\/7948\/revisions"}],"predecessor-version":[{"id":8057,"href":"https:\/\/azizgolddetector.com\/fr\/wp-json\/wp\/v2\/pages\/7948\/revisions\/8057"}],"wp:attachment":[{"href":"https:\/\/azizgolddetector.com\/fr\/wp-json\/wp\/v2\/media?parent=7948"}],"curies":[{"name":"wp","href":"https:\/\/api.w.org\/{rel}","templated":true}]}}