{"id":347,"date":"2015-12-04T13:09:18","date_gmt":"2015-12-04T10:09:18","guid":{"rendered":"http:\/\/export-xml.qreativethemes.com\/physio\/?page_id=347"},"modified":"2022-06-16T15:12:54","modified_gmt":"2022-06-16T12:12:54","slug":"qfp-page","status":"publish","type":"page","link":"https:\/\/azizgolddetector.com\/fr\/qfp-page\/","title":{"rendered":"QFP Page"},"content":{"rendered":"<div id=\"pl-347\"  class=\"panel-layout\" ><div id=\"pg-347-0\"  class=\"panel-grid panel-no-style\" ><div id=\"pgc-347-0-0\"  class=\"panel-grid-cell\" ><div id=\"panel-347-0-0-0\" class=\"so-panel widget widget_sow-editor panel-first-child panel-last-child\" data-index=\"0\" ><div class=\"smaller-widget-title panel-widget-style panel-widget-style-for-347-0-0-0\" ><div\n\t\t\t\n\t\t\tclass=\"so-widget-sow-editor so-widget-sow-editor-base\"\n\t\t\t\n\t\t>\n<div class=\"siteorigin-widget-tinymce textwidget\">\n\t<div class=\"panel-group\" id=\"accordion-0\" data-panel=\"accordion-0\"><\/p>\n<p><div class=\"panel\"><div class=\"panel-heading\"><h3 class=\"panel-title\"><a class=\"accordion-toggle\" data-toggle=\"collapse\" data-parent=\"#accordion-0\" href=\"#collapse_0\" aria-expanded=\"true\">Les D\u00e9tecteurs Discriminent-Ils L'Or?<\/a><\/h3><\/div><div id=\"collapse_0\" class=\"panel-collapse collapse in\"><div class=\"panel-body\"><\/p>\n<p>Les mod\u00e8les de d\u00e9tecteurs VLF, qui distinguent tr\u00e8s bien l'or, peuvent distinguer non seulement l'or, mais aussi l'argent, le bronze et les m\u00e9taux non pr\u00e9cieux. Cependant, il ne faut pas oublier que bien que les prix du d\u00e9tecteur soient chers, ils ne peuvent pas faire une distinction pr\u00e9cise et claire avec l'or. Dans l'\u00e9tain et le chromage, que nous appelons galvanisation en termes de s\u00e9paration de l'or, les m\u00e9taux de m\u00e9lange d'acier peints et cuits au four peuvent faire des erreurs. En tant qu'AZIZ DETECTOR TECHNOLOGIES, nous d\u00e9crivons tous les appareils que nous testons tout en les promouvant dans nos vid\u00e9os. Bien que les d\u00e9tecteurs VLF distinguent mieux l'or et le m\u00e9tal que les d\u00e9tecteurs \u00e0 IMPULSIONS, ils d\u00e9tectent et d\u00e9tectent plus profond\u00e9ment dans les bobines con\u00e7ues dans les m\u00eames tailles de t\u00eate. Ceux qui veulent acheter un d\u00e9tecteur de tr\u00e9sor, tout en achetant un d\u00e9tecteur de tr\u00e9sor \u00e0 discrimination d'or, il est utile d'acheter des appareils avec des syst\u00e8mes analogiques bien con\u00e7us et des logiciels bien con\u00e7us.<\/p>\n<p> <\/div><\/div><\/div><\/p>\n<p><div class=\"panel\"><div class=\"panel-heading\"><h3 class=\"panel-title\"><a class=\"accordion-toggle\" data-toggle=\"collapse\" data-parent=\"#accordion-0\" href=\"#collapse_1\" >Les D\u00e9tecteurs De Recherche De Tr\u00e9sors Trouvent-Ils De L'Or?<\/a><\/h3><\/div><div id=\"collapse_1\" class=\"panel-collapse collapse \"><div class=\"panel-body\"><\/p>\n<p>Aujourd'hui, de nombreuses entreprises ne distinguent pas correctement l'or des d\u00e9tecteurs qu'elles produisent dans la production de d\u00e9tecteurs de tr\u00e9sors. Nous vous recommandons d'examiner le d\u00e9tecteur d'or et le d\u00e9tecteur Marduk Az 7000 et les syst\u00e8mes d'imagerie souterraine lors de l'achat d'un d\u00e9tecteur de recherche de tr\u00e9sors. Les d\u00e9tecteurs de tr\u00e9sors produits dans le monde sont g\u00e9n\u00e9ralement fabriqu\u00e9s pour des recherches superficielles et uniques de pi\u00e8ces de monnaie. Les d\u00e9tecteurs de recherche de tr\u00e9sors produits en profondeur sont vendus tr\u00e8s cher car ils sont vendus en dollars et en euros.<\/p>\n<p>Les mod\u00e8les de d\u00e9tecteurs produits par Aziz Detector Technologies au cours des 10 derni\u00e8res ann\u00e9es fonctionnent en faisant des distinctions \u00e0 la fois abordables et de meilleure qualit\u00e9 en fonction des prix mondiaux des d\u00e9tecteurs. Lorsque vous souhaitez acheter un d\u00e9tecteur de recherche de tr\u00e9sor et un d\u00e9tecteur de recherche d'or, vous pouvez obtenir des informations en le testant dans les magasins Aziz Detector Technologies \u00e0 Istanbul \u00dcsk\u00fcdar Altunizade. Ou vous pouvez acheter \u00e0 des prix abordables. Les mod\u00e8les et les prix des d\u00e9tecteurs varient en fonction du nombre de t\u00eates et des rapports de taille.<\/p>\n<p>La qualit\u00e9 du d\u00e9tecteur doit distinguer le tr\u00e9sor qu'il trouve dans le sol comme de l'or, et il doit \u00e9galement le trouver dans des sols min\u00e9ralis\u00e9s de profondeur. Aziz Detector vend et loue les meilleurs d\u00e9tecteurs de tr\u00e9sors, en plus de plus de 40 appareils de balayage de zone s\u00e9par\u00e9s par de l'or et d'imagerie souterraine dans son magasin. Avant d'acheter un d\u00e9tecteur, veuillez nous contacter pour acheter le meilleur d\u00e9tecteur de tr\u00e9sor de discrimination d'or. Enfin, un d\u00e9tecteur de tr\u00e9sor de qualit\u00e9 doit faire la distinction en d\u00e9tectant en profondeur, en travaillant de mani\u00e8re stable dans le sol et en trouvant des produits de valeur tels que l'or, l'argent, le bronze, le bronze dans le sol et le caca avec garantie.<\/p>\n<p> <\/div><\/div><\/div><\/p>\n<p><div class=\"panel\"><div class=\"panel-heading\"><h3 class=\"panel-title\"><a class=\"accordion-toggle\" data-toggle=\"collapse\" data-parent=\"#accordion-0\" href=\"#collapse_2\" >Comment Devrait \u00catre un D\u00e9tecteur d'Or?<\/a><\/h3><\/div><div id=\"collapse_2\" class=\"panel-collapse collapse \"><div class=\"panel-body\"><\/p>\n<p>Comment devrait \u00eatre un d\u00e9tecteur d'or? Tous les chasseurs de tr\u00e9sors qui veulent acheter un d\u00e9tecteur veulent que les d\u00e9tecteurs qu'ils ach\u00e8tent puissent trouver des m\u00e9taux dans le sol et la roche, et ils veulent qu'ils trouvent des tr\u00e9sors profonds sans interf\u00e9rence dans les sols min\u00e9raux. Cependant, chaque d\u00e9tecteur ne fait pas la distinction entre l'or, l'argent et les m\u00e9taux sans valeur au meilleur 70%. Il est utile pour les amateurs de tr\u00e9sors d'acheter des d\u00e9tecteurs d'or aupr\u00e8s d'entreprises fiables. N'oubliez pas que peu importe le d\u00e9tecteur que vous achetez, n'oubliez pas qu'il fait une erreur.<\/p>\n<p> <\/div><\/div><\/div><\/p>\n<p><div class=\"panel\"><div class=\"panel-heading\"><h3 class=\"panel-title\"><a class=\"accordion-toggle\" data-toggle=\"collapse\" data-parent=\"#accordion-0\" href=\"#collapse_3\" >Les appareils de balayage de terrain ont-ils des caract\u00e9ristiques de d\u00e9tecteur?<\/a><\/h3><\/div><div id=\"collapse_3\" class=\"panel-collapse collapse \"><div class=\"panel-body\"><\/p>\n<p>Dispositifs de balayage de terrain, Syst\u00e8mes de balayage de terrain pr\u00e9par\u00e9s avec des circuits \u00e9lectroniques, ces syst\u00e8mes sont g\u00e9n\u00e9ralement \u00e0 usage unique.<br \/>\nCe sont ceux avec des circuits de fr\u00e9quence, dont les antennes sont pr\u00e9par\u00e9es avec des dispositifs chimiques.<br \/>\nEn cons\u00e9quence, ind\u00e9pendamment de ces syst\u00e8mes, les appareils de balayage de terrain pr\u00e9par\u00e9s avec le meilleur syst\u00e8me ont un taux de r\u00e9ussite de 50%. Cependant, il ne faut pas oublier qu'il a la particularit\u00e9 de diriger vers des zones de 50 \u00e0 200 m\u00e8tres. L'endroit qu'il dirige doit \u00eatre tr\u00e8s bien analys\u00e9 ou il est utile de le regarder avec un d\u00e9tecteur profond ou un syst\u00e8me d'image.<\/p>\n<p> <\/div><\/div><\/div><\/p>\n<p><\/div>\n<\/div>\n<\/div><\/div><\/div><\/div><\/div><div id=\"pg-347-1\"  class=\"panel-grid panel-has-style\" ><div class=\"panel-row-style panel-row-style-for-347-1\" ><div id=\"pgc-347-1-0\"  class=\"panel-grid-cell\" ><div class=\"text-center panel-cell-style panel-cell-style-for-347-1-0\" ><div id=\"panel-347-1-0-0\" class=\"so-panel widget widget_sow-editor panel-first-child panel-last-child\" data-index=\"1\" ><div\n\t\t\t\n\t\t\tclass=\"so-widget-sow-editor so-widget-sow-editor-base\"\n\t\t\t\n\t\t><h3 class=\"widget-title\">Posez-nous Une Question<\/h3>\n<div class=\"siteorigin-widget-tinymce textwidget\">\n\t<p>[contact-form-7 id=\"7235\" title=\"Got a Question\"]<\/p>\n<\/div>\n<\/div><\/div><\/div><\/div><\/div><\/div><\/div>","protected":false},"excerpt":{"rendered":"<p>[contact-form-7 id=&#8221;7235&#8243; title=&#8221;Got a Question&#8221;]<\/p>\n","protected":false},"author":1,"featured_media":0,"parent":0,"menu_order":0,"comment_status":"closed","ping_status":"closed","template":"","meta":{"footnotes":""},"class_list":["post-347","page","type-page","status-publish","hentry"],"_links":{"self":[{"href":"https:\/\/azizgolddetector.com\/fr\/wp-json\/wp\/v2\/pages\/347","targetHints":{"allow":["GET"]}}],"collection":[{"href":"https:\/\/azizgolddetector.com\/fr\/wp-json\/wp\/v2\/pages"}],"about":[{"href":"https:\/\/azizgolddetector.com\/fr\/wp-json\/wp\/v2\/types\/page"}],"author":[{"embeddable":true,"href":"https:\/\/azizgolddetector.com\/fr\/wp-json\/wp\/v2\/users\/1"}],"replies":[{"embeddable":true,"href":"https:\/\/azizgolddetector.com\/fr\/wp-json\/wp\/v2\/comments?post=347"}],"version-history":[{"count":0,"href":"https:\/\/azizgolddetector.com\/fr\/wp-json\/wp\/v2\/pages\/347\/revisions"}],"wp:attachment":[{"href":"https:\/\/azizgolddetector.com\/fr\/wp-json\/wp\/v2\/media?parent=347"}],"curies":[{"name":"wp","href":"https:\/\/api.w.org\/{rel}","templated":true}]}}