{"id":7893,"date":"2022-05-26T03:24:30","date_gmt":"2022-05-26T00:24:30","guid":{"rendered":"http:\/\/azizgolddetector.com\/es\/?post_type=product&#038;p=7893"},"modified":"2025-08-05T13:52:46","modified_gmt":"2025-08-05T10:52:46","slug":"marduk-scanner-detector-de-dispositivo-de-escaneo-de-campo","status":"publish","type":"product","link":"https:\/\/azizgolddetector.com\/es\/product\/marduk-scanner-detector-de-dispositivo-de-escaneo-de-campo\/","title":{"rendered":"Marduk Scanner &#8211; Detector de Dispositivo de Escaneo de Campo"},"content":{"rendered":"<h2 style=\"text-align: center;\"><span style=\"color: #ff0000;\">Esc\u00e1ner Marduk &#8211; Detector de dispositivo de escaneo de campo<\/span><\/h2>\n<p>El dispositivo de escaneo de campo de la pantalla del esc\u00e1ner Marduk tiene 3 caracter\u00edsticas y dise\u00f1os diferentes juntos debido a su uso pr\u00e1ctico y portabilidad, tiene 3 antenas, polvos de mezcla adicionales en las antenas y en el mango, y una c\u00e1mara en el mango. Dispositivo de escaneo de \u00e1rea con pantalla de escaneo Marduk Hay modos de discriminaci\u00f3n de espacio dorado, plateado, que son modos autom\u00e1ticos en la pantalla LCD de 3.5 pulgadas.<\/p>\n<p><img loading=\"lazy\" decoding=\"async\" class=\"size-full wp-image-7909 aligncenter\" src=\"http:\/\/azizgolddetector.com\/es\/wp-content\/uploads\/2022\/05\/buscador-de-tesoros-detector-buscador-de-tesoros-detector-escaner-de-oro-dispositivo-de-escaneo-de-campo-detector-de-escaneo-de-campo.webp\" alt=\"\" width=\"618\" height=\"195\" srcset=\"https:\/\/azizgolddetector.com\/es\/wp-content\/uploads\/2022\/05\/buscador-de-tesoros-detector-buscador-de-tesoros-detector-escaner-de-oro-dispositivo-de-escaneo-de-campo-detector-de-escaneo-de-campo.webp 618w, https:\/\/azizgolddetector.com\/es\/wp-content\/uploads\/2022\/05\/buscador-de-tesoros-detector-buscador-de-tesoros-detector-escaner-de-oro-dispositivo-de-escaneo-de-campo-detector-de-escaneo-de-campo-600x189.webp 600w, https:\/\/azizgolddetector.com\/es\/wp-content\/uploads\/2022\/05\/buscador-de-tesoros-detector-buscador-de-tesoros-detector-escaner-de-oro-dispositivo-de-escaneo-de-campo-detector-de-escaneo-de-campo-300x95.webp 300w\" sizes=\"auto, (max-width: 618px) 100vw, 618px\" \/><img loading=\"lazy\" decoding=\"async\" class=\"size-full wp-image-7911 aligncenter\" src=\"http:\/\/azizgolddetector.com\/es\/wp-content\/uploads\/2022\/05\/buscador-de-tesoros-detector-dispositivo-de-escaneo-de-campo-detector-de-oro-y-metales-escaner-marduk.webp\" alt=\"\" width=\"618\" height=\"195\" srcset=\"https:\/\/azizgolddetector.com\/es\/wp-content\/uploads\/2022\/05\/buscador-de-tesoros-detector-dispositivo-de-escaneo-de-campo-detector-de-oro-y-metales-escaner-marduk.webp 618w, https:\/\/azizgolddetector.com\/es\/wp-content\/uploads\/2022\/05\/buscador-de-tesoros-detector-dispositivo-de-escaneo-de-campo-detector-de-oro-y-metales-escaner-marduk-600x189.webp 600w, https:\/\/azizgolddetector.com\/es\/wp-content\/uploads\/2022\/05\/buscador-de-tesoros-detector-dispositivo-de-escaneo-de-campo-detector-de-oro-y-metales-escaner-marduk-300x95.webp 300w\" sizes=\"auto, (max-width: 618px) 100vw, 618px\" \/><\/p>\n<p>Gracias a la funci\u00f3n OTROS MODOS en la pantalla del esc\u00e1ner Marduk, ofrece la oportunidad de ajustar la frecuencia que desee a una velocidad de 01-09. Gracias a estas caracter\u00edsticas y al uso pr\u00e1ctico y al dise\u00f1o, tiene la caracter\u00edstica de encontrar campos magn\u00e9ticos alrededor de 100-200 metros m\u00e1s f\u00e1cilmente y con un 50% de claridad.<\/p>\n<p><img loading=\"lazy\" decoding=\"async\" class=\"size-full wp-image-7912 aligncenter\" src=\"http:\/\/azizgolddetector.com\/es\/wp-content\/uploads\/2022\/05\/buscador-de-tesoros-detector-dispositivo-de-escaneo-de-campo-navegador-de-oro-buscador-de-tesoros-detector-escaner-de-oro.webp\" alt=\"\" width=\"618\" height=\"195\" srcset=\"https:\/\/azizgolddetector.com\/es\/wp-content\/uploads\/2022\/05\/buscador-de-tesoros-detector-dispositivo-de-escaneo-de-campo-navegador-de-oro-buscador-de-tesoros-detector-escaner-de-oro.webp 618w, https:\/\/azizgolddetector.com\/es\/wp-content\/uploads\/2022\/05\/buscador-de-tesoros-detector-dispositivo-de-escaneo-de-campo-navegador-de-oro-buscador-de-tesoros-detector-escaner-de-oro-600x189.webp 600w, https:\/\/azizgolddetector.com\/es\/wp-content\/uploads\/2022\/05\/buscador-de-tesoros-detector-dispositivo-de-escaneo-de-campo-navegador-de-oro-buscador-de-tesoros-detector-escaner-de-oro-300x95.webp 300w\" sizes=\"auto, (max-width: 618px) 100vw, 618px\" \/> <img loading=\"lazy\" decoding=\"async\" class=\"size-full wp-image-7913 aligncenter\" src=\"http:\/\/azizgolddetector.com\/es\/wp-content\/uploads\/2022\/05\/buscador-de-tesoros-detector-navegador-de-oro-detector-de-oro-y-metales-dispositivo-de-escaneo-de-campo.webp\" alt=\"\" width=\"618\" height=\"195\" srcset=\"https:\/\/azizgolddetector.com\/es\/wp-content\/uploads\/2022\/05\/buscador-de-tesoros-detector-navegador-de-oro-detector-de-oro-y-metales-dispositivo-de-escaneo-de-campo.webp 618w, https:\/\/azizgolddetector.com\/es\/wp-content\/uploads\/2022\/05\/buscador-de-tesoros-detector-navegador-de-oro-detector-de-oro-y-metales-dispositivo-de-escaneo-de-campo-600x189.webp 600w, https:\/\/azizgolddetector.com\/es\/wp-content\/uploads\/2022\/05\/buscador-de-tesoros-detector-navegador-de-oro-detector-de-oro-y-metales-dispositivo-de-escaneo-de-campo-300x95.webp 300w\" sizes=\"auto, (max-width: 618px) 100vw, 618px\" \/><\/p>\n<p>Al buscar tesoros, tesoros y tumbas de c\u00e1mara, el dispositivo de escaneo de campo Marduk Scanner debe ser como se ve en la imagen. Al sostener el esc\u00e1ner Marduk al nivel del pecho de manera plana y sim\u00e9trica, se establece la Secci\u00f3n MOD que buscaremos, y se espera 15 segundos para regresar al campo magn\u00e9tico que ha captado sin ning\u00fan contacto u orientaci\u00f3n.<\/p>\n<p><img loading=\"lazy\" decoding=\"async\" class=\"size-full wp-image-7914 aligncenter\" src=\"http:\/\/azizgolddetector.com\/es\/wp-content\/uploads\/2022\/05\/navegador-de-oro-buscador-de-tesoros-detector-buscador-de-tesoros-detector-escaner-de-oro-detector-de-escaneo-de-campo-de-buscador-de-o.webp\" alt=\"\" width=\"618\" height=\"195\" srcset=\"https:\/\/azizgolddetector.com\/es\/wp-content\/uploads\/2022\/05\/navegador-de-oro-buscador-de-tesoros-detector-buscador-de-tesoros-detector-escaner-de-oro-detector-de-escaneo-de-campo-de-buscador-de-o.webp 618w, https:\/\/azizgolddetector.com\/es\/wp-content\/uploads\/2022\/05\/navegador-de-oro-buscador-de-tesoros-detector-buscador-de-tesoros-detector-escaner-de-oro-detector-de-escaneo-de-campo-de-buscador-de-o-600x189.webp 600w, https:\/\/azizgolddetector.com\/es\/wp-content\/uploads\/2022\/05\/navegador-de-oro-buscador-de-tesoros-detector-buscador-de-tesoros-detector-escaner-de-oro-detector-de-escaneo-de-campo-de-buscador-de-o-300x95.webp 300w\" sizes=\"auto, (max-width: 618px) 100vw, 618px\" \/> <img loading=\"lazy\" decoding=\"async\" class=\"size-full wp-image-7915 aligncenter\" src=\"http:\/\/azizgolddetector.com\/es\/wp-content\/uploads\/2022\/05\/navegador-de-oro-buscador-de-tesoros-detector-buscador-de-tesoros-detector-escaner-de-oro-escaner-marduk.webp\" alt=\"\" width=\"618\" height=\"195\" srcset=\"https:\/\/azizgolddetector.com\/es\/wp-content\/uploads\/2022\/05\/navegador-de-oro-buscador-de-tesoros-detector-buscador-de-tesoros-detector-escaner-de-oro-escaner-marduk.webp 618w, https:\/\/azizgolddetector.com\/es\/wp-content\/uploads\/2022\/05\/navegador-de-oro-buscador-de-tesoros-detector-buscador-de-tesoros-detector-escaner-de-oro-escaner-marduk-600x189.webp 600w, https:\/\/azizgolddetector.com\/es\/wp-content\/uploads\/2022\/05\/navegador-de-oro-buscador-de-tesoros-detector-buscador-de-tesoros-detector-escaner-de-oro-escaner-marduk-300x95.webp 300w\" sizes=\"auto, (max-width: 618px) 100vw, 618px\" \/><\/p>\n<p>Despu\u00e9s de asegurarse de que el esc\u00e1ner Marduk est\u00e9 dirigido al objetivo que captur\u00f3 mientras buscaba con el escaneo de \u00e1rea, gire en la direcci\u00f3n opuesta y manteni\u00e9ndolo recto nuevamente, asegur\u00e1ndose de que se dirija al objetivo al que dirigi\u00f3 el primero, despu\u00e9s de llegar al objetivo con pasos lentos, despu\u00e9s de marcar el \u00e1rea donde se encuentra el objetivo.<\/p>\n<p><img loading=\"lazy\" decoding=\"async\" class=\"size-full wp-image-7916 aligncenter\" src=\"http:\/\/azizgolddetector.com\/es\/wp-content\/uploads\/2022\/05\/navegador-de-oro-buscador-de-tesoros-detector-escaner-marduk-detector-de-oro-y-metales.webp\" alt=\"\" width=\"618\" height=\"195\" srcset=\"https:\/\/azizgolddetector.com\/es\/wp-content\/uploads\/2022\/05\/navegador-de-oro-buscador-de-tesoros-detector-escaner-marduk-detector-de-oro-y-metales.webp 618w, https:\/\/azizgolddetector.com\/es\/wp-content\/uploads\/2022\/05\/navegador-de-oro-buscador-de-tesoros-detector-escaner-marduk-detector-de-oro-y-metales-600x189.webp 600w, https:\/\/azizgolddetector.com\/es\/wp-content\/uploads\/2022\/05\/navegador-de-oro-buscador-de-tesoros-detector-escaner-marduk-detector-de-oro-y-metales-300x95.webp 300w\" sizes=\"auto, (max-width: 618px) 100vw, 618px\" \/> <img loading=\"lazy\" decoding=\"async\" class=\"size-full wp-image-7917 aligncenter\" src=\"http:\/\/azizgolddetector.com\/es\/wp-content\/uploads\/2022\/05\/navegador-de-oro-escaner-marduk-detector-de-oro-y-metales-buscador-de-tesoros-detector-escaner-de-oro.webp\" alt=\"\" width=\"618\" height=\"260\" srcset=\"https:\/\/azizgolddetector.com\/es\/wp-content\/uploads\/2022\/05\/navegador-de-oro-escaner-marduk-detector-de-oro-y-metales-buscador-de-tesoros-detector-escaner-de-oro.webp 618w, https:\/\/azizgolddetector.com\/es\/wp-content\/uploads\/2022\/05\/navegador-de-oro-escaner-marduk-detector-de-oro-y-metales-buscador-de-tesoros-detector-escaner-de-oro-600x252.webp 600w, https:\/\/azizgolddetector.com\/es\/wp-content\/uploads\/2022\/05\/navegador-de-oro-escaner-marduk-detector-de-oro-y-metales-buscador-de-tesoros-detector-escaner-de-oro-300x126.webp 300w\" sizes=\"auto, (max-width: 618px) 100vw, 618px\" \/><\/p>\n<p>Con el escaneo de \u00e1rea de Marduk, habr\u00e1 tomado una determinaci\u00f3n correcta despu\u00e9s de asegurarse de que nuestro escaneo de \u00e1rea tangentiza el primer lugar marcado en los cuatro lados sosteniendo el objetivo a 5 metros de los cuatro lados del objetivo centrado.<\/p>\n","protected":false},"excerpt":{"rendered":"<p><strong>Opciones de Idioma del Detector<br \/>\n<\/strong><img decoding=\"async\" title=\"Home 10 \u2013\" src=\"https:\/\/azizgolddetector.com\/en\/wp-content\/uploads\/2022\/04\/Language-Options-TR-EN-AR.png\" alt=\"Home 5 \u2013 Language Options TR EN AR\" \/><br \/>\nEl dispositivo de escaneo de campo de la pantalla del esc\u00e1ner Marduk tiene 3 caracter\u00edsticas y dise\u00f1os diferentes juntos debido a su uso pr\u00e1ctico y portabilidad, tiene 3 antenas, polvos de mezcla adicionales en las antenas y en el mango, y una c\u00e1mara en el mango.<\/p>\n<p><a href=\"https:\/\/api.whatsapp.com\/send?phone=905425331010\" target=\"_blank\" rel=\"noopener\"><img loading=\"lazy\" decoding=\"async\" class=\"size-full wp-image-7946 aligncenter\" src=\"http:\/\/azizgolddetector.com\/es\/wp-content\/uploads\/2022\/05\/detector-de-metales-de-oro-contacto-aziz-detector-de-metales-de-oro-whatsapp-detextor.png\" alt=\"\" width=\"237\" height=\"38\" \/><\/a><\/p>\n<p><a href=\"https:\/\/form.jotform.com\/221593318570053\" target=\"_blank\" rel=\"noopener\"><img loading=\"lazy\" decoding=\"async\" class=\"size-full wp-image-7947 aligncenter\" src=\"http:\/\/azizgolddetector.com\/es\/wp-content\/uploads\/2022\/05\/detector-de-metales-de-oro-contacto-aziz-detector-de-metales-de-oro-form-detector.png\" alt=\"\" width=\"269\" height=\"38\" \/><\/a><\/p>\n","protected":false},"featured_media":7940,"comment_status":"open","ping_status":"closed","template":"","meta":[],"product_cat":[15],"product_tag":[37],"class_list":["post-7893","product","type-product","status-publish","has-post-thumbnail","hentry","product_cat-detectores","product_tag-dispositivo-detector-de-escaneo"],"_links":{"self":[{"href":"https:\/\/azizgolddetector.com\/es\/wp-json\/wp\/v2\/product\/7893","targetHints":{"allow":["GET"]}}],"collection":[{"href":"https:\/\/azizgolddetector.com\/es\/wp-json\/wp\/v2\/product"}],"about":[{"href":"https:\/\/azizgolddetector.com\/es\/wp-json\/wp\/v2\/types\/product"}],"replies":[{"embeddable":true,"href":"https:\/\/azizgolddetector.com\/es\/wp-json\/wp\/v2\/comments?post=7893"}],"wp:featuredmedia":[{"embeddable":true,"href":"https:\/\/azizgolddetector.com\/es\/wp-json\/wp\/v2\/media\/7940"}],"wp:attachment":[{"href":"https:\/\/azizgolddetector.com\/es\/wp-json\/wp\/v2\/media?parent=7893"}],"wp:term":[{"taxonomy":"product_cat","embeddable":true,"href":"https:\/\/azizgolddetector.com\/es\/wp-json\/wp\/v2\/product_cat?post=7893"},{"taxonomy":"product_tag","embeddable":true,"href":"https:\/\/azizgolddetector.com\/es\/wp-json\/wp\/v2\/product_tag?post=7893"}],"curies":[{"name":"wp","href":"https:\/\/api.w.org\/{rel}","templated":true}]}}