{"id":7873,"date":"2022-05-26T03:19:35","date_gmt":"2022-05-26T00:19:35","guid":{"rendered":"http:\/\/azizgolddetector.com\/es\/?post_type=product&#038;p=7873"},"modified":"2025-08-05T13:53:56","modified_gmt":"2025-08-05T10:53:56","slug":"jeofinder-a-z-plus-detector-de-metales-de-oro-profundo","status":"publish","type":"product","link":"https:\/\/azizgolddetector.com\/es\/product\/jeofinder-a-z-plus-detector-de-metales-de-oro-profundo\/","title":{"rendered":"JeoFinder A-Z Plus Detector de Metales de Oro Profundo"},"content":{"rendered":"<h2 style=\"text-align: center;\"><span style=\"color: #ff0000;\">JeoFinder A-Z Plus Detector de Metales de Oro Profundo<\/span><\/h2>\n<p>En la tecnolog\u00eda de detectores, en los dispositivos de b\u00fasqueda de tesoros y oro Jeo Finder AZ Plus, se proporcionan 2 cabezales con un cabezal de b\u00fasqueda profunda que pesa 1.850 gramos fabricado en Turqu\u00eda y en el mundo.\u00a0 Geo finder AZ PLUS POR PRIMERA VEZ EN TURQU\u00cdA es un dispositivo de \u00faltima generaci\u00f3n con 2 sistemas juntos, el geo finder AZ PLUS tiene detecci\u00f3n gr\u00e1fica en vivo real y discriminaci\u00f3n en 2D al mismo tiempo.<\/p>\n<p><img loading=\"lazy\" decoding=\"async\" class=\"wp-image-7886 aligncenter\" src=\"http:\/\/azizgolddetector.com\/es\/wp-content\/uploads\/2022\/05\/a-traves-del-detector-de-escaneo-de-campo-lrl-de-oro-detector-de-oro-con-escaner-lrl-de-oro-a-traves-del-detector-de-e-1.webp\" alt=\"\" width=\"602\" height=\"313\" srcset=\"https:\/\/azizgolddetector.com\/es\/wp-content\/uploads\/2022\/05\/a-traves-del-detector-de-escaneo-de-campo-lrl-de-oro-detector-de-oro-con-escaner-lrl-de-oro-a-traves-del-detector-de-e-1.webp 858w, https:\/\/azizgolddetector.com\/es\/wp-content\/uploads\/2022\/05\/a-traves-del-detector-de-escaneo-de-campo-lrl-de-oro-detector-de-oro-con-escaner-lrl-de-oro-a-traves-del-detector-de-e-1-600x312.webp 600w, https:\/\/azizgolddetector.com\/es\/wp-content\/uploads\/2022\/05\/a-traves-del-detector-de-escaneo-de-campo-lrl-de-oro-detector-de-oro-con-escaner-lrl-de-oro-a-traves-del-detector-de-e-1-300x156.webp 300w, https:\/\/azizgolddetector.com\/es\/wp-content\/uploads\/2022\/05\/a-traves-del-detector-de-escaneo-de-campo-lrl-de-oro-detector-de-oro-con-escaner-lrl-de-oro-a-traves-del-detector-de-e-1-768x399.webp 768w\" sizes=\"auto, (max-width: 602px) 100vw, 602px\" \/><\/p>\n<p>Gracias a esta caracter\u00edstica, que es la primera en Turqu\u00eda, le permite encontrar el ancho y largo exactos de los puntos de inicio y finalizaci\u00f3n de las habitaciones, s\u00f3tanos, pozos, t\u00faneles, oro, plata, bronce y metales bajo tierra en 2D. Geo finder Az plus funciona sin verse afectado por suelos minerales y minerales.<\/p>\n<p><img loading=\"lazy\" decoding=\"async\" class=\"wp-image-7887 aligncenter\" src=\"http:\/\/azizgolddetector.com\/es\/wp-content\/uploads\/2022\/05\/dispositivo-de-escaneo-de-campo-detector-de-escaneo-de-campo-a-traves-del-detector-de-escaneo-de-campo-lrl-de-oro-a-tr-1.webp\" alt=\"\" width=\"600\" height=\"312\" srcset=\"https:\/\/azizgolddetector.com\/es\/wp-content\/uploads\/2022\/05\/dispositivo-de-escaneo-de-campo-detector-de-escaneo-de-campo-a-traves-del-detector-de-escaneo-de-campo-lrl-de-oro-a-tr-1.webp 858w, https:\/\/azizgolddetector.com\/es\/wp-content\/uploads\/2022\/05\/dispositivo-de-escaneo-de-campo-detector-de-escaneo-de-campo-a-traves-del-detector-de-escaneo-de-campo-lrl-de-oro-a-tr-1-600x312.webp 600w, https:\/\/azizgolddetector.com\/es\/wp-content\/uploads\/2022\/05\/dispositivo-de-escaneo-de-campo-detector-de-escaneo-de-campo-a-traves-del-detector-de-escaneo-de-campo-lrl-de-oro-a-tr-1-300x156.webp 300w, https:\/\/azizgolddetector.com\/es\/wp-content\/uploads\/2022\/05\/dispositivo-de-escaneo-de-campo-detector-de-escaneo-de-campo-a-traves-del-detector-de-escaneo-de-campo-lrl-de-oro-a-tr-1-768x399.webp 768w\" sizes=\"auto, (max-width: 600px) 100vw, 600px\" \/><\/p>\n<p>Jeo finder AZ PLUS IP tiene la caracter\u00edstica de ser el primero en Turqu\u00eda, gracias a su funci\u00f3n de B\u00daSQUEDA DE VALOR NUM\u00c9RICO. En este sistema, el dispositivo puede distinguir y analizar todo tipo de metales en valor num\u00e9rico a una tasa muy alta. El nombre y la marca de la tecnolog\u00eda de detectores avanzados geo finder az plus han sido registrados en nombre de nuestra empresa por el Instituto de Patentes de Turqu\u00eda. Geo finder az plus tiene la caracter\u00edstica de ser el primero en tener una pantalla a color TFT de 3.5, un men\u00fa de b\u00fasqueda f\u00e1cil, una funci\u00f3n de c\u00e1lculo de profundidad y muchas otras funciones juntas.<\/p>\n<p><img loading=\"lazy\" decoding=\"async\" class=\"wp-image-7888 aligncenter\" src=\"http:\/\/azizgolddetector.com\/es\/wp-content\/uploads\/2022\/05\/dispositivo-de-escaneo-de-campo-detector-de-escaneo-de-campo-a-traves-del-detector-de-escaneo-de-campo-lrl-de-oro-dete-1.webp\" alt=\"\" width=\"602\" height=\"313\" srcset=\"https:\/\/azizgolddetector.com\/es\/wp-content\/uploads\/2022\/05\/dispositivo-de-escaneo-de-campo-detector-de-escaneo-de-campo-a-traves-del-detector-de-escaneo-de-campo-lrl-de-oro-dete-1.webp 858w, https:\/\/azizgolddetector.com\/es\/wp-content\/uploads\/2022\/05\/dispositivo-de-escaneo-de-campo-detector-de-escaneo-de-campo-a-traves-del-detector-de-escaneo-de-campo-lrl-de-oro-dete-1-600x312.webp 600w, https:\/\/azizgolddetector.com\/es\/wp-content\/uploads\/2022\/05\/dispositivo-de-escaneo-de-campo-detector-de-escaneo-de-campo-a-traves-del-detector-de-escaneo-de-campo-lrl-de-oro-dete-1-300x156.webp 300w, https:\/\/azizgolddetector.com\/es\/wp-content\/uploads\/2022\/05\/dispositivo-de-escaneo-de-campo-detector-de-escaneo-de-campo-a-traves-del-detector-de-escaneo-de-campo-lrl-de-oro-dete-1-768x399.webp 768w\" sizes=\"auto, (max-width: 602px) 100vw, 602px\" \/><\/p>\n<p>Gracias a la funci\u00f3n JEO FINDER AZ PLUS IP, tiene la capacidad de detectar y distinguir autom\u00e1ticamente los tipos de todos los metales en valor num\u00e9rico con solo tocar un bot\u00f3n. Jeo finder ofrece la opci\u00f3n y la oportunidad de usarlo en b\u00fasquedas de oro, plata y bronce al cubrir metales sin valor con az plus.<\/p>\n<h2><span style=\"color: #ff0000;\">Contenido del paquete<\/span><\/h2>\n<p>Bobina de b\u00fasqueda profunda de 40 \u00d7 40<br \/>\nMoneda simple de 26 \u00d7 32 y bobina de b\u00fasqueda en un \u00e1rea rocosa y arbustiva<br \/>\nBolsa port\u00e1til con cerramiento especial<br \/>\nAuricular<br \/>\nCargador de litio<\/p>\n<p><img loading=\"lazy\" decoding=\"async\" class=\"wp-image-7889 aligncenter\" src=\"http:\/\/azizgolddetector.com\/es\/wp-content\/uploads\/2022\/05\/dispositivo-de-escaneo-de-campo-detector-de-escaneo-de-campo-a-traves-del-detector-de-escaneo-de-campo-lrl-de-oro-herr-1.webp\" alt=\"\" width=\"600\" height=\"312\" srcset=\"https:\/\/azizgolddetector.com\/es\/wp-content\/uploads\/2022\/05\/dispositivo-de-escaneo-de-campo-detector-de-escaneo-de-campo-a-traves-del-detector-de-escaneo-de-campo-lrl-de-oro-herr-1.webp 858w, https:\/\/azizgolddetector.com\/es\/wp-content\/uploads\/2022\/05\/dispositivo-de-escaneo-de-campo-detector-de-escaneo-de-campo-a-traves-del-detector-de-escaneo-de-campo-lrl-de-oro-herr-1-600x312.webp 600w, https:\/\/azizgolddetector.com\/es\/wp-content\/uploads\/2022\/05\/dispositivo-de-escaneo-de-campo-detector-de-escaneo-de-campo-a-traves-del-detector-de-escaneo-de-campo-lrl-de-oro-herr-1-300x156.webp 300w, https:\/\/azizgolddetector.com\/es\/wp-content\/uploads\/2022\/05\/dispositivo-de-escaneo-de-campo-detector-de-escaneo-de-campo-a-traves-del-detector-de-escaneo-de-campo-lrl-de-oro-herr-1-768x399.webp 768w\" sizes=\"auto, (max-width: 600px) 100vw, 600px\" \/><\/p>\n<h2><span style=\"color: #ff0000;\">Sistema de trabajo<\/span><\/h2>\n<p>a- Frecuencia 12.8 KHZ<br \/>\nb- 7.4 voltios 3400 MA<br \/>\nc- Potencia consumida m\u00e1xima 370 MA<br \/>\nd- Tiempo de carga del cargador m\u00e1x. 4 horas<br \/>\ne- Rojo cuando la carga est\u00e1 completa, verde cuando est\u00e1 llena<br \/>\nf- Carga de 220-240 voltios 50-60 HZ<\/p>\n<p>g- Tiempo de uso completo 8 horas<br \/>\nh- Tiempo de reposo 20 horas<br \/>\nI- La velocidad de b\u00fasqueda es lenta (lenta).<br \/>\ni- Buscar de 5 a 15 cm por encima del suelo (suelo) paralelo al suelo<\/p>\n<p><img loading=\"lazy\" decoding=\"async\" class=\"wp-image-7890 aligncenter\" src=\"http:\/\/azizgolddetector.com\/es\/wp-content\/uploads\/2022\/05\/dispositivo-de-escaneo-de-campo-detector-de-escaneo-de-campo-detector-de-oro-con-escaner-lrl-de-oro-a-traves-del-detec-1.webp\" alt=\"\" width=\"600\" height=\"312\" srcset=\"https:\/\/azizgolddetector.com\/es\/wp-content\/uploads\/2022\/05\/dispositivo-de-escaneo-de-campo-detector-de-escaneo-de-campo-detector-de-oro-con-escaner-lrl-de-oro-a-traves-del-detec-1.webp 858w, https:\/\/azizgolddetector.com\/es\/wp-content\/uploads\/2022\/05\/dispositivo-de-escaneo-de-campo-detector-de-escaneo-de-campo-detector-de-oro-con-escaner-lrl-de-oro-a-traves-del-detec-1-600x312.webp 600w, https:\/\/azizgolddetector.com\/es\/wp-content\/uploads\/2022\/05\/dispositivo-de-escaneo-de-campo-detector-de-escaneo-de-campo-detector-de-oro-con-escaner-lrl-de-oro-a-traves-del-detec-1-300x156.webp 300w, https:\/\/azizgolddetector.com\/es\/wp-content\/uploads\/2022\/05\/dispositivo-de-escaneo-de-campo-detector-de-escaneo-de-campo-detector-de-oro-con-escaner-lrl-de-oro-a-traves-del-detec-1-768x399.webp 768w\" sizes=\"auto, (max-width: 600px) 100vw, 600px\" \/><\/p>\n<h2><span style=\"color: #ff0000;\">PRIMERO EN TURQU\u00cdA<\/span><\/h2>\n<p>a: 2023 TECNOLOG\u00cdAS DE DETECTORES<br \/>\nb: GeoFinder AZ Plus<br \/>\nc: Tecnolog\u00eda de detector avanzada d: Gr\u00e1ficos 2d en directo real<br \/>\ne: 2 sistemas en un dispositivo f: Sistema de trabajo y separaci\u00f3n en un sistema IP digital<\/p>\n<h2><span style=\"color: #ff0000;\">2023 Tecnolog\u00eda de Detector Avanzada<\/span><\/h2>\n<p><strong>7- <\/strong>Im\u00e1genes de Detecci\u00f3n de Pantalla en Vivo 2d<\/p>\n<p><strong>8- <\/strong>Im\u00e1genes de Detecci\u00f3n de Pantalla IP Digital<\/p>\n<p><strong>9- <\/strong>Primero en Turqu\u00eda<strong><br \/>\n<\/strong>\u00a0a: 2023 Tecnolog\u00eda avanzada de detectores<\/p>\n<p>b: GeoFinder AZ Plus<\/p>\n<p>c: 2 tecnolog\u00edas diferentes en un dispositivo<\/p>\n<p>d: Pantalla gr\u00e1fica 2d v\u00edvida<\/p>\n<p>e: sistema operativo IP digital<\/p>\n<p>f: 2 a\u00f1os de garant\u00eda<\/p>\n<p><img loading=\"lazy\" decoding=\"async\" class=\"wp-image-7891 aligncenter\" src=\"http:\/\/azizgolddetector.com\/es\/wp-content\/uploads\/2022\/05\/dispositivo-de-escaneo-de-campo-herramienta-de-escaneo-de-campo-detector-de-escaneo-de-campo-detector-de-oro-con-escan-1.webp\" alt=\"\" width=\"602\" height=\"313\" srcset=\"https:\/\/azizgolddetector.com\/es\/wp-content\/uploads\/2022\/05\/dispositivo-de-escaneo-de-campo-herramienta-de-escaneo-de-campo-detector-de-escaneo-de-campo-detector-de-oro-con-escan-1.webp 858w, https:\/\/azizgolddetector.com\/es\/wp-content\/uploads\/2022\/05\/dispositivo-de-escaneo-de-campo-herramienta-de-escaneo-de-campo-detector-de-escaneo-de-campo-detector-de-oro-con-escan-1-600x312.webp 600w, https:\/\/azizgolddetector.com\/es\/wp-content\/uploads\/2022\/05\/dispositivo-de-escaneo-de-campo-herramienta-de-escaneo-de-campo-detector-de-escaneo-de-campo-detector-de-oro-con-escan-1-300x156.webp 300w, https:\/\/azizgolddetector.com\/es\/wp-content\/uploads\/2022\/05\/dispositivo-de-escaneo-de-campo-herramienta-de-escaneo-de-campo-detector-de-escaneo-de-campo-detector-de-oro-con-escan-1-768x399.webp 768w\" sizes=\"auto, (max-width: 602px) 100vw, 602px\" \/><\/p>\n","protected":false},"excerpt":{"rendered":"<p><strong>Opciones de Idioma del Detector<br \/>\n<img decoding=\"async\" title=\"Home 14 \u2013\" src=\"https:\/\/azizgolddetector.com\/en\/wp-content\/uploads\/2022\/04\/Language-Options-TR-EN.png\" alt=\"Home 7 \u2013 Language Options TR EN\" \/><br \/>\n<\/strong>En la tecnolog\u00eda de detectores, en los dispositivos de b\u00fasqueda de tesoros y oro Jeo Finder AZ Plus, se proporcionan 2 cabezales con un cabezal de b\u00fasqueda profunda que pesa 1.850 gramos fabricado en Turqu\u00eda y en el mundo.\u00a0 Geo finder AZ PLUS POR PRIMERA VEZ EN TURQU\u00cdA es un dispositivo de \u00faltima generaci\u00f3n con 2 sistemas juntos, el geo finder AZ PLUS tiene detecci\u00f3n gr\u00e1fica en vivo real y discriminaci\u00f3n en 2D al mismo tiempo.<\/p>\n<p><a href=\"https:\/\/api.whatsapp.com\/send?phone=905425331010\" target=\"_blank\" rel=\"noopener\"><img loading=\"lazy\" decoding=\"async\" class=\"size-full wp-image-7946 aligncenter\" src=\"http:\/\/azizgolddetector.com\/es\/wp-content\/uploads\/2022\/05\/detector-de-metales-de-oro-contacto-aziz-detector-de-metales-de-oro-whatsapp-detextor.png\" alt=\"\" width=\"237\" height=\"38\" \/><\/a><\/p>\n<p><a href=\"https:\/\/form.jotform.com\/221593318570053\" target=\"_blank\" rel=\"noopener\"><img loading=\"lazy\" decoding=\"async\" class=\"size-full wp-image-7947 aligncenter\" src=\"http:\/\/azizgolddetector.com\/es\/wp-content\/uploads\/2022\/05\/detector-de-metales-de-oro-contacto-aziz-detector-de-metales-de-oro-form-detector.png\" alt=\"\" width=\"269\" height=\"38\" \/><\/a><\/p>\n","protected":false},"featured_media":7938,"comment_status":"open","ping_status":"closed","template":"","meta":[],"product_cat":[15],"product_tag":[38],"class_list":["post-7873","product","type-product","status-publish","has-post-thumbnail","hentry","product_cat-detectores","product_tag-detector-de-metales-de-oro"],"_links":{"self":[{"href":"https:\/\/azizgolddetector.com\/es\/wp-json\/wp\/v2\/product\/7873","targetHints":{"allow":["GET"]}}],"collection":[{"href":"https:\/\/azizgolddetector.com\/es\/wp-json\/wp\/v2\/product"}],"about":[{"href":"https:\/\/azizgolddetector.com\/es\/wp-json\/wp\/v2\/types\/product"}],"replies":[{"embeddable":true,"href":"https:\/\/azizgolddetector.com\/es\/wp-json\/wp\/v2\/comments?post=7873"}],"wp:featuredmedia":[{"embeddable":true,"href":"https:\/\/azizgolddetector.com\/es\/wp-json\/wp\/v2\/media\/7938"}],"wp:attachment":[{"href":"https:\/\/azizgolddetector.com\/es\/wp-json\/wp\/v2\/media?parent=7873"}],"wp:term":[{"taxonomy":"product_cat","embeddable":true,"href":"https:\/\/azizgolddetector.com\/es\/wp-json\/wp\/v2\/product_cat?post=7873"},{"taxonomy":"product_tag","embeddable":true,"href":"https:\/\/azizgolddetector.com\/es\/wp-json\/wp\/v2\/product_tag?post=7873"}],"curies":[{"name":"wp","href":"https:\/\/api.w.org\/{rel}","templated":true}]}}