{"id":7852,"date":"2022-05-26T03:08:42","date_gmt":"2022-05-26T00:08:42","guid":{"rendered":"http:\/\/azizgolddetector.com\/es\/?post_type=product&#038;p=7852"},"modified":"2022-06-20T16:04:21","modified_gmt":"2022-06-20T13:04:21","slug":"via-gold-lrl-dispositivo-de-escaneo-de-campo-de-escaner","status":"publish","type":"product","link":"https:\/\/azizgolddetector.com\/es\/product\/via-gold-lrl-dispositivo-de-escaneo-de-campo-de-escaner\/","title":{"rendered":"Via Gold LRL Dispositivo de Escaneo de Campo de Esc\u00e1ner"},"content":{"rendered":"<h2 class=\"team-member--name\" style=\"text-align: center;\"><span style=\"color: #ff0000;\">Via Gold LRL Scanner Field Scanning Device<\/span><\/h2>\n<p>Una de las caracter\u00edsticas m\u00e1s importantes del sistema VIA GOLD LRL SCANNER, el dispositivo de escaneo de campo, es que tiene una pantalla digital recargable y elegante unida a la cintura y le brindar\u00e1 una gran comodidad para encontrar tesoros que han perdido visibilidad gracias al ondas de frecuencia emitidas en la pantalla.<\/p>\n<p><img loading=\"lazy\" decoding=\"async\" class=\"wp-image-7865 aligncenter\" src=\"http:\/\/azizgolddetector.com\/es\/wp-content\/uploads\/2022\/05\/a-traves-del-detector-de-escaneo-de-campo-lrl-de-oro-detector-de-oro-con-escaner-lrl-de-oro-a-traves-del-detector-de-e.webp\" alt=\"\" width=\"600\" height=\"312\" srcset=\"https:\/\/azizgolddetector.com\/es\/wp-content\/uploads\/2022\/05\/a-traves-del-detector-de-escaneo-de-campo-lrl-de-oro-detector-de-oro-con-escaner-lrl-de-oro-a-traves-del-detector-de-e.webp 858w, https:\/\/azizgolddetector.com\/es\/wp-content\/uploads\/2022\/05\/a-traves-del-detector-de-escaneo-de-campo-lrl-de-oro-detector-de-oro-con-escaner-lrl-de-oro-a-traves-del-detector-de-e-600x312.webp 600w, https:\/\/azizgolddetector.com\/es\/wp-content\/uploads\/2022\/05\/a-traves-del-detector-de-escaneo-de-campo-lrl-de-oro-detector-de-oro-con-escaner-lrl-de-oro-a-traves-del-detector-de-e-300x156.webp 300w, https:\/\/azizgolddetector.com\/es\/wp-content\/uploads\/2022\/05\/a-traves-del-detector-de-escaneo-de-campo-lrl-de-oro-detector-de-oro-con-escaner-lrl-de-oro-a-traves-del-detector-de-e-768x399.webp 768w\" sizes=\"auto, (max-width: 600px) 100vw, 600px\" \/><\/p>\n<p>El dispositivo de escaneo de campo VIAGOLD LRL SCANNER es uno de los mejores sistemas de escaneo de campo con sus caracter\u00edsticas y uso para encontrar su objetivo en los campos con marcas de tesoros pertenecientes a civilizaciones, marcas de tesoros hechas por armenios y griegos en rocas mientras esconde tesoros y tesoros y la opci\u00f3n de ajustar seg\u00fan los modos de frecuencia que desee de 01 a 9.9.<\/p>\n<p><img loading=\"lazy\" decoding=\"async\" class=\"wp-image-7866 aligncenter\" src=\"http:\/\/azizgolddetector.com\/es\/wp-content\/uploads\/2022\/05\/dispositivo-de-escaneo-de-campo-detector-de-escaneo-de-campo-a-traves-del-detector-de-escaneo-de-campo-lrl-de-oro-a-tr.webp\" alt=\"\" width=\"598\" height=\"311\" srcset=\"https:\/\/azizgolddetector.com\/es\/wp-content\/uploads\/2022\/05\/dispositivo-de-escaneo-de-campo-detector-de-escaneo-de-campo-a-traves-del-detector-de-escaneo-de-campo-lrl-de-oro-a-tr.webp 858w, https:\/\/azizgolddetector.com\/es\/wp-content\/uploads\/2022\/05\/dispositivo-de-escaneo-de-campo-detector-de-escaneo-de-campo-a-traves-del-detector-de-escaneo-de-campo-lrl-de-oro-a-tr-600x312.webp 600w, https:\/\/azizgolddetector.com\/es\/wp-content\/uploads\/2022\/05\/dispositivo-de-escaneo-de-campo-detector-de-escaneo-de-campo-a-traves-del-detector-de-escaneo-de-campo-lrl-de-oro-a-tr-300x156.webp 300w, https:\/\/azizgolddetector.com\/es\/wp-content\/uploads\/2022\/05\/dispositivo-de-escaneo-de-campo-detector-de-escaneo-de-campo-a-traves-del-detector-de-escaneo-de-campo-lrl-de-oro-a-tr-768x399.webp 768w\" sizes=\"auto, (max-width: 598px) 100vw, 598px\" \/><\/p>\n<p>El dispositivo de escaneo de campo VIAGOLD LRL SCANNER puede encontrar tumbas de c\u00e1mara romana de roca, c\u00e1mara bizantina y tumbas de roca, entradas de t\u00faneles de t\u00famulos, pozos cerrados y s\u00f3tanos alrededor de 100 metros y 200 metros con una garant\u00eda del 50%. Con el dispositivo de escaneo de campo VIAGOLD LRL, puede usarlo f\u00e1cilmente para encontrar tesoros enterrados y tumbas de c\u00e1mara subterr\u00e1nea con su aparato de un solo uso.<\/p>\n<p><img loading=\"lazy\" decoding=\"async\" class=\"wp-image-7867 aligncenter\" src=\"http:\/\/azizgolddetector.com\/es\/wp-content\/uploads\/2022\/05\/dispositivo-de-escaneo-de-campo-detector-de-escaneo-de-campo-a-traves-del-detector-de-escaneo-de-campo-lrl-de-oro-dete.webp\" alt=\"\" width=\"600\" height=\"312\" srcset=\"https:\/\/azizgolddetector.com\/es\/wp-content\/uploads\/2022\/05\/dispositivo-de-escaneo-de-campo-detector-de-escaneo-de-campo-a-traves-del-detector-de-escaneo-de-campo-lrl-de-oro-dete.webp 858w, https:\/\/azizgolddetector.com\/es\/wp-content\/uploads\/2022\/05\/dispositivo-de-escaneo-de-campo-detector-de-escaneo-de-campo-a-traves-del-detector-de-escaneo-de-campo-lrl-de-oro-dete-600x312.webp 600w, https:\/\/azizgolddetector.com\/es\/wp-content\/uploads\/2022\/05\/dispositivo-de-escaneo-de-campo-detector-de-escaneo-de-campo-a-traves-del-detector-de-escaneo-de-campo-lrl-de-oro-dete-300x156.webp 300w, https:\/\/azizgolddetector.com\/es\/wp-content\/uploads\/2022\/05\/dispositivo-de-escaneo-de-campo-detector-de-escaneo-de-campo-a-traves-del-detector-de-escaneo-de-campo-lrl-de-oro-dete-768x399.webp 768w\" sizes=\"auto, (max-width: 600px) 100vw, 600px\" \/><\/p>\n<p>Es un sistema que definitivamente debe preferirse para la exploraci\u00f3n y detecci\u00f3n preliminares incluso en las condiciones clim\u00e1ticas m\u00e1s dif\u00edciles cuando se conectan las antenas cu\u00e1druples para encontrar grandes tesoros con el sistema VIAGOLD para escaneo de \u00e1reas.<\/p>\n<p><img loading=\"lazy\" decoding=\"async\" class=\"wp-image-7868 aligncenter\" src=\"http:\/\/azizgolddetector.com\/es\/wp-content\/uploads\/2022\/05\/dispositivo-de-escaneo-de-campo-detector-de-escaneo-de-campo-a-traves-del-detector-de-escaneo-de-campo-lrl-de-oro-herr.webp\" alt=\"\" width=\"602\" height=\"313\" srcset=\"https:\/\/azizgolddetector.com\/es\/wp-content\/uploads\/2022\/05\/dispositivo-de-escaneo-de-campo-detector-de-escaneo-de-campo-a-traves-del-detector-de-escaneo-de-campo-lrl-de-oro-herr.webp 858w, https:\/\/azizgolddetector.com\/es\/wp-content\/uploads\/2022\/05\/dispositivo-de-escaneo-de-campo-detector-de-escaneo-de-campo-a-traves-del-detector-de-escaneo-de-campo-lrl-de-oro-herr-600x312.webp 600w, https:\/\/azizgolddetector.com\/es\/wp-content\/uploads\/2022\/05\/dispositivo-de-escaneo-de-campo-detector-de-escaneo-de-campo-a-traves-del-detector-de-escaneo-de-campo-lrl-de-oro-herr-300x156.webp 300w, https:\/\/azizgolddetector.com\/es\/wp-content\/uploads\/2022\/05\/dispositivo-de-escaneo-de-campo-detector-de-escaneo-de-campo-a-traves-del-detector-de-escaneo-de-campo-lrl-de-oro-herr-768x399.webp 768w\" sizes=\"auto, (max-width: 602px) 100vw, 602px\" \/><\/p>\n<p>Incluso aquellos que usar\u00e1n un dispositivo de escaneo de campo por primera vez podr\u00e1n usarlo muy f\u00e1cilmente para encontrar tumbas construidas bajo tierra y en rocas, tesoros enterrados, monedas de plata, bronce y estatuas. El dispositivo de escaneo de campo con pantalla tiene un sistema de trabajo muy diferente al de los dispositivos de escaneo de campo que ha conocido hasta ahora.<\/p>\n<p><img loading=\"lazy\" decoding=\"async\" class=\"wp-image-7871 aligncenter\" src=\"http:\/\/azizgolddetector.com\/es\/wp-content\/uploads\/2022\/05\/dispositivo-de-escaneo-de-campo-herramienta-de-escaneo-de-campo-detector-de-escaneo-de-campo-detector-de-oro-con-escan.webp\" alt=\"\" width=\"600\" height=\"312\" srcset=\"https:\/\/azizgolddetector.com\/es\/wp-content\/uploads\/2022\/05\/dispositivo-de-escaneo-de-campo-herramienta-de-escaneo-de-campo-detector-de-escaneo-de-campo-detector-de-oro-con-escan.webp 858w, https:\/\/azizgolddetector.com\/es\/wp-content\/uploads\/2022\/05\/dispositivo-de-escaneo-de-campo-herramienta-de-escaneo-de-campo-detector-de-escaneo-de-campo-detector-de-oro-con-escan-600x312.webp 600w, https:\/\/azizgolddetector.com\/es\/wp-content\/uploads\/2022\/05\/dispositivo-de-escaneo-de-campo-herramienta-de-escaneo-de-campo-detector-de-escaneo-de-campo-detector-de-oro-con-escan-300x156.webp 300w, https:\/\/azizgolddetector.com\/es\/wp-content\/uploads\/2022\/05\/dispositivo-de-escaneo-de-campo-herramienta-de-escaneo-de-campo-detector-de-escaneo-de-campo-detector-de-oro-con-escan-768x399.webp 768w\" sizes=\"auto, (max-width: 600px) 100vw, 600px\" \/><\/p>\n<p>El dispositivo de escaneo de campo Gold LRL Scanner Via GOld, tiene modo autom\u00e1tico de discriminaci\u00f3n de oro, espacio, plata y metal.<\/p>\n<p><img loading=\"lazy\" decoding=\"async\" class=\"wp-image-7869 aligncenter\" src=\"http:\/\/azizgolddetector.com\/es\/wp-content\/uploads\/2022\/05\/dispositivo-de-escaneo-de-campo-detector-de-escaneo-de-campo-detector-de-oro-con-escaner-lrl-de-oro-a-traves-del-detec.webp\" alt=\"\" width=\"598\" height=\"311\" srcset=\"https:\/\/azizgolddetector.com\/es\/wp-content\/uploads\/2022\/05\/dispositivo-de-escaneo-de-campo-detector-de-escaneo-de-campo-detector-de-oro-con-escaner-lrl-de-oro-a-traves-del-detec.webp 858w, https:\/\/azizgolddetector.com\/es\/wp-content\/uploads\/2022\/05\/dispositivo-de-escaneo-de-campo-detector-de-escaneo-de-campo-detector-de-oro-con-escaner-lrl-de-oro-a-traves-del-detec-600x312.webp 600w, https:\/\/azizgolddetector.com\/es\/wp-content\/uploads\/2022\/05\/dispositivo-de-escaneo-de-campo-detector-de-escaneo-de-campo-detector-de-oro-con-escaner-lrl-de-oro-a-traves-del-detec-300x156.webp 300w, https:\/\/azizgolddetector.com\/es\/wp-content\/uploads\/2022\/05\/dispositivo-de-escaneo-de-campo-detector-de-escaneo-de-campo-detector-de-oro-con-escaner-lrl-de-oro-a-traves-del-detec-768x399.webp 768w\" sizes=\"auto, (max-width: 598px) 100vw, 598px\" \/><\/p>\n<h2><span style=\"color: #ff0000;\"><strong>PIEZAS QUE FORMAN EL ESCANEO DE CAMPO DEL ESC\u00c1NER VIAGOLD LRL.<\/strong><\/span><\/h2>\n<ul>\n<li>Caja de circuito de frecuencia blindada recargable montada en la cintura.<\/li>\n<li>Aparato de lat\u00f3n enchapado especialmente mezclado con c\u00e1mara de un solo uso.<\/li>\n<li>Aparato de mezcla especial de uso mutuo para dos personas.<\/li>\n<li>2 antenas de un solo uso con rodamientos de bolas para un solo uso.<\/li>\n<li>4 antenas para uso mutuo por dos personas.<\/li>\n<li>Cables de interconexi\u00f3n.<\/li>\n<li>El cargador que carga la caja de la pantalla.<\/li>\n<li>Bolsa con esponja con cobertura interior de tela con borde especial.<\/li>\n<li>Manual de usuario que escribe el uso de via gold lrl.<\/li>\n<\/ul>\n<p><img loading=\"lazy\" decoding=\"async\" class=\"alignnone size-full wp-image-7872\" src=\"http:\/\/azizgolddetector.com\/es\/wp-content\/uploads\/2022\/05\/dispositivo-de-escaneo-de-campo-herramienta-de-escaneo-de-campo-detector-de-escaneo-de-campo-a-traves-del-detector-de-1.webp\" alt=\"\" width=\"858\" height=\"446\" srcset=\"https:\/\/azizgolddetector.com\/es\/wp-content\/uploads\/2022\/05\/dispositivo-de-escaneo-de-campo-herramienta-de-escaneo-de-campo-detector-de-escaneo-de-campo-a-traves-del-detector-de-1.webp 858w, https:\/\/azizgolddetector.com\/es\/wp-content\/uploads\/2022\/05\/dispositivo-de-escaneo-de-campo-herramienta-de-escaneo-de-campo-detector-de-escaneo-de-campo-a-traves-del-detector-de-1-600x312.webp 600w, https:\/\/azizgolddetector.com\/es\/wp-content\/uploads\/2022\/05\/dispositivo-de-escaneo-de-campo-herramienta-de-escaneo-de-campo-detector-de-escaneo-de-campo-a-traves-del-detector-de-1-300x156.webp 300w, https:\/\/azizgolddetector.com\/es\/wp-content\/uploads\/2022\/05\/dispositivo-de-escaneo-de-campo-herramienta-de-escaneo-de-campo-detector-de-escaneo-de-campo-a-traves-del-detector-de-1-768x399.webp 768w\" sizes=\"auto, (max-width: 858px) 100vw, 858px\" \/><\/p>\n<h2><span style=\"color: #ff0000;\"><strong>Certificado de garant\u00eda que proporciona 2 a\u00f1os de garant\u00eda gratuita para piezas de 8 a\u00f1os<\/strong>.<\/span><\/h2>\n<p>El dispositivo de escaneo de campo Via Gold LRL Scanner puede detectar grandes tesoros subterr\u00e1neos, tumbas reales, s\u00f3tanos, entradas de t\u00faneles con muy poco error, gracias a las f\u00f3rmulas de mezcla especiales en el aparato de retenci\u00f3n de conductividad especialmente dise\u00f1ado. Gracias a su pantalla digital, es un cazador completo en la captura de su objetivo sin verse demasiado afectado por los minerales. Para aquellos que buscan tesoros y tesoros, especialmente en regiones monta\u00f1osas, pueden escanear a 200 metros de distancia para una exploraci\u00f3n preliminar.<\/p>\n<p>El dispositivo de escaneo de campo VIA GOLD LRL SCANNER brinda la oportunidad de buscar el mineral deseado colocando la sustancia que desea encontrar en su c\u00e1mara, gracias a su mezcla especial en las empu\u00f1aduras y su funci\u00f3n de c\u00e1mara. <a href=\"https:\/\/www.azizdedektor.com\/\">Tecnolog\u00edas de detectores Aziz<\/a>Al suscribirse a nuestros canales centrales de YouTube o al darle me gusta a nuestras p\u00e1ginas de Facebook, puede ver los videos de uso en la tierra. Si lo desea, puede llamar a nuestras oficinas de ventas en Turqu\u00eda y obtener 6 dispositivos de escaneo de \u00e1rea diferentes y 9 radares de im\u00e1genes subterr\u00e1neos diferentes de los representantes de los clientes.<\/p>\n<p>&nbsp;<\/p>\n","protected":false},"excerpt":{"rendered":"<p><strong>Opciones de Idioma del Detector<br \/>\n<\/strong><img decoding=\"async\" title=\"Home 10 \u2013\" src=\"https:\/\/azizgolddetector.com\/en\/wp-content\/uploads\/2022\/04\/Language-Options-TR-EN-AR.png\" alt=\"Home 5 \u2013 Language Options TR EN AR\" \/><br \/>\nUna de las caracter\u00edsticas m\u00e1s importantes del sistema VIA GOLD LRL SCANNER, el dispositivo de escaneo de campo, es que tiene una pantalla digital recargable y elegante unida a la cintura y le brindar\u00e1 una gran comodidad para encontrar tesoros que han perdido visibilidad gracias al ondas de frecuencia emitidas en la pantalla.<\/p>\n<p><a href=\"https:\/\/api.whatsapp.com\/send?phone=905059938118\" target=\"_blank\" rel=\"noopener\"><img loading=\"lazy\" decoding=\"async\" class=\"size-full wp-image-7946 aligncenter\" src=\"http:\/\/azizgolddetector.com\/es\/wp-content\/uploads\/2022\/05\/detector-de-metales-de-oro-contacto-aziz-detector-de-metales-de-oro-whatsapp-detextor.png\" alt=\"\" width=\"237\" height=\"38\" \/><\/a><\/p>\n<p><a href=\"https:\/\/form.jotform.com\/221593318570053\" target=\"_blank\" rel=\"noopener\"><img loading=\"lazy\" decoding=\"async\" class=\"size-full wp-image-7947 aligncenter\" src=\"http:\/\/azizgolddetector.com\/es\/wp-content\/uploads\/2022\/05\/detector-de-metales-de-oro-contacto-aziz-detector-de-metales-de-oro-form-detector.png\" alt=\"\" width=\"269\" height=\"38\" \/><\/a><\/p>\n","protected":false},"featured_media":7945,"comment_status":"open","ping_status":"closed","template":"","meta":[],"product_cat":[15],"product_tag":[37],"class_list":["post-7852","product","type-product","status-publish","has-post-thumbnail","hentry","product_cat-detectores","product_tag-dispositivo-detector-de-escaneo"],"_links":{"self":[{"href":"https:\/\/azizgolddetector.com\/es\/wp-json\/wp\/v2\/product\/7852","targetHints":{"allow":["GET"]}}],"collection":[{"href":"https:\/\/azizgolddetector.com\/es\/wp-json\/wp\/v2\/product"}],"about":[{"href":"https:\/\/azizgolddetector.com\/es\/wp-json\/wp\/v2\/types\/product"}],"replies":[{"embeddable":true,"href":"https:\/\/azizgolddetector.com\/es\/wp-json\/wp\/v2\/comments?post=7852"}],"wp:featuredmedia":[{"embeddable":true,"href":"https:\/\/azizgolddetector.com\/es\/wp-json\/wp\/v2\/media\/7945"}],"wp:attachment":[{"href":"https:\/\/azizgolddetector.com\/es\/wp-json\/wp\/v2\/media?parent=7852"}],"wp:term":[{"taxonomy":"product_cat","embeddable":true,"href":"https:\/\/azizgolddetector.com\/es\/wp-json\/wp\/v2\/product_cat?post=7852"},{"taxonomy":"product_tag","embeddable":true,"href":"https:\/\/azizgolddetector.com\/es\/wp-json\/wp\/v2\/product_tag?post=7852"}],"curies":[{"name":"wp","href":"https:\/\/api.w.org\/{rel}","templated":true}]}}