{"id":7825,"date":"2022-05-26T02:34:27","date_gmt":"2022-05-25T23:34:27","guid":{"rendered":"http:\/\/azizgolddetector.com\/es\/?post_type=product&#038;p=7825"},"modified":"2025-08-05T13:56:27","modified_gmt":"2025-08-05T10:56:27","slug":"a6-plus-detector-de-oro-y-tesoros","status":"publish","type":"product","link":"https:\/\/azizgolddetector.com\/es\/product\/a6-plus-detector-de-oro-y-tesoros\/","title":{"rendered":"A6 PLUS Detector de Oro y Tesoros"},"content":{"rendered":"<h2 style=\"text-align: center;\"><span style=\"color: #ff0000;\">A6 PLUS Detector de Oro y Tesoros<\/span><\/h2>\n<p>Con el precio del detector de tesoros de oro A6 plus en tecnolog\u00eda de detectores y <strong>3 DIFERENTES 7 Khz,\u00a0 14 Khz 20 Khz<\/strong>\u00a0 dise\u00f1o de bobina y dise\u00f1ado en 2 sistemas diferentes <strong>A6 PLUS<\/strong> El detector tiene las caracter\u00edsticas de una discriminaci\u00f3n m\u00e1s clara en piezas peque\u00f1as y la capacidad de encontrar valiosos restos arqueol\u00f3gicos y piezas de oro mucho m\u00e1s profundas en piezas grandes.<\/p>\n<p><img loading=\"lazy\" decoding=\"async\" class=\"size-full wp-image-7826 aligncenter\" src=\"http:\/\/azizgolddetector.com\/es\/wp-content\/uploads\/2022\/05\/a6-mas-detector-de-oro-detector-de-prospeccion-de-oro-detector-de-minas-detector-visual.webp\" alt=\"\" width=\"713\" height=\"263\" srcset=\"https:\/\/azizgolddetector.com\/es\/wp-content\/uploads\/2022\/05\/a6-mas-detector-de-oro-detector-de-prospeccion-de-oro-detector-de-minas-detector-visual.webp 713w, https:\/\/azizgolddetector.com\/es\/wp-content\/uploads\/2022\/05\/a6-mas-detector-de-oro-detector-de-prospeccion-de-oro-detector-de-minas-detector-visual-600x221.webp 600w, https:\/\/azizgolddetector.com\/es\/wp-content\/uploads\/2022\/05\/a6-mas-detector-de-oro-detector-de-prospeccion-de-oro-detector-de-minas-detector-visual-300x111.webp 300w\" sizes=\"auto, (max-width: 713px) 100vw, 713px\" \/><\/p>\n<p><strong>A6 PLUS B\u00daSQUEDA VELOCIDAD Y B\u00daSQUEDA LENTA<\/strong>\u00a0Gracias a su caracter\u00edstica, ser\u00e1 la primera elecci\u00f3n de los principiantes y buscadores de tesoros aventureros que haces busqueda PROFESIONAL. Definitivamente no le recomendamos que compre un dispositivo sin ver y probar la TECNOLOG\u00cdA DEL DETECTOR A6 PLUS y compararla.<\/p>\n<p>&nbsp;<\/p>\n<h2><span style=\"color: #ff0000;\">REVOLUCIONARIO EN TECNOLOG\u00cdA DE DETECTORES<\/span><\/h2>\n<h2><span style=\"color: #ff0000;\">A6 PLUS 2 SISTEMAS EN UN SOLO DISPOSITIVO<\/span><\/h2>\n<p><img loading=\"lazy\" decoding=\"async\" class=\"size-full wp-image-7827 aligncenter\" src=\"http:\/\/azizgolddetector.com\/es\/wp-content\/uploads\/2022\/05\/a6-mas-detector-de-oro-detector-de-prospeccion-de-oro-detector-de-minas.webp\" alt=\"\" width=\"713\" height=\"263\" srcset=\"https:\/\/azizgolddetector.com\/es\/wp-content\/uploads\/2022\/05\/a6-mas-detector-de-oro-detector-de-prospeccion-de-oro-detector-de-minas.webp 713w, https:\/\/azizgolddetector.com\/es\/wp-content\/uploads\/2022\/05\/a6-mas-detector-de-oro-detector-de-prospeccion-de-oro-detector-de-minas-600x221.webp 600w, https:\/\/azizgolddetector.com\/es\/wp-content\/uploads\/2022\/05\/a6-mas-detector-de-oro-detector-de-prospeccion-de-oro-detector-de-minas-300x111.webp 300w\" sizes=\"auto, (max-width: 713px) 100vw, 713px\" \/><\/p>\n<p>Funci\u00f3n de b\u00fasqueda de gr\u00e1ficos 2D en vivo<\/p>\n<ul>\n<li>Caracter\u00edstica de discriminaci\u00f3n gr\u00e1fica 2D en vivo<\/li>\n<li>Metales ferrosos con caracter\u00edstica de discriminaci\u00f3n del 70%<\/li>\n<li>Capacidad para encontrar espacios vacios<\/li>\n<li>Capacidad para tamizar y detectar minerales.<\/li>\n<li>Caracter\u00edstica de c\u00e1lculo de profundidad<\/li>\n<li>con bobina de b\u00fasqueda profunda de 7 Khz<\/li>\n<li>funci\u00f3n de b\u00fasqueda slov<\/li>\n<\/ul>\n<p><strong>\u00a0<\/strong><\/p>\n<ol>\n<li>FUNCI\u00d3N DE B\u00daSQUEDA DE VELOCIDAD DIGITAL<br \/>\nLa caracter\u00edstica de distinguir todos los metales con n\u00fameros num\u00e9ricos.<\/li>\n<\/ol>\n<ul>\n<li>Funci\u00f3n de discriminaci\u00f3n con sistema de audio<\/li>\n<li>Funci\u00f3n de enfoque con tecnolog\u00eda de puntos<\/li>\n<li>Funci\u00f3n de discriminaci\u00f3n de detecci\u00f3n con sonido de umbral<\/li>\n<li>Eliminaci\u00f3n del 70% de hierro con Iron Record<\/li>\n<li>El filtro 2d puede filtrar metales.<\/li>\n<li>Posibilidad de borrar ladrillos calientes y horneados con Hotrock<\/li>\n<li>Funci\u00f3n de mejora de ultra profundidad con ganancia de Rx<\/li>\n<li>Funci\u00f3n de reconocimiento autom\u00e1tico de frecuencia de bobina frg<\/li>\n<\/ul>\n<p><img loading=\"lazy\" decoding=\"async\" class=\"size-full wp-image-7828 aligncenter\" src=\"http:\/\/azizgolddetector.com\/es\/wp-content\/uploads\/2022\/05\/a6-mas-detector-de-oro-detector-de-prospeccion-de-oro-detector-de-monedas-detector-de-metales.webp\" alt=\"\" width=\"713\" height=\"263\" srcset=\"https:\/\/azizgolddetector.com\/es\/wp-content\/uploads\/2022\/05\/a6-mas-detector-de-oro-detector-de-prospeccion-de-oro-detector-de-monedas-detector-de-metales.webp 713w, https:\/\/azizgolddetector.com\/es\/wp-content\/uploads\/2022\/05\/a6-mas-detector-de-oro-detector-de-prospeccion-de-oro-detector-de-monedas-detector-de-metales-600x221.webp 600w, https:\/\/azizgolddetector.com\/es\/wp-content\/uploads\/2022\/05\/a6-mas-detector-de-oro-detector-de-prospeccion-de-oro-detector-de-monedas-detector-de-metales-300x111.webp 300w\" sizes=\"auto, (max-width: 713px) 100vw, 713px\" \/><\/p>\n<ul>\n<li>El detector A6 Plus, que es revolucionario en tecnolog\u00eda de detectores, es un dispositivo de b\u00fasqueda de oro y tesoros dise\u00f1ado junto con 2 tecnolog\u00edas diferentes. Gracias a los gr\u00e1ficos 2D en vivo y la funci\u00f3n de b\u00fasqueda lenta en b\u00fasquedas profundas de oro y tesoros, brinda la oportunidad de trabajar con grandes enterramientos de oro y tesoros de hasta 2,5 metros netos a 4 metros de profundidad en todo tipo de estructuras de suelo con un rendimiento muy alto.<\/li>\n<\/ul>\n<p>&nbsp;<\/p>\n<ul>\n<li>Separaci\u00f3n de oro; Despu\u00e9s de detectar todos los metales con el detector A6 Plus, puede distinguir y detectar el 70% de metales con gr\u00e1ficos 2D Live gracias a la secci\u00f3n de discriminaci\u00f3n y an\u00e1lisis.A6 PLUS tiene un sistema m\u00e1s claramente ajustable y configuraciones de calibraci\u00f3n en suelos minerales y rocas. Con el A6 PLUS, puede buscar en los modos de b\u00fasqueda \u00a0 2D GRAFICOS EN VIVO o en el modo BUSQUEDA RAPIDA \u00a0.<\/li>\n<\/ul>\n<p><img loading=\"lazy\" decoding=\"async\" class=\"size-full wp-image-7829 aligncenter\" src=\"http:\/\/azizgolddetector.com\/es\/wp-content\/uploads\/2022\/05\/a6-mas-detector-de-oro-detector-de-prospeccion-de-oro-detector-de-monedas-detector-de-tesoros-a6-plus-detector-de-santos.webp\" alt=\"\" width=\"713\" height=\"263\" srcset=\"https:\/\/azizgolddetector.com\/es\/wp-content\/uploads\/2022\/05\/a6-mas-detector-de-oro-detector-de-prospeccion-de-oro-detector-de-monedas-detector-de-tesoros-a6-plus-detector-de-santos.webp 713w, https:\/\/azizgolddetector.com\/es\/wp-content\/uploads\/2022\/05\/a6-mas-detector-de-oro-detector-de-prospeccion-de-oro-detector-de-monedas-detector-de-tesoros-a6-plus-detector-de-santos-600x221.webp 600w, https:\/\/azizgolddetector.com\/es\/wp-content\/uploads\/2022\/05\/a6-mas-detector-de-oro-detector-de-prospeccion-de-oro-detector-de-monedas-detector-de-tesoros-a6-plus-detector-de-santos-300x111.webp 300w\" sizes=\"auto, (max-width: 713px) 100vw, 713px\" \/><\/p>\n<p>Detecci\u00f3n de ESPACIOS; Con el A6 Plus, le permitir\u00e1 detectar los puntos de inicio y finalizaci\u00f3n de las c\u00e1maras funerarias y los t\u00faneles de los s\u00f3tanos bajo el suelo o en la roca, y detectar y analizar en azul con gr\u00e1ficos 2D en vivo. Nos permite comprender cu\u00e1n profundas, anchas y largas son las estructuras de cavidades y t\u00faneles que se encuentran con el A6 plus.<\/p>\n<p>&nbsp;<\/p>\n<ul>\n<li>metales mezclados; El detector A6 Plus, al detectar tipos mixtos de se\u00f1ales recibidas bajo tierra, metales y objetos en 3 sonidos diferentes y 3 tonos de color diferentes, le pide que busque con m\u00e1s cuidado y control. El tipo de acero A6 PLUS y el tipo galvanizado le permiten detectar piezas de metal extremadamente desgastadas con 3 colores y sonidos diferentes.<\/li>\n<\/ul>\n<p>&nbsp;<\/p>\n<ul>\n<li>Configuraci\u00f3n del dispositivo; Con el dispositivo de oro y tesoro A6 Plus, en la secci\u00f3n de configuraci\u00f3n del dispositivo, proporciona la configuraci\u00f3n que desee, gracias al sonido, la luz, la profundidad, el encendido y apagado sin valor, la configuraci\u00f3n de f\u00e1brica y las opciones de idioma. El detector A6 PLUS con pantalla proporciona un uso y ajuste muy c\u00f3modo y f\u00e1cil, incluso para principiantes.<\/li>\n<\/ul>\n<p><img loading=\"lazy\" decoding=\"async\" class=\" wp-image-7830 aligncenter\" src=\"http:\/\/azizgolddetector.com\/es\/wp-content\/uploads\/2022\/05\/a6-mas-detector-de-oro-detector-de-prospeccion-de-oro-detector-de-minas-detector-de-pantalla.webp\" alt=\"\" width=\"600\" height=\"480\" srcset=\"https:\/\/azizgolddetector.com\/es\/wp-content\/uploads\/2022\/05\/a6-mas-detector-de-oro-detector-de-prospeccion-de-oro-detector-de-minas-detector-de-pantalla.webp 750w, https:\/\/azizgolddetector.com\/es\/wp-content\/uploads\/2022\/05\/a6-mas-detector-de-oro-detector-de-prospeccion-de-oro-detector-de-minas-detector-de-pantalla-600x480.webp 600w, https:\/\/azizgolddetector.com\/es\/wp-content\/uploads\/2022\/05\/a6-mas-detector-de-oro-detector-de-prospeccion-de-oro-detector-de-minas-detector-de-pantalla-300x240.webp 300w\" sizes=\"auto, (max-width: 600px) 100vw, 600px\" \/><\/p>\n<ul>\n<li>Distinci\u00f3n valiosa; Despu\u00e9s de detectar todos los metales con el detector A6 Plus, le permitir\u00e1 distinguir el 70% de los objetos y piezas de plata preciosa, bronce, bronce, plomo y galvanizados en DIFERENTES tonos y colores verdes en modo de discriminaci\u00f3n.<\/li>\n<\/ul>\n<p>&nbsp;<\/p>\n<ul>\n<li>Discriminaci\u00f3n de valores; A6 Plus detecta un metal que se detecta bajo tierra.<br \/>\nEn el modo de discriminaci\u00f3n, el tipo basura reportar\u00e1 clavos, esta\u00f1o, piezas de metal podridas como un 60% sin valor con gr\u00e1ficos 2D en vivo en color rojo y diferentes tonos.<\/li>\n<\/ul>\n<p>&nbsp;<\/p>\n<ul>\n<li>En la detecci\u00f3n de profundidad, el detector A6 Plus le permite detectar el 90% de la profundidad de los preciosos objetos met\u00e1licos de oro, plata, bronce, bronce y estructuras espaciales subterr\u00e1neas en roca y suelo hasta 2-5 metros. A6 PLUS tambi\u00e9n le permite comprender los puntos de inicio y finalizaci\u00f3n de las habitaciones bajo tierra.<\/li>\n<\/ul>\n<p><img loading=\"lazy\" decoding=\"async\" class=\"wp-image-7831 aligncenter\" src=\"http:\/\/azizgolddetector.com\/es\/wp-content\/uploads\/2022\/05\/a6-mas-detector-de-oro-detector-de-prospeccion-de-oro-detector-de-minas-detector-profundo.webp\" alt=\"\" width=\"600\" height=\"480\" srcset=\"https:\/\/azizgolddetector.com\/es\/wp-content\/uploads\/2022\/05\/a6-mas-detector-de-oro-detector-de-prospeccion-de-oro-detector-de-minas-detector-profundo.webp 750w, https:\/\/azizgolddetector.com\/es\/wp-content\/uploads\/2022\/05\/a6-mas-detector-de-oro-detector-de-prospeccion-de-oro-detector-de-minas-detector-profundo-600x480.webp 600w, https:\/\/azizgolddetector.com\/es\/wp-content\/uploads\/2022\/05\/a6-mas-detector-de-oro-detector-de-prospeccion-de-oro-detector-de-minas-detector-profundo-300x240.webp 300w\" sizes=\"auto, (max-width: 600px) 100vw, 600px\" \/><\/p>\n<h2><span style=\"color: #ff0000;\">A6 PLUS ACCESORIOS<\/span><\/h2>\n<ul>\n<li>Bobina de B\u00fasqueda Profunda de 7 Khz 38&#215;41<\/li>\n<li>Bobina de B\u00fasqueda Est\u00e1ndar de 14 Khz 28&#215;32<\/li>\n<li>Bobina de B\u00fasqueda Peque\u00f1a de 20 Khz 16&#215;24<\/li>\n<li>Cargador de Litio<\/li>\n<li>Auriculares<\/li>\n<li>Bolsa de Equipaje Impermeable<\/li>\n<li>2 Mt neto 4 Mt de profundidad<\/li>\n<li><\/li>\n<\/ul>\n<p><strong> CARACTER\u00cdSTICAS Y FUNCIONES DE B\u00daSQUEDA R\u00c1PIDA DEL A6 Plus<\/strong><\/p>\n<p><strong>Audio:<\/strong> Se utiliza para subir y bajar los sonidos dentro del dispositivo.<\/p>\n<p>Por lo tanto, le permite ajustar tanto como pueda escuchar.<\/p>\n<p><strong>Luz : <\/strong>Por la noche y por la noche ajustando el nivel de luz del medidor de nivel de luz<\/p>\n<p>Le permite buscar de forma m\u00e1s segura en las llamadas diurnas.<\/p>\n<p><strong>Sensibilidad:<\/strong> Le permite subir y bajar la profundidad. Seg\u00fan la estructura del suelo<\/p>\n<p>El ajuste de sensibilidad debe reducirse o aumentarse.<\/p>\n<p>Es el detalle m\u00e1s importante que los usuarios deben conocer.<\/p>\n<p><strong>Umbral :<\/strong> Puede comprender el sonido de umbral ajust\u00e1ndolo en diferentes tonos seg\u00fan el tipo de metales.<\/p>\n<p>proporciona. Adem\u00e1s, de cero a 20 seg\u00fan el tono de sonido que sea del agrado de tu o\u00eddo.<\/p>\n<p>Puede ajustar cambiando entre<\/p>\n<p><strong>Registro de hierro:<\/strong> En el sistema de registro de hierro, mientras se detectan metales de tipo hierro con ajuste cero en tonos, se detectan metales preciosos como oro, plata, bronce, bronce, que est\u00e1n en la clase valiosa.<\/p>\n<p>Puede detectar objetos en diferentes n\u00fameros num\u00e9ricos y de sonido.<\/p>\n<p><strong>Filtro ZB:<\/strong> Interferencia y ruido del filtro ZB en suelos minerales y suelos h\u00famedos<\/p>\n<p>Proporciona una b\u00fasqueda saludable mediante el filtrado.<\/p>\n<p><strong>Hotrock:<\/strong> En esta secci\u00f3n, realiza el proceso de limpieza de las estructuras de ladrillo cocido en caliente,<\/p>\n<p>Elimina par\u00e1sitos sin ser afectado por piezas tipo teja.<\/p>\n<p><strong>Rx- Ganancia:<\/strong> A medida que aumenta los n\u00fameros, proporciona profundidad adicional al dispositivo, lo que le permite encontrar oro, dinero, objetos y joyas al detectar un 10% m\u00e1s profundo. A medida que reduce los n\u00fameros, no se ve afectado por las estructuras minerales en la estructura del suelo.<\/p>\n<p><strong>Frq:<\/strong> 3 configuraciones de bobina diferentes utilizadas en el detector A6 PLUS 14 Khz (bobina de b\u00fasqueda est\u00e1ndar 26&#215;32) 20 Khz (bobina de b\u00fasqueda peque\u00f1a 16&#215;24), 7 Khz (bobina de b\u00fasqueda profunda 38&#215;42) define autom\u00e1ticamente la configuraci\u00f3n de frecuencia cuando se instala.<\/p>\n<p>&nbsp;<\/p>\n<p>El uso de estos t\u00edtulos de acuerdo con las condiciones de b\u00fasqueda que buscar\u00e1 y los objetos met\u00e1licos que buscar\u00e1 proporcionar\u00e1n un an\u00e1lisis de separaci\u00f3n m\u00e1s saludable desde profundidades m\u00e1s profundas. Los modos de b\u00fasqueda r\u00e1pida del detector A6 PLUS, dise\u00f1ado tanto para profesionales como para aficionados, le permitir\u00e1n obtener mejores resultados especialmente en b\u00fasquedas de una sola moneda, y detectar con mayor claridad oro, plata, bronce, bronce, objetos valiosos y sus restos.<\/p>\n<p>&nbsp;<\/p>\n","protected":false},"excerpt":{"rendered":"<p><strong>Opciones de Idioma del Detector<\/strong><br \/>\n<img decoding=\"async\" title=\"Home 2 \u2013\" src=\"https:\/\/azizgolddetector.com\/en\/wp-content\/uploads\/2022\/04\/Language-Options-All.png\" alt=\"Home 1 \u2013 Language Options All\" \/><br \/>\nCon el precio del detector de tesoros de oro A6 plus en tecnolog\u00eda de detectores y <strong>3 DIFERENTES 7 Khz,\u00a0 14 Khz 20 Khz<\/strong>\u00a0 dise\u00f1o de bobina y dise\u00f1ado en 2 sistemas diferentes <strong>A6 PLUS<\/strong> El detector tiene las caracter\u00edsticas de una discriminaci\u00f3n m\u00e1s clara en piezas peque\u00f1as y la capacidad de encontrar valiosos restos arqueol\u00f3gicos y piezas de oro mucho m\u00e1s profundas en piezas grandes.<\/p>\n<p><a href=\"https:\/\/api.whatsapp.com\/send?phone=905425331010\" target=\"_blank\" rel=\"noopener\"><img loading=\"lazy\" decoding=\"async\" class=\"size-full wp-image-7946 aligncenter\" src=\"http:\/\/azizgolddetector.com\/es\/wp-content\/uploads\/2022\/05\/detector-de-metales-de-oro-contacto-aziz-detector-de-metales-de-oro-whatsapp-detextor.png\" alt=\"\" width=\"237\" height=\"38\" \/><\/a><\/p>\n<p><a href=\"https:\/\/form.jotform.com\/221593318570053\" target=\"_blank\" rel=\"noopener\"><img loading=\"lazy\" decoding=\"async\" class=\"size-full wp-image-7947 aligncenter\" src=\"http:\/\/azizgolddetector.com\/es\/wp-content\/uploads\/2022\/05\/detector-de-metales-de-oro-contacto-aziz-detector-de-metales-de-oro-form-detector.png\" alt=\"\" width=\"269\" height=\"38\" \/><\/a><\/p>\n","protected":false},"featured_media":7934,"comment_status":"open","ping_status":"closed","template":"","meta":[],"product_cat":[15],"product_tag":[38],"class_list":["post-7825","product","type-product","status-publish","has-post-thumbnail","hentry","product_cat-detectores","product_tag-detector-de-metales-de-oro"],"_links":{"self":[{"href":"https:\/\/azizgolddetector.com\/es\/wp-json\/wp\/v2\/product\/7825","targetHints":{"allow":["GET"]}}],"collection":[{"href":"https:\/\/azizgolddetector.com\/es\/wp-json\/wp\/v2\/product"}],"about":[{"href":"https:\/\/azizgolddetector.com\/es\/wp-json\/wp\/v2\/types\/product"}],"replies":[{"embeddable":true,"href":"https:\/\/azizgolddetector.com\/es\/wp-json\/wp\/v2\/comments?post=7825"}],"wp:featuredmedia":[{"embeddable":true,"href":"https:\/\/azizgolddetector.com\/es\/wp-json\/wp\/v2\/media\/7934"}],"wp:attachment":[{"href":"https:\/\/azizgolddetector.com\/es\/wp-json\/wp\/v2\/media?parent=7825"}],"wp:term":[{"taxonomy":"product_cat","embeddable":true,"href":"https:\/\/azizgolddetector.com\/es\/wp-json\/wp\/v2\/product_cat?post=7825"},{"taxonomy":"product_tag","embeddable":true,"href":"https:\/\/azizgolddetector.com\/es\/wp-json\/wp\/v2\/product_tag?post=7825"}],"curies":[{"name":"wp","href":"https:\/\/api.w.org\/{rel}","templated":true}]}}