{"id":7811,"date":"2022-05-26T02:28:22","date_gmt":"2022-05-25T23:28:22","guid":{"rendered":"http:\/\/azizgolddetector.com\/es\/?post_type=product&#038;p=7811"},"modified":"2025-08-05T13:56:53","modified_gmt":"2025-08-05T10:56:53","slug":"marduk-a-z-7000-radar-de-exploracion-subterraneo","status":"publish","type":"product","link":"https:\/\/azizgolddetector.com\/es\/product\/marduk-a-z-7000-radar-de-exploracion-subterraneo\/","title":{"rendered":"Marduk A-Z 7000 Radar de exploraci\u00f3n subterr\u00e1neo"},"content":{"rendered":"<h2 style=\"text-align: center;\"><span style=\"color: #ff0000;\">Marduk A-Z 7000 Radar de exploraci\u00f3n subterr\u00e1neo<\/span><\/h2>\n<p>El sistema MARDUK AZ 7000 VLF -EM es un instrumento ideal para mediciones magn\u00e9ticas y \/ o radiom\u00e9tricas en el aire. Es un dispositivo dise\u00f1ado para ser utilizado en la investigaci\u00f3n de habitaciones, t\u00faneles, s\u00f3tanos, tumbas y edificios para la detecci\u00f3n de metales preciosos y no preciosos. MARDUK AZ 7000 se utiliza en investigaciones arqueol\u00f3gicas en entradas de t\u00faneles subterr\u00e1neos, tuber\u00edas de gas natural, sistemas de cables el\u00e9ctricos, sistemas de cables telef\u00f3nicos, tapas de alcantarillas municipales.<\/p>\n<p><img loading=\"lazy\" decoding=\"async\" class=\"wp-image-7819 aligncenter\" src=\"http:\/\/azizgolddetector.com\/es\/wp-content\/uploads\/2022\/05\/radar-visual-subterraneo-radar-marduk-radar-subterraneo-de-imagenes-Marduk-menos-7000-radar-de-exploracion-subterraneo.webp\" alt=\"\" width=\"601\" height=\"339\" srcset=\"https:\/\/azizgolddetector.com\/es\/wp-content\/uploads\/2022\/05\/radar-visual-subterraneo-radar-marduk-radar-subterraneo-de-imagenes-Marduk-menos-7000-radar-de-exploracion-subterraneo.webp 750w, https:\/\/azizgolddetector.com\/es\/wp-content\/uploads\/2022\/05\/radar-visual-subterraneo-radar-marduk-radar-subterraneo-de-imagenes-Marduk-menos-7000-radar-de-exploracion-subterraneo-600x338.webp 600w, https:\/\/azizgolddetector.com\/es\/wp-content\/uploads\/2022\/05\/radar-visual-subterraneo-radar-marduk-radar-subterraneo-de-imagenes-Marduk-menos-7000-radar-de-exploracion-subterraneo-300x169.webp 300w\" sizes=\"auto, (max-width: 601px) 100vw, 601px\" \/><\/p>\n<p>Adem\u00e1s, brinda la oportunidad de trabajar en suelos h\u00famedos y secos, que pueden recibir datos r\u00e1pidamente en la investigaci\u00f3n arqueol\u00f3gica. MARDUK AZ 7000 tiene sistema operativo autom\u00e1tico y manual. Con el dispositivo de im\u00e1genes subterr\u00e1neas MARDUK, puede ver las estructuras subterr\u00e1neas en 3D tomando im\u00e1genes instant\u00e1neas en vivo al mismo tiempo.<\/p>\n<p><img loading=\"lazy\" decoding=\"async\" class=\" wp-image-7820 aligncenter\" src=\"http:\/\/azizgolddetector.com\/es\/wp-content\/uploads\/2022\/05\/radar-visual-subterraneo-radar-marduk-radar-subterraneo-de-imagenes-radar-de-exploracion-subterraneo.webp\" alt=\"\" width=\"603\" height=\"340\" srcset=\"https:\/\/azizgolddetector.com\/es\/wp-content\/uploads\/2022\/05\/radar-visual-subterraneo-radar-marduk-radar-subterraneo-de-imagenes-radar-de-exploracion-subterraneo.webp 750w, https:\/\/azizgolddetector.com\/es\/wp-content\/uploads\/2022\/05\/radar-visual-subterraneo-radar-marduk-radar-subterraneo-de-imagenes-radar-de-exploracion-subterraneo-600x338.webp 600w, https:\/\/azizgolddetector.com\/es\/wp-content\/uploads\/2022\/05\/radar-visual-subterraneo-radar-marduk-radar-subterraneo-de-imagenes-radar-de-exploracion-subterraneo-300x169.webp 300w\" sizes=\"auto, (max-width: 603px) 100vw, 603px\" \/><\/p>\n<p>Gracias a sus 7 funciones de memoria, MARDUK puede detectar las distorsiones de anomia de las estructuras bajo tierra en 7 frecuencias diferentes, el ancho y el largo. Con MARDUK AZ 7000, las estructuras que contienen metales que haya detectado bajo tierra se pueden grabar en 7 memorias diferentes. El MARDUK AZ 7000 es recargable. VLF-EM tiene un sistema de muy baja frecuencia.<br \/>\n<img loading=\"lazy\" decoding=\"async\" class=\"size-full wp-image-7821 aligncenter\" src=\"http:\/\/azizgolddetector.com\/es\/wp-content\/uploads\/2022\/05\/radar-visual-subterraneo-radar-subterraneo-profundo-Marduk-menos-7000-radar-de-exploracion-subterraneo-dragado-subterran.webp\" alt=\"\" width=\"713\" height=\"263\" srcset=\"https:\/\/azizgolddetector.com\/es\/wp-content\/uploads\/2022\/05\/radar-visual-subterraneo-radar-subterraneo-profundo-Marduk-menos-7000-radar-de-exploracion-subterraneo-dragado-subterran.webp 713w, https:\/\/azizgolddetector.com\/es\/wp-content\/uploads\/2022\/05\/radar-visual-subterraneo-radar-subterraneo-profundo-Marduk-menos-7000-radar-de-exploracion-subterraneo-dragado-subterran-600x221.webp 600w, https:\/\/azizgolddetector.com\/es\/wp-content\/uploads\/2022\/05\/radar-visual-subterraneo-radar-subterraneo-profundo-Marduk-menos-7000-radar-de-exploracion-subterraneo-dragado-subterran-300x111.webp 300w\" sizes=\"auto, (max-width: 713px) 100vw, 713px\" \/><\/p>\n<h2><span style=\"color: #ff0000;\">ESPECIFICACIONES T\u00c9CNICAS Y PIEZAS<\/span><\/h2>\n<ul>\n<li>Computador que ejecuta el software<\/li>\n<li>Antena del sistema VLF-EM<\/li>\n<li>Cargador 12 voltios<\/li>\n<li>bater\u00eda de iones de litio<\/li>\n<li>Iluminaci\u00f3n en ambiente oscuro<\/li>\n<li>Sistema de compensaci\u00f3n autom\u00e1tica<\/li>\n<li>Opci\u00f3n de filtro ajustable manualmente<\/li>\n<li>Computadora y estuche de transporte<\/li>\n<li>Software 3D<\/li>\n<li>Gu\u00eda del usuario<\/li>\n<li>CD de usuario<\/li>\n<li>Entrenamiento ilimitado gratuito.<\/li>\n<\/ul>\n<p><img loading=\"lazy\" decoding=\"async\" class=\"size-full wp-image-7822 aligncenter\" src=\"http:\/\/azizgolddetector.com\/es\/wp-content\/uploads\/2022\/05\/radar-visual-subterraneo-radar-subterraneo-profundo-Marduk-menos-7000-radar-de-exploracion-subterraneo-radar-marduk.webp\" alt=\"\" width=\"713\" height=\"263\" srcset=\"https:\/\/azizgolddetector.com\/es\/wp-content\/uploads\/2022\/05\/radar-visual-subterraneo-radar-subterraneo-profundo-Marduk-menos-7000-radar-de-exploracion-subterraneo-radar-marduk.webp 713w, https:\/\/azizgolddetector.com\/es\/wp-content\/uploads\/2022\/05\/radar-visual-subterraneo-radar-subterraneo-profundo-Marduk-menos-7000-radar-de-exploracion-subterraneo-radar-marduk-600x221.webp 600w, https:\/\/azizgolddetector.com\/es\/wp-content\/uploads\/2022\/05\/radar-visual-subterraneo-radar-subterraneo-profundo-Marduk-menos-7000-radar-de-exploracion-subterraneo-radar-marduk-300x111.webp 300w\" sizes=\"auto, (max-width: 713px) 100vw, 713px\" \/><\/p>\n<h2><span style=\"color: #ff0000;\">Dispositivo de im\u00e1genes subterr\u00e1neas de Marduk<\/span><\/h2>\n<p>A: Tierra con tecnolog\u00eda de sistema de muy baja frecuencia VLF-EM<\/p>\n<p>Entradas a salas y t\u00faneles en la roca 8 Mt Neto 12 Mt<\/p>\n<p>Puede detectar en las profundidades.<\/p>\n<p>B: Capacitaci\u00f3n<\/p>\n<p><img loading=\"lazy\" decoding=\"async\" class=\"size-full wp-image-7823 aligncenter\" src=\"http:\/\/azizgolddetector.com\/es\/wp-content\/uploads\/2022\/05\/radar-visual-subterraneo-radar-subterraneo-profundo-Marduk-menos-7000-radar-de-exploracion-subterraneo-radar-subterraneo.webp\" alt=\"\" width=\"713\" height=\"263\" srcset=\"https:\/\/azizgolddetector.com\/es\/wp-content\/uploads\/2022\/05\/radar-visual-subterraneo-radar-subterraneo-profundo-Marduk-menos-7000-radar-de-exploracion-subterraneo-radar-subterraneo.webp 713w, https:\/\/azizgolddetector.com\/es\/wp-content\/uploads\/2022\/05\/radar-visual-subterraneo-radar-subterraneo-profundo-Marduk-menos-7000-radar-de-exploracion-subterraneo-radar-subterraneo-600x221.webp 600w, https:\/\/azizgolddetector.com\/es\/wp-content\/uploads\/2022\/05\/radar-visual-subterraneo-radar-subterraneo-profundo-Marduk-menos-7000-radar-de-exploracion-subterraneo-radar-subterraneo-300x111.webp 300w\" sizes=\"auto, (max-width: 713px) 100vw, 713px\" \/><\/p>\n<h2><span style=\"color: #ff0000;\">Sistema VLF-EM de muy baja frecuencia<\/span><\/h2>\n<p>A: 8 metros netos 12 metros de profundidad<\/p>\n<p>Proyectos gigantes en dispositivos de im\u00e1genes subterr\u00e1neos<\/p>\n<p>Revoluci\u00f3n en dispositivos de im\u00e1genes subterr\u00e1neos<br \/>\nDetector Aziz en Tecnolog\u00edas de la Informaci\u00f3n<\/p>\n<p><img loading=\"lazy\" decoding=\"async\" class=\"size-full wp-image-7824 aligncenter\" src=\"http:\/\/azizgolddetector.com\/es\/wp-content\/uploads\/2022\/05\/radar-visual-subterraneo-radar-subterraneo-profundo-radar-de-exploracion-subterraneo-radar-marduk.webp\" alt=\"\" width=\"638\" height=\"338\" srcset=\"https:\/\/azizgolddetector.com\/es\/wp-content\/uploads\/2022\/05\/radar-visual-subterraneo-radar-subterraneo-profundo-radar-de-exploracion-subterraneo-radar-marduk.webp 638w, https:\/\/azizgolddetector.com\/es\/wp-content\/uploads\/2022\/05\/radar-visual-subterraneo-radar-subterraneo-profundo-radar-de-exploracion-subterraneo-radar-marduk-600x318.webp 600w, https:\/\/azizgolddetector.com\/es\/wp-content\/uploads\/2022\/05\/radar-visual-subterraneo-radar-subterraneo-profundo-radar-de-exploracion-subterraneo-radar-marduk-300x159.webp 300w\" sizes=\"auto, (max-width: 638px) 100vw, 638px\" \/><\/p>\n","protected":false},"excerpt":{"rendered":"<p><strong>Opciones de Idioma del Detector<br \/>\n<\/strong><img decoding=\"async\" title=\"Home 6 \u2013\" src=\"https:\/\/azizgolddetector.com\/en\/wp-content\/uploads\/2022\/04\/Language-Options-ENG.png\" alt=\"Home 3 \u2013 Language Options ENG\" \/><br \/>\nEl sistema MARDUK AZ 7000 VLF -EM es un instrumento ideal para mediciones magn\u00e9ticas y \/ o radiom\u00e9tricas en el aire. Es un dispositivo dise\u00f1ado para ser utilizado en la investigaci\u00f3n de habitaciones, t\u00faneles, s\u00f3tanos, tumbas y edificios para la detecci\u00f3n de metales preciosos y no preciosos.<\/p>\n<p><a href=\"https:\/\/api.whatsapp.com\/send?phone=905425331010\" target=\"_blank\" rel=\"noopener\"><img loading=\"lazy\" decoding=\"async\" class=\"size-full wp-image-7946 aligncenter\" src=\"http:\/\/azizgolddetector.com\/es\/wp-content\/uploads\/2022\/05\/detector-de-metales-de-oro-contacto-aziz-detector-de-metales-de-oro-whatsapp-detextor.png\" alt=\"\" width=\"237\" height=\"38\" \/><\/a><\/p>\n<p><a href=\"https:\/\/form.jotform.com\/221593318570053\" target=\"_blank\" rel=\"noopener\"><img loading=\"lazy\" decoding=\"async\" class=\"size-full wp-image-7947 aligncenter\" src=\"http:\/\/azizgolddetector.com\/es\/wp-content\/uploads\/2022\/05\/detector-de-metales-de-oro-contacto-aziz-detector-de-metales-de-oro-form-detector.png\" alt=\"\" width=\"269\" height=\"38\" \/><\/a><\/p>\n","protected":false},"featured_media":7939,"comment_status":"open","ping_status":"closed","template":"","meta":[],"product_cat":[15],"product_tag":[39],"class_list":["post-7811","product","type-product","status-publish","has-post-thumbnail","hentry","product_cat-detectores","product_tag-radar-de-exploracion-subterraneo"],"_links":{"self":[{"href":"https:\/\/azizgolddetector.com\/es\/wp-json\/wp\/v2\/product\/7811","targetHints":{"allow":["GET"]}}],"collection":[{"href":"https:\/\/azizgolddetector.com\/es\/wp-json\/wp\/v2\/product"}],"about":[{"href":"https:\/\/azizgolddetector.com\/es\/wp-json\/wp\/v2\/types\/product"}],"replies":[{"embeddable":true,"href":"https:\/\/azizgolddetector.com\/es\/wp-json\/wp\/v2\/comments?post=7811"}],"wp:featuredmedia":[{"embeddable":true,"href":"https:\/\/azizgolddetector.com\/es\/wp-json\/wp\/v2\/media\/7939"}],"wp:attachment":[{"href":"https:\/\/azizgolddetector.com\/es\/wp-json\/wp\/v2\/media?parent=7811"}],"wp:term":[{"taxonomy":"product_cat","embeddable":true,"href":"https:\/\/azizgolddetector.com\/es\/wp-json\/wp\/v2\/product_cat?post=7811"},{"taxonomy":"product_tag","embeddable":true,"href":"https:\/\/azizgolddetector.com\/es\/wp-json\/wp\/v2\/product_tag?post=7811"}],"curies":[{"name":"wp","href":"https:\/\/api.w.org\/{rel}","templated":true}]}}