{"id":7788,"date":"2022-05-26T02:23:14","date_gmt":"2022-05-25T23:23:14","guid":{"rendered":"http:\/\/azizgolddetector.com\/es\/?post_type=product&#038;p=7788"},"modified":"2025-08-05T13:57:22","modified_gmt":"2025-08-05T10:57:22","slug":"via-gold-detector-de-oro-y-metales-deep-treasure","status":"publish","type":"product","link":"https:\/\/azizgolddetector.com\/es\/product\/via-gold-detector-de-oro-y-metales-deep-treasure\/","title":{"rendered":"Via Gold &#8211; Detector de Oro y Metales Deep Treasure"},"content":{"rendered":"<h2 style=\"text-align: center;\"><span style=\"color: #ff0000;\">Via Gold &#8211; Detector de Oro y Metales Deep Treasure<\/span><\/h2>\n<p>Gracias al precio y las caracter\u00edsticas del detector de oro Via Gold est\u00e1 garantizado encontrar el tesoro m\u00e1s profundo y tesoros enterrados de oro, plata, bronce, metales tipo bronce, estatuas, lingotes, monedas sueltas, tesoros enterrados profundamente y tumbas de c\u00e1mara subterr\u00e1nea en t\u00faneles de 30 cm y 2,5 metros sin p\u00e9rdida de profundidad en roca y suelo.<\/p>\n<p><img loading=\"lazy\" decoding=\"async\" class=\"size-full wp-image-7789 aligncenter\" src=\"http:\/\/azizgolddetector.com\/es\/wp-content\/uploads\/2022\/05\/detector-de-prospeccion-de-oro-santo-detector-detector-de-metales-a-traves-del-detector-de-oro-oro.webp\" alt=\"\" width=\"713\" height=\"263\" srcset=\"https:\/\/azizgolddetector.com\/es\/wp-content\/uploads\/2022\/05\/detector-de-prospeccion-de-oro-santo-detector-detector-de-metales-a-traves-del-detector-de-oro-oro.webp 713w, https:\/\/azizgolddetector.com\/es\/wp-content\/uploads\/2022\/05\/detector-de-prospeccion-de-oro-santo-detector-detector-de-metales-a-traves-del-detector-de-oro-oro-600x221.webp 600w, https:\/\/azizgolddetector.com\/es\/wp-content\/uploads\/2022\/05\/detector-de-prospeccion-de-oro-santo-detector-detector-de-metales-a-traves-del-detector-de-oro-oro-300x111.webp 300w\" sizes=\"auto, (max-width: 713px) 100vw, 713px\" \/><\/p>\n<p>El detector Via Gold puede distinguir entre objetos de oro y tesoros con un 70% de transparencia garantizada, gracias a su funci\u00f3n gr\u00e1fica 2D en vivo y al software y dise\u00f1o especiales en la pantalla de valor num\u00e9rico. A trav\u00e9s del detector de oro se pueden discriminar metales sin valor en un 70% como sin valor.<\/p>\n<p><img loading=\"lazy\" decoding=\"async\" class=\"size-full wp-image-7790 aligncenter\" src=\"http:\/\/azizgolddetector.com\/es\/wp-content\/uploads\/2022\/05\/detector-de-prospeccion-de-oro-santo-detector-detector-de-metales-detector-de-oro-y-metales.webp\" alt=\"\" width=\"713\" height=\"263\" srcset=\"https:\/\/azizgolddetector.com\/es\/wp-content\/uploads\/2022\/05\/detector-de-prospeccion-de-oro-santo-detector-detector-de-metales-detector-de-oro-y-metales.webp 713w, https:\/\/azizgolddetector.com\/es\/wp-content\/uploads\/2022\/05\/detector-de-prospeccion-de-oro-santo-detector-detector-de-metales-detector-de-oro-y-metales-600x221.webp 600w, https:\/\/azizgolddetector.com\/es\/wp-content\/uploads\/2022\/05\/detector-de-prospeccion-de-oro-santo-detector-detector-de-metales-detector-de-oro-y-metales-300x111.webp 300w\" sizes=\"auto, (max-width: 713px) 100vw, 713px\" \/><\/p>\n<p>El s\u00faper precio del detector de oro Via Gold, dise\u00f1ado con 2 tecnolog\u00edas diferentes, le ofrece la oportunidad de usarlo en 2 sistemas diferentes. El detector de oro Via Gold ofrece opciones de trabajo para todo tipo de suelos minerales con sistema autom\u00e1tico aparte de su precio. El detector de tesoros Via Gold puede encontrar tesoros enterrados y tesoros en roca en el modo de b\u00fasqueda gr\u00e1fica en vivo 2D, que es un modo de b\u00fasqueda lento y distingue el oro, la plata, el cobre, el bronce y los metales sin valor en un 70%. A trav\u00e9s de capturas de pantalla de Gold.<\/p>\n<p><img loading=\"lazy\" decoding=\"async\" class=\"size-full wp-image-7791 aligncenter\" src=\"http:\/\/azizgolddetector.com\/es\/wp-content\/uploads\/2022\/05\/detector-de-prospeccion-de-oro-santo-detector-detector-de-metales-detector-de-oro.webp\" alt=\"\" width=\"713\" height=\"263\" srcset=\"https:\/\/azizgolddetector.com\/es\/wp-content\/uploads\/2022\/05\/detector-de-prospeccion-de-oro-santo-detector-detector-de-metales-detector-de-oro.webp 713w, https:\/\/azizgolddetector.com\/es\/wp-content\/uploads\/2022\/05\/detector-de-prospeccion-de-oro-santo-detector-detector-de-metales-detector-de-oro-600x221.webp 600w, https:\/\/azizgolddetector.com\/es\/wp-content\/uploads\/2022\/05\/detector-de-prospeccion-de-oro-santo-detector-detector-de-metales-detector-de-oro-300x111.webp 300w\" sizes=\"auto, (max-width: 713px) 100vw, 713px\" \/><\/p>\n<p>Si bien el detector Via Gold ofrece la oportunidad de trabajar con alto rendimiento, especialmente en b\u00fasquedas de una sola moneda, en el modo de b\u00fasqueda r\u00e1pida, las b\u00fasquedas tambi\u00e9n se realizan en la funci\u00f3n de b\u00fasqueda profunda. Adem\u00e1s de su precio y f\u00e1cil uso, el dispositivo de b\u00fasqueda de oro Via Gold puede enfocarse de forma centralizada en una b\u00fasqueda r\u00e1pida gracias a su funci\u00f3n POINT.<\/p>\n<p><img loading=\"lazy\" decoding=\"async\" class=\"size-full wp-image-7792 aligncenter\" src=\"http:\/\/azizgolddetector.com\/es\/wp-content\/uploads\/2022\/05\/detector-de-prospeccion-de-oro-santo-detector-detector-de-metales-detector-de-pantalla.webp\" alt=\"\" width=\"713\" height=\"263\" srcset=\"https:\/\/azizgolddetector.com\/es\/wp-content\/uploads\/2022\/05\/detector-de-prospeccion-de-oro-santo-detector-detector-de-metales-detector-de-pantalla.webp 713w, https:\/\/azizgolddetector.com\/es\/wp-content\/uploads\/2022\/05\/detector-de-prospeccion-de-oro-santo-detector-detector-de-metales-detector-de-pantalla-600x221.webp 600w, https:\/\/azizgolddetector.com\/es\/wp-content\/uploads\/2022\/05\/detector-de-prospeccion-de-oro-santo-detector-detector-de-metales-detector-de-pantalla-300x111.webp 300w\" sizes=\"auto, (max-width: 713px) 100vw, 713px\" \/><\/p>\n<p>El dispositivo de b\u00fasqueda de tesoros Via Gold ofrece la opci\u00f3n de buscar solo un 60% de objetos preciosos y de oro desactivando los metales sin valor de la opci\u00f3n FILTRO ZB mientras busca en valor num\u00e9rico en el modo de b\u00fasqueda r\u00e1pida.<br \/>\n<img loading=\"lazy\" decoding=\"async\" class=\"size-full wp-image-7793 aligncenter\" src=\"http:\/\/azizgolddetector.com\/es\/wp-content\/uploads\/2022\/05\/detector-de-prospeccion-de-oro-santo-detector-detector-de-metales-detector-de-tesoros.webp\" alt=\"\" width=\"713\" height=\"263\" srcset=\"https:\/\/azizgolddetector.com\/es\/wp-content\/uploads\/2022\/05\/detector-de-prospeccion-de-oro-santo-detector-detector-de-metales-detector-de-tesoros.webp 713w, https:\/\/azizgolddetector.com\/es\/wp-content\/uploads\/2022\/05\/detector-de-prospeccion-de-oro-santo-detector-detector-de-metales-detector-de-tesoros-600x221.webp 600w, https:\/\/azizgolddetector.com\/es\/wp-content\/uploads\/2022\/05\/detector-de-prospeccion-de-oro-santo-detector-detector-de-metales-detector-de-tesoros-300x111.webp 300w\" sizes=\"auto, (max-width: 713px) 100vw, 713px\" \/><\/p>\n<p>El detector de metales Via Gold aumenta los valores num\u00e9ricos de la opci\u00f3n HOTROCK en el modo de b\u00fasqueda num\u00e9rica r\u00e1pida, brindando la oportunidad de buscar en lugares hist\u00f3ricos donde las piezas de tejas cocidas son densas, sin verse afectadas por las tejas y los residuos de metal. El precio del detector Via GOld, adem\u00e1s de ser el mejor dispositivo de tesoro, ofrece la opci\u00f3n de aumentar la profundidad hasta en un 30% para encontrar tesoros m\u00e1s profundos que la opci\u00f3n Profundidad TURBO.<\/p>\n<p><img loading=\"lazy\" decoding=\"async\" class=\"size-full wp-image-7794 aligncenter\" src=\"http:\/\/azizgolddetector.com\/es\/wp-content\/uploads\/2022\/05\/detector-de-prospeccion-de-oro-santo-detector-detector-de-tesoros-a-traves-del-detector-de-oro-oro.webp\" alt=\"\" width=\"713\" height=\"263\" srcset=\"https:\/\/azizgolddetector.com\/es\/wp-content\/uploads\/2022\/05\/detector-de-prospeccion-de-oro-santo-detector-detector-de-tesoros-a-traves-del-detector-de-oro-oro.webp 713w, https:\/\/azizgolddetector.com\/es\/wp-content\/uploads\/2022\/05\/detector-de-prospeccion-de-oro-santo-detector-detector-de-tesoros-a-traves-del-detector-de-oro-oro-600x221.webp 600w, https:\/\/azizgolddetector.com\/es\/wp-content\/uploads\/2022\/05\/detector-de-prospeccion-de-oro-santo-detector-detector-de-tesoros-a-traves-del-detector-de-oro-oro-300x111.webp 300w\" sizes=\"auto, (max-width: 713px) 100vw, 713px\" \/><\/p>\n<p>El detector de b\u00fasqueda de oro Via Gold ofrece la opci\u00f3n de buscar solo los metales preciosos al 60% sin ver los metales sin valor mediante la introducci\u00f3n de metales ferrosos de la opci\u00f3n REGISTRO DE HIERRO en el modo de b\u00fasqueda r\u00e1pida.<br \/>\n<img loading=\"lazy\" decoding=\"async\" class=\"size-full wp-image-7795 aligncenter\" src=\"http:\/\/azizgolddetector.com\/es\/wp-content\/uploads\/2022\/05\/detector-de-prospeccion-de-oro-santo-detector-detector-de-tesoros-detector-de-metales.webp\" alt=\"\" width=\"713\" height=\"263\" srcset=\"https:\/\/azizgolddetector.com\/es\/wp-content\/uploads\/2022\/05\/detector-de-prospeccion-de-oro-santo-detector-detector-de-tesoros-detector-de-metales.webp 713w, https:\/\/azizgolddetector.com\/es\/wp-content\/uploads\/2022\/05\/detector-de-prospeccion-de-oro-santo-detector-detector-de-tesoros-detector-de-metales-600x221.webp 600w, https:\/\/azizgolddetector.com\/es\/wp-content\/uploads\/2022\/05\/detector-de-prospeccion-de-oro-santo-detector-detector-de-tesoros-detector-de-metales-300x111.webp 300w\" sizes=\"auto, (max-width: 713px) 100vw, 713px\" \/><\/p>\n<p>Via Gold ofrece la opci\u00f3n de aumentar la profundidad desde el nivel de SENSIBILIDAD para encontrar objetos hist\u00f3ricos de oro y esculturas m\u00e1s profundamente en los sitios arqueol\u00f3gicos. Mientras busca tesoros profundos con el detector Via Gold, le brinda la oportunidad de ajustar el sonido UMBRAL si lo desea en el modo de b\u00fasqueda r\u00e1pida.<\/p>\n<p><img loading=\"lazy\" decoding=\"async\" class=\"size-full wp-image-7796 aligncenter\" src=\"http:\/\/azizgolddetector.com\/es\/wp-content\/uploads\/2022\/05\/detector-de-prospeccion-de-oro-santo-detector-detector-de-tesoros-detector-de-oro-y-metales.webp\" alt=\"\" width=\"713\" height=\"263\" srcset=\"https:\/\/azizgolddetector.com\/es\/wp-content\/uploads\/2022\/05\/detector-de-prospeccion-de-oro-santo-detector-detector-de-tesoros-detector-de-oro-y-metales.webp 713w, https:\/\/azizgolddetector.com\/es\/wp-content\/uploads\/2022\/05\/detector-de-prospeccion-de-oro-santo-detector-detector-de-tesoros-detector-de-oro-y-metales-600x221.webp 600w, https:\/\/azizgolddetector.com\/es\/wp-content\/uploads\/2022\/05\/detector-de-prospeccion-de-oro-santo-detector-detector-de-tesoros-detector-de-oro-y-metales-300x111.webp 300w\" sizes=\"auto, (max-width: 713px) 100vw, 713px\" \/><\/p>\n<p>El detector de metales Via Gold ofrece la opci\u00f3n de ajustar la configuraci\u00f3n de SONIDO, LUZ seg\u00fan las condiciones del terreno como desee en su pantalla a color, adem\u00e1s de su dise\u00f1o ergon\u00f3mico y su bater\u00eda recargable de larga duraci\u00f3n.<\/p>\n<p><img loading=\"lazy\" decoding=\"async\" class=\"size-full wp-image-7797 aligncenter\" src=\"http:\/\/azizgolddetector.com\/es\/wp-content\/uploads\/2022\/05\/detector-de-prospeccion-de-oro-santo-detector-detector-de-tesoros-detector-de-oro.webp\" alt=\"\" width=\"713\" height=\"263\" srcset=\"https:\/\/azizgolddetector.com\/es\/wp-content\/uploads\/2022\/05\/detector-de-prospeccion-de-oro-santo-detector-detector-de-tesoros-detector-de-oro.webp 713w, https:\/\/azizgolddetector.com\/es\/wp-content\/uploads\/2022\/05\/detector-de-prospeccion-de-oro-santo-detector-detector-de-tesoros-detector-de-oro-600x221.webp 600w, https:\/\/azizgolddetector.com\/es\/wp-content\/uploads\/2022\/05\/detector-de-prospeccion-de-oro-santo-detector-detector-de-tesoros-detector-de-oro-300x111.webp 300w\" sizes=\"auto, (max-width: 713px) 100vw, 713px\" \/><\/p>\n<p>La estructura\u00a0 y el asa de 3 piezas, desmontada ergon\u00f3micamente y con un peso de 1.850 gr. de Via Gold tienen una bobina de salida de f\u00e1brica de 26&#215;32 de di\u00e1metro y 14 kHz y bobina de b\u00fasqueda de profundidad de 36&#215;41 de di\u00e1metro y 7 kHz, auriculares, cargador, bolsa de doble compartimento con carcasa especial, se vende a todos los pa\u00edses del mundo en 7 idiomas extranjeros, adem\u00e1s del turco, como un juego completo con 2 a\u00f1os gratis de 8 a\u00f1os de garant\u00eda de piezas y factura registrada a su nombre.<\/p>\n<p><img loading=\"lazy\" decoding=\"async\" class=\"size-full wp-image-7798 aligncenter\" src=\"http:\/\/azizgolddetector.com\/es\/wp-content\/uploads\/2022\/05\/detector-de-prospeccion-de-oro-santo-detector-detector-de-tesoros-detector-de-pantalla.webp\" alt=\"\" width=\"713\" height=\"263\" srcset=\"https:\/\/azizgolddetector.com\/es\/wp-content\/uploads\/2022\/05\/detector-de-prospeccion-de-oro-santo-detector-detector-de-tesoros-detector-de-pantalla.webp 713w, https:\/\/azizgolddetector.com\/es\/wp-content\/uploads\/2022\/05\/detector-de-prospeccion-de-oro-santo-detector-detector-de-tesoros-detector-de-pantalla-600x221.webp 600w, https:\/\/azizgolddetector.com\/es\/wp-content\/uploads\/2022\/05\/detector-de-prospeccion-de-oro-santo-detector-detector-de-tesoros-detector-de-pantalla-300x111.webp 300w\" sizes=\"auto, (max-width: 713px) 100vw, 713px\" \/><\/p>\n<p>Opcionalmente, puede comprar por una tarifa para encontrar monedas individuales y monedas peque\u00f1as Con cabezal de 20 kHz de di\u00e1metro 26&#215;32 y Adem\u00e1s, con el cabezal 60&#215;60 DUPLE 7 kHz dise\u00f1ado para el dispositivo Via Gold y A6 plus, puede encontrar tesoros de 3 metros de profundidad.<\/p>\n<p><img loading=\"lazy\" decoding=\"async\" class=\"size-full wp-image-7799 aligncenter\" src=\"http:\/\/azizgolddetector.com\/es\/wp-content\/uploads\/2022\/05\/detector-de-prospeccion-de-oro-santo-detector-detector-de-pantalla-detector-de-oro-y-metales.webp\" alt=\"\" width=\"713\" height=\"263\" srcset=\"https:\/\/azizgolddetector.com\/es\/wp-content\/uploads\/2022\/05\/detector-de-prospeccion-de-oro-santo-detector-detector-de-pantalla-detector-de-oro-y-metales.webp 713w, https:\/\/azizgolddetector.com\/es\/wp-content\/uploads\/2022\/05\/detector-de-prospeccion-de-oro-santo-detector-detector-de-pantalla-detector-de-oro-y-metales-600x221.webp 600w, https:\/\/azizgolddetector.com\/es\/wp-content\/uploads\/2022\/05\/detector-de-prospeccion-de-oro-santo-detector-detector-de-pantalla-detector-de-oro-y-metales-300x111.webp 300w\" sizes=\"auto, (max-width: 713px) 100vw, 713px\" \/><\/p>\n<p>&nbsp;<\/p>\n","protected":false},"excerpt":{"rendered":"<p><strong>Opciones de Idioma del Detector<br \/>\n<img decoding=\"async\" title=\"Home 2 \u2013\" src=\"https:\/\/azizgolddetector.com\/en\/wp-content\/uploads\/2022\/04\/Language-Options-All.png\" alt=\"Home 1 \u2013 Language Options All\" \/><br \/>\n<\/strong>Gracias al precio y las caracter\u00edsticas del detector de oro Via Gold est\u00e1 garantizado encontrar el tesoro m\u00e1s profundo y tesoros enterrados de oro, plata, bronce, metales tipo bronce, estatuas, lingotes, monedas sueltas, tesoros enterrados profundamente y tumbas de c\u00e1mara subterr\u00e1nea en t\u00faneles de 30 cm y 2,5 metros sin p\u00e9rdida de profundidad en roca y suelo.<\/p>\n<p><a href=\"https:\/\/api.whatsapp.com\/send?phone=905425331010\" target=\"_blank\" rel=\"noopener\"><img loading=\"lazy\" decoding=\"async\" class=\"size-full wp-image-7946 aligncenter\" src=\"http:\/\/azizgolddetector.com\/es\/wp-content\/uploads\/2022\/05\/detector-de-metales-de-oro-contacto-aziz-detector-de-metales-de-oro-whatsapp-detextor.png\" alt=\"\" width=\"237\" height=\"38\" \/><\/a><\/p>\n<p><a href=\"https:\/\/form.jotform.com\/221593318570053\" target=\"_blank\" rel=\"noopener\"><img loading=\"lazy\" decoding=\"async\" class=\"size-full wp-image-7947 aligncenter\" src=\"http:\/\/azizgolddetector.com\/es\/wp-content\/uploads\/2022\/05\/detector-de-metales-de-oro-contacto-aziz-detector-de-metales-de-oro-form-detector.png\" alt=\"\" width=\"269\" height=\"38\" \/><\/a><\/p>\n","protected":false},"featured_media":7941,"comment_status":"open","ping_status":"closed","template":"","meta":[],"product_cat":[15],"product_tag":[38],"class_list":["post-7788","product","type-product","status-publish","has-post-thumbnail","hentry","product_cat-detectores","product_tag-detector-de-metales-de-oro"],"_links":{"self":[{"href":"https:\/\/azizgolddetector.com\/es\/wp-json\/wp\/v2\/product\/7788","targetHints":{"allow":["GET"]}}],"collection":[{"href":"https:\/\/azizgolddetector.com\/es\/wp-json\/wp\/v2\/product"}],"about":[{"href":"https:\/\/azizgolddetector.com\/es\/wp-json\/wp\/v2\/types\/product"}],"replies":[{"embeddable":true,"href":"https:\/\/azizgolddetector.com\/es\/wp-json\/wp\/v2\/comments?post=7788"}],"wp:featuredmedia":[{"embeddable":true,"href":"https:\/\/azizgolddetector.com\/es\/wp-json\/wp\/v2\/media\/7941"}],"wp:attachment":[{"href":"https:\/\/azizgolddetector.com\/es\/wp-json\/wp\/v2\/media?parent=7788"}],"wp:term":[{"taxonomy":"product_cat","embeddable":true,"href":"https:\/\/azizgolddetector.com\/es\/wp-json\/wp\/v2\/product_cat?post=7788"},{"taxonomy":"product_tag","embeddable":true,"href":"https:\/\/azizgolddetector.com\/es\/wp-json\/wp\/v2\/product_tag?post=7788"}],"curies":[{"name":"wp","href":"https:\/\/api.w.org\/{rel}","templated":true}]}}