{"id":7756,"date":"2022-05-26T02:16:58","date_gmt":"2022-05-25T23:16:58","guid":{"rendered":"http:\/\/azizgolddetector.com\/es\/?post_type=product&#038;p=7756"},"modified":"2025-08-05T13:58:01","modified_gmt":"2025-08-05T10:58:01","slug":"via-gold-a9-detector-de-metales-de-oro","status":"publish","type":"product","link":"https:\/\/azizgolddetector.com\/es\/product\/via-gold-a9-detector-de-metales-de-oro\/","title":{"rendered":"Via Gold A9 Detector de Metales de Oro"},"content":{"rendered":"<h2 style=\"text-align: center;\"><span style=\"color: #ff0000;\">Via Gold A9 Detector de Metales de Oro<\/span><\/h2>\n<p>El Detector de tesoros de discriminaci\u00f3n de oro con funci\u00f3n de escaneo de \u00e1rea, a trav\u00e9s del detector de oro gold a9, con su funci\u00f3n de dispositivo de escaneo de \u00e1rea que escanea un centenar de metros es capaz de buscar IP digital y enfocar el punteroa trav\u00e9s de la b\u00fasqueda gr\u00e1fica en vivo 2D de tesoros y tesoros profundos de oro a9 y precio.<\/p>\n<p><img loading=\"lazy\" decoding=\"async\" class=\"size-full wp-image-7777 aligncenter\" src=\"http:\/\/azizgolddetector.com\/es\/wp-content\/uploads\/2022\/05\/detector-de-prospeccion-de-oro-detector-de-metales-detector-de-oro-detector-de-oro-por-a9.webp\" alt=\"\" width=\"675\" height=\"371\" srcset=\"https:\/\/azizgolddetector.com\/es\/wp-content\/uploads\/2022\/05\/detector-de-prospeccion-de-oro-detector-de-metales-detector-de-oro-detector-de-oro-por-a9.webp 675w, https:\/\/azizgolddetector.com\/es\/wp-content\/uploads\/2022\/05\/detector-de-prospeccion-de-oro-detector-de-metales-detector-de-oro-detector-de-oro-por-a9-600x330.webp 600w, https:\/\/azizgolddetector.com\/es\/wp-content\/uploads\/2022\/05\/detector-de-prospeccion-de-oro-detector-de-metales-detector-de-oro-detector-de-oro-por-a9-300x165.webp 300w\" sizes=\"auto, (max-width: 675px) 100vw, 675px\" \/><\/p>\n<p>Gracias a la busquedad de oro A9 Via Gold se asegura que el punto central de peque\u00f1as piezas de oro, plata, bronce, bronce, monedas individuales y monedas se encuentre garantizado gracias a la b\u00fasqueda de oro.<\/p>\n<p><img loading=\"lazy\" decoding=\"async\" class=\"size-full wp-image-7778 aligncenter\" src=\"http:\/\/azizgolddetector.com\/es\/wp-content\/uploads\/2022\/05\/detector-de-prospeccion-de-oro-detector-de-metales-detector-de-oro-detector-de-oro-y-metales.webp\" alt=\"\" width=\"675\" height=\"371\" srcset=\"https:\/\/azizgolddetector.com\/es\/wp-content\/uploads\/2022\/05\/detector-de-prospeccion-de-oro-detector-de-metales-detector-de-oro-detector-de-oro-y-metales.webp 675w, https:\/\/azizgolddetector.com\/es\/wp-content\/uploads\/2022\/05\/detector-de-prospeccion-de-oro-detector-de-metales-detector-de-oro-detector-de-oro-y-metales-600x330.webp 600w, https:\/\/azizgolddetector.com\/es\/wp-content\/uploads\/2022\/05\/detector-de-prospeccion-de-oro-detector-de-metales-detector-de-oro-detector-de-oro-y-metales-300x165.webp 300w\" sizes=\"auto, (max-width: 675px) 100vw, 675px\" \/><\/p>\n<p>El sistema VLF via gold a9 ofrece 3 tecnolog\u00edas diferentes y 3 opciones diferentes para encontrar los tesoros m\u00e1s profundos a menos de 3 metros de los t\u00edtulos de b\u00fasqueda de tesoros. La cabeza de b\u00fasqueda de oro a9\u00a0 Via Gold 60&#215;60 7 kHz en tumbas de c\u00e1mara subterr\u00e1nea, entradas de t\u00faneles, grandes barras de oro y tesoros en la roca, tesoros armenios y griegos y tesoros con marcas de tesoros, objetos de metal romano, bizantino, griego, plata, bronce, bronce y tesoros, se pueden encontrar esculturas de 20 cm a 3 metros de profundidad.<\/p>\n<p><img loading=\"lazy\" decoding=\"async\" class=\"size-full wp-image-7779 aligncenter\" src=\"http:\/\/azizgolddetector.com\/es\/wp-content\/uploads\/2022\/05\/detector-de-prospeccion-de-oro-detector-de-metales-detector-de-oro-detector-de-pantalla.webp\" alt=\"\" width=\"675\" height=\"371\" srcset=\"https:\/\/azizgolddetector.com\/es\/wp-content\/uploads\/2022\/05\/detector-de-prospeccion-de-oro-detector-de-metales-detector-de-oro-detector-de-pantalla.webp 675w, https:\/\/azizgolddetector.com\/es\/wp-content\/uploads\/2022\/05\/detector-de-prospeccion-de-oro-detector-de-metales-detector-de-oro-detector-de-pantalla-600x330.webp 600w, https:\/\/azizgolddetector.com\/es\/wp-content\/uploads\/2022\/05\/detector-de-prospeccion-de-oro-detector-de-metales-detector-de-oro-detector-de-pantalla-300x165.webp 300w\" sizes=\"auto, (max-width: 675px) 100vw, 675px\" \/><\/p>\n<p>El detector via gold a9 puede distinguir entre un 60-70% de objetos y tesoros de oro transparente garantizado gracias a su software especial y dise\u00f1o en escaneo gr\u00e1fico 2D en vivo y visualizaci\u00f3n de valor num\u00e9rico. El detector con pantalla\u00a0 a9 Via Gold se puede distinguir entre un 60-70% de metales sin valor. Mientras busca oro, tesoros y tesoros, el sistema via gold a9 2D, que tiene la caracter\u00edstica de escanear un \u00e1rea de 100 metros, ofrece la oportunidad de buscar metales y cavidades, con un super precio en comparaci\u00f3n con sus competidores y tiene la oportunidad de escanear el suelo con 3 tecnolog\u00edas diferentes.<\/p>\n<p><img loading=\"lazy\" decoding=\"async\" class=\"size-full wp-image-7780 aligncenter\" src=\"http:\/\/azizgolddetector.com\/es\/wp-content\/uploads\/2022\/05\/detector-de-prospeccion-de-oro-detector-de-metales-detector-de-oro-detector-de-tesoros.webp\" alt=\"\" width=\"675\" height=\"371\" srcset=\"https:\/\/azizgolddetector.com\/es\/wp-content\/uploads\/2022\/05\/detector-de-prospeccion-de-oro-detector-de-metales-detector-de-oro-detector-de-tesoros.webp 675w, https:\/\/azizgolddetector.com\/es\/wp-content\/uploads\/2022\/05\/detector-de-prospeccion-de-oro-detector-de-metales-detector-de-oro-detector-de-tesoros-600x330.webp 600w, https:\/\/azizgolddetector.com\/es\/wp-content\/uploads\/2022\/05\/detector-de-prospeccion-de-oro-detector-de-metales-detector-de-oro-detector-de-tesoros-300x165.webp 300w\" sizes=\"auto, (max-width: 675px) 100vw, 675px\" \/><\/p>\n<p>Ofrece opciones de trabajo del 95% en todo tipo de suelos minerales y rocas, gracias al sistema de b\u00fasqueda autom\u00e1tica y al ajuste autom\u00e1tico del suelo, en la b\u00fasqueda de tesoros en calderos y tinajas, lingotes de oro, estatuas, brazaletes, moneda \u00fanica alrededor de ruinas hist\u00f3ricas y signos de tesoros.<\/p>\n<p><img loading=\"lazy\" decoding=\"async\" class=\"size-full wp-image-7781 aligncenter\" src=\"http:\/\/azizgolddetector.com\/es\/wp-content\/uploads\/2022\/05\/detector-de-prospeccion-de-oro-detector-de-metales-detector-de-oro-por-a9-detector-de-oro-y-metales.webp\" alt=\"\" width=\"734\" height=\"403\" srcset=\"https:\/\/azizgolddetector.com\/es\/wp-content\/uploads\/2022\/05\/detector-de-prospeccion-de-oro-detector-de-metales-detector-de-oro-por-a9-detector-de-oro-y-metales.webp 734w, https:\/\/azizgolddetector.com\/es\/wp-content\/uploads\/2022\/05\/detector-de-prospeccion-de-oro-detector-de-metales-detector-de-oro-por-a9-detector-de-oro-y-metales-600x329.webp 600w, https:\/\/azizgolddetector.com\/es\/wp-content\/uploads\/2022\/05\/detector-de-prospeccion-de-oro-detector-de-metales-detector-de-oro-por-a9-detector-de-oro-y-metales-300x165.webp 300w\" sizes=\"auto, (max-width: 734px) 100vw, 734px\" \/><\/p>\n<h2><span style=\"color: #ff0000;\">TRES SISTEMAS TECNOL\u00d3GICOS Y 7 CARACTER\u00cdSTICAS DIFERENTES EN EL MODELO VIA GOLD A9<\/span><\/h2>\n<h2><span style=\"color: #ff0000;\">SISTEMA DE B\u00daSQUEDA 2D SLOW<\/span><\/h2>\n<p>El Detector Via Gold A9 Detector puede encontrar tesoros enterrados y tesoros en rocas, tumbas subterr\u00e1neas, pozos cerrados y t\u00faneles en el modo de b\u00fasqueda gr\u00e1fica 2D en vivo, que es un modo de b\u00fasqueda lento y distingue el oro, la plata, el cobre, el bronce y los metales sin valor en 60-70. %.<\/p>\n<ul>\n<li>Caracter\u00edstica de discriminaci\u00f3n de oro<\/li>\n<li>Separaci\u00f3n de metales preciosos<\/li>\n<li>Separaci\u00f3n de metales no preciosos<\/li>\n<li>Capacidad para encontrar espacios vacios<\/li>\n<li>Separaci\u00f3n de minerales y piedras<\/li>\n<\/ul>\n<p><img loading=\"lazy\" decoding=\"async\" class=\"size-full wp-image-7782 aligncenter\" src=\"http:\/\/azizgolddetector.com\/es\/wp-content\/uploads\/2022\/05\/detector-de-prospeccion-de-oro-detector-de-metales-detector-de-oro-por-a9-detector-de-oro.webp\" alt=\"\" width=\"734\" height=\"403\" srcset=\"https:\/\/azizgolddetector.com\/es\/wp-content\/uploads\/2022\/05\/detector-de-prospeccion-de-oro-detector-de-metales-detector-de-oro-por-a9-detector-de-oro.webp 734w, https:\/\/azizgolddetector.com\/es\/wp-content\/uploads\/2022\/05\/detector-de-prospeccion-de-oro-detector-de-metales-detector-de-oro-por-a9-detector-de-oro-600x329.webp 600w, https:\/\/azizgolddetector.com\/es\/wp-content\/uploads\/2022\/05\/detector-de-prospeccion-de-oro-detector-de-metales-detector-de-oro-por-a9-detector-de-oro-300x165.webp 300w\" sizes=\"auto, (max-width: 734px) 100vw, 734px\" \/><\/p>\n<h2><span style=\"color: #ff0000;\">SISTEMA DE B\u00daSQUEDA R\u00c1PIDA<\/span><\/h2>\n<p>El Detector Via gold A9 ofrece la oportunidad de trabajar con alto rendimiento en la b\u00fasqueda de oro, plata, bronce, monedas de oro y estatuas en el sistema de b\u00fasqueda r\u00e1pida. V\u00eda Gold A9 Mientras busca oro, puede enfocar las partes met\u00e1licas que se encuentran en el centro gracias a la funci\u00f3n POINT. El dispositivo de b\u00fasqueda de tesoros Via gold A9 ofrece la opci\u00f3n de buscar piezas y objetos de metales preciosos al 50% desactivando las piezas de metal sin valor de la opci\u00f3n FILTRO ZB mientras se busca en valor num\u00e9rico.<\/p>\n<p>El\u00a0 detector de metales A9 Via Gold\u00a0 aumenta los valores num\u00e9ricos de la opci\u00f3n HOTROCK y brinda la oportunidad de buscar lugares hist\u00f3ricos donde las piezas de tejas horneadas son densas sin verse afectadas por las tejas y los residuos de metal.<\/p>\n<p><img loading=\"lazy\" decoding=\"async\" class=\"size-full wp-image-7787 aligncenter\" src=\"http:\/\/azizgolddetector.com\/es\/wp-content\/uploads\/2022\/05\/detector-de-prospeccion-de-oro-detector-de-metales-detector-de-tesoros-detector-de-oro.webp\" alt=\"\" width=\"734\" height=\"403\" srcset=\"https:\/\/azizgolddetector.com\/es\/wp-content\/uploads\/2022\/05\/detector-de-prospeccion-de-oro-detector-de-metales-detector-de-tesoros-detector-de-oro.webp 734w, https:\/\/azizgolddetector.com\/es\/wp-content\/uploads\/2022\/05\/detector-de-prospeccion-de-oro-detector-de-metales-detector-de-tesoros-detector-de-oro-600x329.webp 600w, https:\/\/azizgolddetector.com\/es\/wp-content\/uploads\/2022\/05\/detector-de-prospeccion-de-oro-detector-de-metales-detector-de-tesoros-detector-de-oro-300x165.webp 300w\" sizes=\"auto, (max-width: 734px) 100vw, 734px\" \/><\/p>\n<p>El Precio del detector Via Gold A9, adem\u00e1s de ser el mejor dispositivo de tesoros, ofrece la opci\u00f3n de aumentar la profundidad de los tesoros hasta en un 30% gracias a opci\u00f3n de profundidad TURBO. El detector de b\u00fasqueda de oro A9 Via Gold introduce metales ferrosos de la opci\u00f3n REGISTRO DE HIERRO en el modo de b\u00fasqueda r\u00e1pida y ofrece la opci\u00f3n de buscar solo metales preciosos al 60% sin ver los metales sin valor.<\/p>\n<p>Los marcadores de tesoro A9 Via Gold ofrecen la opci\u00f3n de aumentar la profundidad desde el nivel de SENSIBILIDAD para encontrar los objetos de oro y las estatuas a su alrededor con mayor profundidad. Con el detector Via gold A9, se brinda la oportunidad de ajustar el sonido UMBRAL cambi\u00e1ndolo.<\/p>\n<p><img loading=\"lazy\" decoding=\"async\" class=\"size-full wp-image-7783 aligncenter\" src=\"http:\/\/azizgolddetector.com\/es\/wp-content\/uploads\/2022\/05\/detector-de-prospeccion-de-oro-detector-de-metales-detector-de-oro-por-a9-detector-de-pantalla.webp\" alt=\"\" width=\"734\" height=\"403\" srcset=\"https:\/\/azizgolddetector.com\/es\/wp-content\/uploads\/2022\/05\/detector-de-prospeccion-de-oro-detector-de-metales-detector-de-oro-por-a9-detector-de-pantalla.webp 734w, https:\/\/azizgolddetector.com\/es\/wp-content\/uploads\/2022\/05\/detector-de-prospeccion-de-oro-detector-de-metales-detector-de-oro-por-a9-detector-de-pantalla-600x329.webp 600w, https:\/\/azizgolddetector.com\/es\/wp-content\/uploads\/2022\/05\/detector-de-prospeccion-de-oro-detector-de-metales-detector-de-oro-por-a9-detector-de-pantalla-300x165.webp 300w\" sizes=\"auto, (max-width: 734px) 100vw, 734px\" \/><\/p>\n<h2><span style=\"color: #ff0000;\">SISTEMA DE ESCANEO DE CAMPO<\/span><\/h2>\n<p>Via Gold A9 AT, con su\u00a0 opci\u00f3n de dispositivo de escaneo de campo, cambia autom\u00e1ticamente al sistema de escaneo de campo desde el modo Clave. Al seleccionar el modo de frecuencia que desea en la pantalla de escaneo de campo, ofrece la oportunidad de buscar oro, buscar espacio (pozo, tumba, t\u00fanel, b\u00fasqueda de bodega) y buscar cualquiera de los modos de b\u00fasqueda de plata. El dispositivo de escaneo de campo Via Gold A9 le permite realizar una detecci\u00f3n y reconocimiento preliminares mediante el escaneo de distancias de 20 metros a 100 metros.<\/p>\n<p><img loading=\"lazy\" decoding=\"async\" class=\"size-full wp-image-7784 aligncenter\" src=\"http:\/\/azizgolddetector.com\/es\/wp-content\/uploads\/2022\/05\/detector-de-prospeccion-de-oro-detector-de-metales-detector-de-oro-por-a9-detector-de-tesoros.webp\" alt=\"\" width=\"734\" height=\"403\" srcset=\"https:\/\/azizgolddetector.com\/es\/wp-content\/uploads\/2022\/05\/detector-de-prospeccion-de-oro-detector-de-metales-detector-de-oro-por-a9-detector-de-tesoros.webp 734w, https:\/\/azizgolddetector.com\/es\/wp-content\/uploads\/2022\/05\/detector-de-prospeccion-de-oro-detector-de-metales-detector-de-oro-por-a9-detector-de-tesoros-600x329.webp 600w, https:\/\/azizgolddetector.com\/es\/wp-content\/uploads\/2022\/05\/detector-de-prospeccion-de-oro-detector-de-metales-detector-de-oro-por-a9-detector-de-tesoros-300x165.webp 300w\" sizes=\"auto, (max-width: 734px) 100vw, 734px\" \/><\/p>\n<p>Adem\u00e1s, con la otra opci\u00f3n de modo de b\u00fasqueda, brinda la oportunidad de buscar en el modo de frecuencia que desee entre 0.1 y 09. Gracias a la funci\u00f3n del dispositivo de escaneo de campo Via gold A9, puede encontrar 3 tecnolog\u00edas diferentes y 7 funciones diferentes en el modelo via gold A9 en Turqu\u00eda, lo que facilita la b\u00fasqueda de tesoros y tesoros al realizar detecciones garantizadas al 50%. El detector de metales Via Gold A9 ofrece la opci\u00f3n de ajustar la configuraci\u00f3n de SONIDO, LUZ seg\u00fan las condiciones del terreno como desee en su pantalla a color, adem\u00e1s de su dise\u00f1o ergon\u00f3mico y su bater\u00eda recargable de larga duraci\u00f3n.<\/p>\n<p><img loading=\"lazy\" decoding=\"async\" class=\"size-full wp-image-7785 aligncenter\" src=\"http:\/\/azizgolddetector.com\/es\/wp-content\/uploads\/2022\/05\/detector-de-prospeccion-de-oro-detector-de-metales-detector-de-oro.webp\" alt=\"\" width=\"734\" height=\"403\" srcset=\"https:\/\/azizgolddetector.com\/es\/wp-content\/uploads\/2022\/05\/detector-de-prospeccion-de-oro-detector-de-metales-detector-de-oro.webp 734w, https:\/\/azizgolddetector.com\/es\/wp-content\/uploads\/2022\/05\/detector-de-prospeccion-de-oro-detector-de-metales-detector-de-oro-600x329.webp 600w, https:\/\/azizgolddetector.com\/es\/wp-content\/uploads\/2022\/05\/detector-de-prospeccion-de-oro-detector-de-metales-detector-de-oro-300x165.webp 300w\" sizes=\"auto, (max-width: 734px) 100vw, 734px\" \/><\/p>\n<p>Via gold A9 ofrece un uso pr\u00e1ctico gracias a su pantalla TEF de 4.3 colores dentro de la unidad principal colgada en el cuello, que incluye todas sus caracter\u00edsticas. Dise\u00f1o ergon\u00f3mico, estructura de mango de 3 piezas, cabezal de salida de f\u00e1brica de 26&#215;32 di\u00e1metro 20 kHz. Bobina de b\u00fasqueda de 36&#215;41 de di\u00e1metro y 7 kHz de profundidad. Cabezal DUBLE 60&#215;60 Diametro 7 kHz 3 metros. Se vende como un juego completo, junto con el aparato del sistema de escaneo de \u00e1rea y planchas que escanean 100 metros del entorno, auriculares, cargador, bolsa de doble compartimento con funda especial, 2 a\u00f1os gratis de 8 a\u00f1os de garant\u00eda de piezas y factura registrada a su nombre.<\/p>\n<p><img loading=\"lazy\" decoding=\"async\" class=\"size-full wp-image-7786 aligncenter\" src=\"http:\/\/azizgolddetector.com\/es\/wp-content\/uploads\/2022\/05\/detector-de-prospeccion-de-oro-detector-de-metales-detector-de-tesoros-detector-de-oro-por-a9.webp\" alt=\"\" width=\"734\" height=\"403\" srcset=\"https:\/\/azizgolddetector.com\/es\/wp-content\/uploads\/2022\/05\/detector-de-prospeccion-de-oro-detector-de-metales-detector-de-tesoros-detector-de-oro-por-a9.webp 734w, https:\/\/azizgolddetector.com\/es\/wp-content\/uploads\/2022\/05\/detector-de-prospeccion-de-oro-detector-de-metales-detector-de-tesoros-detector-de-oro-por-a9-600x329.webp 600w, https:\/\/azizgolddetector.com\/es\/wp-content\/uploads\/2022\/05\/detector-de-prospeccion-de-oro-detector-de-metales-detector-de-tesoros-detector-de-oro-por-a9-300x165.webp 300w\" sizes=\"auto, (max-width: 734px) 100vw, 734px\" \/><\/p>\n","protected":false},"excerpt":{"rendered":"<p><strong>Opciones de Idioma del Detector<br \/>\n<\/strong><img decoding=\"async\" title=\"Home 2 \u2013\" src=\"https:\/\/azizgolddetector.com\/en\/wp-content\/uploads\/2022\/04\/Language-Options-All.png\" alt=\"Home 1 \u2013 Language Options All\" \/><br \/>\nEl Detector de tesoros de discriminaci\u00f3n de oro con funci\u00f3n de escaneo de \u00e1rea, a trav\u00e9s del detector de oro gold a9, con su funci\u00f3n de dispositivo de escaneo de \u00e1rea que escanea un centenar de metros es capaz de buscar IP digital y enfocar el punteroa trav\u00e9s de la b\u00fasqueda gr\u00e1fica en vivo 2D de tesoros y tesoros profundos de oro a9 y precio.<br \/>\n<a href=\"https:\/\/api.whatsapp.com\/send?phone=905425331010\" target=\"_blank\" rel=\"noopener\"><img loading=\"lazy\" decoding=\"async\" class=\"size-full wp-image-7946 aligncenter\" src=\"http:\/\/azizgolddetector.com\/es\/wp-content\/uploads\/2022\/05\/detector-de-metales-de-oro-contacto-aziz-detector-de-metales-de-oro-whatsapp-detextor.png\" alt=\"\" width=\"237\" height=\"38\" \/><\/a><\/p>\n<p><a href=\"https:\/\/form.jotform.com\/221593318570053\" target=\"_blank\" rel=\"noopener\"><img loading=\"lazy\" decoding=\"async\" class=\"size-full wp-image-7947 aligncenter\" src=\"http:\/\/azizgolddetector.com\/es\/wp-content\/uploads\/2022\/05\/detector-de-metales-de-oro-contacto-aziz-detector-de-metales-de-oro-form-detector.png\" alt=\"\" width=\"269\" height=\"38\" \/><\/a><\/p>\n","protected":false},"featured_media":7943,"comment_status":"open","ping_status":"closed","template":"","meta":[],"product_cat":[15],"product_tag":[38],"class_list":["post-7756","product","type-product","status-publish","has-post-thumbnail","hentry","product_cat-detectores","product_tag-detector-de-metales-de-oro"],"_links":{"self":[{"href":"https:\/\/azizgolddetector.com\/es\/wp-json\/wp\/v2\/product\/7756","targetHints":{"allow":["GET"]}}],"collection":[{"href":"https:\/\/azizgolddetector.com\/es\/wp-json\/wp\/v2\/product"}],"about":[{"href":"https:\/\/azizgolddetector.com\/es\/wp-json\/wp\/v2\/types\/product"}],"replies":[{"embeddable":true,"href":"https:\/\/azizgolddetector.com\/es\/wp-json\/wp\/v2\/comments?post=7756"}],"wp:featuredmedia":[{"embeddable":true,"href":"https:\/\/azizgolddetector.com\/es\/wp-json\/wp\/v2\/media\/7943"}],"wp:attachment":[{"href":"https:\/\/azizgolddetector.com\/es\/wp-json\/wp\/v2\/media?parent=7756"}],"wp:term":[{"taxonomy":"product_cat","embeddable":true,"href":"https:\/\/azizgolddetector.com\/es\/wp-json\/wp\/v2\/product_cat?post=7756"},{"taxonomy":"product_tag","embeddable":true,"href":"https:\/\/azizgolddetector.com\/es\/wp-json\/wp\/v2\/product_tag?post=7756"}],"curies":[{"name":"wp","href":"https:\/\/api.w.org\/{rel}","templated":true}]}}