{"id":8010,"date":"2022-06-20T17:47:55","date_gmt":"2022-06-20T14:47:55","guid":{"rendered":"https:\/\/azizgolddetector.com\/es\/?page_id=8010"},"modified":"2026-01-30T19:26:33","modified_gmt":"2026-01-30T16:26:33","slug":"nuestros-distribuidores","status":"publish","type":"page","link":"https:\/\/azizgolddetector.com\/es\/nuestros-distribuidores\/","title":{"rendered":"Nuestros Distribuidores"},"content":{"rendered":"<div id=\"pl-8010\"  class=\"panel-layout\" ><div id=\"pg-8010-0\"  class=\"panel-grid panel-no-style\" ><div id=\"pgc-8010-0-0\"  class=\"panel-grid-cell\" ><div id=\"panel-8010-0-0-0\" class=\"so-panel widget widget_sow-editor panel-first-child\" data-index=\"0\" ><div\n\t\t\t\n\t\t\tclass=\"so-widget-sow-editor so-widget-sow-editor-base\"\n\t\t\t\n\t\t>\n<div class=\"siteorigin-widget-tinymce textwidget\">\n\t<p style=\"text-align: center;\">Puede ponerse en contacto con nosotros a trav\u00e9s de nuestros canales de comunicaci\u00f3n para convertirse en distribuidor de <strong>Aziz Gold Detector<\/strong>, el l\u00edder en tecnolog\u00edas de detecci\u00f3n.<\/p>\n<p style=\"text-align: center;\"><span style=\"font-size: 18px;\"><a href=\"https:\/\/azizgolddetector.com\/es\/conviertase-en-nuestro-distribuidor\/\"><strong>Haga clic aqu\u00ed para solicitar un distribuidor.<\/strong><\/a><\/span><\/p>\n<p style=\"text-align: center;\">Si lo desea, puede comunicarse con su direcci\u00f3n de correo electr\u00f3nico, whatsapp y n\u00famero de tel\u00e9fono desde las opciones de la p\u00e1gina <a href=\"https:\/\/azizgolddetector.com\/es\/como-puedo-comprar\/\">c\u00f3mo puedo comprar<\/a> o la <a href=\"https:\/\/azizgolddetector.com\/es\/contactenos\/\">p\u00e1gina de contacto<\/a>.<\/p>\n<\/div>\n<\/div><\/div><div id=\"panel-8010-0-0-1\" class=\"so-panel widget widget_sow-editor panel-last-child\" data-index=\"1\" ><div\n\t\t\t\n\t\t\tclass=\"so-widget-sow-editor so-widget-sow-editor-base\"\n\t\t\t\n\t\t>\n<div class=\"siteorigin-widget-tinymce textwidget\">\n\t<blockquote>\n<p><strong><span style=\"color: #ff0000;\">Aziz Dedekt\u00f6r (Turkey)<\/span><br \/>\n<a href=\"tel:02163425859\">+90 216 342 58 59<\/a><br \/>\n<\/strong>Valide-i Atik Mah. Nuh Kuyusu Cad. No:219 Ba\u011flarba\u015f\u0131-\u00dcsk\u00fcdar\/\u0130stanbul<br \/>\n<span style=\"color: #3366ff;\"><a style=\"color: #3366ff;\" href=\"https:\/\/azizgolddetector.com\/\"><strong>www.azizgolddetector.com<\/strong><\/a><\/span><\/p>\n<\/blockquote>\n<blockquote>\n<p><strong><span style=\"color: #ff0000;\">Jahan Kavosh (Iranian)<\/span><br \/>\n<b>00989141451711<br \/>\n00989144411712<br \/>\n00989330080933<\/b><br \/>\n<\/strong>\u0627\u0631\u0648\u0645\u06cc\u0647 \u062e\u06cc\u0627\u0628\u0627\u0646 \u0627\u0647\u0646\u062f\u0648\u0633\u062a \u0627\u067e\u0627\u0631\u062a\u0645\u0627\u0646 \u0648\u0646\u06cc\u0632 \u0637\u0628\u0642\u0647 \u0627\u0648\u0644 \u0648\u0627\u062d\u062f \u06f2 \u0634\u0631\u06a9\u062a \u062c\u0647\u0627\u0646 \u06a9\u0627\u0648\u0634<br \/>\n<span style=\"color: #3366ff;\"><a style=\"color: #3366ff;\" href=\"https:\/\/jahan-kavosh.ir\/\">www.jahan-kavosh.ir\/<\/a><\/span><\/p>\n<p><span style=\"color: #ff0000;\"><strong>Detektor Emas<\/strong><\/span><br \/>\nPT. Aurum Univestama Plus<br \/>\nJl. Kedondong No. 76 Loloan Barat, Negara, Jembrana, Prov. Bali 82215<br \/>\nWA \/ HP: <strong>0819 366 377 67<\/strong><br \/>\n<a href=\"http:\/\/www.detektoremas.com\">www.detektoremas.com<\/a><br \/>\n<a href=\"mailto:info@detektoremas.com\">info@detektoremas.com<\/a><br \/>\n====================<\/p>\n<p><span style=\"color: #ff0000;\"><strong>Metal Detector Jakarta <\/strong><\/span><br \/>\nRuko pasar modern mutiara karawaci no A28, Kelapa Dua, Tangerang 15810<br \/>\nWA \/ HP: <strong>081 22 70 000 32<\/strong><br \/>\n<a href=\"http:\/\/www.detektoremas.com\">www.detektoremas.com <\/a><br \/>\n<a href=\"mailto:sales@detektoremas.com\">sales@detektoremas.com<\/a><\/p>\n<p><span style=\"color: #ff0000;\"><strong>Metal Detectors Pro (USA)<\/strong><\/span><br \/>\nWebsite: <a href=\"https:\/\/metaldetectorspro.com\/\">metaldetectorspro.com<\/a><br \/>\nEmail: <a href=\"mailto:info@metaldetectorspro.com\">info@metaldetectorspro.com<\/a><br \/>\nPhone number: <strong>(888) 283-6272<\/strong><br \/>\nWhatsApp: <strong>+1 919-650-0680<\/strong><br \/>\nAddress: 150 Preston Executive Drive Suite 201. Cary, NC 27513 USA<\/p>\n<\/blockquote>\n<\/div>\n<\/div><\/div><\/div><\/div><\/div>","protected":false},"excerpt":{"rendered":"<p>Puede ponerse en contacto con nosotros a trav\u00e9s de nuestros canales de comunicaci\u00f3n para convertirse en distribuidor de Aziz Gold Detector, el l\u00edder en tecnolog\u00edas de detecci\u00f3n. Haga clic aqu\u00ed para solicitar un distribuidor. Si lo desea, puede comunicarse con su direcci\u00f3n de correo electr\u00f3nico, whatsapp y n\u00famero de tel\u00e9fono desde las opciones de la [&hellip;]<\/p>\n","protected":false},"author":1,"featured_media":0,"parent":0,"menu_order":0,"comment_status":"closed","ping_status":"closed","template":"","meta":{"footnotes":""},"class_list":["post-8010","page","type-page","status-publish","hentry"],"_links":{"self":[{"href":"https:\/\/azizgolddetector.com\/es\/wp-json\/wp\/v2\/pages\/8010","targetHints":{"allow":["GET"]}}],"collection":[{"href":"https:\/\/azizgolddetector.com\/es\/wp-json\/wp\/v2\/pages"}],"about":[{"href":"https:\/\/azizgolddetector.com\/es\/wp-json\/wp\/v2\/types\/page"}],"author":[{"embeddable":true,"href":"https:\/\/azizgolddetector.com\/es\/wp-json\/wp\/v2\/users\/1"}],"replies":[{"embeddable":true,"href":"https:\/\/azizgolddetector.com\/es\/wp-json\/wp\/v2\/comments?post=8010"}],"version-history":[{"count":2,"href":"https:\/\/azizgolddetector.com\/es\/wp-json\/wp\/v2\/pages\/8010\/revisions"}],"predecessor-version":[{"id":8092,"href":"https:\/\/azizgolddetector.com\/es\/wp-json\/wp\/v2\/pages\/8010\/revisions\/8092"}],"wp:attachment":[{"href":"https:\/\/azizgolddetector.com\/es\/wp-json\/wp\/v2\/media?parent=8010"}],"curies":[{"name":"wp","href":"https:\/\/api.w.org\/{rel}","templated":true}]}}