{"id":55,"date":"2015-11-25T22:45:50","date_gmt":"2015-11-25T19:45:50","guid":{"rendered":"http:\/\/export-xml.qreativethemes.com\/physio\/?page_id=55"},"modified":"2023-01-23T14:25:32","modified_gmt":"2023-01-23T11:25:32","slug":"pagina-de-inicio","status":"publish","type":"page","link":"https:\/\/azizgolddetector.com\/es\/","title":{"rendered":"P\u00e1gina de Inicio"},"content":{"rendered":"<div id=\"pl-55\"  class=\"panel-layout\" ><div id=\"pg-55-0\"  class=\"panel-grid panel-no-style\" ><div id=\"pgc-55-0-0\"  class=\"panel-grid-cell\" ><div id=\"panel-55-0-0-0\" class=\"so-panel widget widget_qt_team_member widget-team-member panel-first-child panel-last-child\" data-index=\"0\" ><div class=\"panel-widget-style panel-widget-style-for-55-0-0-0\" >\n\t\t\t<div class=\"team-member\">\n\t\t\t\t\t\t\t\t\t<div class=\"team-member--image\">\n\t\t\t\t\t\t<img decoding=\"async\" src=\"https:\/\/azizgolddetector.com\/es\/wp-content\/uploads\/2022\/05\/detector-de-prospeccion-de-oro-detector-de-metales-detector-de-oro-y-metales-detector-de-oro-gold-detector.jpg\" alt=\"Via Gold A9 Detector de Metales de Oro\" loading=\"lazy\">\n\t\t\t\t\t\t\t\t\t\t\t\t<div class=\"team-member--social\">\n\t\t\t\t\t\t\t<div class=\"overlay--center\">\n\t\t\t\t\t\t\t\t\t\t\t\t\t\t\t\t\t<a href=\"https:\/\/azizgolddetector.com\/es\/product\/via-gold-a9-detector-de-metales-de-oro\/\" ><i class=\"fa fa-facebook\"><\/i><\/a>\n\t\t\t\t\t\t\t\t\t\t\t\t\t\t\t\t\t\t\t\t\t\t\t\t\t<a href=\"https:\/\/azizgolddetector.com\/es\/product\/via-gold-a9-detector-de-metales-de-oro\/\" ><i class=\"fa fa-twitter\"><\/i><\/a>\n\t\t\t\t\t\t\t\t\t\t\t\t\t\t\t\t\t\t\t\t\t\t\t\t\t<a href=\"https:\/\/azizgolddetector.com\/es\/product\/via-gold-a9-detector-de-metales-de-oro\/\" ><i class=\"fa fa-linkedin\"><\/i><\/a>\n\t\t\t\t\t\t\t\t\t\t\t\t\t\t\t\t\t\t\t\t\t\t\t\t\t<a href=\"https:\/\/azizgolddetector.com\/es\/product\/via-gold-a9-detector-de-metales-de-oro\/\" ><i class=\"fa fa-instagram\"><\/i><\/a>\n\t\t\t\t\t\t\t\t\t\t\t\t\t\t\t\t\t\t\t\t\t\t\t\t\t<a href=\"mailto:\"><i class=\"fa fa-envelope\"><\/i><\/a>\n\t\t\t\t\t\t\t\t\t\t\t\t\t\t\t<\/div>\n\t\t\t\t\t\t<\/div>\n\t\t\t\t\t\t\t\t\t\t\t\t\t\t\t\t\t\t\t<a href=\"https:\/\/azizgolddetector.com\/es\/product\/via-gold-a9-detector-de-metales-de-oro\/\" class=\"link-overlay\"><\/a>\n\t\t\t\t\t\t\t\t\t\t\t<\/div>\n\t\t\t\t\t\t\t\t<div class=\"team-member--content\">\n\t\t\t\t\t<h4 class=\"team-member--name\">\n\t\t\t\t\t\t\t\t\t\t\t\t\t<a href=\"https:\/\/azizgolddetector.com\/es\/product\/via-gold-a9-detector-de-metales-de-oro\/\">\n\t\t\t\t\t\t\t\t\t\t\t\tVia Gold A9 Detector de Metales de Oro\t\t\t\t\t\t<\/a>\t\t\t\t\t<\/h4>\n\t\t\t\t\t\t\t\t\t\t\t<span class=\"team-member--tag\">$2,600.00<\/span>\n\t\t\t\t\t\t\t\t\t\t\t\t\t\t\t\t<p class=\"team-member--description\">El Detector de tesoros de discriminaci\u00f3n de oro con funci\u00f3n de escaneo de \u00e1rea, a trav\u00e9s del detector de oro gold a9, con su funci\u00f3n de dispositivo de escaneo de \u00e1rea que escanea un centenar de metros es capaz de buscar IP digital y enfocar el punteroa trav\u00e9s de la b\u00fasqueda gr\u00e1fica en vivo 2D de tesoros y tesoros profundos de oro a9 y precio.\n<br>\n<b>Opciones de Idioma del Detector<\/b><br>\n<img decoding=\"async\" src=\"http:\/\/azizgolddetector.com\/en\/wp-content\/uploads\/2022\/04\/Language-Options-All.png\"><\/p>\n\t\t\t\t\t\t\t\t\t\t\t\t\t\t\t\t<a href=\"https:\/\/azizgolddetector.com\/es\/product\/via-gold-a9-detector-de-metales-de-oro\/\" class=\"text-link\">Ver detector<\/a>\n\t\t\t\t\t\t\t\t\t<\/div>\n\t\t\t<\/div>\n\n\t\t\t<\/div><\/div><\/div><div id=\"pgc-55-0-1\"  class=\"panel-grid-cell\" ><div id=\"panel-55-0-1-0\" class=\"so-panel widget widget_qt_team_member widget-team-member panel-first-child panel-last-child\" data-index=\"1\" ><div class=\"panel-widget-style panel-widget-style-for-55-0-1-0\" >\n\t\t\t<div class=\"team-member\">\n\t\t\t\t\t\t\t\t\t<div class=\"team-member--image\">\n\t\t\t\t\t\t<img decoding=\"async\" src=\"https:\/\/azizgolddetector.com\/es\/wp-content\/uploads\/2022\/05\/detector-de-prospeccion-de-oro-santo-detector-detector-de-oro-y-metales-detector-de-pantalla-gold-detector.jpg\" alt=\"Via Gold \u2013 Detector de Oro y Metales Deep Treasure\" loading=\"lazy\">\n\t\t\t\t\t\t\t\t\t\t\t\t<div class=\"team-member--social\">\n\t\t\t\t\t\t\t<div class=\"overlay--center\">\n\t\t\t\t\t\t\t\t\t\t\t\t\t\t\t\t\t<a href=\"https:\/\/azizgolddetector.com\/es\/product\/via-gold-detector-de-oro-y-metales-deep-treasure\/\" ><i class=\"fa fa-facebook\"><\/i><\/a>\n\t\t\t\t\t\t\t\t\t\t\t\t\t\t\t\t\t\t\t\t\t\t\t\t\t<a href=\"https:\/\/azizgolddetector.com\/es\/product\/via-gold-detector-de-oro-y-metales-deep-treasure\/\" ><i class=\"fa fa-twitter\"><\/i><\/a>\n\t\t\t\t\t\t\t\t\t\t\t\t\t\t\t\t\t\t\t\t\t\t\t\t\t<a href=\"https:\/\/azizgolddetector.com\/es\/product\/via-gold-detector-de-oro-y-metales-deep-treasure\/\" ><i class=\"fa fa-linkedin\"><\/i><\/a>\n\t\t\t\t\t\t\t\t\t\t\t\t\t\t\t\t\t\t\t\t\t\t\t\t\t<a href=\"https:\/\/azizgolddetector.com\/es\/product\/via-gold-detector-de-oro-y-metales-deep-treasure\/\" ><i class=\"fa fa-instagram\"><\/i><\/a>\n\t\t\t\t\t\t\t\t\t\t\t\t\t\t\t\t\t\t\t\t\t\t\t\t\t<a href=\"mailto:\"><i class=\"fa fa-envelope\"><\/i><\/a>\n\t\t\t\t\t\t\t\t\t\t\t\t\t\t\t<\/div>\n\t\t\t\t\t\t<\/div>\n\t\t\t\t\t\t\t\t\t\t\t\t\t\t\t\t\t\t\t<a href=\"https:\/\/azizgolddetector.com\/es\/product\/via-gold-detector-de-oro-y-metales-deep-treasure\/\" class=\"link-overlay\"><\/a>\n\t\t\t\t\t\t\t\t\t\t\t<\/div>\n\t\t\t\t\t\t\t\t<div class=\"team-member--content\">\n\t\t\t\t\t<h4 class=\"team-member--name\">\n\t\t\t\t\t\t\t\t\t\t\t\t\t<a href=\"https:\/\/azizgolddetector.com\/es\/product\/via-gold-detector-de-oro-y-metales-deep-treasure\/\">\n\t\t\t\t\t\t\t\t\t\t\t\tVia Gold \u2013 Detector de Oro y Metales Deep Treasure\t\t\t\t\t\t<\/a>\t\t\t\t\t<\/h4>\n\t\t\t\t\t\t\t\t\t\t\t<span class=\"team-member--tag\">$2,300.00<\/span>\n\t\t\t\t\t\t\t\t\t\t\t\t\t\t\t\t<p class=\"team-member--description\">Gracias al precio y las caracter\u00edsticas del detector de oro Via Gold est\u00e1 garantizado encontrar el tesoro m\u00e1s profundo y tesoros enterrados de oro, plata, bronce, metales tipo bronce, estatuas, lingotes, monedas sueltas, tesoros enterrados profundamente y tumbas de c\u00e1mara subterr\u00e1nea en t\u00faneles de 30 cm y 2,5 metros sin p\u00e9rdida de profundidad en roca y suelo.\n<br>\n<b>Opciones de Idioma del Detector<\/b><br>\n<img decoding=\"async\" src=\"http:\/\/azizgolddetector.com\/en\/wp-content\/uploads\/2022\/04\/Language-Options-All.png\"><\/p>\n\t\t\t\t\t\t\t\t\t\t\t\t\t\t\t\t<a href=\"https:\/\/azizgolddetector.com\/es\/product\/via-gold-detector-de-oro-y-metales-deep-treasure\/\" class=\"text-link\">Ver detector<\/a>\n\t\t\t\t\t\t\t\t\t<\/div>\n\t\t\t<\/div>\n\n\t\t\t<\/div><\/div><\/div><\/div><div id=\"pg-55-1\"  class=\"panel-grid panel-no-style\" ><div id=\"pgc-55-1-0\"  class=\"panel-grid-cell\" ><div id=\"panel-55-1-0-0\" class=\"so-panel widget widget_qt_team_member widget-team-member panel-first-child panel-last-child\" data-index=\"2\" ><div class=\"panel-widget-style panel-widget-style-for-55-1-0-0\" >\n\t\t\t<div class=\"team-member\">\n\t\t\t\t\t\t\t\t\t<div class=\"team-member--image\">\n\t\t\t\t\t\t<img decoding=\"async\" src=\"https:\/\/azizgolddetector.com\/es\/wp-content\/uploads\/2022\/05\/radar-visual-subterraneo-radar-marduk-radar-subterraneo-de-imagenes-dragado-subterraneo-gold-scanner-detector.jpg\" alt=\"Marduk A-Z 7000 Radar de exploraci\u00f3n subterr\u00e1neo\" loading=\"lazy\">\n\t\t\t\t\t\t\t\t\t\t\t\t<div class=\"team-member--social\">\n\t\t\t\t\t\t\t<div class=\"overlay--center\">\n\t\t\t\t\t\t\t\t\t\t\t\t\t\t\t\t\t<a href=\"https:\/\/azizgolddetector.com\/es\/product\/marduk-a-z-7000-radar-de-exploracion-subterraneo\/\" ><i class=\"fa fa-facebook\"><\/i><\/a>\n\t\t\t\t\t\t\t\t\t\t\t\t\t\t\t\t\t\t\t\t\t\t\t\t\t<a href=\"https:\/\/azizgolddetector.com\/es\/product\/marduk-a-z-7000-radar-de-exploracion-subterraneo\/\" ><i class=\"fa fa-twitter\"><\/i><\/a>\n\t\t\t\t\t\t\t\t\t\t\t\t\t\t\t\t\t\t\t\t\t\t\t\t\t<a href=\"https:\/\/azizgolddetector.com\/es\/product\/marduk-a-z-7000-radar-de-exploracion-subterraneo\/\" ><i class=\"fa fa-linkedin\"><\/i><\/a>\n\t\t\t\t\t\t\t\t\t\t\t\t\t\t\t\t\t\t\t\t\t\t\t\t\t<a href=\"https:\/\/azizgolddetector.com\/es\/product\/marduk-a-z-7000-radar-de-exploracion-subterraneo\/\" ><i class=\"fa fa-instagram\"><\/i><\/a>\n\t\t\t\t\t\t\t\t\t\t\t\t\t\t\t\t\t\t\t\t\t\t\t\t\t<a href=\"mailto:\"><i class=\"fa fa-envelope\"><\/i><\/a>\n\t\t\t\t\t\t\t\t\t\t\t\t\t\t\t<\/div>\n\t\t\t\t\t\t<\/div>\n\t\t\t\t\t\t\t\t\t\t\t\t\t\t\t\t\t\t\t<a href=\"https:\/\/azizgolddetector.com\/es\/product\/marduk-a-z-7000-radar-de-exploracion-subterraneo\/\" class=\"link-overlay\"><\/a>\n\t\t\t\t\t\t\t\t\t\t\t<\/div>\n\t\t\t\t\t\t\t\t<div class=\"team-member--content\">\n\t\t\t\t\t<h4 class=\"team-member--name\">\n\t\t\t\t\t\t\t\t\t\t\t\t\t<a href=\"https:\/\/azizgolddetector.com\/es\/product\/marduk-a-z-7000-radar-de-exploracion-subterraneo\/\">\n\t\t\t\t\t\t\t\t\t\t\t\tMarduk A-Z 7000 Radar de exploraci\u00f3n subterr\u00e1neo\t\t\t\t\t\t<\/a>\t\t\t\t\t<\/h4>\n\t\t\t\t\t\t\t\t\t\t\t<span class=\"team-member--tag\">$8,500.00<\/span>\n\t\t\t\t\t\t\t\t\t\t\t\t\t\t\t\t<p class=\"team-member--description\">El sistema MARDUK AZ 7000 VLF -EM es un instrumento ideal para mediciones magn\u00e9ticas y \/ o radiom\u00e9tricas en el aire. Es un dispositivo dise\u00f1ado para ser utilizado en la investigaci\u00f3n de habitaciones, t\u00faneles, s\u00f3tanos, tumbas y edificios para la detecci\u00f3n de metales preciosos y no preciosos.<br>\n<b>Opciones de Idioma del Detector<\/b><br>\n<img decoding=\"async\" src=\"https:\/\/azizgolddetector.com\/en\/wp-content\/uploads\/2022\/04\/Language-Options-ENG.png\"><\/p>\n\t\t\t\t\t\t\t\t\t\t\t\t\t\t\t\t<a href=\"https:\/\/azizgolddetector.com\/es\/product\/marduk-a-z-7000-radar-de-exploracion-subterraneo\/\" class=\"text-link\">Ver detector<\/a>\n\t\t\t\t\t\t\t\t\t<\/div>\n\t\t\t<\/div>\n\n\t\t\t<\/div><\/div><\/div><div id=\"pgc-55-1-1\"  class=\"panel-grid-cell\" ><div id=\"panel-55-1-1-0\" class=\"so-panel widget widget_qt_team_member widget-team-member panel-first-child panel-last-child\" data-index=\"3\" ><div class=\"panel-widget-style panel-widget-style-for-55-1-1-0\" >\n\t\t\t<div class=\"team-member\">\n\t\t\t\t\t\t\t\t\t<div class=\"team-member--image\">\n\t\t\t\t\t\t<img decoding=\"async\" src=\"https:\/\/azizgolddetector.com\/es\/wp-content\/uploads\/2022\/05\/a6-mas-detector-de-oro-detector-de-prospeccion-de-oro-detector-de-minas-detector-de-metales-gold-detector.jpg\" alt=\"A6 PLUS Detector de Oro y Tesoros\" loading=\"lazy\">\n\t\t\t\t\t\t\t\t\t\t\t\t<div class=\"team-member--social\">\n\t\t\t\t\t\t\t<div class=\"overlay--center\">\n\t\t\t\t\t\t\t\t\t\t\t\t\t\t\t\t\t<a href=\"https:\/\/azizgolddetector.com\/es\/product\/a6-plus-detector-de-oro-y-tesoros\/\" ><i class=\"fa fa-facebook\"><\/i><\/a>\n\t\t\t\t\t\t\t\t\t\t\t\t\t\t\t\t\t\t\t\t\t\t\t\t\t<a href=\"https:\/\/azizgolddetector.com\/es\/product\/a6-plus-detector-de-oro-y-tesoros\/\" ><i class=\"fa fa-twitter\"><\/i><\/a>\n\t\t\t\t\t\t\t\t\t\t\t\t\t\t\t\t\t\t\t\t\t\t\t\t\t<a href=\"https:\/\/azizgolddetector.com\/es\/product\/a6-plus-detector-de-oro-y-tesoros\/\" ><i class=\"fa fa-linkedin\"><\/i><\/a>\n\t\t\t\t\t\t\t\t\t\t\t\t\t\t\t\t\t\t\t\t\t\t\t\t\t<a href=\"https:\/\/azizgolddetector.com\/es\/product\/a6-plus-detector-de-oro-y-tesoros\/\" ><i class=\"fa fa-instagram\"><\/i><\/a>\n\t\t\t\t\t\t\t\t\t\t\t\t\t\t\t\t\t\t\t\t\t\t\t\t\t<a href=\"mailto:\"><i class=\"fa fa-envelope\"><\/i><\/a>\n\t\t\t\t\t\t\t\t\t\t\t\t\t\t\t<\/div>\n\t\t\t\t\t\t<\/div>\n\t\t\t\t\t\t\t\t\t\t\t\t\t\t\t\t\t\t\t<a href=\"https:\/\/azizgolddetector.com\/es\/product\/a6-plus-detector-de-oro-y-tesoros\/\" class=\"link-overlay\"><\/a>\n\t\t\t\t\t\t\t\t\t\t\t<\/div>\n\t\t\t\t\t\t\t\t<div class=\"team-member--content\">\n\t\t\t\t\t<h4 class=\"team-member--name\">\n\t\t\t\t\t\t\t\t\t\t\t\t\t<a href=\"https:\/\/azizgolddetector.com\/es\/product\/a6-plus-detector-de-oro-y-tesoros\/\">\n\t\t\t\t\t\t\t\t\t\t\t\tA6 PLUS Detector de Oro y Tesoros\t\t\t\t\t\t<\/a>\t\t\t\t\t<\/h4>\n\t\t\t\t\t\t\t\t\t\t\t<span class=\"team-member--tag\">$2,300.00<\/span>\n\t\t\t\t\t\t\t\t\t\t\t\t\t\t\t\t<p class=\"team-member--description\">Con el precio del detector de tesoros de oro A6 plus en tecnolog\u00eda de detectores y 3 DIFERENTES 7 Khz,  14 Khz 20 Khz  dise\u00f1o de bobina y dise\u00f1ado en 2 sistemas diferentes A6 PLUS El detector tiene las caracter\u00edsticas de una discriminaci\u00f3n m\u00e1s clara en piezas peque\u00f1as y la capacidad de encontrar valiosos restos arqueol\u00f3gicos y piezas de oro mucho m\u00e1s profundas en piezas grandes.\n<br>\n<b>Opciones de Idioma del Detector<\/b><br>\n<img decoding=\"async\" src=\"http:\/\/azizgolddetector.com\/en\/wp-content\/uploads\/2022\/04\/Language-Options-All.png\"><\/p>\n\t\t\t\t\t\t\t\t\t\t\t\t\t\t\t\t<a href=\"https:\/\/azizgolddetector.com\/es\/product\/a6-plus-detector-de-oro-y-tesoros\/\" class=\"text-link\">Ver detector<\/a>\n\t\t\t\t\t\t\t\t\t<\/div>\n\t\t\t<\/div>\n\n\t\t\t<\/div><\/div><\/div><\/div><div id=\"pg-55-2\"  class=\"panel-grid panel-no-style\" ><div id=\"pgc-55-2-0\"  class=\"panel-grid-cell\" ><div id=\"panel-55-2-0-0\" class=\"so-panel widget widget_qt_team_member widget-team-member panel-first-child panel-last-child\" data-index=\"4\" ><div class=\"panel-widget-style panel-widget-style-for-55-2-0-0\" >\n\t\t\t<div class=\"team-member\">\n\t\t\t\t\t\t\t\t\t<div class=\"team-member--image\">\n\t\t\t\t\t\t<img decoding=\"async\" src=\"https:\/\/azizgolddetector.com\/es\/wp-content\/uploads\/2022\/05\/dispositivo-de-escaneo-de-campo-escaneo-de-area-detector-de-escaneo-de-campo-escaner-de-campo-gold-detector.jpg\" alt=\"Bionic A-T-7 Pro Dispositivo Detector de Escaneo de Campo\" loading=\"lazy\">\n\t\t\t\t\t\t\t\t\t\t\t\t<div class=\"team-member--social\">\n\t\t\t\t\t\t\t<div class=\"overlay--center\">\n\t\t\t\t\t\t\t\t\t\t\t\t\t\t\t\t\t<a href=\"https:\/\/azizgolddetector.com\/es\/product\/bionic-a-t-7-pro-dispositivo-detector-de-escaneo-de-campo\/\" ><i class=\"fa fa-facebook\"><\/i><\/a>\n\t\t\t\t\t\t\t\t\t\t\t\t\t\t\t\t\t\t\t\t\t\t\t\t\t\t\t\t\t\t\t\t\t\t\t\t\t\t\t\t\t\t\t\t\t\t\t<\/div>\n\t\t\t\t\t\t<\/div>\n\t\t\t\t\t\t\t\t\t\t\t\t\t\t\t\t\t\t\t<a href=\"https:\/\/azizgolddetector.com\/es\/product\/bionic-a-t-7-pro-dispositivo-detector-de-escaneo-de-campo\/\" class=\"link-overlay\"><\/a>\n\t\t\t\t\t\t\t\t\t\t\t<\/div>\n\t\t\t\t\t\t\t\t<div class=\"team-member--content\">\n\t\t\t\t\t<h4 class=\"team-member--name\">\n\t\t\t\t\t\t\t\t\t\t\t\t\t<a href=\"https:\/\/azizgolddetector.com\/es\/product\/bionic-a-t-7-pro-dispositivo-detector-de-escaneo-de-campo\/\">\n\t\t\t\t\t\t\t\t\t\t\t\tBionic A-T-7 Pro Dispositivo Detector de Escaneo de Campo\t\t\t\t\t\t<\/a>\t\t\t\t\t<\/h4>\n\t\t\t\t\t\t\t\t\t\t\t<span class=\"team-member--tag\">$950.00<\/span>\n\t\t\t\t\t\t\t\t\t\t\t\t\t\t\t\t<p class=\"team-member--description\">El dispositivo de escaneo de campo Bionic AT 7 tiene un sistema operativo muy diferente al de los dispositivos de escaneo de campo que ha conocido hasta ahora. El dispositivo de escaneo de campo bi\u00f3nico tiene el modo de discriminaci\u00f3n ORO, PLATA, ESPACIO Y TODO METAL. El dispositivo de escaneo de campo Bionic at 7 tiene la caracter\u00edstica de escanear de 100 metros a 500 metros de distancia y sus alrededores.\n<br>\n<b>Opciones de Idioma del Detector<\/b><br>\n<img decoding=\"async\" src=\"https:\/\/azizgolddetector.com\/en\/wp-content\/uploads\/2022\/04\/Language-Options-TR-EN-AR.png\"><\/p>\n\t\t\t\t\t\t\t\t\t\t\t\t\t\t\t\t<a href=\"https:\/\/azizgolddetector.com\/es\/product\/bionic-a-t-7-pro-dispositivo-detector-de-escaneo-de-campo\/\" class=\"text-link\">Ver detector<\/a>\n\t\t\t\t\t\t\t\t\t<\/div>\n\t\t\t<\/div>\n\n\t\t\t<\/div><\/div><\/div><div id=\"pgc-55-2-1\"  class=\"panel-grid-cell\" ><div id=\"panel-55-2-1-0\" class=\"so-panel widget widget_qt_team_member widget-team-member panel-first-child panel-last-child\" data-index=\"5\" ><div class=\"panel-widget-style panel-widget-style-for-55-2-1-0\" >\n\t\t\t<div class=\"team-member\">\n\t\t\t\t\t\t\t\t\t<div class=\"team-member--image\">\n\t\t\t\t\t\t<img decoding=\"async\" src=\"https:\/\/azizgolddetector.com\/es\/wp-content\/uploads\/2022\/05\/via-gold-lrl-scanner-resim1_11zon.jpg\" alt=\"Via Gold LRL Dispositivo de Escaneo de Campo de Esc\u00e1ner\" loading=\"lazy\">\n\t\t\t\t\t\t\t\t\t\t\t\t<div class=\"team-member--social\">\n\t\t\t\t\t\t\t<div class=\"overlay--center\">\n\t\t\t\t\t\t\t\t\t\t\t\t\t\t\t\t\t<a href=\"https:\/\/azizgolddetector.com\/es\/product\/via-gold-lrl-dispositivo-de-escaneo-de-campo-de-escaner\/\" ><i class=\"fa fa-facebook\"><\/i><\/a>\n\t\t\t\t\t\t\t\t\t\t\t\t\t\t\t\t\t\t\t\t\t\t\t\t\t\t\t\t\t\t\t\t\t\t\t\t\t\t\t\t\t\t\t\t\t\t\t<\/div>\n\t\t\t\t\t\t<\/div>\n\t\t\t\t\t\t\t\t\t\t\t\t\t\t\t\t\t\t\t<a href=\"https:\/\/azizgolddetector.com\/es\/product\/via-gold-lrl-dispositivo-de-escaneo-de-campo-de-escaner\/\" class=\"link-overlay\"><\/a>\n\t\t\t\t\t\t\t\t\t\t\t<\/div>\n\t\t\t\t\t\t\t\t<div class=\"team-member--content\">\n\t\t\t\t\t<h4 class=\"team-member--name\">\n\t\t\t\t\t\t\t\t\t\t\t\t\t<a href=\"https:\/\/azizgolddetector.com\/es\/product\/via-gold-lrl-dispositivo-de-escaneo-de-campo-de-escaner\/\">\n\t\t\t\t\t\t\t\t\t\t\t\tVia Gold LRL Dispositivo de Escaneo de Campo de Esc\u00e1ner\t\t\t\t\t\t<\/a>\t\t\t\t\t<\/h4>\n\t\t\t\t\t\t\t\t\t\t\t<span class=\"team-member--tag\">$800.00<\/span>\n\t\t\t\t\t\t\t\t\t\t\t\t\t\t\t\t<p class=\"team-member--description\">Una de las caracter\u00edsticas m\u00e1s importantes del sistema VIA GOLD LRL SCANNER, el dispositivo de escaneo de campo, es que tiene una pantalla digital recargable y elegante unida a la cintura y le brindar\u00e1 una gran comodidad para encontrar tesoros que han perdido visibilidad gracias al ondas de frecuencia emitidas en la pantalla.\n<br>\n<b>Opciones de Idioma del Detector<\/b><br>\n<img decoding=\"async\" src=\"https:\/\/azizgolddetector.com\/en\/wp-content\/uploads\/2022\/04\/Language-Options-TR-EN-AR.png\"><\/p>\n\t\t\t\t\t\t\t\t\t\t\t\t\t\t\t\t<a href=\"https:\/\/azizgolddetector.com\/es\/product\/via-gold-lrl-dispositivo-de-escaneo-de-campo-de-escaner\/\" class=\"text-link\">Ver detector<\/a>\n\t\t\t\t\t\t\t\t\t<\/div>\n\t\t\t<\/div>\n\n\t\t\t<\/div><\/div><\/div><\/div><div id=\"pg-55-3\"  class=\"panel-grid panel-no-style\" ><div id=\"pgc-55-3-0\"  class=\"panel-grid-cell\" ><div id=\"panel-55-3-0-0\" class=\"so-panel widget widget_qt_team_member widget-team-member panel-first-child panel-last-child\" data-index=\"6\" ><div class=\"panel-widget-style panel-widget-style-for-55-3-0-0\" >\n\t\t\t<div class=\"team-member\">\n\t\t\t\t\t\t\t\t\t<div class=\"team-member--image\">\n\t\t\t\t\t\t<img decoding=\"async\" src=\"https:\/\/azizgolddetector.com\/es\/wp-content\/uploads\/2022\/05\/a-traves-del-detector-de-escaneo-de-campo-lrl-de-oro-herramienta-de-escaneo-de-campo-detector-de-oro-con-escaner-lrl-d-gold-detector.jpg\" alt=\"JeoFinder A-Z Plus Detector de Metales de Oro Profundo\" loading=\"lazy\">\n\t\t\t\t\t\t\t\t\t\t\t\t<div class=\"team-member--social\">\n\t\t\t\t\t\t\t<div class=\"overlay--center\">\n\t\t\t\t\t\t\t\t\t\t\t\t\t\t\t\t\t<a href=\"https:\/\/azizgolddetector.com\/es\/product\/jeofinder-a-z-plus-detector-de-metales-de-oro-profundo\/\" ><i class=\"fa fa-facebook\"><\/i><\/a>\n\t\t\t\t\t\t\t\t\t\t\t\t\t\t\t\t\t\t\t\t\t\t\t\t\t\t\t\t\t\t\t\t\t\t\t\t\t\t\t\t\t\t\t\t\t\t\t<\/div>\n\t\t\t\t\t\t<\/div>\n\t\t\t\t\t\t\t\t\t\t\t\t\t\t\t\t\t\t\t<a href=\"https:\/\/azizgolddetector.com\/es\/product\/jeofinder-a-z-plus-detector-de-metales-de-oro-profundo\/\" class=\"link-overlay\"><\/a>\n\t\t\t\t\t\t\t\t\t\t\t<\/div>\n\t\t\t\t\t\t\t\t<div class=\"team-member--content\">\n\t\t\t\t\t<h4 class=\"team-member--name\">\n\t\t\t\t\t\t\t\t\t\t\t\t\t<a href=\"https:\/\/azizgolddetector.com\/es\/product\/jeofinder-a-z-plus-detector-de-metales-de-oro-profundo\/\">\n\t\t\t\t\t\t\t\t\t\t\t\tJeoFinder A-Z Plus Detector de Metales de Oro Profundo\t\t\t\t\t\t<\/a>\t\t\t\t\t<\/h4>\n\t\t\t\t\t\t\t\t\t\t\t<span class=\"team-member--tag\">$1,590.00<\/span>\n\t\t\t\t\t\t\t\t\t\t\t\t\t\t\t\t<p class=\"team-member--description\">En la tecnolog\u00eda de detectores, en los dispositivos de b\u00fasqueda de tesoros y oro Jeo Finder AZ Plus, se proporcionan 2 cabezales con un cabezal de b\u00fasqueda profunda que pesa 1.850 gramos fabricado en Turqu\u00eda y en el mundo.  Geo finder AZ PLUS POR PRIMERA VEZ EN TURQU\u00cdA es un dispositivo de \u00faltima generaci\u00f3n con 2 sistemas juntos, el geo finder AZ PLUS tiene detecci\u00f3n gr\u00e1fica en vivo real y discriminaci\u00f3n en 2D al mismo tiempo.\n<br>\n<b>Opciones de Idioma del Detector<\/b><br>\n<img decoding=\"async\" src=\"https:\/\/azizgolddetector.com\/en\/wp-content\/uploads\/2022\/04\/Language-Options-TR-EN.png\"><\/p>\n\t\t\t\t\t\t\t\t\t\t\t\t\t\t\t\t<a href=\"https:\/\/azizgolddetector.com\/es\/product\/jeofinder-a-z-plus-detector-de-metales-de-oro-profundo\/\" class=\"text-link\">Ver detector<\/a>\n\t\t\t\t\t\t\t\t\t<\/div>\n\t\t\t<\/div>\n\n\t\t\t<\/div><\/div><\/div><div id=\"pgc-55-3-1\"  class=\"panel-grid-cell\" ><div id=\"panel-55-3-1-0\" class=\"so-panel widget widget_qt_team_member widget-team-member panel-first-child panel-last-child\" data-index=\"7\" ><div class=\"panel-widget-style panel-widget-style-for-55-3-1-0\" >\n\t\t\t<div class=\"team-member\">\n\t\t\t\t\t\t\t\t\t<div class=\"team-member--image\">\n\t\t\t\t\t\t<img decoding=\"async\" src=\"https:\/\/azizgolddetector.com\/es\/wp-content\/uploads\/2022\/05\/navegador-de-oro-buscador-de-tesoros-detector-escaner-de-oro-escaner-marduk-detector-de-oro-y-metales-gold-detector.jpg\" alt=\"Marduk Scanner \u2013 Detector de Dispositivo de Escaneo de Campo\" loading=\"lazy\">\n\t\t\t\t\t\t\t\t\t\t\t\t<div class=\"team-member--social\">\n\t\t\t\t\t\t\t<div class=\"overlay--center\">\n\t\t\t\t\t\t\t\t\t\t\t\t\t\t\t\t\t<a href=\"https:\/\/azizgolddetector.com\/es\/product\/marduk-scanner-detector-de-dispositivo-de-escaneo-de-campo\/\" ><i class=\"fa fa-facebook\"><\/i><\/a>\n\t\t\t\t\t\t\t\t\t\t\t\t\t\t\t\t\t\t\t\t\t\t\t\t\t\t\t\t\t\t\t\t\t\t\t\t\t\t\t\t\t\t\t\t\t\t\t<\/div>\n\t\t\t\t\t\t<\/div>\n\t\t\t\t\t\t\t\t\t\t\t\t\t\t\t\t\t\t\t<a href=\"https:\/\/azizgolddetector.com\/es\/product\/marduk-scanner-detector-de-dispositivo-de-escaneo-de-campo\/\" class=\"link-overlay\"><\/a>\n\t\t\t\t\t\t\t\t\t\t\t<\/div>\n\t\t\t\t\t\t\t\t<div class=\"team-member--content\">\n\t\t\t\t\t<h4 class=\"team-member--name\">\n\t\t\t\t\t\t\t\t\t\t\t\t\t<a href=\"https:\/\/azizgolddetector.com\/es\/product\/marduk-scanner-detector-de-dispositivo-de-escaneo-de-campo\/\">\n\t\t\t\t\t\t\t\t\t\t\t\tMarduk Scanner \u2013 Detector de Dispositivo de Escaneo de Campo\t\t\t\t\t\t<\/a>\t\t\t\t\t<\/h4>\n\t\t\t\t\t\t\t\t\t\t\t<span class=\"team-member--tag\">$490.00<\/span>\n\t\t\t\t\t\t\t\t\t\t\t\t\t\t\t\t<p class=\"team-member--description\">El dispositivo de escaneo de campo de la pantalla del esc\u00e1ner Marduk tiene 3 caracter\u00edsticas y dise\u00f1os diferentes juntos debido a su uso pr\u00e1ctico y portabilidad, tiene 3 antenas, polvos de mezcla adicionales en las antenas y en el mango, y una c\u00e1mara en el mango.\n<br>\n<b>Opciones de Idioma del Detector<\/b><br>\n<img decoding=\"async\" src=\"https:\/\/azizgolddetector.com\/en\/wp-content\/uploads\/2022\/04\/Language-Options-TR-EN-AR.png\"><\/p>\n\t\t\t\t\t\t\t\t\t\t\t\t\t\t\t\t<a href=\"https:\/\/azizgolddetector.com\/es\/product\/marduk-scanner-detector-de-dispositivo-de-escaneo-de-campo\/\" class=\"text-link\">Ver detector<\/a>\n\t\t\t\t\t\t\t\t\t<\/div>\n\t\t\t<\/div>\n\n\t\t\t<\/div><\/div><\/div><\/div><\/div>","protected":false},"excerpt":{"rendered":"<p>Via Gold A9 Detector de Metales de Oro $2,600.00 El Detector de tesoros de discriminaci\u00f3n de oro con funci\u00f3n de escaneo de \u00e1rea, a trav\u00e9s del detector de oro gold a9, con su funci\u00f3n de dispositivo de escaneo de \u00e1rea que escanea un centenar de metros es capaz de buscar IP digital y enfocar el [&hellip;]<\/p>\n","protected":false},"author":1,"featured_media":0,"parent":0,"menu_order":0,"comment_status":"closed","ping_status":"closed","template":"template-front-jumbtron.php","meta":{"footnotes":""},"class_list":["post-55","page","type-page","status-publish","hentry"],"_links":{"self":[{"href":"https:\/\/azizgolddetector.com\/es\/wp-json\/wp\/v2\/pages\/55","targetHints":{"allow":["GET"]}}],"collection":[{"href":"https:\/\/azizgolddetector.com\/es\/wp-json\/wp\/v2\/pages"}],"about":[{"href":"https:\/\/azizgolddetector.com\/es\/wp-json\/wp\/v2\/types\/page"}],"author":[{"embeddable":true,"href":"https:\/\/azizgolddetector.com\/es\/wp-json\/wp\/v2\/users\/1"}],"replies":[{"embeddable":true,"href":"https:\/\/azizgolddetector.com\/es\/wp-json\/wp\/v2\/comments?post=55"}],"version-history":[{"count":2,"href":"https:\/\/azizgolddetector.com\/es\/wp-json\/wp\/v2\/pages\/55\/revisions"}],"predecessor-version":[{"id":8076,"href":"https:\/\/azizgolddetector.com\/es\/wp-json\/wp\/v2\/pages\/55\/revisions\/8076"}],"wp:attachment":[{"href":"https:\/\/azizgolddetector.com\/es\/wp-json\/wp\/v2\/media?parent=55"}],"curies":[{"name":"wp","href":"https:\/\/api.w.org\/{rel}","templated":true}]}}