{"id":347,"date":"2015-12-04T13:09:18","date_gmt":"2015-12-04T10:09:18","guid":{"rendered":"http:\/\/export-xml.qreativethemes.com\/physio\/?page_id=347"},"modified":"2022-06-20T17:14:58","modified_gmt":"2022-06-20T14:14:58","slug":"pmf-pagina","status":"publish","type":"page","link":"https:\/\/azizgolddetector.com\/es\/pmf-pagina\/","title":{"rendered":"PMF P\u00e1gina"},"content":{"rendered":"<div id=\"pl-347\"  class=\"panel-layout\" ><div id=\"pg-347-0\"  class=\"panel-grid panel-no-style\" ><div id=\"pgc-347-0-0\"  class=\"panel-grid-cell\" ><div id=\"panel-347-0-0-0\" class=\"so-panel widget widget_sow-editor panel-first-child panel-last-child\" data-index=\"0\" ><div class=\"smaller-widget-title panel-widget-style panel-widget-style-for-347-0-0-0\" ><div\n\t\t\t\n\t\t\tclass=\"so-widget-sow-editor so-widget-sow-editor-base\"\n\t\t\t\n\t\t>\n<div class=\"siteorigin-widget-tinymce textwidget\">\n\t<div class=\"panel-group\" id=\"accordion-0\" data-panel=\"accordion-0\"><\/p>\n<p><div class=\"panel\"><div class=\"panel-heading\"><h3 class=\"panel-title\"><a class=\"accordion-toggle\" data-toggle=\"collapse\" data-parent=\"#accordion-0\" href=\"#collapse_0\" aria-expanded=\"true\">Los Detectores Discriminan El Oro?<\/a><\/h3><\/div><div id=\"collapse_0\" class=\"panel-collapse collapse in\"><div class=\"panel-body\"><\/p>\n<p>Los modelos de detectores VLF, que pueden distinguir muy bien el oro, pueden distinguir no solo el oro, sino tambi\u00e9n la plata, el bronce y los metales no preciosos. Sin embargo, no debe olvidarse que, aunque los precios del detector son caros, no pueden hacer una distinci\u00f3n precisa y clara del oro. En el esta\u00f1ado y el cromado, que llamamos galvanizaci\u00f3n en t\u00e9rminos de separaci\u00f3n de oro, los metales de mezcla de acero pintados y horneados pueden cometer errores. Nosotros, COMO AZIZ DETECTOR TECHNOLOGIES, describimos todos los dispositivos que probamos mientras los promocionamos en nuestros videos. Aunque los detectores VLF distinguen mejor el oro y el metal que los detectores de PULSOS, detectan y detectan m\u00e1s profundamente en bobinas dise\u00f1adas con los mismos tama\u00f1os de cabezal. Aquellos que quieran comprar un detector de tesoros, al comprar un detector de tesoros de discriminaci\u00f3n de oro, es \u00fatil comprar dispositivos con sistemas anal\u00f3gicos bien dise\u00f1ados y software bien hecho.<\/p>\n<p> <\/div><\/div><\/div><\/p>\n<p><div class=\"panel\"><div class=\"panel-heading\"><h3 class=\"panel-title\"><a class=\"accordion-toggle\" data-toggle=\"collapse\" data-parent=\"#accordion-0\" href=\"#collapse_1\" >Los Detectores de B\u00fasqueda de Tesoros Encuentran Oro?<\/a><\/h3><\/div><div id=\"collapse_1\" class=\"panel-collapse collapse \"><div class=\"panel-body\"><\/p>\n<p>Hoy en d\u00eda, muchas empresas no distinguen adecuadamente el oro de los detectores que producen en la producci\u00f3n de detectores de tesoros. Le recomendamos que examine el Buscador de oro y el detector Marduk Az 7000 y los sistemas de im\u00e1genes subterr\u00e1neas al comprar un detector de b\u00fasqueda de tesoros. Los detectores de tesoros producidos en el mundo se producen generalmente para b\u00fasquedas superficiales y de monedas individuales. Los detectores de b\u00fasqueda de tesoros producidos en las profundidades se venden muy caros porque se venden en d\u00f3lares y euros.<\/p>\n<p>Los modelos de detectores producidos por Aziz Detector Technologies en los \u00faltimos 10 a\u00f1os funcionan haciendo distinciones asequibles y de mejor calidad de acuerdo con los precios mundiales de los detectores. Cuando desee comprar un detector de b\u00fasqueda de tesoros y un detector de b\u00fasqueda de oro, puede obtener informaci\u00f3n prob\u00e1ndolo en las tiendas Aziz Detector Technologies en Estambul \u00dcsk\u00fcdar Altunizade. O puede comprar a precios asequibles. Los modelos y precios de los detectores var\u00edan seg\u00fan el n\u00famero de cabezales y las relaciones de tama\u00f1o.<\/p>\n<p>La calidad del detector debe distinguir el tesoro que encuentra en el suelo como oro, y tambi\u00e9n debe encontrarlo en suelos mineralizados de profundidad. Aziz Detector vende y alquila los mejores detectores de tesoros, adem\u00e1s de m\u00e1s de 40 dispositivos de escaneo de \u00e1reas separadas por oro y de im\u00e1genes subterr\u00e1neas en su tienda. Antes de comprar un detector, cont\u00e1ctenos para comprar el mejor detector de tesoros de discriminaci\u00f3n de oro. Finalmente, un detector de tesoros de calidad debe hacer una distinci\u00f3n al detectar profundamente, trabajar de manera estable en el suelo y encontrar productos valiosos como oro, plata, bronce, bronce en el suelo y caca con garant\u00eda.<\/p>\n<p> <\/div><\/div><\/div><\/p>\n<p><div class=\"panel\"><div class=\"panel-heading\"><h3 class=\"panel-title\"><a class=\"accordion-toggle\" data-toggle=\"collapse\" data-parent=\"#accordion-0\" href=\"#collapse_2\" >C\u00f3mo Debe Ser un Detector de Oro?<\/a><\/h3><\/div><div id=\"collapse_2\" class=\"panel-collapse collapse \"><div class=\"panel-body\"><\/p>\n<p>C\u00f3mo debe ser un detector de oro? Todo cazador de tesoros que quiera comprar un detector quiere que los detectores que compre puedan encontrar metales en el suelo y las rocas, y que encuentren tesoros profundos sin interferencias en los suelos minerales. Sin embargo, no todos los detectores distinguen entre oro, plata y metales sin valor en el mejor de los casos en un 70%. Es \u00fatil para los entusiastas de los tesoros comprar detectores de oro de compa\u00f1\u00edas confiables. No olvide que no importa qu\u00e9 detector compre, no olvide que comete un error.<\/p>\n<p> <\/div><\/div><\/div><\/p>\n<p><div class=\"panel\"><div class=\"panel-heading\"><h3 class=\"panel-title\"><a class=\"accordion-toggle\" data-toggle=\"collapse\" data-parent=\"#accordion-0\" href=\"#collapse_3\" >Los dispositivos de escaneo de campo tienen caracter\u00edsticas de detector?<\/a><\/h3><\/div><div id=\"collapse_3\" class=\"panel-collapse collapse \"><div class=\"panel-body\"><\/p>\n<p>Dispositivos de exploraci\u00f3n de campo, sistemas de exploraci\u00f3n de Campo preparados con circuitos electr\u00f3nicos, estos sistemas se fabrican generalmente como de un solo uso.<br \/>\nEstos son los que tienen circuitos de frecuencia, cuyas antenas se preparan con dispositivos qu\u00edmicos.<br \/>\nComo resultado, independientemente de estos sistemas, los dispositivos de escaneo de campo preparados con el mejor sistema tienen una tasa de \u00e9xito del 50 por ciento. Sin embargo, no debe olvidarse que tiene la caracter\u00edstica de dirigirse a \u00e1reas de 50 a 200 metros de distancia. El lugar al que se dirige debe analizarse muy bien o es \u00fatil mirarlo con un detector profundo o un sistema de im\u00e1genes.<\/p>\n<p> <\/div><\/div><\/div><\/p>\n<p><\/div>\n<\/div>\n<\/div><\/div><\/div><\/div><\/div><div id=\"pg-347-1\"  class=\"panel-grid panel-has-style\" ><div class=\"panel-row-style panel-row-style-for-347-1\" ><div id=\"pgc-347-1-0\"  class=\"panel-grid-cell\" ><div class=\"text-center panel-cell-style panel-cell-style-for-347-1-0\" ><div id=\"panel-347-1-0-0\" class=\"so-panel widget widget_sow-editor panel-first-child panel-last-child\" data-index=\"1\" ><div\n\t\t\t\n\t\t\tclass=\"so-widget-sow-editor so-widget-sow-editor-base\"\n\t\t\t\n\t\t><h3 class=\"widget-title\">Hacer una Pregunta<\/h3>\n<div class=\"siteorigin-widget-tinymce textwidget\">\n\t<div role=\"form\" class=\"wpcf7\" id=\"wpcf7-f7235-o1\" lang=\"en-US\" dir=\"ltr\">\n<div class=\"screen-reader-response\"><p role=\"status\" aria-live=\"polite\" aria-atomic=\"true\"><\/p> <ul><\/ul><\/div>\n<form action=\"\/es\/wp-json\/wp\/v2\/pages\/347#wpcf7-f7235-o1\" method=\"post\" class=\"wpcf7-form init\" novalidate=\"novalidate\" data-status=\"init\">\n<div style=\"display: none;\">\n<input type=\"hidden\" name=\"_wpcf7\" value=\"7235\" \/>\n<input type=\"hidden\" name=\"_wpcf7_version\" value=\"5.6.3\" \/>\n<input type=\"hidden\" name=\"_wpcf7_locale\" value=\"en_US\" \/>\n<input type=\"hidden\" name=\"_wpcf7_unit_tag\" value=\"wpcf7-f7235-o1\" \/>\n<input type=\"hidden\" name=\"_wpcf7_container_post\" value=\"0\" \/>\n<input type=\"hidden\" name=\"_wpcf7_posted_data_hash\" value=\"\" \/>\n<\/div>\n<div class=\"questionform white-featured-box\">\n<div class=\"row\">\n<div class=\"col-xs-12 col-md-6\">\n\t\t<span class=\"wpcf7-form-control-wrap\" data-name=\"your-name\"><input type=\"text\" name=\"your-name\" value=\"\" size=\"40\" class=\"wpcf7-form-control wpcf7-text wpcf7-validates-as-required\" aria-required=\"true\" aria-invalid=\"false\" placeholder=\"Full Name *\" \/><\/span><span class=\"wpcf7-form-control-wrap\" data-name=\"your-email\"><input type=\"email\" name=\"your-email\" value=\"\" size=\"40\" class=\"wpcf7-form-control wpcf7-text wpcf7-email wpcf7-validates-as-required wpcf7-validates-as-email\" aria-required=\"true\" aria-invalid=\"false\" placeholder=\"Email Address *\" \/><\/span><span class=\"wpcf7-form-control-wrap\" data-name=\"your-phone\"><input type=\"tel\" name=\"your-phone\" value=\"\" size=\"40\" class=\"wpcf7-form-control wpcf7-text wpcf7-tel wpcf7-validates-as-required wpcf7-validates-as-tel\" aria-required=\"true\" aria-invalid=\"false\" placeholder=\"Phone Number *\" \/><\/span><span class=\"wpcf7-form-control-wrap\" data-name=\"answer\"><select name=\"answer\" class=\"wpcf7-form-control wpcf7-select wpcf7-validates-as-required\" aria-required=\"true\" aria-invalid=\"false\"><option value=\"\">Receive Answer By:<\/option><option value=\"Phone\">Phone<\/option><option value=\"By Email\">By Email<\/option><\/select><\/span>\n\t<\/div>\n<div class=\"col-xs-12 col-md-6\">\n\t\t<span class=\"wpcf7-form-control-wrap\" data-name=\"your-subject\"><input type=\"text\" name=\"your-subject\" value=\"\" size=\"40\" class=\"wpcf7-form-control wpcf7-text wpcf7-validates-as-required\" aria-required=\"true\" aria-invalid=\"false\" placeholder=\"The Subject\" \/><\/span><span class=\"wpcf7-form-control-wrap\" data-name=\"your-message\"><textarea name=\"your-message\" cols=\"40\" rows=\"10\" class=\"wpcf7-form-control wpcf7-textarea wpcf7-validates-as-required\" aria-required=\"true\" aria-invalid=\"false\" placeholder=\"Type your question..\"><\/textarea><\/span><input type=\"submit\" value=\"Send Question\" class=\"wpcf7-form-control has-spinner wpcf7-submit btn btn-primary pull-right fullwidth\" \/>\n\t<\/div>\n<\/div>\n<\/div>\n<div class=\"wpcf7-response-output\" aria-hidden=\"true\"><\/div><\/form><\/div>\n<\/div>\n<\/div><\/div><\/div><\/div><\/div><\/div><\/div>","protected":false},"excerpt":{"rendered":"<p>Los Detectores Discriminan El Oro? Los modelos de detectores VLF, que pueden distinguir muy bien el oro, pueden distinguir no solo el oro, sino tambi\u00e9n la plata, el bronce y los metales no preciosos. Sin embargo, no debe olvidarse que, aunque los precios del detector son caros, no pueden hacer una distinci\u00f3n precisa y clara [&hellip;]<\/p>\n","protected":false},"author":1,"featured_media":0,"parent":0,"menu_order":0,"comment_status":"closed","ping_status":"closed","template":"","meta":{"footnotes":""},"class_list":["post-347","page","type-page","status-publish","hentry"],"_links":{"self":[{"href":"https:\/\/azizgolddetector.com\/es\/wp-json\/wp\/v2\/pages\/347","targetHints":{"allow":["GET"]}}],"collection":[{"href":"https:\/\/azizgolddetector.com\/es\/wp-json\/wp\/v2\/pages"}],"about":[{"href":"https:\/\/azizgolddetector.com\/es\/wp-json\/wp\/v2\/types\/page"}],"author":[{"embeddable":true,"href":"https:\/\/azizgolddetector.com\/es\/wp-json\/wp\/v2\/users\/1"}],"replies":[{"embeddable":true,"href":"https:\/\/azizgolddetector.com\/es\/wp-json\/wp\/v2\/comments?post=347"}],"version-history":[{"count":0,"href":"https:\/\/azizgolddetector.com\/es\/wp-json\/wp\/v2\/pages\/347\/revisions"}],"wp:attachment":[{"href":"https:\/\/azizgolddetector.com\/es\/wp-json\/wp\/v2\/media?parent=347"}],"curies":[{"name":"wp","href":"https:\/\/api.w.org\/{rel}","templated":true}]}}