{"id":117,"date":"2015-11-27T18:00:51","date_gmt":"2015-11-27T15:00:51","guid":{"rendered":"http:\/\/export-xml.qreativethemes.com\/physio\/?page_id=117"},"modified":"2022-06-20T17:11:57","modified_gmt":"2022-06-20T14:11:57","slug":"contactenos","status":"publish","type":"page","link":"https:\/\/azizgolddetector.com\/es\/contactenos\/","title":{"rendered":"Cont\u00e1ctenos"},"content":{"rendered":"<div id=\"pl-117\"  class=\"panel-layout\" ><div id=\"pg-117-0\"  class=\"panel-grid panel-no-style\" ><div id=\"pgc-117-0-0\"  class=\"panel-grid-cell\" ><div id=\"panel-117-0-0-0\" class=\"so-panel widget widget_sow-editor panel-first-child\" data-index=\"0\" ><div class=\"featured-box panel-widget-style panel-widget-style-for-117-0-0-0\" ><div\n\t\t\t\n\t\t\tclass=\"so-widget-sow-editor so-widget-sow-editor-base\"\n\t\t\t\n\t\t>\n<div class=\"siteorigin-widget-tinymce textwidget\">\n\t<p><span style=\"color: #ffffff;\"><span style=\"line-height: 1.5;\"><b>Aziz Gold Detector<br \/>\n<\/b><\/span><span style=\"line-height: 1.5;\"><em><strong>Aziz Dedekt\u00f6r<\/strong><\/em><br \/>\n<\/span>Valide-i Atik Mah. Nuh Kuyusu Cad. No 219<\/span><br \/>\n<span style=\"color: #ffffff;\">Ba\u011flarba\u015f\u0131-\u00dcsk\u00fcdar\/\u0130stanbul<span style=\"line-height: 1.5;\">\u00a0<\/span><\/span><\/p>\n<hr \/>\n<p><span style=\"color: #ffffff;\"><strong>N\u00famero de Tel\u00e9fono<br \/>\n<\/strong><a style=\"color: #ffffff;\" href=\"tel:02163425859\">0216 342 58 59<\/a><\/span><\/p>\n<hr \/>\n<p><span style=\"color: #ffffff;\"><strong>Direcci\u00f3n de Correo Electr\u00f3nico<br \/>\n<\/strong>info@azizgolddetector.com<\/span><\/p>\n<hr \/>\n<p><span style=\"color: #ffffff;\"><strong>Redes Sociales<br \/>\n<\/strong><\/span><\/p>\n<p><span style=\"color: #ffffff;\"><a class=\"icon-wrap\" href=\"#\" target=\"_blank\"><i class=\"fa fab fa-facebook-f\"><\/i><\/a> \u00a0 <a class=\"icon-wrap\" href=\"#\" target=\"_blank\"><i class=\"fa fab fa-twitter\"><\/i><\/a> \u00a0 <a class=\"icon-wrap\" href=\"#\" target=\"_self\"><i class=\"fa fab fa-linkedin-in\"><\/i><\/a> \u00a0 <a class=\"icon-wrap\" href=\"#\" target=\"_self\"><i class=\"fa fab fa-youtube\"><\/i><\/a> \u00a0 <a class=\"icon-wrap\" href=\"#\" target=\"_self\"><i class=\"fa fab fa-instagram\"><\/i><\/a><\/span><\/p>\n<\/div>\n<\/div><\/div><\/div><div id=\"panel-117-0-0-1\" class=\"so-panel widget widget_sow-button panel-last-child\" data-index=\"1\" ><div\n\t\t\t\n\t\t\tclass=\"so-widget-sow-button so-widget-sow-button-atom-43d56241904d-117\"\n\t\t\t\n\t\t><div class=\"ow-button-base ow-button-align-center\">\n\t<a href=\"https:\/\/azizgolddetector.com\/es\/como-puedo-comprar\" class=\"ow-icon-placement-left ow-button-hover\" \t\t>\n\t\t<span>\n\t\t\t<span class=\"sow-icon-fontawesome sow-far\" data-sow-icon=\"&#xf058;\"\n\t\t \n\t\taria-hidden=\"true\"><\/span>\n\t\t\tC\u00f3mo Puedo Comprar\t\t<\/span>\n\t<\/a>\n<\/div>\n<\/div><\/div><\/div><div id=\"pgc-117-0-1\"  class=\"panel-grid-cell\" ><div id=\"panel-117-0-1-0\" class=\"so-panel widget widget_sow-editor panel-first-child\" data-index=\"2\" ><div\n\t\t\t\n\t\t\tclass=\"so-widget-sow-editor so-widget-sow-editor-base\"\n\t\t\t\n\t\t><h3 class=\"widget-title\">Formulario de Pedido de Detector de Metales de Oro<\/h3>\n<div class=\"siteorigin-widget-tinymce textwidget\">\n\t<p>To order, you can send a message to our <a href=\"https:\/\/api.whatsapp.com\/send?phone=905059938118\">WhatsApp number<\/a> or fill out the form by <a href=\"https:\/\/azizgolddetector.com\/es\/como-puedo-comprar\">clicking here<\/a>.<\/p>\n<\/div>\n<\/div><\/div><div id=\"panel-117-0-1-1\" class=\"so-panel widget widget_sow-editor panel-last-child\" data-index=\"3\" ><div class=\"panel-widget-style panel-widget-style-for-117-0-1-1\" ><div\n\t\t\t\n\t\t\tclass=\"so-widget-sow-editor so-widget-sow-editor-base\"\n\t\t\t\n\t\t>\n<div class=\"siteorigin-widget-tinymce textwidget\">\n\t<div role=\"form\" class=\"wpcf7\" id=\"wpcf7-f7485-o1\" lang=\"en-US\" dir=\"ltr\">\n<div class=\"screen-reader-response\"><p role=\"status\" aria-live=\"polite\" aria-atomic=\"true\"><\/p> <ul><\/ul><\/div>\n<form action=\"\/es\/wp-json\/wp\/v2\/pages\/117#wpcf7-f7485-o1\" method=\"post\" class=\"wpcf7-form init\" novalidate=\"novalidate\" data-status=\"init\">\n<div style=\"display: none;\">\n<input type=\"hidden\" name=\"_wpcf7\" value=\"7485\" \/>\n<input type=\"hidden\" name=\"_wpcf7_version\" value=\"5.6.3\" \/>\n<input type=\"hidden\" name=\"_wpcf7_locale\" value=\"en_US\" \/>\n<input type=\"hidden\" name=\"_wpcf7_unit_tag\" value=\"wpcf7-f7485-o1\" \/>\n<input type=\"hidden\" name=\"_wpcf7_container_post\" value=\"0\" \/>\n<input type=\"hidden\" name=\"_wpcf7_posted_data_hash\" value=\"\" \/>\n<\/div>\n<div class=\"white-featured-box\">\n<div class=\"row\">\n<div class=\"col-xs-12 col-md-6\"><span>Name *<\/span><span class=\"wpcf7-form-control-wrap\" data-name=\"your-name\"><input type=\"text\" name=\"your-name\" value=\"\" size=\"40\" class=\"wpcf7-form-control wpcf7-text wpcf7-validates-as-required\" aria-required=\"true\" aria-invalid=\"false\" placeholder=\"Full Name\" \/><\/span><span>Email *<\/span><span class=\"wpcf7-form-control-wrap\" data-name=\"your-email\"><input type=\"email\" name=\"your-email\" value=\"\" size=\"40\" class=\"wpcf7-form-control wpcf7-text wpcf7-email wpcf7-validates-as-required wpcf7-validates-as-email\" aria-required=\"true\" aria-invalid=\"false\" placeholder=\"Email Address\" \/><\/span><span>Phone Number *<\/span><span class=\"wpcf7-form-control-wrap\" data-name=\"your-phone\"><input type=\"tel\" name=\"your-phone\" value=\"\" size=\"40\" class=\"wpcf7-form-control wpcf7-text wpcf7-tel wpcf7-validates-as-required wpcf7-validates-as-tel\" aria-required=\"true\" aria-invalid=\"false\" placeholder=\"Phone Number\" \/><\/span>\n\t<\/div>\n<div class=\"col-xs-12 col-md-6\"><span>The Subject<\/span><span class=\"wpcf7-form-control-wrap\" data-name=\"your-subject\"><input type=\"text\" name=\"your-subject\" value=\"\" size=\"40\" class=\"wpcf7-form-control wpcf7-text\" aria-invalid=\"false\" placeholder=\"Subject\" \/><\/span><span>Your Message *<\/span><span class=\"wpcf7-form-control-wrap\" data-name=\"your-message\"><textarea name=\"your-message\" cols=\"40\" rows=\"10\" class=\"wpcf7-form-control wpcf7-textarea\" aria-invalid=\"false\" placeholder=\"Type your message..\"><\/textarea><\/span><input type=\"submit\" value=\"Send Message\" class=\"wpcf7-form-control has-spinner wpcf7-submit btn btn-primary\" \/><input type=\"reset\" class=\"btn btn-outline\" value=\"Clear Form\" \/><\/span>\n\t<\/div>\n<\/div>\n<\/div>\n<div class=\"wpcf7-response-output\" aria-hidden=\"true\"><\/div><\/form><\/div>\n<\/div>\n<\/div><\/div><\/div><\/div><\/div><\/div>","protected":false},"excerpt":{"rendered":"<p>Aziz Gold Detector Aziz Dedekt\u00f6r Valide-i Atik Mah. Nuh Kuyusu Cad. No 219 Ba\u011flarba\u015f\u0131-\u00dcsk\u00fcdar\/\u0130stanbul\u00a0 N\u00famero de Tel\u00e9fono 0216 342 58 59 Direcci\u00f3n de Correo Electr\u00f3nico info@azizgolddetector.com Redes Sociales \u00a0 \u00a0 \u00a0 \u00a0 To order, you can send a message to our WhatsApp number or fill out the form by clicking here.<\/p>\n","protected":false},"author":1,"featured_media":0,"parent":0,"menu_order":0,"comment_status":"closed","ping_status":"closed","template":"","meta":{"footnotes":""},"class_list":["post-117","page","type-page","status-publish","hentry"],"_links":{"self":[{"href":"https:\/\/azizgolddetector.com\/es\/wp-json\/wp\/v2\/pages\/117","targetHints":{"allow":["GET"]}}],"collection":[{"href":"https:\/\/azizgolddetector.com\/es\/wp-json\/wp\/v2\/pages"}],"about":[{"href":"https:\/\/azizgolddetector.com\/es\/wp-json\/wp\/v2\/types\/page"}],"author":[{"embeddable":true,"href":"https:\/\/azizgolddetector.com\/es\/wp-json\/wp\/v2\/users\/1"}],"replies":[{"embeddable":true,"href":"https:\/\/azizgolddetector.com\/es\/wp-json\/wp\/v2\/comments?post=117"}],"version-history":[{"count":0,"href":"https:\/\/azizgolddetector.com\/es\/wp-json\/wp\/v2\/pages\/117\/revisions"}],"wp:attachment":[{"href":"https:\/\/azizgolddetector.com\/es\/wp-json\/wp\/v2\/media?parent=117"}],"curies":[{"name":"wp","href":"https:\/\/api.w.org\/{rel}","templated":true}]}}