{"id":117,"date":"2015-11-27T18:00:51","date_gmt":"2015-11-27T18:00:51","guid":{"rendered":"http:\/\/export-xml.qreativethemes.com\/physio\/?page_id=117"},"modified":"2022-06-09T19:16:23","modified_gmt":"2022-06-09T16:16:23","slug":"contact-us","status":"publish","type":"page","link":"https:\/\/azizgolddetector.com\/en\/contact-us\/","title":{"rendered":"Contact Us"},"content":{"rendered":"<div id=\"pl-117\"  class=\"panel-layout\" ><div id=\"pg-117-0\"  class=\"panel-grid panel-no-style\" ><div id=\"pgc-117-0-0\"  class=\"panel-grid-cell\" ><div id=\"panel-117-0-0-0\" class=\"so-panel widget widget_sow-editor panel-first-child\" data-index=\"0\" ><div class=\"featured-box panel-widget-style panel-widget-style-for-117-0-0-0\" ><div\n\t\t\t\n\t\t\tclass=\"so-widget-sow-editor so-widget-sow-editor-base\"\n\t\t\t\n\t\t>\n<div class=\"siteorigin-widget-tinymce textwidget\">\n\t<p><span style=\"color: #ffffff;\"><span style=\"line-height: 1.5;\"><b>Aziz Gold Detector<br \/>\n<\/b><\/span><span style=\"line-height: 1.5;\"><em><strong>Aziz Dedekt\u00f6r<\/strong><\/em><br \/>\n<\/span>Valide-i Atik Mah. Nuh Kuyusu Cad. No 219<\/span><br \/>\n<span style=\"color: #ffffff;\">Ba\u011flarba\u015f\u0131-\u00dcsk\u00fcdar\/\u0130stanbul<span style=\"line-height: 1.5;\">\u00a0<\/span><\/span><\/p>\n<hr \/>\n<p><span style=\"color: #ffffff;\"><strong>Phone Number<br \/>\n<\/strong><a style=\"color: #ffffff;\" href=\"tel:02163425859\">0216 342 58 59<\/a><\/span><\/p>\n<hr \/>\n<p><span style=\"color: #ffffff;\"><strong>Email Address<br \/>\n<\/strong>info@azizgolddetector.com<\/span><\/p>\n<hr \/>\n<p><span style=\"color: #ffffff;\"><strong>Social Media<br \/>\n<\/strong><\/span><\/p>\n<p><span style=\"color: #ffffff;\"><a class=\"icon-wrap\" href=\"#\" target=\"_blank\"><i class=\"fa fab fa-facebook-f\"><\/i><\/a> \u00a0 <a class=\"icon-wrap\" href=\"#\" target=\"_blank\"><i class=\"fa fab fa-twitter\"><\/i><\/a> \u00a0 <a class=\"icon-wrap\" href=\"#\" target=\"_self\"><i class=\"fa fab fa-linkedin-in\"><\/i><\/a> \u00a0 <a class=\"icon-wrap\" href=\"#\" target=\"_self\"><i class=\"fa fab fa-youtube\"><\/i><\/a> \u00a0 <a class=\"icon-wrap\" href=\"#\" target=\"_self\"><i class=\"fa fab fa-instagram\"><\/i><\/a><\/span><\/p>\n<\/div>\n<\/div><\/div><\/div><div id=\"panel-117-0-0-1\" class=\"so-panel widget widget_sow-button panel-last-child\" data-index=\"1\" ><div\n\t\t\t\n\t\t\tclass=\"so-widget-sow-button so-widget-sow-button-atom-3688d20714a7-117\"\n\t\t\t\n\t\t><div class=\"ow-button-base ow-button-align-center\">\n\t<a\n\thref=\"http:\/\/azizgolddetector.com\/en\/how-can-i-buy\"\n\t\tclass=\"ow-icon-placement-left ow-button-hover\" \t>\n\t\t<span>\n\t\t\t<span class=\"sow-icon-fontawesome sow-far\" data-sow-icon=\"&#xf058;\"\n\t\t \n\t\taria-hidden=\"true\"><\/span>\n\t\t\tHow Can I Buy?\t\t<\/span>\n\t<\/a>\n<\/div>\n<\/div><\/div><\/div><div id=\"pgc-117-0-1\"  class=\"panel-grid-cell\" ><div id=\"panel-117-0-1-0\" class=\"so-panel widget widget_sow-editor panel-first-child\" data-index=\"2\" ><div class=\"smaller-widget-title panel-widget-style panel-widget-style-for-117-0-1-0\" ><div\n\t\t\t\n\t\t\tclass=\"so-widget-sow-editor so-widget-sow-editor-base\"\n\t\t\t\n\t\t><h3 class=\"widget-title\">Gold Metal Detector Order Form<\/h3>\n<div class=\"siteorigin-widget-tinymce textwidget\">\n\t<p>To order, you can send a message to our <a href=\"https:\/\/api.whatsapp.com\/send?phone=905059938118\">WhatsApp number<\/a> or fill out the form by <a href=\"https:\/\/azizgolddetector.com\/en\/how-can-i-buy\">clicking here<\/a>.<\/p>\n<\/div>\n<\/div><\/div><\/div><div id=\"panel-117-0-1-1\" class=\"so-panel widget widget_sow-editor panel-last-child\" data-index=\"3\" ><div class=\"panel-widget-style panel-widget-style-for-117-0-1-1\" ><div\n\t\t\t\n\t\t\tclass=\"so-widget-sow-editor so-widget-sow-editor-base\"\n\t\t\t\n\t\t>\n<div class=\"siteorigin-widget-tinymce textwidget\">\n\t\n<div class=\"wpcf7 no-js\" id=\"wpcf7-f7485-o1\" lang=\"en-US\" dir=\"ltr\">\n<div class=\"screen-reader-response\"><p role=\"status\" aria-live=\"polite\" aria-atomic=\"true\"><\/p> <ul><\/ul><\/div>\n<form action=\"\/en\/wp-json\/wp\/v2\/pages\/117#wpcf7-f7485-o1\" method=\"post\" class=\"wpcf7-form init\" aria-label=\"Contact form\" novalidate=\"novalidate\" data-status=\"init\">\n<div style=\"display: none;\">\n<input type=\"hidden\" name=\"_wpcf7\" value=\"7485\" \/>\n<input type=\"hidden\" name=\"_wpcf7_version\" value=\"5.8.4\" \/>\n<input type=\"hidden\" name=\"_wpcf7_locale\" value=\"en_US\" \/>\n<input type=\"hidden\" name=\"_wpcf7_unit_tag\" value=\"wpcf7-f7485-o1\" \/>\n<input type=\"hidden\" name=\"_wpcf7_container_post\" value=\"0\" \/>\n<input type=\"hidden\" name=\"_wpcf7_posted_data_hash\" value=\"\" \/>\n<\/div>\n<div class=\"white-featured-box\">\n\t<div class=\"row\">\n\t\t<div class=\"col-xs-12 col-md-6\">\n\t\t\t<p><span>Name *<\/span><span class=\"wpcf7-form-control-wrap\" data-name=\"your-name\"><input size=\"40\" class=\"wpcf7-form-control wpcf7-text wpcf7-validates-as-required\" aria-required=\"true\" aria-invalid=\"false\" placeholder=\"Full Name\" value=\"\" type=\"text\" name=\"your-name\" \/><\/span><span>Email *<\/span><span class=\"wpcf7-form-control-wrap\" data-name=\"your-email\"><input size=\"40\" class=\"wpcf7-form-control wpcf7-email wpcf7-validates-as-required wpcf7-text wpcf7-validates-as-email\" aria-required=\"true\" aria-invalid=\"false\" placeholder=\"Email Address\" value=\"\" type=\"email\" name=\"your-email\" \/><\/span><span>Phone Number *<\/span><span class=\"wpcf7-form-control-wrap\" data-name=\"your-phone\"><input size=\"40\" class=\"wpcf7-form-control wpcf7-tel wpcf7-validates-as-required wpcf7-text wpcf7-validates-as-tel\" aria-required=\"true\" aria-invalid=\"false\" placeholder=\"Phone Number\" value=\"\" type=\"tel\" name=\"your-phone\" \/><\/span>\n\t\t\t<\/p>\n\t\t<\/div>\n\t\t<div class=\"col-xs-12 col-md-6\">\n\t\t\t<p><span>The Subject<\/span><span class=\"wpcf7-form-control-wrap\" data-name=\"your-subject\"><input size=\"40\" class=\"wpcf7-form-control wpcf7-text\" aria-invalid=\"false\" placeholder=\"Subject\" value=\"\" type=\"text\" name=\"your-subject\" \/><\/span><span>Your Message *<\/span><span class=\"wpcf7-form-control-wrap\" data-name=\"your-message\"><textarea cols=\"40\" rows=\"10\" class=\"wpcf7-form-control wpcf7-textarea\" aria-invalid=\"false\" placeholder=\"Type your message..\" name=\"your-message\"><\/textarea><\/span><input class=\"wpcf7-form-control wpcf7-submit has-spinner btn btn-primary\" type=\"submit\" value=\"Send Message\" \/><input type=\"reset\" class=\"btn btn-outline\" value=\"Clear Form\" \/>\n\t\t\t<\/p>\n\t\t<\/div>\n\t<\/div>\n<\/div><div class=\"wpcf7-response-output\" aria-hidden=\"true\"><\/div>\n<\/form>\n<\/div>\n\n<\/div>\n<\/div><\/div><\/div><\/div><\/div><\/div>","protected":false},"excerpt":{"rendered":"<p>Aziz Gold Detector Aziz Dedekt\u00f6r Valide-i Atik Mah. Nuh Kuyusu Cad. No 219 Ba\u011flarba\u015f\u0131-\u00dcsk\u00fcdar\/\u0130stanbul\u00a0 Phone Number 0216 342 58 59 Email Address info@azizgolddetector.com Social Media \u00a0 \u00a0 \u00a0 \u00a0 To order, you can send a message to our WhatsApp number or fill out the form by clicking here.<\/p>\n","protected":false},"author":1,"featured_media":0,"parent":0,"menu_order":0,"comment_status":"closed","ping_status":"closed","template":"","meta":{"footnotes":""},"class_list":["post-117","page","type-page","status-publish","hentry"],"_links":{"self":[{"href":"https:\/\/azizgolddetector.com\/en\/wp-json\/wp\/v2\/pages\/117","targetHints":{"allow":["GET"]}}],"collection":[{"href":"https:\/\/azizgolddetector.com\/en\/wp-json\/wp\/v2\/pages"}],"about":[{"href":"https:\/\/azizgolddetector.com\/en\/wp-json\/wp\/v2\/types\/page"}],"author":[{"embeddable":true,"href":"https:\/\/azizgolddetector.com\/en\/wp-json\/wp\/v2\/users\/1"}],"replies":[{"embeddable":true,"href":"https:\/\/azizgolddetector.com\/en\/wp-json\/wp\/v2\/comments?post=117"}],"version-history":[{"count":0,"href":"https:\/\/azizgolddetector.com\/en\/wp-json\/wp\/v2\/pages\/117\/revisions"}],"wp:attachment":[{"href":"https:\/\/azizgolddetector.com\/en\/wp-json\/wp\/v2\/media?parent=117"}],"curies":[{"name":"wp","href":"https:\/\/api.w.org\/{rel}","templated":true}]}}