{"id":7794,"date":"2022-05-24T19:49:13","date_gmt":"2022-05-24T16:49:13","guid":{"rendered":"http:\/\/azizgolddetector.com\/de\/?post_type=product&#038;p=7794"},"modified":"2026-04-08T23:34:52","modified_gmt":"2026-04-08T20:34:52","slug":"via-gold-deep-treasure-goldmetall-detektor","status":"publish","type":"product","link":"https:\/\/azizgolddetector.com\/de\/produkt\/via-gold-deep-treasure-goldmetall-detektor\/","title":{"rendered":"Via Gold Deep Treasure Goldmetall Detektor"},"content":{"rendered":"<h2 style=\"text-align: center;\"><span style=\"color: #ff0000;\">Via Gold Deep Treasure Goldmetall Detektor<\/span><\/h2>\n<p>Via Gold Golddetektor kann dank seines Preises und seiner Eigenschaften den tiefsten Schatz und vergrabene Sch\u00e4tze ohne Tiefenverlust in Gestein und Boden finden und Gold, Silber, Bronze, bronzeartige Metalle, sowie Statuen, Barren, einzelne M\u00fcnzen, tief vergrabene Sch\u00e4tze und unterirdische Kammergr\u00e4ber und Tunnel garantiert in einer Tiefe zwischen 30 cm und 2,5 Metern zu finden. Via Gold-Detektor kann Goldobjekte und Sch\u00e4tze dank seiner 2D-Live-Grafikeigenschaft und spezieller Software und Design auf der Zahlenwertanzeige mit einer Garantie um 70% unterscheiden. Via Gold-Detektor kann wertlose Metalle um 70% unterscheiden.<\/p>\n<p><img loading=\"lazy\" decoding=\"async\" class=\"size-full wp-image-7811 aligncenter\" src=\"https:\/\/azizgolddetector.com\/de\/wp-content\/uploads\/2022\/05\/Gold-und-Metalldetektor-Heiliger-Detektor-Bildschirm-Detektor-uber-Gold-Gold-Detektor.webp\" alt=\"\" width=\"713\" height=\"263\" srcset=\"https:\/\/azizgolddetector.com\/de\/wp-content\/uploads\/2022\/05\/Gold-und-Metalldetektor-Heiliger-Detektor-Bildschirm-Detektor-uber-Gold-Gold-Detektor.webp 713w, https:\/\/azizgolddetector.com\/de\/wp-content\/uploads\/2022\/05\/Gold-und-Metalldetektor-Heiliger-Detektor-Bildschirm-Detektor-uber-Gold-Gold-Detektor-300x111.webp 300w, https:\/\/azizgolddetector.com\/de\/wp-content\/uploads\/2022\/05\/Gold-und-Metalldetektor-Heiliger-Detektor-Bildschirm-Detektor-uber-Gold-Gold-Detektor-600x221.webp 600w\" sizes=\"auto, (max-width: 713px) 100vw, 713px\" \/><\/p>\n<p>Der Via Gold Golddetektor bietet Ihnen dank seines Superpreises und 2 verschiedenen Technologien die M\u00f6glichkeit, ihn in 2 verschiedenen Systemen zu verwenden. Zus\u00e4tzlich zu seinem Preis bietet der Via Gold Golddetektor Arbeitsm\u00f6glichkeiten mit einem automatischen System in allen Arten von Mineralb\u00f6den. Der Via Gold-Schatzdetektor kann im 2D-Live-Grafiksuchmodus, einem langsamen Suchmodus, vergrabene Sch\u00e4tze in Felsen finden und zu 70% zwischen Gold, Silber, Kupfer, Bronze und wertlosen Metallen unterscheiden. Via Gold-Screenshots.<\/p>\n<p><img loading=\"lazy\" decoding=\"async\" class=\"size-full wp-image-7810 aligncenter\" src=\"https:\/\/azizgolddetector.com\/de\/wp-content\/uploads\/2022\/05\/Detektor-zum-Schurfen-von-Gold-Metalldetektor-Schatz-Detektor-uber-Gold-Gold-Detektor.webp\" alt=\"\" width=\"713\" height=\"263\" srcset=\"https:\/\/azizgolddetector.com\/de\/wp-content\/uploads\/2022\/05\/Detektor-zum-Schurfen-von-Gold-Metalldetektor-Schatz-Detektor-uber-Gold-Gold-Detektor.webp 713w, https:\/\/azizgolddetector.com\/de\/wp-content\/uploads\/2022\/05\/Detektor-zum-Schurfen-von-Gold-Metalldetektor-Schatz-Detektor-uber-Gold-Gold-Detektor-300x111.webp 300w, https:\/\/azizgolddetector.com\/de\/wp-content\/uploads\/2022\/05\/Detektor-zum-Schurfen-von-Gold-Metalldetektor-Schatz-Detektor-uber-Gold-Gold-Detektor-600x221.webp 600w\" sizes=\"auto, (max-width: 713px) 100vw, 713px\" \/><\/p>\n<p>W\u00e4hrend der Via Gold-Detektor im Schnellsuchmodus die M\u00f6glichkeit bietet, insbesondere bei der Einzelm\u00fcnzsuche mit hoher Leistung zu arbeiten, f\u00fchrt auch eine Suche in Bezug auf Eigenschaft der Tiefensuche durch. Neben dem Preis und der einfachen Bedienung kann das Suchger\u00e4t Via Gold Gold dank seiner POINT-Funktion in der Schnellsuche zentral fokussieren. Via Goldschatzsuchger\u00e4t bietet w\u00e4hrend der Suche nach Zahlenwerten im Schnellsuchmodus die M\u00f6glichkeit, nur Edel- und Goldobjekte mit einer Rate von 60% zu durchsuchen, indem die wertlosen Metalle aus der ZB-FILTER-Option ausgeschaltet werden. Via Gold, das ein Schatzsuchger\u00e4t ist, sucht im Schnellsuchmodus in Zahlenwerten, waehrend es die M\u00f6glichkeit gibt, nur Edel- und Goldobjekte mit einer Rate von 60% zu durchsuchen, indem die wertlosen Metalle aus der ZB-FILTER-Option ausgeschaltet werden.<\/p>\n<p><img loading=\"lazy\" decoding=\"async\" class=\"size-full wp-image-7809 aligncenter\" src=\"https:\/\/azizgolddetector.com\/de\/wp-content\/uploads\/2022\/05\/Heiliger-Detektor-Detektor-zum-Schurfen-von-Gold-uber-Gold-Gold-Detektor-Gold-und-Metalldetektor.webp\" alt=\"\" width=\"713\" height=\"263\" srcset=\"https:\/\/azizgolddetector.com\/de\/wp-content\/uploads\/2022\/05\/Heiliger-Detektor-Detektor-zum-Schurfen-von-Gold-uber-Gold-Gold-Detektor-Gold-und-Metalldetektor.webp 713w, https:\/\/azizgolddetector.com\/de\/wp-content\/uploads\/2022\/05\/Heiliger-Detektor-Detektor-zum-Schurfen-von-Gold-uber-Gold-Gold-Detektor-Gold-und-Metalldetektor-300x111.webp 300w, https:\/\/azizgolddetector.com\/de\/wp-content\/uploads\/2022\/05\/Heiliger-Detektor-Detektor-zum-Schurfen-von-Gold-uber-Gold-Gold-Detektor-Gold-und-Metalldetektor-600x221.webp 600w\" sizes=\"auto, (max-width: 713px) 100vw, 713px\" \/><\/p>\n<p>Der Via Gold Metalldetektor bietet beim digitalen Schnellsuchmodus die M\u00f6glichkeit, durch Erh\u00f6hung von numerischen Werten aus der HOTROCK-Option an historischen Orten zu suchen, an denen gebrannte Fliesenst\u00fccke dicht sind, ohne zu sehr von Fliesen und Metallr\u00fcckst\u00e4nden betroffen zu sein. Via Gold-Detektor ist nicht nur das beste Schatzger\u00e4t f\u00fcr seinen Preis, sondern bietet auch die M\u00f6glichkeit, die Tiefe um bis zu 30% zu erh\u00f6hen, um mit der TURBO-Tiefenoption tiefere Sch\u00e4tze zu finden. Via Gold-Goldsuchdetektor f\u00fchrt im Schnellsuchmodus Eisenmetalle aus der Option EISENREGISTRIERUNG ein und bietet die M\u00f6glichkeit, nur Edelmetalle mit einer Rate von 60% zu durchsuchen, ohne die Nichtedelmetalle zu sehen.<\/p>\n<p><img loading=\"lazy\" decoding=\"async\" class=\"size-full wp-image-7808 aligncenter\" src=\"https:\/\/azizgolddetector.com\/de\/wp-content\/uploads\/2022\/05\/Heiliger-Detektor-Detektor-zum-Schurfen-von-Gold-uber-Gold-Gold-Detektor-Schatz-Detektor.webp\" alt=\"\" width=\"713\" height=\"263\" srcset=\"https:\/\/azizgolddetector.com\/de\/wp-content\/uploads\/2022\/05\/Heiliger-Detektor-Detektor-zum-Schurfen-von-Gold-uber-Gold-Gold-Detektor-Schatz-Detektor.webp 713w, https:\/\/azizgolddetector.com\/de\/wp-content\/uploads\/2022\/05\/Heiliger-Detektor-Detektor-zum-Schurfen-von-Gold-uber-Gold-Gold-Detektor-Schatz-Detektor-300x111.webp 300w, https:\/\/azizgolddetector.com\/de\/wp-content\/uploads\/2022\/05\/Heiliger-Detektor-Detektor-zum-Schurfen-von-Gold-uber-Gold-Gold-Detektor-Schatz-Detektor-600x221.webp 600w\" sizes=\"auto, (max-width: 713px) 100vw, 713px\" \/><\/p>\n<p>Via Gold bietet die M\u00f6glichkeit, die Tiefe von der Stufe Feinheit zu erh\u00f6hen, um historische Goldobjekte und Skulpturen tiefer in arch\u00e4ologischen St\u00e4tten zu finden. Bei der Suche nach tiefen Sch\u00e4tzen mit dem Via Gold-Detektor ist es im Schnellsuchmodus m\u00f6glich, nach Wunsch den Schwellenton aendernd einzustellen. Neben seinem ergonomischen Design und der langen Akkulaufzeit mit wiederaufladbarer Funktion bietet der Via Gold Metalldetektor die M\u00f6glichkeit, die TON- und LICHT-Einstellungen auf Ihren Wunsch entsprechend den Gel\u00e4ndebedingungen auf seinem Farbdisplay anzupassen.<\/p>\n<p><img loading=\"lazy\" decoding=\"async\" class=\"size-full wp-image-7807 aligncenter\" src=\"https:\/\/azizgolddetector.com\/de\/wp-content\/uploads\/2022\/05\/Gold-und-Metalldetektor-Heiliger-Detektor-Schatz-Detektor-Bildschirm-Detektor.webp\" alt=\"\" width=\"713\" height=\"263\" srcset=\"https:\/\/azizgolddetector.com\/de\/wp-content\/uploads\/2022\/05\/Gold-und-Metalldetektor-Heiliger-Detektor-Schatz-Detektor-Bildschirm-Detektor.webp 713w, https:\/\/azizgolddetector.com\/de\/wp-content\/uploads\/2022\/05\/Gold-und-Metalldetektor-Heiliger-Detektor-Schatz-Detektor-Bildschirm-Detektor-300x111.webp 300w, https:\/\/azizgolddetector.com\/de\/wp-content\/uploads\/2022\/05\/Gold-und-Metalldetektor-Heiliger-Detektor-Schatz-Detektor-Bildschirm-Detektor-600x221.webp 600w\" sizes=\"auto, (max-width: 713px) 100vw, 713px\" \/><\/p>\n<p>Via Gold wiegt 1.850 gr, ist ergonomisch. Es besteht aus 3 auf- und demontierbaren Griff und Geh\u00e4usestruktur, 14 khz Werkskopf mit 26&#215;32 Durchmesser, 7 khz tiefer Suchspule mit 36&#215;41 Durchmesser, mit Kopfh\u00f6rer, mit Ladeger\u00e4t, mit einer besonders gesch\u00fctzten Doppelfachtasche und mit einer 8-jaehrigen Teilegarantie, wobei 2 Jahre kostenlos sein werden, und auf Ihren Namen eingetragener Rechnung als Komplettset neben der t\u00fcrkischen Sprache in 7 Fremdsprachen in alle L\u00e4nder der Welt verkauft. Dar\u00fcber hinaus k\u00f6nnen Sie optional die 60&#215;60 DUBLE 7 kHz Spule f\u00fcr Via Gold und A6 plus Ger\u00e4t f\u00fcr 3 m tiefe Sch\u00e4tze und die 20 kHz Spule mit einem Durchmesser von 26&#215;32 zum Auffinden von Einzelm\u00fcnzen und Kleinm\u00fcnzen kaufen.<\/p>\n<p><img loading=\"lazy\" decoding=\"async\" class=\"size-full wp-image-7806 aligncenter\" src=\"https:\/\/azizgolddetector.com\/de\/wp-content\/uploads\/2022\/05\/Heiliger-Detektor-Metalldetektor-Bildschirm-Detektor-Schatz-Detektor.webp\" alt=\"Heiliger Detektor Metalldetektor Bildschirm-Detektor Schatz Detektor\" width=\"713\" height=\"263\" srcset=\"https:\/\/azizgolddetector.com\/de\/wp-content\/uploads\/2022\/05\/Heiliger-Detektor-Metalldetektor-Bildschirm-Detektor-Schatz-Detektor.webp 713w, https:\/\/azizgolddetector.com\/de\/wp-content\/uploads\/2022\/05\/Heiliger-Detektor-Metalldetektor-Bildschirm-Detektor-Schatz-Detektor-300x111.webp 300w, https:\/\/azizgolddetector.com\/de\/wp-content\/uploads\/2022\/05\/Heiliger-Detektor-Metalldetektor-Bildschirm-Detektor-Schatz-Detektor-600x221.webp 600w\" sizes=\"auto, (max-width: 713px) 100vw, 713px\" \/><\/p>\n","protected":false},"excerpt":{"rendered":"<p><b>Sprachoptionen f\u00fcr den Detektor<br \/>\n<img decoding=\"async\" title=\"Home 2 \u2013\" src=\"https:\/\/azizgolddetector.com\/en\/wp-content\/uploads\/2022\/04\/Language-Options-All.png\" alt=\"Home 1 \u2013 Language Options All\" \/><\/b><\/p>\n<p>Via Gold Golddetektor kann dank seines Preises und seiner Eigenschaften den tiefsten Schatz und vergrabene Sch\u00e4tze ohne Tiefenverlust in Gestein und Boden finden und Gold, Silber, Bronze, bronzeartige Metalle, sowie Statuen, Barren, einzelne M\u00fcnzen, tief vergrabene Sch\u00e4tze und unterirdische Kammergr\u00e4ber und Tunnel garantiert in einer Tiefe zwischen 30 cm und 2,5 Metern zu finden.<\/p>\n<p><a href=\"https:\/\/api.whatsapp.com\/send?phone=905425331010\" target=\"_blank\" rel=\"noopener\"><img loading=\"lazy\" decoding=\"async\" class=\"size-medium wp-image-7962 aligncenter\" src=\"https:\/\/azizgolddetector.com\/de\/wp-content\/uploads\/2022\/05\/gold-metall-detektor-kontakt-aziz-gold-metall-detektor-whatsapp.png\" alt=\"\" width=\"276\" height=\"40\" srcset=\"https:\/\/azizgolddetector.com\/de\/wp-content\/uploads\/2022\/05\/gold-metall-detektor-kontakt-aziz-gold-metall-detektor-whatsapp.png 276w, https:\/\/azizgolddetector.com\/de\/wp-content\/uploads\/2022\/05\/gold-metall-detektor-kontakt-aziz-gold-metall-detektor-whatsapp-272x40.png 272w\" sizes=\"auto, (max-width: 276px) 100vw, 276px\" \/><\/a><br \/>\n<a href=\"https:\/\/form.jotform.com\/221593318570053\" target=\"_blank\" rel=\"noopener\"><img loading=\"lazy\" decoding=\"async\" class=\"size-full wp-image-7961 aligncenter\" src=\"https:\/\/azizgolddetector.com\/de\/wp-content\/uploads\/2022\/05\/gold-metall-detektor-kontakt-aziz-gold-metall-detektor-form.png\" alt=\"\" width=\"300\" height=\"40\" \/><\/a><\/p>\n","protected":false},"featured_media":7923,"comment_status":"open","ping_status":"closed","template":"","meta":[],"product_cat":[15],"product_tag":[40],"class_list":["post-7794","product","type-product","status-publish","has-post-thumbnail","hentry","product_cat-detektoren","product_tag-goldmetalldetektor"],"_links":{"self":[{"href":"https:\/\/azizgolddetector.com\/de\/wp-json\/wp\/v2\/product\/7794","targetHints":{"allow":["GET"]}}],"collection":[{"href":"https:\/\/azizgolddetector.com\/de\/wp-json\/wp\/v2\/product"}],"about":[{"href":"https:\/\/azizgolddetector.com\/de\/wp-json\/wp\/v2\/types\/product"}],"replies":[{"embeddable":true,"href":"https:\/\/azizgolddetector.com\/de\/wp-json\/wp\/v2\/comments?post=7794"}],"wp:featuredmedia":[{"embeddable":true,"href":"https:\/\/azizgolddetector.com\/de\/wp-json\/wp\/v2\/media\/7923"}],"wp:attachment":[{"href":"https:\/\/azizgolddetector.com\/de\/wp-json\/wp\/v2\/media?parent=7794"}],"wp:term":[{"taxonomy":"product_cat","embeddable":true,"href":"https:\/\/azizgolddetector.com\/de\/wp-json\/wp\/v2\/product_cat?post=7794"},{"taxonomy":"product_tag","embeddable":true,"href":"https:\/\/azizgolddetector.com\/de\/wp-json\/wp\/v2\/product_tag?post=7794"}],"curies":[{"name":"wp","href":"https:\/\/api.w.org\/{rel}","templated":true}]}}