{"id":7764,"date":"2022-05-24T19:42:23","date_gmt":"2022-05-24T16:42:23","guid":{"rendered":"http:\/\/azizgolddetector.com\/de\/?post_type=product&#038;p=7764"},"modified":"2025-08-05T13:33:30","modified_gmt":"2025-08-05T10:33:30","slug":"via-gold-a9-goldmetall-detektor","status":"publish","type":"product","link":"https:\/\/azizgolddetector.com\/de\/produkt\/via-gold-a9-goldmetall-detektor\/","title":{"rendered":"Via Gold A9 Goldmetall Detektor"},"content":{"rendered":"<h2 style=\"text-align: center;\">Via Gold A9 Goldmetall Detektor<\/h2>\n<p><img loading=\"lazy\" decoding=\"async\" class=\"size-full wp-image-7786 aligncenter\" src=\"https:\/\/azizgolddetector.com\/de\/wp-content\/uploads\/2022\/05\/via-gold-a9-Detektor-zum-Schurfen-von-Gold-Golddetektor-Metalldetektor-Goldsucher-Detektor-Metall-detektor-Schatz-Detektor.webp\" alt=\"via gold a9, Detektor zum Sch\u00fcrfen von Gold, Golddetektor, Metalldetektor Goldsucher Detektor, Metall detektor, Schatz Detektor\" width=\"675\" height=\"371\" srcset=\"https:\/\/azizgolddetector.com\/de\/wp-content\/uploads\/2022\/05\/via-gold-a9-Detektor-zum-Schurfen-von-Gold-Golddetektor-Metalldetektor-Goldsucher-Detektor-Metall-detektor-Schatz-Detektor.webp 675w, https:\/\/azizgolddetector.com\/de\/wp-content\/uploads\/2022\/05\/via-gold-a9-Detektor-zum-Schurfen-von-Gold-Golddetektor-Metalldetektor-Goldsucher-Detektor-Metall-detektor-Schatz-Detektor-300x165.webp 300w, https:\/\/azizgolddetector.com\/de\/wp-content\/uploads\/2022\/05\/via-gold-a9-Detektor-zum-Schurfen-von-Gold-Golddetektor-Metalldetektor-Goldsucher-Detektor-Metall-detektor-Schatz-Detektor-600x330.webp 600w\" sizes=\"auto, (max-width: 675px) 100vw, 675px\" \/><\/p>\n<p>Via Gold a9 Golddetektor, einen Goldunterscheidungs-Schatzdetektor mit Bereichsscanfunktion, kann er tiefe Sch\u00e4tze mit 2D-Live-Grafiken, Preis, Bereichsscanning-Ger\u00e4tefunktion, die hundert Meter scannt, digitaler IP-Suche und Zeigerfokussierung suchen. Via Gold A9 sorgt daf\u00fcr, dass der Mittelpunkt von kleinen Gold-, Silber-, Bronze-, Bronzest\u00fccken, Einzelgeld und M\u00fcnzen dank der Goldsuche mit Garantie gefunden werden kann. Das VLF-System von Via Gold a9 bietet die M\u00f6glichkeit, durch die 3 verschiedenen Technologien und in Schatzsuchk\u00f6pfen mit 3 verschiedenen Alternativen die tiefsten Sch\u00e4tze aus 3 m Tiefe garantiert zu finden.<\/p>\n<p><img loading=\"lazy\" decoding=\"async\" class=\"size-full wp-image-7787 aligncenter\" src=\"https:\/\/azizgolddetector.com\/de\/wp-content\/uploads\/2022\/05\/via-gold-a9-Detektor-zum-Schurfen-von-Gold-Golddetektor-Metalldetektor-Goldsucher-Detektor-Metall-detektor-Schatz-Detektor-Schatz-Gerat.webp\" alt=\"via gold a9, Detektor zum Sch\u00fcrfen von Gold, Golddetektor, Metalldetektor Goldsucher Detektor, Metall detektor, Schatz Detektor Schatz Gerat,\" width=\"675\" height=\"371\" srcset=\"https:\/\/azizgolddetector.com\/de\/wp-content\/uploads\/2022\/05\/via-gold-a9-Detektor-zum-Schurfen-von-Gold-Golddetektor-Metalldetektor-Goldsucher-Detektor-Metall-detektor-Schatz-Detektor-Schatz-Gerat.webp 675w, https:\/\/azizgolddetector.com\/de\/wp-content\/uploads\/2022\/05\/via-gold-a9-Detektor-zum-Schurfen-von-Gold-Golddetektor-Metalldetektor-Goldsucher-Detektor-Metall-detektor-Schatz-Detektor-Schatz-Gerat-300x165.webp 300w, https:\/\/azizgolddetector.com\/de\/wp-content\/uploads\/2022\/05\/via-gold-a9-Detektor-zum-Schurfen-von-Gold-Golddetektor-Metalldetektor-Goldsucher-Detektor-Metall-detektor-Schatz-Detektor-Schatz-Gerat-600x330.webp 600w\" sizes=\"auto, (max-width: 675px) 100vw, 675px\" \/><\/p>\n<p>Mit der 60&#215;60 7 kHz Suchspule von Via Gold a9 kann er unterirdische Kammergr\u00e4ber, Tunneleing\u00e4nge, gro\u00dfe Goldbarren und Sch\u00e4tze im Fels, armenische, griechische Sch\u00e4tze mit Schatzzeichen, r\u00f6mische, byzantinische, griechische Metallobjekte und Skulpturen aus Gold, Silber, Bronze aus 3 Metern Tiefe mit einer Entfernung von 20 cm finden. Der Via Gold a9-Detektor kann dank seiner speziellen Software und seines Designs mit 2D-Live-Grafikscanning und numerischer Wertanzeige mit einer 60-70%-Garantie zwischen Goldobjekten und Sch\u00e4tzen unterscheiden. Der abgeschirmte Detektor von Via Gold a9 kann die wertlosen Metallen als 60-70% wertlose Metallen unterscheiden. Bei der Suche nach Gold und Sch\u00e4tzen bietet der Via Gold a9, der \u00fcber eine Scanfunktion von 100 Metern verf\u00fcgt, die M\u00f6glichkeit, mit einem 2D-System nach Metall und Hohlr\u00e4umen zu suchen, bietet im Vergleich zu seinen Mitbewerbern einen Superpreis und die M\u00f6glichkeit mit 3 verschiedenen Technologien unterirdisch zu scannen. Via Gold A9 bietet dank automatischem Suchsystem und automatischer Bodeneinstellung 95% Arbeitsm\u00f6glichkeiten in allen Arten von mineralischen B\u00f6den und Gesteinen, bei der Suche nach Sch\u00e4tzen in Kesseln und Kr\u00fcgen, Goldbarren, Statuen, Armb\u00e4ndern und Einzelm\u00fcnzen rund um historische Ruinen und Schatzzeichen.<\/p>\n<p><img loading=\"lazy\" decoding=\"async\" class=\"size-full wp-image-7788 aligncenter\" src=\"https:\/\/azizgolddetector.com\/de\/wp-content\/uploads\/2022\/05\/via-gold-a9-Detektor-zum-Schurfen-von-Gold-Golddetektor-Metalldetektor-Goldsucher-Detektor-Metall-detektor-Schatz-Detektor-Schatzsucher.webp\" alt=\"via gold a9, Detektor zum Sch\u00fcrfen von Gold, Golddetektor, Metalldetektor Goldsucher Detektor, Metall detektor, Schatz Detektor Schatzsucher\" width=\"675\" height=\"371\" srcset=\"https:\/\/azizgolddetector.com\/de\/wp-content\/uploads\/2022\/05\/via-gold-a9-Detektor-zum-Schurfen-von-Gold-Golddetektor-Metalldetektor-Goldsucher-Detektor-Metall-detektor-Schatz-Detektor-Schatzsucher.webp 675w, https:\/\/azizgolddetector.com\/de\/wp-content\/uploads\/2022\/05\/via-gold-a9-Detektor-zum-Schurfen-von-Gold-Golddetektor-Metalldetektor-Goldsucher-Detektor-Metall-detektor-Schatz-Detektor-Schatzsucher-300x165.webp 300w, https:\/\/azizgolddetector.com\/de\/wp-content\/uploads\/2022\/05\/via-gold-a9-Detektor-zum-Schurfen-von-Gold-Golddetektor-Metalldetektor-Goldsucher-Detektor-Metall-detektor-Schatz-Detektor-Schatzsucher-600x330.webp 600w\" sizes=\"auto, (max-width: 675px) 100vw, 675px\" \/><\/p>\n<h2><span style=\"color: #ff0000;\">DREI TECHNOLOGISCHE SYSTEME UND 7 VERSCHIEDENE FUNKTIONEN IM VIA GOLD A9 MODELL<\/span><\/h2>\n<h3>LANGSAMES 2D-SUCHSYSTEM<\/h3>\n<p>Via Gold A9 Detektor kann vergrabene Sch\u00e4tze, unterirdische Gr\u00e4ber unter Felsen, geschlossene Brunnen und Tunnel im 2D-Live-Grafiksuchmodus finden, der ein langsamer Suchmodus ist und um 60- 70% zwischen Gold, Silber, Kupfer, Bronze und wertlosen Metallen unterscheiden.<\/p>\n<ul>\n<li>Gold-Unterscheidungsfunktion<\/li>\n<li>Edelmetallunterscheidung<\/li>\n<li>Nichtedelmetall-Unterscheidung<\/li>\n<li>F\u00e4higkeit, Hohlraeume zu finden<\/li>\n<li>Metall- und Mineralunterscheidung<\/li>\n<\/ul>\n<p><img loading=\"lazy\" decoding=\"async\" class=\"size-full wp-image-7789 aligncenter\" src=\"https:\/\/azizgolddetector.com\/de\/wp-content\/uploads\/2022\/05\/via-gold-a9-Detektor-zum-Schurfen-von-Gold-Golddetektor-Metalldetektor-Schatz-Gerat-Schatzsucher-Detektor-Schatzsucher-Feldabtastender-Detektor.webp\" alt=\"via gold a9, Detektor zum Sch\u00fcrfen von Gold, Golddetektor, Metalldetektor Schatz Gerat, Schatzsucher Detektor, Schatzsucher, Feldabtastender Detektor\" width=\"734\" height=\"403\" srcset=\"https:\/\/azizgolddetector.com\/de\/wp-content\/uploads\/2022\/05\/via-gold-a9-Detektor-zum-Schurfen-von-Gold-Golddetektor-Metalldetektor-Schatz-Gerat-Schatzsucher-Detektor-Schatzsucher-Feldabtastender-Detektor.webp 734w, https:\/\/azizgolddetector.com\/de\/wp-content\/uploads\/2022\/05\/via-gold-a9-Detektor-zum-Schurfen-von-Gold-Golddetektor-Metalldetektor-Schatz-Gerat-Schatzsucher-Detektor-Schatzsucher-Feldabtastender-Detektor-300x165.webp 300w, https:\/\/azizgolddetector.com\/de\/wp-content\/uploads\/2022\/05\/via-gold-a9-Detektor-zum-Schurfen-von-Gold-Golddetektor-Metalldetektor-Schatz-Gerat-Schatzsucher-Detektor-Schatzsucher-Feldabtastender-Detektor-600x329.webp 600w\" sizes=\"auto, (max-width: 734px) 100vw, 734px\" \/><\/p>\n<h3>SCHNELLSUCHSYSTEM<\/h3>\n<p>Der Via Gold A9 Detektor bietet die M\u00f6glichkeit, bei der Suche nach Gold, Silber, Bronze, Goldm\u00fcnzen und Statuen im Schnellsuchsystem mit hoher Leistung zu arbeiten. Via Gold kann A9 dank seiner POINT-Funktion die bei der Goldsuche gefundenen Metallteile zentral fokussieren. Das Schatzsuchger\u00e4t Via Gold A9 bietet die M\u00f6glichkeit, nach 50 % Edelmetallteilen und Objekten zu suchen, indem die wertlosen Metallteile aus der Option ZB FILTER w\u00e4hrend der Suche im Zahlenwert ausgeschaltet werden. Der Metalldetektor Via Gold A9 erh\u00f6ht die numerischen Werte durch die HOTROCK-Option und bietet die M\u00f6glichkeit, an historischen Orten zu suchen, an denen die gebrannten Fliesenst\u00fccke dicht sind, ohne von Fliesen und Metallr\u00fcckst\u00e4nden sehr betroffen zu sein.<\/p>\n<p><img loading=\"lazy\" decoding=\"async\" class=\"size-full wp-image-7790 aligncenter\" src=\"https:\/\/azizgolddetector.com\/de\/wp-content\/uploads\/2022\/05\/via-gold-a9-Detektor-zum-Schurfen-von-Gold-Golddetektor-Metalldetektor-Schatz-Gerat-Schatzsucher-Detektor.webp\" alt=\"via gold a9, Detektor zum Sch\u00fcrfen von Gold, Golddetektor, Metalldetektor Schatz Gerat, Schatzsucher Detektor\" width=\"734\" height=\"403\" srcset=\"https:\/\/azizgolddetector.com\/de\/wp-content\/uploads\/2022\/05\/via-gold-a9-Detektor-zum-Schurfen-von-Gold-Golddetektor-Metalldetektor-Schatz-Gerat-Schatzsucher-Detektor.webp 734w, https:\/\/azizgolddetector.com\/de\/wp-content\/uploads\/2022\/05\/via-gold-a9-Detektor-zum-Schurfen-von-Gold-Golddetektor-Metalldetektor-Schatz-Gerat-Schatzsucher-Detektor-300x165.webp 300w, https:\/\/azizgolddetector.com\/de\/wp-content\/uploads\/2022\/05\/via-gold-a9-Detektor-zum-Schurfen-von-Gold-Golddetektor-Metalldetektor-Schatz-Gerat-Schatzsucher-Detektor-600x329.webp 600w\" sizes=\"auto, (max-width: 734px) 100vw, 734px\" \/><\/p>\n<p>Der Via Gold A9 Detektor ist nicht nur das beste Schatzger\u00e4t f\u00fcr seinen Preis, sondern bietet dank der TURBO-Tiefe die M\u00f6glichkeit, die Tiefe im Verh\u00e4ltnis zu den Sch\u00e4tzen um bis zu 30% zu erh\u00f6hen. Via Gold A9, der Goldsuchdetektor, f\u00fchrt Eisenmetalle aus der Option Eiseneintragung im Schnellsuchmodus ein und bietet die M\u00f6glichkeit, nur die Edelmetalle um 60% zu durchsuchen, ohne die wertlosen Metalle zu sehen. Via Gold A9 bietet die M\u00f6glichkeit, die Tiefe von der Stufe EMPFINDLICHKEIT zu erh\u00f6hen, um Goldobjekte und Statuen um Schatzmarken herum tiefer zu finden. Mit dem Via Gold A9-Detektor ist es m\u00f6glich, den Schwellenton durch \u00c4ndern einzustellen.<\/p>\n<p><img loading=\"lazy\" decoding=\"async\" class=\"size-full wp-image-7791 aligncenter\" src=\"https:\/\/azizgolddetector.com\/de\/wp-content\/uploads\/2022\/05\/via-gold-a9-Detektor-zum-Schurfen-von-Gold-Golddetektor-Metalldetektor.webp\" alt=\"via gold a9, Detektor zum Sch\u00fcrfen von Gold, Golddetektor, Metalldetektor\" width=\"734\" height=\"403\" srcset=\"https:\/\/azizgolddetector.com\/de\/wp-content\/uploads\/2022\/05\/via-gold-a9-Detektor-zum-Schurfen-von-Gold-Golddetektor-Metalldetektor.webp 734w, https:\/\/azizgolddetector.com\/de\/wp-content\/uploads\/2022\/05\/via-gold-a9-Detektor-zum-Schurfen-von-Gold-Golddetektor-Metalldetektor-300x165.webp 300w, https:\/\/azizgolddetector.com\/de\/wp-content\/uploads\/2022\/05\/via-gold-a9-Detektor-zum-Schurfen-von-Gold-Golddetektor-Metalldetektor-600x329.webp 600w\" sizes=\"auto, (max-width: 734px) 100vw, 734px\" \/><\/p>\n<h3>FELD-SCANSYSTEM<\/h3>\n<p>Via Gold A9, das \u00fcber eine Feld-Scan-Ger\u00e4tfunktionsoption verf\u00fcgt, wird automatisch vom A-T-Key-Modus auf das Feld-Scan-System umgeschaltet. Durch Auswahl des gew\u00fcnschten Frequenzmodus aus dem Feld-Scan-Bildschirm bietet es die M\u00f6glichkeit, nach dem gew\u00fcnschten Metall in den Modi Goldsuche, Hohlraumsuche (Brunnen-, Grab-, Tunnel-, Kellersuche) und Silbersuche zu suchen. Via Gold A9 mit seiner Feld-Scan-Funktion erm\u00f6glicht Ihnen eine vorl\u00e4ufige Erkennung und Erkundung, indem Sie Entfernungen von 20 Metern bis 100 Metern scannen. Dar\u00fcber hinaus ist es mit der anderen Suchmodusoption m\u00f6glich, im gew\u00fcnschten Frequenzmodus zwischen 01 und 09 zu suchen. Dank der Feldscannerfunktion von Via Gold A9 k\u00f6nnen Sie 3 verschiedene Technologien und 7 verschiedene Funktionen im Via Gold A9-Modell in der T\u00fcrkei finden, indem Sie 50 % garantierte Entdeckungen machen und die Schatzsuche vereinfachen. Der Metallsuchdetektor Via Gold A9 bietet neben seinem ergonomischen Design und der langen Akkulaufzeit die M\u00f6glichkeit, die TON- und LICHT-Einstellungen entsprechend den Gel\u00e4ndebedingungen auf seinem Farbdisplay nach Belieben anzupassen.<\/p>\n<p><img loading=\"lazy\" decoding=\"async\" class=\"size-full wp-image-7793 aligncenter\" src=\"https:\/\/azizgolddetector.com\/de\/wp-content\/uploads\/2022\/05\/Goldsucher-Detektor-Metall-detektor-Schatz-Detektor-Schatz-Gerat-Schatzsucher-Detektor.webp\" alt=\"Goldsucher Detektor, Metall detektor, Schatz Detektor Schatz Gerat, Schatzsucher Detektor\" width=\"734\" height=\"403\" srcset=\"https:\/\/azizgolddetector.com\/de\/wp-content\/uploads\/2022\/05\/Goldsucher-Detektor-Metall-detektor-Schatz-Detektor-Schatz-Gerat-Schatzsucher-Detektor.webp 734w, https:\/\/azizgolddetector.com\/de\/wp-content\/uploads\/2022\/05\/Goldsucher-Detektor-Metall-detektor-Schatz-Detektor-Schatz-Gerat-Schatzsucher-Detektor-300x165.webp 300w, https:\/\/azizgolddetector.com\/de\/wp-content\/uploads\/2022\/05\/Goldsucher-Detektor-Metall-detektor-Schatz-Detektor-Schatz-Gerat-Schatzsucher-Detektor-600x329.webp 600w\" sizes=\"auto, (max-width: 734px) 100vw, 734px\" \/><\/p>\n<p>Via Gold A9 bietet dank seines 4,3-Farb-TEF-Bildschirms im Inneren der halsh\u00e4ngenden Haupteinheit, die alle Funktionen enth\u00e4lt, einen praktischen Nutzen. Es wird mit seinem ergonomischen Design, 3-teiliger Griffstruktur, 20 khz Werkskopf mit 26&#215;32 Durchmesser, 7 khz tiefer Suchspule mit 36&#215;41 Durchmesser, 7 khz 3 Meter Doppelspule mit 60&#215;60 Durchmesser, Fl\u00e4chenabtastsystemapparat, das eine Umgebung von 100 m scannt und zusammen mit seinen Eisen, mit Kopfh\u00f6rer, mit Ladeger\u00e4t, mit einer besonders gesch\u00fctzten Doppelfachtasche und mit einer 8-jaehrigen Teilegarantie, wobei 2 Jahre kostenlos sein werden, und auf Ihren Namen eingetragener Rechnung als Komplettset verkauft.<\/p>\n<p><img loading=\"lazy\" decoding=\"async\" class=\"size-full wp-image-7792 aligncenter\" src=\"https:\/\/azizgolddetector.com\/de\/wp-content\/uploads\/2022\/05\/Goldsucher-Detektor-Metall-detektor-Schatz-Detektor-Schatz-Gerat-Schatzsucher-Detektor-Schatzsucher-Feldabtastender-Detektor.webp\" alt=\"Goldsucher Detektor, Metall detektor, Schatz Detektor Schatz Gerat, Schatzsucher Detektor, Schatzsucher, Feldabtastender Detektor\" width=\"734\" height=\"403\" srcset=\"https:\/\/azizgolddetector.com\/de\/wp-content\/uploads\/2022\/05\/Goldsucher-Detektor-Metall-detektor-Schatz-Detektor-Schatz-Gerat-Schatzsucher-Detektor-Schatzsucher-Feldabtastender-Detektor.webp 734w, https:\/\/azizgolddetector.com\/de\/wp-content\/uploads\/2022\/05\/Goldsucher-Detektor-Metall-detektor-Schatz-Detektor-Schatz-Gerat-Schatzsucher-Detektor-Schatzsucher-Feldabtastender-Detektor-300x165.webp 300w, https:\/\/azizgolddetector.com\/de\/wp-content\/uploads\/2022\/05\/Goldsucher-Detektor-Metall-detektor-Schatz-Detektor-Schatz-Gerat-Schatzsucher-Detektor-Schatzsucher-Feldabtastender-Detektor-600x329.webp 600w\" sizes=\"auto, (max-width: 734px) 100vw, 734px\" \/><\/p>\n","protected":false},"excerpt":{"rendered":"<p><b>Sprachoptionen f\u00fcr den Detektor<\/b><br \/>\n<img decoding=\"async\" src=\"http:\/\/azizgolddetector.com\/en\/wp-content\/uploads\/2022\/04\/Language-Options-All.png\" \/><\/p>\n<p>Via Gold a9 Golddetektor, einen Goldunterscheidungs-Schatzdetektor mit Bereichsscanfunktion, kann er tiefe Sch\u00e4tze mit 2D-Live-Grafiken, Preis, Bereichsscanning-Ger\u00e4tefunktion, die hundert Meter scannt, digitaler IP-Suche und Zeigerfokussierung suchen. Via Gold A9 sorgt daf\u00fcr, dass der Mittelpunkt von kleinen Gold-, Silber-, Bronze-, Bronzest\u00fccken, Einzelgeld und M\u00fcnzen dank der Goldsuche mit Garantie gefunden werden kann.<\/p>\n<p><a href=\"https:\/\/api.whatsapp.com\/send?phone=905425331010\" target=\"_blank\" rel=\"noopener\"><img loading=\"lazy\" decoding=\"async\" class=\"size-medium wp-image-7962 aligncenter\" src=\"https:\/\/azizgolddetector.com\/de\/wp-content\/uploads\/2022\/05\/gold-metall-detektor-kontakt-aziz-gold-metall-detektor-whatsapp.png\" alt=\"\" width=\"276\" height=\"40\" srcset=\"https:\/\/azizgolddetector.com\/de\/wp-content\/uploads\/2022\/05\/gold-metall-detektor-kontakt-aziz-gold-metall-detektor-whatsapp.png 276w, https:\/\/azizgolddetector.com\/de\/wp-content\/uploads\/2022\/05\/gold-metall-detektor-kontakt-aziz-gold-metall-detektor-whatsapp-272x40.png 272w\" sizes=\"auto, (max-width: 276px) 100vw, 276px\" \/><\/a><br \/>\n<a href=\"https:\/\/form.jotform.com\/221593318570053\" target=\"_blank\" rel=\"noopener\"><img loading=\"lazy\" decoding=\"async\" class=\"size-full wp-image-7961 aligncenter\" src=\"https:\/\/azizgolddetector.com\/de\/wp-content\/uploads\/2022\/05\/gold-metall-detektor-kontakt-aziz-gold-metall-detektor-form.png\" alt=\"\" width=\"300\" height=\"40\" \/><\/a><\/p>\n","protected":false},"featured_media":7925,"comment_status":"open","ping_status":"closed","template":"","meta":[],"product_cat":[15],"product_tag":[40],"class_list":["post-7764","product","type-product","status-publish","has-post-thumbnail","hentry","product_cat-detektoren","product_tag-goldmetalldetektor"],"_links":{"self":[{"href":"https:\/\/azizgolddetector.com\/de\/wp-json\/wp\/v2\/product\/7764","targetHints":{"allow":["GET"]}}],"collection":[{"href":"https:\/\/azizgolddetector.com\/de\/wp-json\/wp\/v2\/product"}],"about":[{"href":"https:\/\/azizgolddetector.com\/de\/wp-json\/wp\/v2\/types\/product"}],"replies":[{"embeddable":true,"href":"https:\/\/azizgolddetector.com\/de\/wp-json\/wp\/v2\/comments?post=7764"}],"wp:featuredmedia":[{"embeddable":true,"href":"https:\/\/azizgolddetector.com\/de\/wp-json\/wp\/v2\/media\/7925"}],"wp:attachment":[{"href":"https:\/\/azizgolddetector.com\/de\/wp-json\/wp\/v2\/media?parent=7764"}],"wp:term":[{"taxonomy":"product_cat","embeddable":true,"href":"https:\/\/azizgolddetector.com\/de\/wp-json\/wp\/v2\/product_cat?post=7764"},{"taxonomy":"product_tag","embeddable":true,"href":"https:\/\/azizgolddetector.com\/de\/wp-json\/wp\/v2\/product_tag?post=7764"}],"curies":[{"name":"wp","href":"https:\/\/api.w.org\/{rel}","templated":true}]}}