{"id":7835,"date":"2022-09-12T18:43:39","date_gmt":"2022-09-12T15:43:39","guid":{"rendered":"https:\/\/azizgolddetector.com\/cn\/?page_id=7835"},"modified":"2026-01-30T19:26:48","modified_gmt":"2026-01-30T16:26:48","slug":"%e6%88%91%e4%bb%ac%e7%9a%84%e7%bb%8f%e9%94%80%e5%95%86","status":"publish","type":"page","link":"https:\/\/azizgolddetector.com\/cn\/%e6%88%91%e4%bb%ac%e7%9a%84%e7%bb%8f%e9%94%80%e5%95%86\/","title":{"rendered":"\u6211\u4eec\u7684\u7ecf\u9500\u5546"},"content":{"rendered":"<div id=\"pl-7835\"  class=\"panel-layout\" ><div id=\"pg-7835-0\"  class=\"panel-grid panel-no-style\" ><div id=\"pgc-7835-0-0\"  class=\"panel-grid-cell\" ><div id=\"panel-7835-0-0-0\" class=\"so-panel widget widget_sow-editor panel-first-child\" data-index=\"0\" ><div\n\t\t\t\n\t\t\tclass=\"so-widget-sow-editor so-widget-sow-editor-base\"\n\t\t\t\n\t\t>\n<div class=\"siteorigin-widget-tinymce textwidget\">\n\t<p style=\"text-align: center;\"><span style=\"font-size: 16px;\"><strong>\u60a8\u53ef\u4ee5\u901a\u8fc7\u6211\u4eec\u7684\u6c9f\u901a\u6e20\u9053\u4e0e\u6211\u4eec\u8054\u7cfb\uff0c\u6210\u4e3a\u63a2\u6d4b\u5668\u6280\u672f\u9886\u5bfc\u8005 Aziz Gold Detector \u7684\u7ecf\u9500\u5546\u3002<\/strong><\/span><\/p>\n<p style=\"text-align: center;\"><span style=\"font-size: 16px;\"><strong><a href=\"https:\/\/azizgolddetector.com\/en\/become-our-dealer\">\u70b9\u51fb\u8fd9\u91cc\u7533\u8bf7\u7ecf\u9500\u5546\u3002<\/a><\/strong><\/span><\/p>\n<p style=\"text-align: center;\"><span style=\"font-size: 16px;\"><strong>\u5982\u679c\u60a8\u613f\u610f\uff0c\u60a8\u53ef\u4ee5\u4ece\u6211\u5982\u4f55\u8d2d\u4e70\u9875\u9762\u6216\u8054\u7cfb\u9875\u9762\u4e0a\u7684\u9009\u9879\u4e2d\u8bbf\u95ee\u6211\u4eec\u7684\u7535\u5b50\u90ae\u4ef6\u5730\u5740\u3001whatsapp \u548c\u7535\u8bdd\u53f7\u7801\u3002<\/strong><\/span><\/p>\n<\/div>\n<\/div><\/div><div id=\"panel-7835-0-0-1\" class=\"so-panel widget widget_sow-editor panel-last-child\" data-index=\"1\" ><div\n\t\t\t\n\t\t\tclass=\"so-widget-sow-editor so-widget-sow-editor-base\"\n\t\t\t\n\t\t>\n<div class=\"siteorigin-widget-tinymce textwidget\">\n\t<blockquote>\n<p><strong><span style=\"color: #ff0000;\">Aziz Dedekt\u00f6r (Turkey)<\/span><br \/>\n<a href=\"tel:02163425859\">+90 216 342 58 59<\/a><br \/>\n<\/strong>Valide-i Atik Mah. Nuh Kuyusu Cad. No:219 Ba\u011flarba\u015f\u0131-\u00dcsk\u00fcdar\/\u0130stanbul<br \/>\n<span style=\"color: #3366ff;\"><a style=\"color: #3366ff;\" href=\"https:\/\/azizgolddetector.com\/\"><strong>www.azizgolddetector.com<\/strong><\/a><\/span><\/p>\n<\/blockquote>\n<blockquote>\n<p><strong><span style=\"color: #ff0000;\">Jahan Kavosh (Iranian)<\/span><br \/>\n<b>00989141451711<br \/>\n00989144411712<br \/>\n00989330080933<\/b><br \/>\n<\/strong>\u0627\u0631\u0648\u0645\u06cc\u0647 \u062e\u06cc\u0627\u0628\u0627\u0646 \u0627\u0647\u0646\u062f\u0648\u0633\u062a \u0627\u067e\u0627\u0631\u062a\u0645\u0627\u0646 \u0648\u0646\u06cc\u0632 \u0637\u0628\u0642\u0647 \u0627\u0648\u0644 \u0648\u0627\u062d\u062f \u06f2 \u0634\u0631\u06a9\u062a \u062c\u0647\u0627\u0646 \u06a9\u0627\u0648\u0634<br \/>\n<span style=\"color: #3366ff;\"><a style=\"color: #3366ff;\" href=\"https:\/\/jahan-kavosh.ir\/\">www.jahan-kavosh.ir\/<\/a><\/span><\/p>\n<p><span style=\"color: #ff0000;\"><strong>Detektor Emas<\/strong><\/span><br \/>\nPT. Aurum Univestama Plus<br \/>\nJl. Kedondong No. 76 Loloan Barat, Negara, Jembrana, Prov. Bali 82215<br \/>\nWA \/ HP: <strong>0819 366 377 67<\/strong><br \/>\n<a href=\"http:\/\/www.detektoremas.com\">www.detektoremas.com<\/a><br \/>\n<a href=\"mailto:info@detektoremas.com\">info@detektoremas.com<\/a><br \/>\n====================<\/p>\n<p><span style=\"color: #ff0000;\"><strong>Metal Detector Jakarta <\/strong><\/span><br \/>\nRuko pasar modern mutiara karawaci no A28, Kelapa Dua, Tangerang 15810<br \/>\nWA \/ HP: <strong>081 22 70 000 32<\/strong><br \/>\n<a href=\"http:\/\/www.detektoremas.com\">www.detektoremas.com <\/a><br \/>\n<a href=\"mailto:sales@detektoremas.com\">sales@detektoremas.com<\/a><\/p>\n<p><span style=\"color: #ff0000;\"><strong>Metal Detectors Pro (USA)<\/strong><\/span><br \/>\nWebsite: <a href=\"https:\/\/metaldetectorspro.com\/\">metaldetectorspro.com<\/a><br \/>\nEmail: <a href=\"mailto:info@metaldetectorspro.com\">info@metaldetectorspro.com<\/a><br \/>\nPhone number: <strong>(888) 283-6272<\/strong><br \/>\nWhatsApp: <strong>+1 919-650-0680<\/strong><br \/>\nAddress: 150 Preston Executive Drive Suite 201. Cary, NC 27513 USA<\/p>\n<\/blockquote>\n<\/div>\n<\/div><\/div><\/div><\/div><\/div>","protected":false},"excerpt":{"rendered":"<p>\u60a8\u53ef\u4ee5\u901a\u8fc7\u6211\u4eec\u7684\u6c9f\u901a\u6e20\u9053\u4e0e\u6211\u4eec\u8054\u7cfb\uff0c\u6210\u4e3a\u63a2\u6d4b\u5668\u6280\u672f\u9886\u5bfc\u8005 Aziz Gold Detector \u7684\u7ecf\u9500\u5546\u3002 \u70b9 [&hellip;]<\/p>\n","protected":false},"author":1,"featured_media":0,"parent":0,"menu_order":0,"comment_status":"closed","ping_status":"closed","template":"","meta":{"footnotes":""},"class_list":["post-7835","page","type-page","status-publish","hentry"],"_links":{"self":[{"href":"https:\/\/azizgolddetector.com\/cn\/wp-json\/wp\/v2\/pages\/7835","targetHints":{"allow":["GET"]}}],"collection":[{"href":"https:\/\/azizgolddetector.com\/cn\/wp-json\/wp\/v2\/pages"}],"about":[{"href":"https:\/\/azizgolddetector.com\/cn\/wp-json\/wp\/v2\/types\/page"}],"author":[{"embeddable":true,"href":"https:\/\/azizgolddetector.com\/cn\/wp-json\/wp\/v2\/users\/1"}],"replies":[{"embeddable":true,"href":"https:\/\/azizgolddetector.com\/cn\/wp-json\/wp\/v2\/comments?post=7835"}],"version-history":[{"count":2,"href":"https:\/\/azizgolddetector.com\/cn\/wp-json\/wp\/v2\/pages\/7835\/revisions"}],"predecessor-version":[{"id":8041,"href":"https:\/\/azizgolddetector.com\/cn\/wp-json\/wp\/v2\/pages\/7835\/revisions\/8041"}],"wp:attachment":[{"href":"https:\/\/azizgolddetector.com\/cn\/wp-json\/wp\/v2\/media?parent=7835"}],"curies":[{"name":"wp","href":"https:\/\/api.w.org\/{rel}","templated":true}]}}