{"id":117,"date":"2015-11-27T18:00:51","date_gmt":"2015-11-27T15:00:51","guid":{"rendered":"http:\/\/export-xml.qreativethemes.com\/physio\/?page_id=117"},"modified":"2025-08-05T19:12:40","modified_gmt":"2025-08-05T16:12:40","slug":"%e8%81%94%e7%b3%bb%e6%88%91%e4%bb%ac","status":"publish","type":"page","link":"https:\/\/azizgolddetector.com\/cn\/%e8%81%94%e7%b3%bb%e6%88%91%e4%bb%ac\/","title":{"rendered":"\u8054\u7cfb\u6211\u4eec"},"content":{"rendered":"<div id=\"pl-117\"  class=\"panel-layout\" ><div id=\"pg-117-0\"  class=\"panel-grid panel-no-style\" ><div id=\"pgc-117-0-0\"  class=\"panel-grid-cell\" ><div id=\"panel-117-0-0-0\" class=\"so-panel widget widget_sow-editor panel-first-child panel-last-child\" data-index=\"0\" ><div class=\"featured-box panel-widget-style panel-widget-style-for-117-0-0-0\" ><div\n\t\t\t\n\t\t\tclass=\"so-widget-sow-editor so-widget-sow-editor-base\"\n\t\t\t\n\t\t>\n<div class=\"siteorigin-widget-tinymce textwidget\">\n\t<p><span style=\"color: #ffffff;\"><span style=\"line-height: 1.5;\"><b>Aziz Gold Detector<br \/>\n<\/b><\/span><span style=\"line-height: 1.5;\"><em><strong>Aziz Dedekt\u00f6r<\/strong><\/em><br \/>\n<\/span>Valide-i Atik Mah. Nuh Kuyusu Cad. No 219<\/span><br \/>\n<span style=\"color: #ffffff;\">Ba\u011flarba\u015f\u0131-\u00dcsk\u00fcdar\/\u0130stanbul<span style=\"line-height: 1.5;\">\u00a0<\/span><\/span><\/p>\n<hr \/>\n<p><span style=\"color: #ffffff;\"><strong>Phone Number<br \/>\n<\/strong><a style=\"color: #ffffff;\" href=\"tel:02163425859\">0216 342 58 59<\/a><\/span><\/p>\n<hr \/>\n<p><span style=\"color: #ffffff;\"><strong>Email Address<br \/>\n<\/strong>info@azizgolddetector.com<\/span><\/p>\n<hr \/>\n<p><span style=\"color: #ffffff;\"><strong>Social Media<br \/>\n<\/strong><\/span><\/p>\n<p><span style=\"color: #ffffff;\"><a class=\"icon-wrap\" href=\"#\" target=\"_blank\"><i class=\"fa fab fa-facebook-f\"><\/i><\/a> \u00a0 <a class=\"icon-wrap\" href=\"#\" target=\"_blank\"><i class=\"fa fab fa-twitter\"><\/i><\/a> \u00a0 <a class=\"icon-wrap\" href=\"#\" target=\"_self\"><i class=\"fa fab fa-linkedin-in\"><\/i><\/a> \u00a0 <a class=\"icon-wrap\" href=\"#\" target=\"_self\"><i class=\"fa fab fa-youtube\"><\/i><\/a> \u00a0 <a class=\"icon-wrap\" href=\"#\" target=\"_self\"><i class=\"fa fab fa-instagram\"><\/i><\/a><\/span><\/p>\n<\/div>\n<\/div><\/div><\/div><\/div><div id=\"pgc-117-0-1\"  class=\"panel-grid-cell\" ><div id=\"panel-117-0-1-0\" class=\"so-panel widget widget_sow-editor panel-first-child panel-last-child\" data-index=\"1\" ><div class=\"smaller-widget-title panel-widget-style panel-widget-style-for-117-0-1-0\" ><div\n\t\t\t\n\t\t\tclass=\"so-widget-sow-editor so-widget-sow-editor-base\"\n\t\t\t\n\t\t><h3 class=\"widget-title\">\u9ec4\u91d1\u91d1\u5c5e\u63a2\u6d4b\u5668\u8ba2\u5355<\/h3>\n<div class=\"siteorigin-widget-tinymce textwidget\">\n\t<p>\u8981\u8ba2\u8d2d\uff0c\u60a8\u53ef\u4ee5\u5411\u6211\u4eec\u7684 <a href=\"https:\/\/api.whatsapp.com\/send?phone=905425331010\">WhatsApp<\/a> \u53f7\u7801\u53d1\u9001\u6d88\u606f\u6216\u5355\u51fb<a href=\"https:\/\/azizgolddetector.com\/en\/how-can-i-buy\">\u6b64\u5904\u586b\u5199\u8868\u683c\u3002<\/a><\/p>\n<\/div>\n<\/div><\/div><\/div><\/div><\/div><\/div>","protected":false},"excerpt":{"rendered":"<p>Aziz Gold Detector Aziz Dedekt\u00f6r Valide-i Atik Mah. Nuh [&hellip;]<\/p>\n","protected":false},"author":1,"featured_media":0,"parent":0,"menu_order":0,"comment_status":"closed","ping_status":"closed","template":"","meta":{"footnotes":""},"class_list":["post-117","page","type-page","status-publish","hentry"],"_links":{"self":[{"href":"https:\/\/azizgolddetector.com\/cn\/wp-json\/wp\/v2\/pages\/117","targetHints":{"allow":["GET"]}}],"collection":[{"href":"https:\/\/azizgolddetector.com\/cn\/wp-json\/wp\/v2\/pages"}],"about":[{"href":"https:\/\/azizgolddetector.com\/cn\/wp-json\/wp\/v2\/types\/page"}],"author":[{"embeddable":true,"href":"https:\/\/azizgolddetector.com\/cn\/wp-json\/wp\/v2\/users\/1"}],"replies":[{"embeddable":true,"href":"https:\/\/azizgolddetector.com\/cn\/wp-json\/wp\/v2\/comments?post=117"}],"version-history":[{"count":1,"href":"https:\/\/azizgolddetector.com\/cn\/wp-json\/wp\/v2\/pages\/117\/revisions"}],"predecessor-version":[{"id":8039,"href":"https:\/\/azizgolddetector.com\/cn\/wp-json\/wp\/v2\/pages\/117\/revisions\/8039"}],"wp:attachment":[{"href":"https:\/\/azizgolddetector.com\/cn\/wp-json\/wp\/v2\/media?parent=117"}],"curies":[{"name":"wp","href":"https:\/\/api.w.org\/{rel}","templated":true}]}}