{"id":7989,"date":"2022-06-21T16:59:30","date_gmt":"2022-06-21T13:59:30","guid":{"rendered":"https:\/\/azizgolddetector.com\/ar\/?page_id=7989"},"modified":"2026-01-30T19:26:41","modified_gmt":"2026-01-30T16:26:41","slug":"%d8%aa%d8%ac%d8%a7%d8%b1%d9%86%d8%a7","status":"publish","type":"page","link":"https:\/\/azizgolddetector.com\/ar\/%d8%aa%d8%ac%d8%a7%d8%b1%d9%86%d8%a7\/","title":{"rendered":"\u062a\u062c\u0627\u0631\u0646\u0627"},"content":{"rendered":"<div id=\"pl-7989\"  class=\"panel-layout\" ><div id=\"pg-7989-0\"  class=\"panel-grid panel-no-style\" ><div id=\"pgc-7989-0-0\"  class=\"panel-grid-cell\" ><div id=\"panel-7989-0-0-0\" class=\"so-panel widget widget_sow-editor panel-first-child\" data-index=\"0\" ><div\n\t\t\t\n\t\t\tclass=\"so-widget-sow-editor so-widget-sow-editor-base\"\n\t\t\t\n\t\t>\n<div class=\"siteorigin-widget-tinymce textwidget\">\n\t<p style=\"text-align: center;\"><span style=\"font-size: 16px;\">\u064a\u0645\u0643\u0646\u0643 \u0627\u0644\u062a\u0648\u0627\u0635\u0644 \u0645\u0639\u0646\u0627 \u0645\u0646 \u062e\u0644\u0627\u0644 \u0642\u0646\u0648\u0627\u062a \u0627\u0644\u0627\u062a\u0635\u0627\u0644 \u0627\u0644\u062e\u0627\u0635\u0629 \u0628\u0646\u0627 \u0644\u062a\u0635\u0628\u062d \u0645\u0648\u0632\u0639 \u0639\u0632\u064a\u0632 \u0644\u0644\u0630\u0647\u0628 \u0648\u0627\u0644\u0631\u0627\u0626\u062f\u0629 \u0641\u064a \u062a\u0642\u0646\u064a\u0627\u062a \u0627\u0644\u0643\u0627\u0634\u0641\u0627\u062a.<\/span><\/p>\n<p style=\"text-align: center;\"><a href=\"https:\/\/azizgolddetector.com\/ar\/%d9%83%d9%8a%d9%81-%d9%8a%d9%85%d9%83%d9%86%d9%86%d9%8a-%d8%a7%d9%84%d8%b4%d8%b1%d8%a7%d8%a1\/\"><span style=\"color: #ff0000;\"><strong><span style=\"font-size: 21px;\">\u0627\u0646\u0642\u0631 \u0647\u0646\u0627 \u0644\u062a\u0642\u062f\u064a\u0645 \u0637\u0644\u0628 \u062a\u0627\u062c\u0631.<\/span><\/strong><\/span><\/a><\/p>\n<p style=\"text-align: center;\">\u0625\u0630\u0627 \u0643\u0646\u062a \u062a\u0631\u063a\u0628 \u0641\u064a \u0630\u0644\u0643 \u060c \u064a\u0645\u0643\u0646\u0643 \u0627\u0644\u0648\u0635\u0648\u0644 \u0625\u0644\u0649 \u0639\u0646\u0648\u0627\u0646 \u0627\u0644\u0628\u0631\u064a\u062f \u0627\u0644\u0625\u0644\u0643\u062a\u0631\u0648\u0646\u064a \u0627\u0644\u062e\u0627\u0635 \u0628\u0646\u0627 \u0648\u0627\u0644\u0648\u0627\u062a\u0633 \u0627\u0628 \u0648\u0631\u0642\u0645 \u0627\u0644\u0647\u0627\u062a\u0641 \u0645\u0646 \u0627\u0644\u062e\u064a\u0627\u0631\u0627\u062a \u0627\u0644\u0645\u0648\u062c\u0648\u062f\u0629 \u0641\u064a \u0635\u0641\u062d\u0629 \u0643\u064a\u0641 \u064a\u0645\u0643\u0646\u0646\u064a \u0627\u0644\u0634\u0631\u0627\u0621 \u0623\u0648 \u0635\u0641\u062d\u0629 \u0627\u0644\u0627\u062a\u0635\u0627\u0644.<\/p>\n<\/div>\n<\/div><\/div><div id=\"panel-7989-0-0-1\" class=\"so-panel widget widget_sow-editor panel-last-child\" data-index=\"1\" ><div\n\t\t\t\n\t\t\tclass=\"so-widget-sow-editor so-widget-sow-editor-base\"\n\t\t\t\n\t\t>\n<div class=\"siteorigin-widget-tinymce textwidget\">\n\t<blockquote>\n<p><strong><span style=\"color: #ff0000;\">Aziz Dedekt\u00f6r (Turkey)<\/span><br \/>\n<a href=\"tel:02163425859\">+90 216 342 58 59<\/a><br \/>\n<\/strong>Valide-i Atik Mah. Nuh Kuyusu Cad. No:219 Ba\u011flarba\u015f\u0131-\u00dcsk\u00fcdar\/\u0130stanbul<br \/>\n<span style=\"color: #3366ff;\"><a style=\"color: #3366ff;\" href=\"https:\/\/azizgolddetector.com\/\"><strong>www.azizgolddetector.com<\/strong><\/a><\/span><\/p>\n<\/blockquote>\n<blockquote>\n<p><strong><span style=\"color: #ff0000;\">Jahan Kavosh (Iranian)<\/span><br \/>\n<b>00989141451711<br \/>\n00989144411712<br \/>\n00989330080933<\/b><br \/>\n<\/strong>\u0627\u0631\u0648\u0645\u06cc\u0647 \u062e\u06cc\u0627\u0628\u0627\u0646 \u0627\u0647\u0646\u062f\u0648\u0633\u062a \u0627\u067e\u0627\u0631\u062a\u0645\u0627\u0646 \u0648\u0646\u06cc\u0632 \u0637\u0628\u0642\u0647 \u0627\u0648\u0644 \u0648\u0627\u062d\u062f \u06f2 \u0634\u0631\u06a9\u062a \u062c\u0647\u0627\u0646 \u06a9\u0627\u0648\u0634<br \/>\n<span style=\"color: #3366ff;\"><a style=\"color: #3366ff;\" href=\"https:\/\/jahan-kavosh.ir\/\">www.jahan-kavosh.ir\/<\/a><\/span><\/p>\n<p><span style=\"color: #ff0000;\"><strong>Detektor Emas<\/strong><\/span><br \/>\nPT. Aurum Univestama Plus<br \/>\nJl. Kedondong No. 76 Loloan Barat, Negara, Jembrana, Prov. Bali 82215<br \/>\nWA \/ HP: <strong>0819 366 377 67<\/strong><br \/>\n<a href=\"http:\/\/www.detektoremas.com\">www.detektoremas.com<\/a><br \/>\n<a href=\"mailto:info@detektoremas.com\">info@detektoremas.com<\/a><br \/>\n====================<\/p>\n<p><span style=\"color: #ff0000;\"><strong>Metal Detector Jakarta <\/strong><\/span><br \/>\nRuko pasar modern mutiara karawaci no A28, Kelapa Dua, Tangerang 15810<br \/>\nWA \/ HP: <strong>081 22 70 000 32<\/strong><br \/>\n<a href=\"http:\/\/www.detektoremas.com\">www.detektoremas.com <\/a><br \/>\n<a href=\"mailto:sales@detektoremas.com\">sales@detektoremas.com<\/a><\/p>\n<p><span style=\"color: #ff0000;\"><strong>Metal Detectors Pro (USA)<\/strong><\/span><br \/>\nWebsite: <a href=\"https:\/\/metaldetectorspro.com\/\">metaldetectorspro.com<\/a><br \/>\nEmail: <a href=\"mailto:info@metaldetectorspro.com\">info@metaldetectorspro.com<\/a><br \/>\nPhone number: <strong>(888) 283-6272<\/strong><br \/>\nWhatsApp: <strong>+1 919-650-0680<\/strong><br \/>\nAddress: 150 Preston Executive Drive Suite 201. Cary, NC 27513 USA<\/p>\n<\/blockquote>\n<\/div>\n<\/div><\/div><\/div><\/div><\/div>","protected":false},"excerpt":{"rendered":"<p>\u064a\u0645\u0643\u0646\u0643 \u0627\u0644\u062a\u0648\u0627\u0635\u0644 \u0645\u0639\u0646\u0627 \u0645\u0646 \u062e\u0644\u0627\u0644 \u0642\u0646\u0648\u0627\u062a \u0627\u0644\u0627\u062a\u0635\u0627\u0644 \u0627\u0644\u062e\u0627\u0635\u0629 \u0628\u0646\u0627 \u0644\u062a\u0635\u0628\u062d \u0645\u0648\u0632\u0639 \u0639\u0632\u064a\u0632 \u0644\u0644\u0630\u0647\u0628 \u0648\u0627\u0644\u0631\u0627\u0626\u062f\u0629 \u0641\u064a \u062a\u0642\u0646\u064a\u0627\u062a \u0627\u0644\u0643\u0627\u0634\u0641\u0627\u062a. \u0627\u0646\u0642\u0631 \u0647\u0646\u0627 \u0644\u062a\u0642\u062f\u064a\u0645 \u0637\u0644\u0628 \u062a\u0627\u062c\u0631. \u0625\u0630\u0627 \u0643\u0646\u062a \u062a\u0631\u063a\u0628 \u0641\u064a \u0630\u0644\u0643 \u060c \u064a\u0645\u0643\u0646\u0643 \u0627\u0644\u0648\u0635\u0648\u0644 \u0625\u0644\u0649 \u0639\u0646\u0648\u0627\u0646 \u0627\u0644\u0628\u0631\u064a\u062f \u0627\u0644\u0625\u0644\u0643\u062a\u0631\u0648\u0646\u064a \u0627\u0644\u062e\u0627\u0635 \u0628\u0646\u0627 \u0648\u0627\u0644\u0648\u0627\u062a\u0633 \u0627\u0628 \u0648\u0631\u0642\u0645 \u0627\u0644\u0647\u0627\u062a\u0641 \u0645\u0646 \u0627\u0644\u062e\u064a\u0627\u0631\u0627\u062a \u0627\u0644\u0645\u0648\u062c\u0648\u062f\u0629 \u0641\u064a \u0635\u0641\u062d\u0629 \u0643\u064a\u0641 \u064a\u0645\u0643\u0646\u0646\u064a \u0627\u0644\u0634\u0631\u0627\u0621 \u0623\u0648 \u0635\u0641\u062d\u0629 \u0627\u0644\u0627\u062a\u0635\u0627\u0644. Aziz Dedekt\u00f6r (Turkey) +90 [&hellip;]<\/p>\n","protected":false},"author":1,"featured_media":0,"parent":0,"menu_order":0,"comment_status":"closed","ping_status":"closed","template":"","meta":{"footnotes":""},"class_list":["post-7989","page","type-page","status-publish","hentry"],"_links":{"self":[{"href":"https:\/\/azizgolddetector.com\/ar\/wp-json\/wp\/v2\/pages\/7989","targetHints":{"allow":["GET"]}}],"collection":[{"href":"https:\/\/azizgolddetector.com\/ar\/wp-json\/wp\/v2\/pages"}],"about":[{"href":"https:\/\/azizgolddetector.com\/ar\/wp-json\/wp\/v2\/types\/page"}],"author":[{"embeddable":true,"href":"https:\/\/azizgolddetector.com\/ar\/wp-json\/wp\/v2\/users\/1"}],"replies":[{"embeddable":true,"href":"https:\/\/azizgolddetector.com\/ar\/wp-json\/wp\/v2\/comments?post=7989"}],"version-history":[{"count":2,"href":"https:\/\/azizgolddetector.com\/ar\/wp-json\/wp\/v2\/pages\/7989\/revisions"}],"predecessor-version":[{"id":8079,"href":"https:\/\/azizgolddetector.com\/ar\/wp-json\/wp\/v2\/pages\/7989\/revisions\/8079"}],"wp:attachment":[{"href":"https:\/\/azizgolddetector.com\/ar\/wp-json\/wp\/v2\/media?parent=7989"}],"curies":[{"name":"wp","href":"https:\/\/api.w.org\/{rel}","templated":true}]}}