{"id":117,"date":"2015-11-27T18:00:51","date_gmt":"2015-11-27T15:00:51","guid":{"rendered":"http:\/\/export-xml.qreativethemes.com\/physio\/?page_id=117"},"modified":"2022-06-21T17:31:31","modified_gmt":"2022-06-21T14:31:31","slug":"%d8%b5%d9%81%d8%ad%d8%a9-%d8%a7%d9%84%d8%a7%d8%aa%d8%b5%d8%a7%d9%84","status":"publish","type":"page","link":"https:\/\/azizgolddetector.com\/ar\/%d8%b5%d9%81%d8%ad%d8%a9-%d8%a7%d9%84%d8%a7%d8%aa%d8%b5%d8%a7%d9%84\/","title":{"rendered":"\u0635\u0641\u062d\u0629 \u0627\u0644\u0627\u062a\u0635\u0627\u0644"},"content":{"rendered":"<div id=\"pl-117\"  class=\"panel-layout\" ><div id=\"pg-117-0\"  class=\"panel-grid panel-no-style\" ><div id=\"pgc-117-0-0\"  class=\"panel-grid-cell\" ><div id=\"panel-117-0-0-0\" class=\"so-panel widget widget_sow-editor panel-first-child\" data-index=\"0\" ><div class=\"featured-box panel-widget-style panel-widget-style-for-117-0-0-0\" ><div\n\t\t\t\n\t\t\tclass=\"so-widget-sow-editor so-widget-sow-editor-base\"\n\t\t\t\n\t\t>\n<div class=\"siteorigin-widget-tinymce textwidget\">\n\t<p><span style=\"color: #ffffff;\"><span style=\"line-height: 1.5;\"><b>\u062c\u0647\u0627\u0632 \u0643\u0634\u0641 \u0627\u0644\u0630\u0647\u0628 \u0639\u0632\u064a\u0632<br \/>\n<\/b><\/span><span style=\"line-height: 1.5;\"><em><strong>Aziz Dedekt\u00f6r<\/strong><\/em><br \/>\n<\/span>Valide-i Atik Mah. Nuh Kuyusu Cad. No 219<\/span><br \/>\n<span style=\"color: #ffffff;\">Ba\u011flarba\u015f\u0131-\u00dcsk\u00fcdar\/\u0130stanbul<span style=\"line-height: 1.5;\">\u00a0<\/span><\/span><\/p>\n<hr \/>\n<p><span style=\"color: #ffffff;\"><strong>\u0631\u0642\u0645 \u0627\u0644\u0647\u0627\u062a\u0641<br \/>\n<\/strong><a style=\"color: #ffffff;\" href=\"tel:02163425859\">0216 342 58 59<\/a><\/span><\/p>\n<hr \/>\n<p><span style=\"color: #ffffff;\"><strong>\u0639\u0646\u0648\u0627\u0646 \u0627\u0644\u0628\u0631\u064a\u062f \u0627\u0644\u0627\u0644\u0643\u062a\u0631\u0648\u0646\u0649<br \/>\n<\/strong>info@azizgolddetector.com<\/span><\/p>\n<hr \/>\n<p><span style=\"color: #ffffff;\"><strong>\u0648\u0633\u0627\u0626\u0644 \u0627\u0644\u062a\u0648\u0627\u0635\u0644 \u0627\u0644\u0627\u062c\u062a\u0645\u0627\u0639\u064a<br \/>\n<\/strong><\/span><\/p>\n<p><span style=\"color: #ffffff;\"><a class=\"icon-wrap\" href=\"#\" target=\"_blank\"><i class=\"fa fab fa-facebook-f\"><\/i><\/a> \u00a0 <a class=\"icon-wrap\" href=\"#\" target=\"_blank\"><i class=\"fa fab fa-twitter\"><\/i><\/a> \u00a0 <a class=\"icon-wrap\" href=\"#\" target=\"_self\"><i class=\"fa fab fa-linkedin-in\"><\/i><\/a> \u00a0 <a class=\"icon-wrap\" href=\"#\" target=\"_self\"><i class=\"fa fab fa-youtube\"><\/i><\/a> \u00a0 <a class=\"icon-wrap\" href=\"#\" target=\"_self\"><i class=\"fa fab fa-instagram\"><\/i><\/a><\/span><\/p>\n<\/div>\n<\/div><\/div><\/div><div id=\"panel-117-0-0-1\" class=\"so-panel widget widget_sow-button panel-last-child\" data-index=\"1\" ><div\n\t\t\t\n\t\t\tclass=\"so-widget-sow-button so-widget-sow-button-atom-48beb218c338-117\"\n\t\t\t\n\t\t><div class=\"ow-button-base ow-button-align-center\">\n\t<a\n\thref=\"#\"\n\t\tclass=\"ow-icon-placement-left ow-button-hover\" \t>\n\t\t<span>\n\t\t\t\n\t\t\t\u0643\u064a\u0641 \u064a\u0645\u0643\u0646\u0646\u064a \u0627\u0644\u0634\u0631\u0627\u0621\u061f\t\t<\/span>\n\t<\/a>\n<\/div>\n<\/div><\/div><\/div><div id=\"pgc-117-0-1\"  class=\"panel-grid-cell\" ><div id=\"panel-117-0-1-0\" class=\"so-panel widget widget_sow-editor panel-first-child panel-last-child\" data-index=\"2\" ><div class=\"smaller-widget-title panel-widget-style panel-widget-style-for-117-0-1-0\" ><div\n\t\t\t\n\t\t\tclass=\"so-widget-sow-editor so-widget-sow-editor-base\"\n\t\t\t\n\t\t><h3 class=\"widget-title\">\u0646\u0645\u0648\u0630\u062c \u0637\u0644\u0628 \u062c\u0647\u0627\u0632 \u0643\u0634\u0641 \u0627\u0644\u0630\u0647\u0628 \u0639\u0646 \u0627\u0644\u0645\u0639\u0627\u062f\u0646<\/h3>\n<div class=\"siteorigin-widget-tinymce textwidget\">\n\t<p>\u0644\u0644\u0637\u0644\u0628 \u060c \u064a\u0645\u0643\u0646\u0643 \u0625\u0631\u0633\u0627\u0644 \u0631\u0633\u0627\u0644\u0629 \u0625\u0644\u0649 \u0631\u0642\u0645 <a href=\"https:\/\/api.whatsapp.com\/send?phone=905059938118\">WhatsApp<\/a> \u0627\u0644\u062e\u0627\u0635 \u0628\u0646\u0627 \u0623\u0648 \u0645\u0644\u0621 \u0627\u0644\u0646\u0645\u0648\u0630\u062c \u0628\u0627\u0644\u0636\u063a\u0637 \u0647\u0646\u0627.<\/p>\n<\/div>\n<\/div><\/div><\/div><\/div><\/div><\/div>","protected":false},"excerpt":{"rendered":"<p>\u062c\u0647\u0627\u0632 \u0643\u0634\u0641 \u0627\u0644\u0630\u0647\u0628 \u0639\u0632\u064a\u0632 Aziz Dedekt\u00f6r Valide-i Atik Mah. Nuh Kuyusu Cad. No 219 Ba\u011flarba\u015f\u0131-\u00dcsk\u00fcdar\/\u0130stanbul\u00a0 \u0631\u0642\u0645 \u0627\u0644\u0647\u0627\u062a\u0641 0216 342 58 59 \u0639\u0646\u0648\u0627\u0646 \u0627\u0644\u0628\u0631\u064a\u062f \u0627\u0644\u0627\u0644\u0643\u062a\u0631\u0648\u0646\u0649 info@azizgolddetector.com \u0648\u0633\u0627\u0626\u0644 \u0627\u0644\u062a\u0648\u0627\u0635\u0644 \u0627\u0644\u0627\u062c\u062a\u0645\u0627\u0639\u064a \u00a0 \u00a0 \u00a0 \u00a0 \u0644\u0644\u0637\u0644\u0628 \u060c \u064a\u0645\u0643\u0646\u0643 \u0625\u0631\u0633\u0627\u0644 \u0631\u0633\u0627\u0644\u0629 \u0625\u0644\u0649 \u0631\u0642\u0645 WhatsApp \u0627\u0644\u062e\u0627\u0635 \u0628\u0646\u0627 \u0623\u0648 \u0645\u0644\u0621 \u0627\u0644\u0646\u0645\u0648\u0630\u062c \u0628\u0627\u0644\u0636\u063a\u0637 \u0647\u0646\u0627.<\/p>\n","protected":false},"author":1,"featured_media":0,"parent":0,"menu_order":0,"comment_status":"closed","ping_status":"closed","template":"","meta":{"footnotes":""},"class_list":["post-117","page","type-page","status-publish","hentry"],"_links":{"self":[{"href":"https:\/\/azizgolddetector.com\/ar\/wp-json\/wp\/v2\/pages\/117","targetHints":{"allow":["GET"]}}],"collection":[{"href":"https:\/\/azizgolddetector.com\/ar\/wp-json\/wp\/v2\/pages"}],"about":[{"href":"https:\/\/azizgolddetector.com\/ar\/wp-json\/wp\/v2\/types\/page"}],"author":[{"embeddable":true,"href":"https:\/\/azizgolddetector.com\/ar\/wp-json\/wp\/v2\/users\/1"}],"replies":[{"embeddable":true,"href":"https:\/\/azizgolddetector.com\/ar\/wp-json\/wp\/v2\/comments?post=117"}],"version-history":[{"count":0,"href":"https:\/\/azizgolddetector.com\/ar\/wp-json\/wp\/v2\/pages\/117\/revisions"}],"wp:attachment":[{"href":"https:\/\/azizgolddetector.com\/ar\/wp-json\/wp\/v2\/media?parent=117"}],"curies":[{"name":"wp","href":"https:\/\/api.w.org\/{rel}","templated":true}]}}